{"id":3,"date":"2020-05-05T13:37:41","date_gmt":"2020-05-05T13:37:41","guid":{"rendered":"https:\/\/new.deschenaux.me\/?page_id=3"},"modified":"2020-08-12T06:37:02","modified_gmt":"2020-08-12T06:37:02","slug":"privacy-policy","status":"publish","type":"page","link":"https:\/\/eupa.uk\/de\/privacy-policy\/","title":{"rendered":"Datenschutzrichtlinie"},"content":{"rendered":"<div data-elementor-type=\"wp-page\" data-elementor-id=\"3\" class=\"elementor elementor-3\" data-elementor-post-type=\"page\">\n\t\t\t\t\t\t<section class=\"elementor-section elementor-top-section elementor-element elementor-element-7d9baf5b elementor-section-boxed elementor-section-height-default elementor-section-height-default\" data-id=\"7d9baf5b\" data-element_type=\"section\">\n\t\t\t\t\t\t<div class=\"elementor-container elementor-column-gap-default\">\n\t\t\t\t\t<div class=\"elementor-column elementor-col-100 elementor-top-column elementor-element elementor-element-46b8d89f\" data-id=\"46b8d89f\" data-element_type=\"column\">\n\t\t\t<div class=\"elementor-widget-wrap elementor-element-populated\">\n\t\t\t\t\t\t<div class=\"elementor-element elementor-element-6af4a87b elementor-widget elementor-widget-text-editor\" data-id=\"6af4a87b\" data-element_type=\"widget\" data-widget_type=\"text-editor.default\">\n\t\t\t\t<div class=\"elementor-widget-container\">\n\t\t\t\t\t\t\t\t\t<p>Die EUropean Press Agency (\u201ewir\u201c, \u201euns\u201c oder \u201eunser\u201c) betreibt den besagten \u201eDienst\u201c, der die folgende Website darstellt: https:\/\/eupa.uk<\/p><p>Auf dieser Seite informieren wir Sie \u00fcber unsere Richtlinien zur Erhebung, Nutzung und Offenlegung personenbezogener Daten bei der Nutzung unseres Dienstes sowie \u00fcber die Wahlm\u00f6glichkeiten, die Sie mit diesen Daten haben.<\/p><p>Wir nutzen Ihre Daten zur Bereitstellung und Verbesserung des Dienstes. Durch die Nutzung des Dienstes stimmen Sie der Erfassung und Nutzung von Informationen gem\u00e4\u00df dieser Richtlinie zu. Sofern in dieser Datenschutzrichtlinie nicht anders definiert, haben die in dieser Datenschutzrichtlinie verwendeten Begriffe dieselbe Bedeutung wie in unseren Allgemeinen Gesch\u00e4ftsbedingungen, die unter https:\/\/eupa.uk zug\u00e4nglich sind<\/p><p><strong>DEFINITIONEN<\/strong><\/p><p><strong>Service<\/strong><\/p><p>Der Dienst ist die von der EUropean Press Agency betriebene Website https:\/\/eupa.uk.<\/p><p><strong>Pers\u00f6nliche Daten<\/strong><\/p><p>Personenbezogene Daten sind Daten \u00fcber eine lebende Person, die anhand dieser Daten (oder anhand dieser und anderer Informationen, die sich entweder in unserem Besitz befinden oder wahrscheinlich in unseren Besitz gelangen) identifiziert werden kann.<\/p><p><strong>Nutzungsdaten<\/strong><\/p><p>Bei Nutzungsdaten handelt es sich um automatisch erfasste Daten, die entweder durch die Nutzung des Dienstes oder aus der Dienstinfrastruktur selbst generiert werden (z. B. die Dauer eines Seitenbesuchs).<\/p><p><strong>Kekse<\/strong><\/p><p>Cookies sind kleine Dateien, die auf Ihrem Ger\u00e4t (Computer oder Mobilger\u00e4t) gespeichert werden.<\/p><p><strong>Datencontroller<\/strong><\/p><p>Datenverantwortlicher bezeichnet die nat\u00fcrliche oder juristische Person, die (entweder allein oder gemeinsam oder gemeinsam mit anderen Personen) die Zwecke und die Art und Weise bestimmt, f\u00fcr die personenbezogene Daten verarbeitet werden oder verarbeitet werden sollen.<\/p><p>Im Sinne dieser Datenschutzrichtlinie sind wir der Datenverantwortliche f\u00fcr Ihre personenbezogenen Daten.<\/p><p><strong>Datenverarbeiter (oder Dienstleister)<\/strong><\/p><p>Datenverarbeiter (oder Dienstleister) bezeichnet jede nat\u00fcrliche oder juristische Person, die die Daten im Auftrag des Datenverantwortlichen verarbeitet.<\/p><p>Um Ihre Daten effektiver zu verarbeiten, nutzen wir m\u00f6glicherweise die Dienste verschiedener Dienstleister.<\/p><p><strong>Benutzer<\/strong><\/p><p>Betroffene Person ist jede lebende Person, die unseren Dienst nutzt und Gegenstand personenbezogener Daten ist.<\/p><p><strong>\u00a0<\/strong><\/p><p><strong>SAMMLUNG UND VERWENDUNG VON INFORMATIONEN<\/strong><\/p><p>Wir sammeln verschiedene Arten von Informationen f\u00fcr verschiedene Zwecke, um unsere bereitzustellen und zu verbessern<\/p><p>Service f\u00fcr Sie.<\/p><p><strong>\u00a0<\/strong><\/p><p><strong>Arten der erfassten Daten<\/strong><\/p><p><strong>\u00a0<\/strong><\/p><p><strong>Pers\u00f6nliche Daten<\/strong><\/p><p>W\u00e4hrend der Nutzung unseres Dienstes bitten wir Sie m\u00f6glicherweise, uns bestimmte personenbezogene Daten zur Verf\u00fcgung zu stellen, die dazu verwendet werden k\u00f6nnen, Sie zu kontaktieren oder zu identifizieren (\u201epersonenbezogene Daten\u201c). Zu den personenbezogenen Daten k\u00f6nnen unter anderem geh\u00f6ren:<\/p><p>E-Mail-Adresse<\/p><p>Vorname und Nachname<\/p><p>Telefonnummer<\/p><p>Adresse, Bundesland, Provinz, Postleitzahl, Stadt<\/p><p><strong>\u00a0<\/strong><\/p><p><strong>Cookies und Nutzungsdaten<\/strong><\/p><p>Wir k\u00f6nnen Ihre personenbezogenen Daten verwenden, um Sie mit Newslettern, Marketing- oder Werbematerialien und anderen Informationen zu kontaktieren, die f\u00fcr Sie von Interesse sein k\u00f6nnten.<\/p><p>Sie k\u00f6nnen den Erhalt einiger oder aller dieser Mitteilungen von uns abbestellen, indem Sie dem Abmeldelink folgen oder den Anweisungen in einer von uns gesendeten E-Mail folgen.<\/p><p><strong>\u00a0<\/strong><\/p><p><strong>Nutzungsdaten<\/strong><\/p><p>Wir k\u00f6nnen au\u00dferdem Informationen dar\u00fcber sammeln, wie auf den Dienst zugegriffen und wie er genutzt wird (\u201eNutzungsdaten\u201c). Diese Nutzungsdaten k\u00f6nnen Informationen wie die Internetprotokolladresse (z. B. IP-Adresse) Ihres Computers, Browsertyp, Browserversion, die von Ihnen besuchten Seiten unseres Dienstes, Uhrzeit und Datum Ihres Besuchs, die auf diesen Seiten verbrachte Zeit, eindeutige Ger\u00e4tekennungen und andere Diagnosedaten umfassen.<\/p><p><strong>\u00a0<\/strong><\/p><p><strong>Tracking- und Cookie-Daten<\/strong><\/p><p>Wir verwenden Cookies und \u00e4hnliche Tracking-Technologien, um die Aktivit\u00e4t auf unserem Dienst zu verfolgen, und wir speichern bestimmte Informationen.<\/p><p>Cookies sind Dateien mit einer kleinen Datenmenge, die eine anonyme eindeutige Kennung enthalten k\u00f6nnen. Cookies werden von einer Website an Ihren Browser gesendet und auf Ihrem Ger\u00e4t gespeichert. Es werden auch andere Tracking-Technologien wie Beacons, Tags und Skripte verwendet, um Informationen zu sammeln und zu verfolgen und unseren Service zu verbessern und zu analysieren.<\/p><p>Sie k\u00f6nnen Ihren Browser anweisen, alle Cookies abzulehnen oder anzuzeigen, wann ein Cookie gesendet wird. Wenn Sie jedoch keine Cookies akzeptieren, k\u00f6nnen Sie m\u00f6glicherweise einige Teile unseres Dienstes nicht nutzen.<\/p><p>Beispiele f\u00fcr Cookies, die wir verwenden:<\/p><p>Sitzungscookies. Wir verwenden Sitzungscookies, um unseren Dienst zu betreiben.<\/p><p>Pr\u00e4ferenz-Cookies. Wir verwenden Pr\u00e4ferenz-Cookies, um Ihre Pr\u00e4ferenzen und verschiedene Einstellungen zu speichern.<\/p><p>Sicherheitscookies. Aus Sicherheitsgr\u00fcnden verwenden wir Sicherheitscookies.<\/p><p><strong>\u00a0<\/strong><\/p><p><strong>Verwendung von Daten<\/strong><\/p><p>Die EUropean Press Agency nutzt die gesammelten Daten f\u00fcr verschiedene Zwecke:<\/p><ul><li>Um unseren Service bereitzustellen und aufrechtzuerhalten<\/li><li>Um Sie \u00fcber \u00c4nderungen an unserem Service zu informieren<\/li><li>Um Ihnen die Teilnahme an interaktiven Funktionen unseres Dienstes zu erm\u00f6glichen, wenn Sie dies w\u00fcnschen<\/li><li>Um Kundensupport zu bieten<\/li><li>Um Analysen oder wertvolle Informationen zu sammeln, damit wir unseren Service verbessern k\u00f6nnen<\/li><li>Um die Nutzung unseres Dienstes zu \u00fcberwachen<\/li><li>Um technische Probleme zu erkennen, zu verhindern und zu beheben<\/li><li>Um Ihnen Neuigkeiten, Sonderangebote und allgemeine Informationen \u00fcber andere von uns angebotene Waren, Dienstleistungen und Veranstaltungen zukommen zu lassen, die denen \u00e4hneln, die Sie bereits gekauft oder nach denen Sie sich erkundigt haben, es sei denn, Sie haben sich gegen den Erhalt solcher Informationen entschieden.<\/li><\/ul><p><strong>\u00a0<\/strong><\/p><p><strong>Rechtsgrundlage f\u00fcr die Verarbeitung personenbezogener Daten gem\u00e4\u00df der Datenschutz-Grundverordnung (DSGVO)<\/strong><\/p><p>Wenn Sie aus dem Europ\u00e4ischen Wirtschaftsraum (EWR) kommen, h\u00e4ngt die Rechtsgrundlage der Europ\u00e4ischen Presseagentur f\u00fcr das Sammeln und Verwenden der in dieser Datenschutzrichtlinie beschriebenen personenbezogenen Daten von den von uns gesammelten personenbezogenen Daten und dem spezifischen Kontext ab, in dem wir sie sammeln.<\/p><p>Die Europ\u00e4ische Presseagentur kann Ihre personenbezogenen Daten aus folgenden Gr\u00fcnden verarbeiten:<\/p><ul><li>Wir m\u00fcssen einen Vertrag mit Ihnen abschlie\u00dfen<\/li><li>Sie haben uns die Erlaubnis dazu erteilt<\/li><li>Die Verarbeitung liegt in unserem berechtigten Interesse und wird nicht durch Ihre Rechte au\u00dfer Kraft gesetzt.<\/li><li>Zur Zahlungsabwicklung<\/li><li>Um das Gesetz einzuhalten<\/li><\/ul><p><strong>\u00a0<\/strong><\/p><p><strong>Aufbewahrung von Daten<\/strong><\/p><p>Die EUropean Press Agency speichert Ihre personenbezogenen Daten nur so lange, wie es f\u00fcr die in dieser Datenschutzrichtlinie dargelegten Zwecke erforderlich ist. Wir werden Ihre personenbezogenen Daten in dem Umfang aufbewahren und verwenden, der zur Erf\u00fcllung unserer gesetzlichen Verpflichtungen erforderlich ist (z. B. wenn wir Ihre Daten zur Einhaltung geltender Gesetze aufbewahren m\u00fcssen), zur Beilegung von Streitigkeiten und zur Durchsetzung unserer rechtlichen Vereinbarungen und Richtlinien.<\/p><p>Die Europ\u00e4ische Presseagentur OHNE GRENZEN speichert Nutzungsdaten auch f\u00fcr interne Analysezwecke. Nutzungsdaten werden grunds\u00e4tzlich f\u00fcr einen k\u00fcrzeren Zeitraum gespeichert, es sei denn, diese Daten werden zur St\u00e4rkung der Sicherheit oder zur Verbesserung der Funktionalit\u00e4t unseres Dienstes verwendet oder wir sind gesetzlich verpflichtet, diese Daten f\u00fcr einen l\u00e4ngeren Zeitraum zu speichern.<\/p><p><strong>\u00a0<\/strong><\/p><p><strong>Daten\u00fcbertragung<\/strong><\/p><p>Ihre Informationen, einschlie\u00dflich personenbezogener Daten, k\u00f6nnen auf Computer \u00fcbertragen \u2013 und dort gespeichert \u2013 werden, die sich au\u00dferhalb Ihres Staates, Ihrer Provinz, Ihres Landes oder einer sonstigen staatlichen Gerichtsbarkeit befinden, wo m\u00f6glicherweise andere Datenschutzgesetze als in Ihrer Gerichtsbarkeit gelten.<\/p><p>Wenn Sie sich ausserhalb der Schweiz befinden und sich dazu entschlie\u00dfen, uns Informationen zur Verf\u00fcgung zu stellen, beachten Sie bitte, dass wir die Daten, einschliesslich personenbezogener Daten, in die Schweiz \u00fcbertragen und dort verarbeiten.<\/p><p>Ihre Zustimmung zu dieser Datenschutzrichtlinie und die anschlie\u00dfende \u00dcbermittlung dieser Informationen stellt Ihre Zustimmung zu dieser \u00dcbertragung dar.<\/p><p>Die Europ\u00e4ische Presseagentur wird alle im angemessenen Rahmen erforderlichen Schritte unternehmen, um sicherzustellen, dass Ihre Daten sicher und in \u00dcbereinstimmung mit dieser Datenschutzrichtlinie behandelt werden. Zudem erfolgt keine \u00dcbertragung Ihrer personenbezogenen Daten an Organisationen oder L\u00e4nder, bei denen keine angemessenen Kontrollmechanismen zum Schutz Ihrer Daten und anderer personenbezogener Informationen vorhanden sind.<\/p><p><strong>\u00a0<\/strong><\/p><p><strong>Offenlegung von Daten<\/strong><\/p><p><strong>\u00a0<\/strong><\/p><p><strong>Gesch\u00e4fts Transaktion<\/strong><\/p><p>Wenn die EUropean Press Agency an einer Fusion, \u00dcbernahme oder einem Verkauf von Verm\u00f6genswerten beteiligt ist, k\u00f6nnen Ihre personenbezogenen Daten \u00fcbertragen werden. Wir werden Sie benachrichtigen, bevor Ihre personenbezogenen Daten \u00fcbertragen werden und einer anderen Datenschutzrichtlinie unterliegen.<\/p><p><strong>\u00a0<\/strong><\/p><p><strong>Offenlegung f\u00fcr die Strafverfolgung<\/strong><\/p><p>Unter bestimmten Umst\u00e4nden kann die EUropean Press Agency verpflichtet sein, Ihre personenbezogenen Daten offenzulegen, wenn dies gesetzlich oder als Reaktion darauf erforderlich ist<\/p><p>auf berechtigte Anfragen von Beh\u00f6rden (z. B. einem Gericht oder einer Regierungsbeh\u00f6rde).<\/p><p><strong>\u00a0<\/strong><\/p><p><strong>Rechtliche Anforderungen<\/strong><\/p><p>Die EUropean Press Agency kann Ihre personenbezogenen Daten offenlegen, wenn sie nach Treu und Glauben davon ausgeht, dass eine solche Ma\u00dfnahme erforderlich ist, um:<\/p><ul><li>Um einer gesetzlichen Verpflichtung nachzukommen<\/li><li>Zum Schutz und zur Verteidigung der Rechte oder des Eigentums der EUropean Press Agency<\/li><li>Um m\u00f6gliches Fehlverhalten im Zusammenhang mit dem Dienst zu verhindern oder zu untersuchen<\/li><li>Zum Schutz der pers\u00f6nlichen Sicherheit der Nutzer des Dienstes oder der \u00d6ffentlichkeit<\/li><li>Zum Schutz vor rechtlicher Haftung<\/li><\/ul><p><strong>\u00a0<\/strong><\/p><p><strong>Datensicherheit<\/strong><\/p><p>Die Sicherheit Ihrer Daten ist uns wichtig, aber denken Sie daran, dass keine Methode der \u00dcbertragung \u00fcber das Internet oder Methode der elektronischen Speicherung 100%-sicher ist. Obwohl wir uns bem\u00fchen, Ihre personenbezogenen Daten mit kommerziell akzeptablen Mitteln zu sch\u00fctzen, k\u00f6nnen wir deren absolute Sicherheit nicht garantieren.<\/p><p>Unsere Richtlinie zu \u201eDo Not Track\u201c-Signalen gem\u00e4\u00df dem California Online Protection Act (CalOPPA)<\/p><p>Wir unterst\u00fctzen Do Not Track (\u201eDNT\u201c) nicht. \u201eDo Not Track\u201c ist eine Einstellung, die Sie in Ihrem Webbrowser festlegen k\u00f6nnen, um Websites dar\u00fcber zu informieren, dass Sie nicht verfolgt werden m\u00f6chten. Sie k\u00f6nnen \u201eDo Not Track\u201c aktivieren oder deaktivieren, indem Sie die Seite \u201ePr\u00e4ferenzen\u201c oder \u201eEinstellungen\u201c Ihres Webbrowsers besuchen.<\/p><p><strong>\u00a0<\/strong><\/p><p><strong>Ihre Datenschutzrechte gem\u00e4\u00df der Datenschutz-Grundverordnung (DSGVO)<\/strong><\/p><p>Wenn Sie im Europ\u00e4ischen Wirtschaftsraum (EWR) ans\u00e4ssig sind, haben Sie bestimmte Datenschutzrechte. Die Europ\u00e4ische Presseagentur ist bestrebt, angemessene Schritte zu unternehmen, damit Sie Ihre personenbezogenen Daten korrigieren, \u00e4ndern, l\u00f6schen oder deren Verwendung einschr\u00e4nken k\u00f6nnen.<\/p><p>Wenn Sie dar\u00fcber informiert werden m\u00f6chten, welche personenbezogenen Daten wir \u00fcber Sie gespeichert haben, und wenn Sie m\u00f6chten, dass diese aus unseren Systemen entfernt werden, kontaktieren Sie uns bitte.<\/p><p>Unter bestimmten Umst\u00e4nden stehen Ihnen folgende Datenschutzrechte zu:<\/p><p>Das Recht, auf die Informationen zuzugreifen, diese zu aktualisieren oder zu l\u00f6schen, die wir \u00fcber Sie haben. Sofern m\u00f6glich, k\u00f6nnen Sie direkt in Ihrem Kontoeinstellungsbereich auf Ihre pers\u00f6nlichen Daten zugreifen, diese aktualisieren oder deren L\u00f6schung beantragen. Wenn Sie diese Aktionen nicht selbst durchf\u00fchren k\u00f6nnen, kontaktieren Sie uns bitte, damit wir Ihnen helfen k\u00f6nnen.<\/p><p>Das Recht auf Berichtigung. Sie haben das Recht, Ihre Daten berichtigen zu lassen, wenn diese ungenau oder unvollst\u00e4ndig sind.<\/p><p>Das Recht auf Widerspruch. Sie haben das Recht, unserer Verarbeitung Ihrer personenbezogenen Daten zu widersprechen.<\/p><p>Das Recht auf Einschr\u00e4nkung. Sie haben das Recht zu verlangen, dass wir die Verarbeitung Ihrer personenbezogenen Daten einschr\u00e4nken.<\/p><p>Das Recht auf Daten\u00fcbertragbarkeit. Sie haben das Recht, eine Kopie der von uns \u00fcber Sie gespeicherten Informationen in einem strukturierten, maschinenlesbaren und allgemein verwendeten Format zu erhalten.<\/p><p>Das Recht, die Einwilligung zu widerrufen. Sie haben auch das Recht, Ihre Einwilligung jederzeit zu widerrufen, wenn sich die EUropean Press Agency bei der Verarbeitung Ihrer personenbezogenen Daten auf Ihre Einwilligung verlassen hat.<\/p><p>Bitte beachten Sie, dass wir Sie unter Umst\u00e4nden bitten, Ihre Identit\u00e4t zu best\u00e4tigen, bevor wir auf solche Anfragen antworten.<\/p><p>Sie haben das Recht, sich bei einer Datenschutzbeh\u00f6rde \u00fcber die Erhebung und Nutzung Ihrer personenbezogenen Daten durch uns zu beschweren. F\u00fcr weitere Informationen wenden Sie sich bitte an Ihre \u00f6rtliche Datenschutzbeh\u00f6rde im Europ\u00e4ischen Wirtschaftsraum (EWR).<\/p><p><strong>\u00a0<\/strong><\/p><p><strong>Gesch\u00e4fts Transaktion<\/strong><\/p><p>Wenn die EUropean Press Agency an einer Fusion, \u00dcbernahme oder einem Verkauf von Verm\u00f6genswerten beteiligt ist, k\u00f6nnen Ihre personenbezogenen Daten \u00fcbertragen werden. Wir werden Sie benachrichtigen, bevor Ihre personenbezogenen Daten \u00fcbertragen werden und einer anderen Datenschutzrichtlinie unterliegen.<\/p><p><strong>\u00a0<\/strong><\/p><p><strong>Offenlegung f\u00fcr die Strafverfolgung<\/strong><\/p><p>Unter bestimmten Umst\u00e4nden kann die EUropean Press Agency verpflichtet sein, Ihre personenbezogenen Daten offenzulegen, wenn dies gesetzlich oder als Reaktion darauf erforderlich ist<\/p><p>auf berechtigte Anfragen von Beh\u00f6rden (z. B. einem Gericht oder einer Regierungsbeh\u00f6rde).<\/p><p><strong>\u00a0<\/strong><\/p><p><strong>DIENSTLEISTER<\/strong><\/p><p>Wir k\u00f6nnen Drittunternehmen und Einzelpersonen damit beauftragen, unseren Dienst zu erm\u00f6glichen (\u201eDienstleister\u201c), den Dienst in unserem Namen bereitzustellen, dienstbezogene Dienstleistungen zu erbringen oder uns bei der Analyse der Nutzung unseres Dienstes zu unterst\u00fctzen.<\/p><p>Diese Dritten haben nur Zugriff auf Ihre personenbezogenen Daten, um diese Aufgaben in unserem Namen auszuf\u00fchren, und sind verpflichtet, diese nicht weiterzugeben oder f\u00fcr andere Zwecke zu verwenden.<\/p><p><strong>\u00a0<\/strong><\/p><p><strong>ANALYTIK<\/strong><\/p><p>Wir beauftragen gegebenenfalls Drittanbieter mit der \u00dcberwachung und Analyse der Nutzung unseres Dienstes.<\/p><p><strong>Google Analytics<\/strong><\/p><p>Google Analytics ist ein von Google angebotener Webanalysedienst, der den Website-Verkehr verfolgt und meldet. Google verwendet die gesammelten Daten, um die Nutzung unseres Dienstes zu verfolgen und zu \u00fcberwachen. Diese Daten werden mit anderen Google-Diensten geteilt. Google kann die gesammelten Daten verwenden, um die Anzeigen seines eigenen Werbenetzwerks zu kontextualisieren und zu personalisieren. Sie k\u00f6nnen die Bereitstellung Ihrer Aktivit\u00e4ten im Dienst f\u00fcr Google Analytics ablehnen, indem Sie das Browser-Add-on zur Deaktivierung von Google Analytics installieren. Das Add-on verhindert, dass das Google Analytics-JavaScript (ga.js, Analytics.js und dc.js) Informationen \u00fcber die Besuchsaktivit\u00e4t an Google Analytics weitergibt.<\/p><p>Weitere Informationen zu den Datenschutzpraktiken von Google finden Sie auf der Webseite \u201eDatenschutz und Nutzungsbedingungen\u201c von Google:\u00a0<a href=\"https:\/\/policies.google.com\/privacy?hl=en\">https:\/\/policies.google.com\/privacy?hl=en<\/a><\/p><p><strong>\u00a0<\/strong><\/p><p><strong>Zahlungen<\/strong><\/p><p>Wir k\u00f6nnen im Rahmen des Dienstes kostenpflichtige Produkte und\/oder Dienstleistungen anbieten. In diesem Fall nutzen wir zur Zahlungsabwicklung Dienste Dritter (z. B. Zahlungsabwickler).<\/p><p>Wir speichern oder erfassen Ihre Zahlungskartendaten nicht. Diese Informationen werden direkt an unsere externen Zahlungsabwickler weitergegeben, deren Nutzung Ihrer pers\u00f6nlichen Daten durch deren Datenschutzrichtlinie geregelt ist. Diese Zahlungsabwickler halten sich an die von PCI-DSS festgelegten Standards, die vom PCI Security Standards Council verwaltet werden, einem gemeinsamen Projekt von Marken wie Visa, MasterCard, American Express und Discover. Die PCI-DSS-Anforderungen tragen zur sicheren Handhabung von Zahlungsinformationen bei. Wir nutzen m\u00f6glicherweise eine Reihe verschiedener Anbieter von Zahlungsl\u00f6sungen wie Paypal, Postfinance, Stripe und andere. Wir laden die Benutzer ein, die jeweiligen Datenschutzrichtlinien zu \u00fcberpr\u00fcfen.<\/p><p><strong>\u00a0<\/strong><\/p><p><strong>Links zu anderen Websites<\/strong><\/p><p>Unser Service kann Links zu anderen Websites enthalten, die nicht von uns betrieben werden. Wenn Sie auf einen Link eines Drittanbieters klicken, werden Sie zur Website dieses Drittanbieters weitergeleitet. Wir empfehlen Ihnen dringend, die Datenschutzrichtlinien jeder von Ihnen besuchten Website zu lesen. Wir haben keine Kontrolle \u00fcber den Inhalt, die Datenschutzrichtlinien oder -praktiken von Websites oder Diensten Dritter und \u00fcbernehmen keine Verantwortung daf\u00fcr.<\/p><p><strong>\u00a0<\/strong><\/p><p><strong>DATENSCHUTZ VON KINDERN<\/strong><\/p><p>Unser Dienst richtet sich nicht an Personen unter 18 Jahren (\u201eKinder\u201c).<\/p><p>Wir erfassen wissentlich keine personenbezogenen Daten von Personen unter 18 Jahren. Wenn Sie ein Elternteil oder Erziehungsberechtigter sind und wissen, dass Ihr Kind uns personenbezogene Daten zur Verf\u00fcgung gestellt hat, kontaktieren Sie uns bitte. Wenn uns bekannt wird, dass wir personenbezogene Daten von Kindern ohne \u00dcberpr\u00fcfung der Zustimmung der Eltern erfasst haben, ergreifen wir Ma\u00dfnahmen, um diese Informationen von unseren Servern zu entfernen.<\/p><p><strong>\u00a0<\/strong><\/p><p><strong>\u00c4NDERUNGEN DIESER DATENSCHUTZERKL\u00c4RUNG<\/strong><\/p><p>Wir k\u00f6nnen unsere Datenschutzrichtlinie von Zeit zu Zeit aktualisieren. Wir werden Sie \u00fcber alle \u00c4nderungen informieren, indem wir die neue Datenschutzrichtlinie auf dieser Seite ver\u00f6ffentlichen.<\/p><p>Wir werden Sie per E-Mail und\/oder durch einen deutlich sichtbaren Hinweis auf unserem Service dar\u00fcber informieren, bevor die \u00c4nderung in Kraft tritt, und das \u201eDatum des Inkrafttretens\u201c oben in dieser Datenschutzrichtlinie aktualisieren.<\/p><p>Wir empfehlen Ihnen, diese Datenschutzrichtlinie regelm\u00e4\u00dfig auf etwaige \u00c4nderungen zu \u00fcberpr\u00fcfen. \u00c4nderungen dieser Datenschutzrichtlinie treten in Kraft, wenn sie auf dieser Seite ver\u00f6ffentlicht werden.<\/p><p><strong>\u00a0<\/strong><\/p><p><strong>KONTAKTIERE UNS<\/strong><\/p><p>Wenn Sie Fragen zu dieser Datenschutzrichtlinie haben, wenden Sie sich bitte an <a href=\"https:\/\/eupa.uk\/de\/contact\/\">kontaktiere uns<\/a><\/p>\t\t\t\t\t\t\t\t<\/div>\n\t\t\t\t<\/div>\n\t\t\t\t\t<\/div>\n\t\t<\/div>\n\t\t\t\t\t<\/div>\n\t\t<\/section>\n\t\t\t\t<\/div>","protected":false},"excerpt":{"rendered":"<p>(\u00e2\u20ac\u017euns\u00e2\u20ac\u0153, \u00e2\u20ac\u017ewir\u00e2\u20ac\u0153 oder \u00e2\u20ac\u017eunser\u00e2\u20ac\u0153) betreibt den besagten \u201eDienst\u201c, der die folgende Website darstellt: Diese Seite informiert Sie \u00fcber unsere Richtlinien bez\u00fcglich der Erhebung, Verwendung und Offenlegung personenbezogener Daten, wenn Sie unseren Dienst nutzen, und \u00fcber die Wahlm\u00f6glichkeiten, die Sie in Bezug auf diese Daten haben. Wir verwenden Ihre Daten, um den Dienst bereitzustellen und zu verbessern. Durch \u2026 <a title=\"Datenschutzrichtlinie\" class=\"read-more\" href=\"https:\/\/eupa.uk\/de\/privacy-policy\/\" aria-label=\"Weitere Informationen \u00fcber Datenschutz\">Weiterlesen<\/a><\/p>","protected":false},"author":1,"featured_media":0,"parent":0,"menu_order":1000,"comment_status":"closed","ping_status":"closed","template":"","meta":{"footnotes":""},"class_list":["post-3","page","type-page","status-publish"],"_links":{"self":[{"href":"https:\/\/eupa.uk\/de\/wp-json\/wp\/v2\/pages\/3","targetHints":{"allow":["GET"]}}],"collection":[{"href":"https:\/\/eupa.uk\/de\/wp-json\/wp\/v2\/pages"}],"about":[{"href":"https:\/\/eupa.uk\/de\/wp-json\/wp\/v2\/types\/page"}],"author":[{"embeddable":true,"href":"https:\/\/eupa.uk\/de\/wp-json\/wp\/v2\/users\/1"}],"replies":[{"embeddable":true,"href":"https:\/\/eupa.uk\/de\/wp-json\/wp\/v2\/comments?post=3"}],"version-history":[{"count":0,"href":"https:\/\/eupa.uk\/de\/wp-json\/wp\/v2\/pages\/3\/revisions"}],"wp:attachment":[{"href":"https:\/\/eupa.uk\/de\/wp-json\/wp\/v2\/media?parent=3"}],"curies":[{"name":"wp","href":"https:\/\/api.w.org\/{rel}","templated":true}]}}