{"id":3060,"date":"2021-03-20T10:54:03","date_gmt":"2021-03-20T10:54:03","guid":{"rendered":"https:\/\/eupa.agency\/?page_id=3060"},"modified":"2021-04-20T10:46:34","modified_gmt":"2021-04-20T10:46:34","slug":"vip-press-kit","status":"publish","type":"page","link":"https:\/\/eupa.uk\/de\/vip-press-kit\/","title":{"rendered":"VIP-PRESSEMAPPE"},"content":{"rendered":"<div data-elementor-type=\"wp-page\" data-elementor-id=\"3060\" class=\"elementor elementor-3060\" data-elementor-post-type=\"page\">\n\t\t\t\t\t\t<section class=\"elementor-section elementor-top-section elementor-element elementor-element-57222ee elementor-section-stretched elementor-section-boxed elementor-section-height-default elementor-section-height-default\" data-id=\"57222ee\" data-element_type=\"section\" data-settings=\"{&quot;stretch_section&quot;:&quot;section-stretched&quot;}\">\n\t\t\t\t\t\t<div class=\"elementor-container elementor-column-gap-default\">\n\t\t\t\t\t<div class=\"elementor-column elementor-col-100 elementor-top-column elementor-element elementor-element-64a810d\" data-id=\"64a810d\" data-element_type=\"column\">\n\t\t\t<div class=\"elementor-widget-wrap elementor-element-populated\">\n\t\t\t\t\t\t<div class=\"elementor-element elementor-element-d88d2b3 elementor-widget elementor-widget-text-editor\" data-id=\"d88d2b3\" data-element_type=\"widget\" data-widget_type=\"text-editor.default\">\n\t\t\t\t<div class=\"elementor-widget-container\">\n\t\t\t\t\t\t\t\t\t<p>Jedes EUPA-Mitglied erh\u00e4lt bei seiner Akkreditierung eine VIP-Pressemappe ohne zus\u00e4tzliche Kosten. Die Pressemappe ist f\u00fcr das Jahr des Abonnements g\u00fcltig und wird j\u00e4hrlich mit der Zahlung der j\u00e4hrlichen Servicegeb\u00fchr erneuert.<\/p>\n<h2>Was ist im Kit enthalten?<\/h2>\n<ul>\n \t<li>Ein Presseausweis<\/li>\n \t<li>Ein Presseausweis<\/li>\n \t<li>Ein Akkreditierungsschreiben<\/li>\n \t<li>Eine Presse-Fahrzeug-ID<\/li>\n<\/ul>\t\t\t\t\t\t\t\t<\/div>\n\t\t\t\t<\/div>\n\t\t\t\t<div class=\"elementor-element elementor-element-924d82f elementor-widget elementor-widget-heading\" data-id=\"924d82f\" data-element_type=\"widget\" data-widget_type=\"heading.default\">\n\t\t\t\t<div class=\"elementor-widget-container\">\n\t\t\t\t\t<h2 class=\"elementor-heading-title elementor-size-default\">ALLGEMEINE INFORMATIONEN ZUM EUPA-PRESSEMAPPE<\/h2>\t\t\t\t<\/div>\n\t\t\t\t<\/div>\n\t\t\t\t<div class=\"elementor-element elementor-element-a11af69 elementor-widget elementor-widget-text-editor\" data-id=\"a11af69\" data-element_type=\"widget\" data-widget_type=\"text-editor.default\">\n\t\t\t\t<div class=\"elementor-widget-container\">\n\t\t\t\t\t\t\t\t\t<p>Unser Press Kit ist ein wichtiges Tool f\u00fcr haupt- und nebenberuflich professionelle Content-Produzenten. Damit k\u00f6nnen sie sich gegen\u00fcber Agenturen, Beh\u00f6rden, Veranstaltern und Unternehmen ausweisen. Die Press Kit-Dokumente weisen ihren Besitzer als professionellen Journalisten aus, was bei der Durchf\u00fchrung von detaillierten Recherchen enorm hilfreich ist. Ein Press Kit erleichtert den Zugang zu Veranstaltungen, gesperrten Bereichen und einer Vielzahl von Informationen. Journalisten, die in einen Medienverteiler aufgenommen werden oder an einer Pressekonferenz teilnehmen m\u00f6chten, werden h\u00e4ufig nach einem Nachweis ihrer journalistischen T\u00e4tigkeit gefragt, den unser Press Kit zertifiziert. Agenturen, Veranstalter und Unternehmen k\u00f6nnen so leicht \u00fcberpr\u00fcfen, ob jemand tats\u00e4chlich Journalist ist oder nicht.<\/p>\t\t\t\t\t\t\t\t<\/div>\n\t\t\t\t<\/div>\n\t\t\t\t<div class=\"elementor-element elementor-element-3f09363 elementor-widget elementor-widget-heading\" data-id=\"3f09363\" data-element_type=\"widget\" data-widget_type=\"heading.default\">\n\t\t\t\t<div class=\"elementor-widget-container\">\n\t\t\t\t\t<h2 class=\"elementor-heading-title elementor-size-default\">Ein Kit, das professionelle Content-Ersteller auszeichnet<\/h2>\t\t\t\t<\/div>\n\t\t\t\t<\/div>\n\t\t\t\t<div class=\"elementor-element elementor-element-41bbcac elementor-widget elementor-widget-text-editor\" data-id=\"41bbcac\" data-element_type=\"widget\" data-widget_type=\"text-editor.default\">\n\t\t\t\t<div class=\"elementor-widget-container\">\n\t\t\t\t\t\t\t\t\t<p>Um Ihr komplettes EUPA VIP-Pressekit zu erhalten, m\u00fcssen Sie Ihre T\u00e4tigkeit als Journalist nachweisen. Presseausweise und Presse-IDs werden ausschlie\u00dflich von Dachverb\u00e4nden und Presseagenturen ausgestellt und sind in den meisten F\u00e4llen nur f\u00fcr hauptberuflich t\u00e4tige Journalisten zugelassen. Bei der EUPA gehen wir davon aus, dass jeder, der die Presse vertritt (egal ob haupt- oder nebenberuflich), Anspruch auf ein VIP-Pressekit hat.<\/p>\t\t\t\t\t\t\t\t<\/div>\n\t\t\t\t<\/div>\n\t\t\t\t<div class=\"elementor-element elementor-element-e875762 elementor-widget elementor-widget-heading\" data-id=\"e875762\" data-element_type=\"widget\" data-widget_type=\"heading.default\">\n\t\t\t\t<div class=\"elementor-widget-container\">\n\t\t\t\t\t<h2 class=\"elementor-heading-title elementor-size-default\">BETRUGSPR\u00c4VENTION: ECHTE UND SICHERHEITSMERKMALE<\/h2>\t\t\t\t<\/div>\n\t\t\t\t<\/div>\n\t\t\t\t<div class=\"elementor-element elementor-element-8590d2a elementor-widget elementor-widget-text-editor\" data-id=\"8590d2a\" data-element_type=\"widget\" data-widget_type=\"text-editor.default\">\n\t\t\t\t<div class=\"elementor-widget-container\">\n\t\t\t\t\t\t\t\t\t<p>Um Betrug vorzubeugen, enthalten die Dokumente der Europ\u00e4ischen Presseagentur (EUPA) zahlreiche individuelle Sicherheitsmerkmale. Die Echtheit eines EUPA-Dokuments kann durch einen Vergleich mit den Identifizierungsmerkmalen auf der EUPA-Website \u00fcberpr\u00fcft werden. Im Zweifelsfall k\u00f6nnen Sie sich direkt an die Landeszentrale der EUPA wenden. Auf Anfrage k\u00f6nnen Beh\u00f6rden und Unternehmen zus\u00e4tzliche Authentifizierungsfunktionen \u00fcberpr\u00fcfen.<\/p>\t\t\t\t\t\t\t\t<\/div>\n\t\t\t\t<\/div>\n\t\t\t\t<div class=\"elementor-element elementor-element-3a0dbef elementor-widget elementor-widget-heading\" data-id=\"3a0dbef\" data-element_type=\"widget\" data-widget_type=\"heading.default\">\n\t\t\t\t<div class=\"elementor-widget-container\">\n\t\t\t\t\t<h2 class=\"elementor-heading-title elementor-size-default\">WARUM SIND SOLCHE DRAMATISCHE SICHERHEITSMASSNAHMEN NOTWENDIG?<\/h2>\t\t\t\t<\/div>\n\t\t\t\t<\/div>\n\t\t\t\t<div class=\"elementor-element elementor-element-ef8721f elementor-widget elementor-widget-text-editor\" data-id=\"ef8721f\" data-element_type=\"widget\" data-widget_type=\"text-editor.default\">\n\t\t\t\t<div class=\"elementor-widget-container\">\n\t\t\t\t\t\t\t\t\t<p>Kriminelle versuchen immer wieder, gef\u00e4lschte oder manipulierte Dokumente zu verbreiten. Daher ist es wichtig, dass unsere Originaldokumente zweifelsfrei authentifiziert werden k\u00f6nnen.<\/p>\t\t\t\t\t\t\t\t<\/div>\n\t\t\t\t<\/div>\n\t\t\t\t<div class=\"elementor-element elementor-element-39c598c elementor-widget elementor-widget-heading\" data-id=\"39c598c\" data-element_type=\"widget\" data-widget_type=\"heading.default\">\n\t\t\t\t<div class=\"elementor-widget-container\">\n\t\t\t\t\t<h2 class=\"elementor-heading-title elementor-size-default\">Wichtige Notizen<\/h2>\t\t\t\t<\/div>\n\t\t\t\t<\/div>\n\t\t\t\t<div class=\"elementor-element elementor-element-510b4b3 elementor-widget elementor-widget-text-editor\" data-id=\"510b4b3\" data-element_type=\"widget\" data-widget_type=\"text-editor.default\">\n\t\t\t\t<div class=\"elementor-widget-container\">\n\t\t\t\t\t\t\t\t\t<p>Die EUPA-Pressemappe kann nicht erworben werden und ist ausschlie\u00dflich unseren akkreditierten Mitgliedern vorbehalten.<br \/>Sie m\u00fcssen mindestens 18 Jahre alt sein, um Mitglied der EUPA zu werden und ein VIP-Pressekit zu erhalten.<\/p>\t\t\t\t\t\t\t\t<\/div>\n\t\t\t\t<\/div>\n\t\t\t\t\t<\/div>\n\t\t<\/div>\n\t\t\t\t\t<\/div>\n\t\t<\/section>\n\t\t\t\t<\/div>","protected":false},"excerpt":{"rendered":"<p>Jedes Mitglied der EUPA erh\u00e4lt bei der Akkreditierung ein VIP-Pressekit ohne zus\u00e4tzliche Kosten. Das Pressekit ist f\u00fcr das Abonnementsjahr g\u00fcltig und wird j\u00e4hrlich mit der Zahlung der j\u00e4hrlichen Servicegeb\u00fchr verl\u00e4ngert. Was ist im Kit enthalten? Ein Presseausweis Ein Presseausweis Ein Akkreditierungsschreiben Ein \u2026 <a title=\"VIP-PRESSEMAPPE\" class=\"read-more\" href=\"https:\/\/eupa.uk\/de\/vip-press-kit\/\" aria-label=\"Mehr Informationen \u00fcber VIP PRESS KIT\">Weiterlesen<\/a><\/p>","protected":false},"author":1,"featured_media":0,"parent":0,"menu_order":2,"comment_status":"closed","ping_status":"closed","template":"","meta":{"footnotes":""},"class_list":["post-3060","page","type-page","status-publish"],"_links":{"self":[{"href":"https:\/\/eupa.uk\/de\/wp-json\/wp\/v2\/pages\/3060","targetHints":{"allow":["GET"]}}],"collection":[{"href":"https:\/\/eupa.uk\/de\/wp-json\/wp\/v2\/pages"}],"about":[{"href":"https:\/\/eupa.uk\/de\/wp-json\/wp\/v2\/types\/page"}],"author":[{"embeddable":true,"href":"https:\/\/eupa.uk\/de\/wp-json\/wp\/v2\/users\/1"}],"replies":[{"embeddable":true,"href":"https:\/\/eupa.uk\/de\/wp-json\/wp\/v2\/comments?post=3060"}],"version-history":[{"count":0,"href":"https:\/\/eupa.uk\/de\/wp-json\/wp\/v2\/pages\/3060\/revisions"}],"wp:attachment":[{"href":"https:\/\/eupa.uk\/de\/wp-json\/wp\/v2\/media?parent=3060"}],"curies":[{"name":"wp","href":"https:\/\/api.w.org\/{rel}","templated":true}]}}