{"id":3466,"date":"2021-03-20T16:24:09","date_gmt":"2021-03-20T16:24:09","guid":{"rendered":"https:\/\/eupa.agency\/?page_id=3466"},"modified":"2021-04-20T11:46:01","modified_gmt":"2021-04-20T11:46:01","slug":"letter-of-accreditation","status":"publish","type":"page","link":"https:\/\/eupa.uk\/de\/vip-press-kit\/letter-of-accreditation\/","title":{"rendered":"Akkreditierungsschreiben"},"content":{"rendered":"<div data-elementor-type=\"wp-page\" data-elementor-id=\"3466\" class=\"elementor elementor-3466\" data-elementor-post-type=\"page\">\n\t\t\t\t\t\t<section class=\"elementor-section elementor-top-section elementor-element elementor-element-18857c98 elementor-section-boxed elementor-section-height-default elementor-section-height-default\" data-id=\"18857c98\" data-element_type=\"section\">\n\t\t\t\t\t\t<div class=\"elementor-container elementor-column-gap-default\">\n\t\t\t\t\t<div class=\"elementor-column elementor-col-100 elementor-top-column elementor-element elementor-element-2ac5adf6\" data-id=\"2ac5adf6\" data-element_type=\"column\">\n\t\t\t<div class=\"elementor-widget-wrap elementor-element-populated\">\n\t\t\t\t\t\t<div class=\"elementor-element elementor-element-5c8490ac elementor-widget elementor-widget-text-editor\" data-id=\"5c8490ac\" data-element_type=\"widget\" data-widget_type=\"text-editor.default\">\n\t\t\t\t<div class=\"elementor-widget-container\">\n\t\t\t\t\t\t\t\t\t<p>Ein Akkreditierungsschreiben der Europ\u00e4ischen Presseagentur (EUPA) ist ein erg\u00e4nzendes Dokument zu den in unserem VIP-Pressekit enthaltenen Presseausweisen, Pressekarten und Pressefahrzeugen, das Ihnen die Arbeit zus\u00e4tzlich erleichtern kann. Es weist Sie als EUPA-Mitglied aus, belegt Ihre Zugeh\u00f6rigkeit zu unserer Agentur und gibt den Schwerpunkt Ihrer Berichterstattung an. So ist eine ungehinderte Aus\u00fcbung Ihrer journalistischen Arbeit gew\u00e4hrleistet.<\/p><p>In manchen F\u00e4llen kann es erforderlich sein, dass Sie Ihrer Arbeit nachgehen k\u00f6nnen.<\/p><p>Mit einem Akkreditierungsschreiben k\u00f6nnen Veranstalter und Agenturen Ihren Status als Mitglied einer Medienorganisation nachweisen. Dies ist hilfreich, wenn Sie Zugang zu privaten Bereichen und Pressekonferenzen w\u00fcnschen oder bei besonderen Veranstaltungen Fotos machen m\u00f6chten. Vergessen Sie jedoch nicht, dass jeder Veranstalter die Hausordnung nutzen und entscheiden kann, welche Medienvertreter er einl\u00e4sst.<\/p><p>Jedes EUPA-Mitglied erh\u00e4lt ein kostenloses Akkreditierungsschreiben, in dem der journalistische Schwerpunkt oder Schwerpunkt des Mitglieds angegeben ist. Sie k\u00f6nnen nicht mehrere Beats gleichzeitig ausw\u00e4hlen. Sollten Sie weitere Briefe ben\u00f6tigen, k\u00f6nnen Sie diese jederzeit gegen einen geringen Aufpreis anfordern.<\/p>\t\t\t\t\t\t\t\t<\/div>\n\t\t\t\t<\/div>\n\t\t\t\t\t<\/div>\n\t\t<\/div>\n\t\t\t\t\t<\/div>\n\t\t<\/section>\n\t\t\t\t<section class=\"elementor-section elementor-top-section elementor-element elementor-element-1a72b73 elementor-section-full_width elementor-section-stretched elementor-section-height-default elementor-section-height-default\" data-id=\"1a72b73\" data-element_type=\"section\" data-settings=\"{&quot;stretch_section&quot;:&quot;section-stretched&quot;,&quot;background_background&quot;:&quot;classic&quot;}\">\n\t\t\t\t\t\t<div class=\"elementor-container elementor-column-gap-default\">\n\t\t\t\t\t<div class=\"elementor-column elementor-col-100 elementor-top-column elementor-element elementor-element-def1d1c\" data-id=\"def1d1c\" data-element_type=\"column\">\n\t\t\t<div class=\"elementor-widget-wrap elementor-element-populated\">\n\t\t\t\t\t\t<section class=\"elementor-section elementor-inner-section elementor-element elementor-element-66e240c elementor-section-boxed elementor-section-height-default elementor-section-height-default\" data-id=\"66e240c\" data-element_type=\"section\">\n\t\t\t\t\t\t<div class=\"elementor-container elementor-column-gap-default\">\n\t\t\t\t\t<div class=\"elementor-column elementor-col-50 elementor-inner-column elementor-element elementor-element-720d7ae\" data-id=\"720d7ae\" data-element_type=\"column\">\n\t\t\t<div class=\"elementor-widget-wrap elementor-element-populated\">\n\t\t\t\t\t\t<div class=\"elementor-element elementor-element-796c9e5 elementor-widget elementor-widget-image\" data-id=\"796c9e5\" data-element_type=\"widget\" data-widget_type=\"image.default\">\n\t\t\t\t<div class=\"elementor-widget-container\">\n\t\t\t\t\t\t\t\t\t\t\t\t\t\t\t<img fetchpriority=\"high\" decoding=\"async\" width=\"362\" height=\"511\" src=\"https:\/\/b2281902.smushcdn.com\/2281902\/wp-content\/uploads\/confirmation-letter-sample.jpg?lossy=1&strip=1&webp=1\" class=\"attachment-large size-large wp-image-5073\" alt=\"\" srcset=\"https:\/\/b2281902.smushcdn.com\/2281902\/wp-content\/uploads\/confirmation-letter-sample.jpg?lossy=1&strip=1&webp=1 362w, https:\/\/b2281902.smushcdn.com\/2281902\/wp-content\/uploads\/confirmation-letter-sample-213x300.jpg?lossy=1&strip=1&webp=1 213w, https:\/\/b2281902.smushcdn.com\/2281902\/wp-content\/uploads\/confirmation-letter-sample-9x12.jpg?lossy=1&strip=1&webp=1 9w\" sizes=\"(max-width: 362px) 100vw, 362px\" \/>\t\t\t\t\t\t\t\t\t\t\t\t\t\t\t<\/div>\n\t\t\t\t<\/div>\n\t\t\t\t\t<\/div>\n\t\t<\/div>\n\t\t\t\t<div class=\"elementor-column elementor-col-50 elementor-inner-column elementor-element elementor-element-e228b45\" data-id=\"e228b45\" data-element_type=\"column\">\n\t\t\t<div class=\"elementor-widget-wrap elementor-element-populated\">\n\t\t\t\t\t\t<div class=\"elementor-element elementor-element-5f70954 elementor-widget elementor-widget-heading\" data-id=\"5f70954\" data-element_type=\"widget\" data-widget_type=\"heading.default\">\n\t\t\t\t<div class=\"elementor-widget-container\">\n\t\t\t\t\t<h2 class=\"elementor-heading-title elementor-size-default\">Merkmale der Best\u00e4tigung:<\/h2>\t\t\t\t<\/div>\n\t\t\t\t<\/div>\n\t\t\t\t<div class=\"elementor-element elementor-element-98e419c elementor-icon-list--layout-traditional elementor-list-item-link-full_width elementor-widget elementor-widget-icon-list\" data-id=\"98e419c\" data-element_type=\"widget\" data-widget_type=\"icon-list.default\">\n\t\t\t\t<div class=\"elementor-widget-container\">\n\t\t\t\t\t\t\t<ul class=\"elementor-icon-list-items\">\n\t\t\t\t\t\t\t<li class=\"elementor-icon-list-item\">\n\t\t\t\t\t\t\t\t\t\t\t<span class=\"elementor-icon-list-icon\">\n\t\t\t\t\t\t\t<i aria-hidden=\"true\" class=\"fab fa-jira\"><\/i>\t\t\t\t\t\t<\/span>\n\t\t\t\t\t\t\t\t\t\t<span class=\"elementor-icon-list-text\">Gestaltung des Briefkopfes einer Agentur<\/span>\n\t\t\t\t\t\t\t\t\t<\/li>\n\t\t\t\t\t\t\t\t<li class=\"elementor-icon-list-item\">\n\t\t\t\t\t\t\t\t\t\t\t<span class=\"elementor-icon-list-icon\">\n\t\t\t\t\t\t\t<i aria-hidden=\"true\" class=\"fab fa-jira\"><\/i>\t\t\t\t\t\t<\/span>\n\t\t\t\t\t\t\t\t\t\t<span class=\"elementor-icon-list-text\">Inklusive aufgedrucktem Siegel<\/span>\n\t\t\t\t\t\t\t\t\t<\/li>\n\t\t\t\t\t\t\t\t<li class=\"elementor-icon-list-item\">\n\t\t\t\t\t\t\t\t\t\t\t<span class=\"elementor-icon-list-icon\">\n\t\t\t\t\t\t\t<i aria-hidden=\"true\" class=\"fab fa-jira\"><\/i>\t\t\t\t\t\t<\/span>\n\t\t\t\t\t\t\t\t\t\t<span class=\"elementor-icon-list-text\">Signiert vom Chefredakteur<\/span>\n\t\t\t\t\t\t\t\t\t<\/li>\n\t\t\t\t\t\t\t\t<li class=\"elementor-icon-list-item\">\n\t\t\t\t\t\t\t\t\t\t\t<span class=\"elementor-icon-list-icon\">\n\t\t\t\t\t\t\t<i aria-hidden=\"true\" class=\"fab fa-jira\"><\/i>\t\t\t\t\t\t<\/span>\n\t\t\t\t\t\t\t\t\t\t<span class=\"elementor-icon-list-text\">Akkreditierung und Redaktionssiegel<\/span>\n\t\t\t\t\t\t\t\t\t<\/li>\n\t\t\t\t\t\t\t\t<li class=\"elementor-icon-list-item\">\n\t\t\t\t\t\t\t\t\t\t\t<span class=\"elementor-icon-list-icon\">\n\t\t\t\t\t\t\t<i aria-hidden=\"true\" class=\"fab fa-jira\"><\/i>\t\t\t\t\t\t<\/span>\n\t\t\t\t\t\t\t\t\t\t<span class=\"elementor-icon-list-text\">Personalisiert und nicht \u00fcbertragbar<\/span>\n\t\t\t\t\t\t\t\t\t<\/li>\n\t\t\t\t\t\t\t\t<li class=\"elementor-icon-list-item\">\n\t\t\t\t\t\t\t\t\t\t\t<span class=\"elementor-icon-list-icon\">\n\t\t\t\t\t\t\t<i aria-hidden=\"true\" class=\"fab fa-jira\"><\/i>\t\t\t\t\t\t<\/span>\n\t\t\t\t\t\t\t\t\t\t<span class=\"elementor-icon-list-text\">N\u00fctzlich f\u00fcr viele Zwecke<\/span>\n\t\t\t\t\t\t\t\t\t<\/li>\n\t\t\t\t\t\t\t\t<li class=\"elementor-icon-list-item\">\n\t\t\t\t\t\t\t\t\t\t\t<span class=\"elementor-icon-list-icon\">\n\t\t\t\t\t\t\t<i aria-hidden=\"true\" class=\"fab fa-jira\"><\/i>\t\t\t\t\t\t<\/span>\n\t\t\t\t\t\t\t\t\t\t<span class=\"elementor-icon-list-text\">Original in Papierform<\/span>\n\t\t\t\t\t\t\t\t\t<\/li>\n\t\t\t\t\t\t\t\t<li class=\"elementor-icon-list-item\">\n\t\t\t\t\t\t\t\t\t\t\t<span class=\"elementor-icon-list-icon\">\n\t\t\t\t\t\t\t<i aria-hidden=\"true\" class=\"fab fa-jira\"><\/i>\t\t\t\t\t\t<\/span>\n\t\t\t\t\t\t\t\t\t\t<span class=\"elementor-icon-list-text\">Format ca. 8,27 Zoll x 11,65 Zoll (21 x 29,60 cm)<\/span>\n\t\t\t\t\t\t\t\t\t<\/li>\n\t\t\t\t\t\t<\/ul>\n\t\t\t\t\t\t<\/div>\n\t\t\t\t<\/div>\n\t\t\t\t\t<\/div>\n\t\t<\/div>\n\t\t\t\t\t<\/div>\n\t\t<\/section>\n\t\t\t\t\t<\/div>\n\t\t<\/div>\n\t\t\t\t\t<\/div>\n\t\t<\/section>\n\t\t\t\t<\/div>","protected":false},"excerpt":{"rendered":"<p>Ein Akkreditierungsschreiben der Europ\u00e4ischen Presseagentur (EUPA) ist ein erg\u00e4nzendes Dokument zu den Presseausweisen, Pressekarten und Pressefahrzeugen, die in unserem VIP-Pressekit enthalten sind und Ihnen die Arbeit noch einfacher machen k\u00f6nnen. Es weist Sie als EUPA-Mitglied aus, belegt Ihre Verbindung zu unserer Agentur und gibt die \u2026 <a title=\"Akkreditierungsschreiben\" class=\"read-more\" href=\"https:\/\/eupa.uk\/de\/vip-press-kit\/letter-of-accreditation\/\" aria-label=\"Weitere Informationen \u00fcber Akkreditierungsschreiben\">Weiterlesen<\/a><\/p>","protected":false},"author":1,"featured_media":0,"parent":3060,"menu_order":3,"comment_status":"closed","ping_status":"closed","template":"","meta":{"footnotes":""},"class_list":["post-3466","page","type-page","status-publish"],"_links":{"self":[{"href":"https:\/\/eupa.uk\/de\/wp-json\/wp\/v2\/pages\/3466","targetHints":{"allow":["GET"]}}],"collection":[{"href":"https:\/\/eupa.uk\/de\/wp-json\/wp\/v2\/pages"}],"about":[{"href":"https:\/\/eupa.uk\/de\/wp-json\/wp\/v2\/types\/page"}],"author":[{"embeddable":true,"href":"https:\/\/eupa.uk\/de\/wp-json\/wp\/v2\/users\/1"}],"replies":[{"embeddable":true,"href":"https:\/\/eupa.uk\/de\/wp-json\/wp\/v2\/comments?post=3466"}],"version-history":[{"count":0,"href":"https:\/\/eupa.uk\/de\/wp-json\/wp\/v2\/pages\/3466\/revisions"}],"up":[{"embeddable":true,"href":"https:\/\/eupa.uk\/de\/wp-json\/wp\/v2\/pages\/3060"}],"wp:attachment":[{"href":"https:\/\/eupa.uk\/de\/wp-json\/wp\/v2\/media?parent=3466"}],"curies":[{"name":"wp","href":"https:\/\/api.w.org\/{rel}","templated":true}]}}