{"id":3502,"date":"2021-03-20T16:42:39","date_gmt":"2021-03-20T16:42:39","guid":{"rendered":"https:\/\/eupa.agency\/?page_id=3502"},"modified":"2021-04-18T23:15:43","modified_gmt":"2021-04-18T23:15:43","slug":"membership","status":"publish","type":"page","link":"https:\/\/eupa.uk\/de\/membership\/","title":{"rendered":"Mitgliedschaft \u2013 \u00dcbersicht"},"content":{"rendered":"<div data-elementor-type=\"wp-page\" data-elementor-id=\"3502\" class=\"elementor elementor-3502\" data-elementor-post-type=\"page\">\n\t\t\t\t\t\t<section class=\"elementor-section elementor-top-section elementor-element elementor-element-47fbbf86 elementor-section-boxed elementor-section-height-default elementor-section-height-default\" data-id=\"47fbbf86\" data-element_type=\"section\">\n\t\t\t\t\t\t<div class=\"elementor-container elementor-column-gap-default\">\n\t\t\t\t\t<div class=\"elementor-column elementor-col-100 elementor-top-column elementor-element elementor-element-549ba2f6\" data-id=\"549ba2f6\" data-element_type=\"column\">\n\t\t\t<div class=\"elementor-widget-wrap elementor-element-populated\">\n\t\t\t\t\t\t<div class=\"elementor-element elementor-element-63040804 elementor-widget elementor-widget-text-editor\" data-id=\"63040804\" data-element_type=\"widget\" data-widget_type=\"text-editor.default\">\n\t\t\t\t<div class=\"elementor-widget-container\">\n\t\t\t\t\t\t\t\t\t<p>Wenn Sie auf der Suche nach einem verl\u00e4sslichen Partner sind, der Ihre T\u00e4tigkeit als neben- oder hauptberuflicher Journalist akzeptiert und Sie mit zahlreichen Leistungen und Services unterst\u00fctzt, sind Sie bei der European Press Agency (EUPA) genau richtig. Registrieren Sie sich noch heute online oder senden Sie Ihre Bewerbung per Post und erleben Sie, wie Ihre berufliche T\u00e4tigkeit in nur wenigen Tagen deutlich einfacher wird.<\/p><p>Der Erhalt einer pers\u00f6nlichen Reporter Card, eines Presseausweises und eines eigenen Presse-Fahrzeugausweises sind nur einige der zahlreichen Vorteile, die Sie als Mitglied der EUPA genie\u00dfen und die es Ihnen erm\u00f6glichen, Ihrer journalistischen Arbeit nach Branchenstandards nachzugehen. Weltweit profitieren Vertreter traditioneller Presseorganisationen und Medienh\u00e4user von spannenden Vorteilen, die bald auch Ihnen zur Verf\u00fcgung stehen werden.<\/p>\t\t\t\t\t\t\t\t<\/div>\n\t\t\t\t<\/div>\n\t\t\t\t<div class=\"elementor-element elementor-element-539e1795 elementor-widget elementor-widget-heading\" data-id=\"539e1795\" data-element_type=\"widget\" data-widget_type=\"heading.default\">\n\t\t\t\t<div class=\"elementor-widget-container\">\n\t\t\t\t\t<h2 class=\"elementor-heading-title elementor-size-default\">Mitglieder genie\u00dfen zahlreiche Vorteile, wie zum Beispiel<\/h2>\t\t\t\t<\/div>\n\t\t\t\t<\/div>\n\t\t\t\t<div class=\"elementor-element elementor-element-38590ad0 elementor-icon-list--layout-traditional elementor-list-item-link-full_width elementor-widget elementor-widget-icon-list\" data-id=\"38590ad0\" data-element_type=\"widget\" data-widget_type=\"icon-list.default\">\n\t\t\t\t<div class=\"elementor-widget-container\">\n\t\t\t\t\t\t\t<ul class=\"elementor-icon-list-items\">\n\t\t\t\t\t\t\t<li class=\"elementor-icon-list-item\">\n\t\t\t\t\t\t\t\t\t\t\t<span class=\"elementor-icon-list-icon\">\n\t\t\t\t\t\t\t<i aria-hidden=\"true\" class=\"fas fa-check\"><\/i>\t\t\t\t\t\t<\/span>\n\t\t\t\t\t\t\t\t\t\t<span class=\"elementor-icon-list-text\">Medienrabatte bei gro\u00dfen Unternehmen, z. B. beim Reisen, bei der Anmietung eines Autos oder beim Kauf eines Laptops oder einer Kamera ...<\/span>\n\t\t\t\t\t\t\t\t\t<\/li>\n\t\t\t\t\t\t\t\t<li class=\"elementor-icon-list-item\">\n\t\t\t\t\t\t\t\t\t\t\t<span class=\"elementor-icon-list-icon\">\n\t\t\t\t\t\t\t<i aria-hidden=\"true\" class=\"fas fa-check\"><\/i>\t\t\t\t\t\t<\/span>\n\t\t\t\t\t\t\t\t\t\t<span class=\"elementor-icon-list-text\">Zugang zu verschiedenen Veranstaltungen und Messen<\/span>\n\t\t\t\t\t\t\t\t\t<\/li>\n\t\t\t\t\t\t\t\t<li class=\"elementor-icon-list-item\">\n\t\t\t\t\t\t\t\t\t\t\t<span class=\"elementor-icon-list-icon\">\n\t\t\t\t\t\t\t<i aria-hidden=\"true\" class=\"fas fa-check\"><\/i>\t\t\t\t\t\t<\/span>\n\t\t\t\t\t\t\t\t\t\t<span class=\"elementor-icon-list-text\">Teilnahme an Wettbewerben auf unserem Video- und Bilderportal<\/span>\n\t\t\t\t\t\t\t\t\t<\/li>\n\t\t\t\t\t\t\t\t<li class=\"elementor-icon-list-item\">\n\t\t\t\t\t\t\t\t\t\t\t<span class=\"elementor-icon-list-icon\">\n\t\t\t\t\t\t\t<i aria-hidden=\"true\" class=\"fas fa-check\"><\/i>\t\t\t\t\t\t<\/span>\n\t\t\t\t\t\t\t\t\t\t<span class=\"elementor-icon-list-text\">Kostenlose Beratung zum Medienrecht (bald verf\u00fcgbar)<\/span>\n\t\t\t\t\t\t\t\t\t<\/li>\n\t\t\t\t\t\t\t\t<li class=\"elementor-icon-list-item\">\n\t\t\t\t\t\t\t\t\t\t\t<span class=\"elementor-icon-list-icon\">\n\t\t\t\t\t\t\t<i aria-hidden=\"true\" class=\"fas fa-check\"><\/i>\t\t\t\t\t\t<\/span>\n\t\t\t\t\t\t\t\t\t\t<span class=\"elementor-icon-list-text\">Enthaltener EUPA News Gutschein: $20<\/span>\n\t\t\t\t\t\t\t\t\t<\/li>\n\t\t\t\t\t\t\t\t<li class=\"elementor-icon-list-item\">\n\t\t\t\t\t\t\t\t\t\t\t<span class=\"elementor-icon-list-icon\">\n\t\t\t\t\t\t\t<i aria-hidden=\"true\" class=\"fas fa-check\"><\/i>\t\t\t\t\t\t<\/span>\n\t\t\t\t\t\t\t\t\t\t<span class=\"elementor-icon-list-text\">24\/7 Kunden-Support<\/span>\n\t\t\t\t\t\t\t\t\t<\/li>\n\t\t\t\t\t\t\t\t<li class=\"elementor-icon-list-item\">\n\t\t\t\t\t\t\t\t\t\t\t<span class=\"elementor-icon-list-icon\">\n\t\t\t\t\t\t\t<i aria-hidden=\"true\" class=\"fas fa-check\"><\/i>\t\t\t\t\t\t<\/span>\n\t\t\t\t\t\t\t\t\t\t<span class=\"elementor-icon-list-text\">Newsletter mit Informationen zu Aktivit\u00e4ten und Aktionen nur f\u00fcr Mitglieder<\/span>\n\t\t\t\t\t\t\t\t\t<\/li>\n\t\t\t\t\t\t<\/ul>\n\t\t\t\t\t\t<\/div>\n\t\t\t\t<\/div>\n\t\t\t\t<div class=\"elementor-element elementor-element-3bb24888 elementor-widget elementor-widget-text-editor\" data-id=\"3bb24888\" data-element_type=\"widget\" data-widget_type=\"text-editor.default\">\n\t\t\t\t<div class=\"elementor-widget-container\">\n\t\t\t\t\t\t\t\t\t<p>Nach Abschluss Ihrer Registrierung erhalten Sie von uns eine vorl\u00e4ufige Best\u00e4tigung, mit der Sie Ihre Registrierungsgeb\u00fchr per Kreditkarte oder PayPal bezahlen k\u00f6nnen. Ihre vorl\u00e4ufige Mitgliedschaft wird in eine Vollmitgliedschaft umgewandelt, sobald die Registrierungsgeb\u00fchr und der anteilige Jahresbeitrag f\u00fcr das laufende Kalenderjahr bei uns eingegangen sind. Nach Zahlungseingang versenden wir Ihren Presseausweis, Ihren Presse-Fahrzeugausweis und Ihre Reporter Card per Post. Ihre pers\u00f6nlichen Zugangsdaten f\u00fcr unseren Login-Bereich werden Ihnen per E-Mail zugesendet. Ihre Registrierungsdaten behandeln wir selbstverst\u00e4ndlich vertraulich und geben keine Daten an Dritte weiter. Mit Abschluss Ihrer Registrierung akzeptieren Sie die Richtlinien der USPA, die Sie hier einsehen k\u00f6nnen.<\/p>\t\t\t\t\t\t\t\t<\/div>\n\t\t\t\t<\/div>\n\t\t\t\t<div class=\"elementor-element elementor-element-565af590 elementor-widget elementor-widget-heading\" data-id=\"565af590\" data-element_type=\"widget\" data-widget_type=\"heading.default\">\n\t\t\t\t<div class=\"elementor-widget-container\">\n\t\t\t\t\t<h2 class=\"elementor-heading-title elementor-size-default\">Mitgliedsbeitr\u00e4ge im \u00dcberblick<\/h2>\t\t\t\t<\/div>\n\t\t\t\t<\/div>\n\t\t\t\t<div class=\"elementor-element elementor-element-aafab25 elementor-widget elementor-widget-text-editor\" data-id=\"aafab25\" data-element_type=\"widget\" data-widget_type=\"text-editor.default\">\n\t\t\t\t<div class=\"elementor-widget-container\">\n\t\t\t\t\t\t\t\t\tEUPA-Mitgliedschaft inklusive internationalem Presseausweis, Pressefahrzeugausweis, pers\u00f6nlichem Akkreditierungsschreiben und Reporterkarte. \t\t\t\t\t\t\t\t<\/div>\n\t\t\t\t<\/div>\n\t\t\t\t<div class=\"elementor-element elementor-element-3d30ddde elementor-icon-list--layout-traditional elementor-list-item-link-full_width elementor-widget elementor-widget-icon-list\" data-id=\"3d30ddde\" data-element_type=\"widget\" data-widget_type=\"icon-list.default\">\n\t\t\t\t<div class=\"elementor-widget-container\">\n\t\t\t\t\t\t\t<ul class=\"elementor-icon-list-items\">\n\t\t\t\t\t\t\t<li class=\"elementor-icon-list-item\">\n\t\t\t\t\t\t\t\t\t\t\t<span class=\"elementor-icon-list-icon\">\n\t\t\t\t\t\t\t<i aria-hidden=\"true\" class=\"fas fa-check\"><\/i>\t\t\t\t\t\t<\/span>\n\t\t\t\t\t\t\t\t\t\t<span class=\"elementor-icon-list-text\">Einmalige Anmeldegeb\u00fchr:<\/span>\n\t\t\t\t\t\t\t\t\t<\/li>\n\t\t\t\t\t\t\t\t<li class=\"elementor-icon-list-item\">\n\t\t\t\t\t\t\t\t\t\t\t<span class=\"elementor-icon-list-icon\">\n\t\t\t\t\t\t\t<i aria-hidden=\"true\" class=\"fas fa-check\"><\/i>\t\t\t\t\t\t<\/span>\n\t\t\t\t\t\t\t\t\t\t<span class=\"elementor-icon-list-text\">J\u00e4hrlicher Mitgliedsbeitrag:<\/span>\n\t\t\t\t\t\t\t\t\t<\/li>\n\t\t\t\t\t\t<\/ul>\n\t\t\t\t\t\t<\/div>\n\t\t\t\t<\/div>\n\t\t\t\t<div class=\"elementor-element elementor-element-8ea242b elementor-widget elementor-widget-text-editor\" data-id=\"8ea242b\" data-element_type=\"widget\" data-widget_type=\"text-editor.default\">\n\t\t\t\t<div class=\"elementor-widget-container\">\n\t\t\t\t\t\t\t\t\tAbh\u00e4ngig vom Zeitpunkt der Anmeldung wird der j\u00e4hrliche Mitgliedsbeitrag anteilig berechnet.\t\t\t\t\t\t\t\t<\/div>\n\t\t\t\t<\/div>\n\t\t\t\t\t<\/div>\n\t\t<\/div>\n\t\t\t\t\t<\/div>\n\t\t<\/section>\n\t\t\t\t<\/div>","protected":false},"excerpt":{"rendered":"<p>Wenn Sie auf der Suche nach einem verl\u00e4sslichen Partner sind, der Ihre T\u00e4tigkeit als neben- oder hauptberuflicher Journalist akzeptiert und Sie mit zahlreichen Leistungen und Services unterst\u00fctzt, sind Sie bei der Europ\u00e4ischen Presseagentur (EUPA) genau richtig. Registrieren Sie sich noch heute online oder senden Sie Ihre Bewerbung per Post und erleben Sie, wie sich Ihr beruflicher Werdegang \u2026 <a title=\"Mitgliedschaft \u2013 \u00dcbersicht\" class=\"read-more\" href=\"https:\/\/eupa.uk\/de\/membership\/\" aria-label=\"Mehr Informationen \u00fcber Mitgliedschaft \u2013 \u00dcbersicht\">Weiterlesen<\/a><\/p>","protected":false},"author":1,"featured_media":0,"parent":0,"menu_order":3,"comment_status":"closed","ping_status":"closed","template":"","meta":{"footnotes":""},"class_list":["post-3502","page","type-page","status-publish"],"_links":{"self":[{"href":"https:\/\/eupa.uk\/de\/wp-json\/wp\/v2\/pages\/3502","targetHints":{"allow":["GET"]}}],"collection":[{"href":"https:\/\/eupa.uk\/de\/wp-json\/wp\/v2\/pages"}],"about":[{"href":"https:\/\/eupa.uk\/de\/wp-json\/wp\/v2\/types\/page"}],"author":[{"embeddable":true,"href":"https:\/\/eupa.uk\/de\/wp-json\/wp\/v2\/users\/1"}],"replies":[{"embeddable":true,"href":"https:\/\/eupa.uk\/de\/wp-json\/wp\/v2\/comments?post=3502"}],"version-history":[{"count":0,"href":"https:\/\/eupa.uk\/de\/wp-json\/wp\/v2\/pages\/3502\/revisions"}],"wp:attachment":[{"href":"https:\/\/eupa.uk\/de\/wp-json\/wp\/v2\/media?parent=3502"}],"curies":[{"name":"wp","href":"https:\/\/api.w.org\/{rel}","templated":true}]}}