{"id":3513,"date":"2021-03-20T16:52:19","date_gmt":"2021-03-20T16:52:19","guid":{"rendered":"https:\/\/eupa.agency\/?page_id=3513"},"modified":"2022-03-10T10:30:25","modified_gmt":"2022-03-10T10:30:25","slug":"membership-fees-at-a-glance","status":"publish","type":"page","link":"https:\/\/eupa.uk\/de\/membership\/membership-fees-at-a-glance\/","title":{"rendered":"Mitgliedsbeitr\u00e4ge im \u00dcberblick"},"content":{"rendered":"<div data-elementor-type=\"wp-page\" data-elementor-id=\"3513\" class=\"elementor elementor-3513\" data-elementor-post-type=\"page\">\n\t\t\t\t\t\t<section class=\"elementor-section elementor-top-section elementor-element elementor-element-da61e25 elementor-section-boxed elementor-section-height-default elementor-section-height-default\" data-id=\"da61e25\" data-element_type=\"section\">\n\t\t\t\t\t\t<div class=\"elementor-container elementor-column-gap-default\">\n\t\t\t\t\t<div class=\"elementor-column elementor-col-100 elementor-top-column elementor-element elementor-element-6b50ea18\" data-id=\"6b50ea18\" data-element_type=\"column\">\n\t\t\t<div class=\"elementor-widget-wrap elementor-element-populated\">\n\t\t\t\t\t\t<div class=\"elementor-element elementor-element-4361b7e5 elementor-widget elementor-widget-text-editor\" data-id=\"4361b7e5\" data-element_type=\"widget\" data-widget_type=\"text-editor.default\">\n\t\t\t\t<div class=\"elementor-widget-container\">\n\t\t\t\t\t\t\t\t\t<p>Eine EUPA-Mitgliedschaft bietet Ihnen unsere <strong><a href=\"https:\/\/eupa.uk\/de\/vip-press-kit\/\">VIP-Pressemappe<\/a><\/strong> kostenlos ein Konto zu unserer Vermarktung <strong><a href=\"https:\/\/eupa.store\" target=\"_blank\" rel=\"noopener\">Plattform<\/a><\/strong> ohne zus\u00e4tzliche Kosten und gew\u00e4hren Ihnen Zugang zu allen unseren Dienstleistungen, einschlie\u00dflich Rechtsbeistand, wenn Ihre Rechte bedroht oder verweigert werden, und Unterst\u00fctzung, wenn Sie daran gehindert werden, Ihre Arbeit oder Forschung auf diesem Gebiet durchzuf\u00fchren.<\/p>\t\t\t\t\t\t\t\t<\/div>\n\t\t\t\t<\/div>\n\t\t\t\t<div class=\"elementor-element elementor-element-6aa45b69 elementor-widget elementor-widget-shortcode\" data-id=\"6aa45b69\" data-element_type=\"widget\" data-widget_type=\"shortcode.default\">\n\t\t\t\t<div class=\"elementor-widget-container\">\n\t\t\t\t\t\t\t<div class=\"elementor-shortcode\">\n<table id=\"tablepress-1\" class=\"tablepress tablepress-id-1\">\n<thead>\n<tr class=\"row-1\">\n\t<th class=\"column-1\">Mitgliedschaft \u2013 Profi der Medienbranche<\/th><th class=\"column-2\"><center>Kosten in EUR<\/center><\/th>\n<\/tr>\n<\/thead>\n<tbody class=\"row-striping row-hover\">\n<tr class=\"row-2\">\n\t<td class=\"column-1\"><strong>Akkreditierung<\/strong><br \/>\n<span class=\"table-des\">einmalige Pauschalgeb\u00fchr<\/span><\/td><td class=\"column-2\"><center>108,00 EUR<\/center><\/td>\n<\/tr>\n<tr class=\"row-3\">\n\t<td class=\"column-1\"><strong>J\u00e4hrliche Servicegeb\u00fchr anteilig f\u00fcr das Registrierungsjahr<\/strong><br \/>\n<\/td><td class=\"column-2\"><center>48,00 EUR - anteilig<\/center><\/td>\n<\/tr>\n<tr class=\"row-4\">\n\t<td class=\"column-1\"><strong>J\u00e4hrliche Servicegeb\u00fchr ab dem zweiten Kalenderjahr (Folgejahr)<\/strong><\/td><td class=\"column-2\"><center>48,00 EUR<\/center><\/td>\n<\/tr>\n<tr class=\"row-5\">\n\t<td class=\"column-1\"><strong>VIP-Pressemappe inklusive Presseausweis, Presse-ID-Karte, Akkreditierungsschreiben und Presse-Fahrzeugausweis<\/strong><br \/>\n<span class=\"table-des\">bereits im Mitgliedsbeitrag enthalten<\/span><\/td><td class=\"column-2\"><center>0,00 EUR<\/center><\/td>\n<\/tr>\n<tr class=\"row-6\">\n\t<td class=\"column-1\"><strong>Konto auf unserer Vermarktungsplattform <a href=\"https:\/\/www.eupa.store\" target=\"_blank\" rel=\"noopener\">www.eupa.store<\/a><\/strong><br \/>\n<span class=\"table-des\">bereits im Mitgliedsbeitrag enthalten<\/span><\/td><td class=\"column-2\"><center>0,00 EUR<\/center><\/td>\n<\/tr>\n<tr class=\"row-7\">\n\t<td class=\"column-1\"><strong>EUPA-Rechtsberatung und -Unterst\u00fctzung<\/strong><br \/>\n<span class=\"table-des\">bereits im Mitgliedsbeitrag enthalten<\/span><\/td><td class=\"column-2\"><center>0,00 EUR<\/center><\/td>\n<\/tr>\n<\/tbody>\n<\/table>\n<!-- #tablepress-1 from cache --><\/div>\n\t\t\t\t\t\t<\/div>\n\t\t\t\t<\/div>\n\t\t\t\t<div class=\"elementor-element elementor-element-7f53da71 elementor-widget-divider--view-line elementor-widget elementor-widget-divider\" data-id=\"7f53da71\" data-element_type=\"widget\" data-widget_type=\"divider.default\">\n\t\t\t\t<div class=\"elementor-widget-container\">\n\t\t\t\t\t\t\t<div class=\"elementor-divider\">\n\t\t\t<span class=\"elementor-divider-separator\">\n\t\t\t\t\t\t<\/span>\n\t\t<\/div>\n\t\t\t\t\t\t<\/div>\n\t\t\t\t<\/div>\n\t\t\t\t\t<\/div>\n\t\t<\/div>\n\t\t\t\t\t<\/div>\n\t\t<\/section>\n\t\t\t\t<section class=\"elementor-section elementor-top-section elementor-element elementor-element-d10631a elementor-section-content-middle elementor-section-stretched elementor-section-boxed elementor-section-height-default elementor-section-height-default\" data-id=\"d10631a\" data-element_type=\"section\" data-settings=\"{&quot;background_background&quot;:&quot;classic&quot;,&quot;stretch_section&quot;:&quot;section-stretched&quot;}\">\n\t\t\t\t\t\t<div class=\"elementor-container elementor-column-gap-default\">\n\t\t\t\t\t<div class=\"elementor-column elementor-col-33 elementor-top-column elementor-element elementor-element-7425d88\" data-id=\"7425d88\" data-element_type=\"column\">\n\t\t\t<div class=\"elementor-widget-wrap elementor-element-populated\">\n\t\t\t\t\t\t<div class=\"elementor-element elementor-element-a7ad434 elementor-widget elementor-widget-heading\" data-id=\"a7ad434\" data-element_type=\"widget\" data-widget_type=\"heading.default\">\n\t\t\t\t<div class=\"elementor-widget-container\">\n\t\t\t\t\t<h2 class=\"elementor-heading-title elementor-size-default\">ANTEILIGE GEB\u00dcHREN<\/h2>\t\t\t\t<\/div>\n\t\t\t\t<\/div>\n\t\t\t\t<div class=\"elementor-element elementor-element-7ffba03 elementor-widget elementor-widget-text-editor\" data-id=\"7ffba03\" data-element_type=\"widget\" data-widget_type=\"text-editor.default\">\n\t\t\t\t<div class=\"elementor-widget-container\">\n\t\t\t\t\t\t\t\t\t<strong>Eine Pressemappe ist nur f\u00fcr ein Kalenderjahr g\u00fcltig, weshalb unsere Jahresgeb\u00fchr immer f\u00fcr das laufende Jahr gilt. Daher wird Ihr Mitgliedsbeitrag anteilig berechnet. Egal wann Sie sich anmelden, Sie zahlen nur f\u00fcr die verbleibenden Monate des Jahres.<\/strong>\n\nBeispiel:\n<ul>\n \t<li>Im Februar anmelden: nur 44,00 EUR (statt 48,00 EUR)<\/li>\n \t<li>Im Mai anmelden: nur 32,00 EUR (statt 48,00 EUR)<\/li>\n \t<li>Anmeldung im September: nur 16,00 EUR (statt 48,00 EUR)<\/li>\n<\/ul>\t\t\t\t\t\t\t\t<\/div>\n\t\t\t\t<\/div>\n\t\t\t\t\t<\/div>\n\t\t<\/div>\n\t\t\t\t<div class=\"elementor-column elementor-col-33 elementor-top-column elementor-element elementor-element-92d2db0\" data-id=\"92d2db0\" data-element_type=\"column\">\n\t\t\t<div class=\"elementor-widget-wrap elementor-element-populated\">\n\t\t\t\t\t\t<div class=\"elementor-element elementor-element-ce781ac elementor-widget elementor-widget-heading\" data-id=\"ce781ac\" data-element_type=\"widget\" data-widget_type=\"heading.default\">\n\t\t\t\t<div class=\"elementor-widget-container\">\n\t\t\t\t\t<h2 class=\"elementor-heading-title elementor-size-default\">AKKREDITIERUNGSGEB\u00dcHR<\/h2>\t\t\t\t<\/div>\n\t\t\t\t<\/div>\n\t\t\t\t<div class=\"elementor-element elementor-element-63c90a0 elementor-widget elementor-widget-text-editor\" data-id=\"63c90a0\" data-element_type=\"widget\" data-widget_type=\"text-editor.default\">\n\t\t\t\t<div class=\"elementor-widget-container\">\n\t\t\t\t\t\t\t\t\t<ul><li>Diese Geb\u00fchr wird unabh\u00e4ngig vom Anmeldemonat immer in voller H\u00f6he erhoben und ist nicht erstattungsf\u00e4hig.<\/li><li>Es umfasst eine Untersuchung Ihrer Arbeit und gew\u00e4hrt Ihnen Zugriff auf alle unsere Leistungen und Services.<\/li><li>Damit decken wir einen Teil unserer Agenturkosten, wie zum Beispiel die Kosten f\u00fcr die Konzeption und den Versand Ihres Pressekits.<\/li><li>Wenn Sie Zweifel haben, ob Sie zu unseren gesch\u00e4tzten Mitgliedern geh\u00f6ren k\u00f6nnen und bef\u00fcrchten, dass Ihre Registrierung nicht akzeptiert wird, z\u00f6gern Sie bitte nicht, <a href=\"https:\/\/eupa.uk\/de\/contact\/\">kontaktiere uns<\/a> vor dem Ausf\u00fcllen unseres <a href=\"https:\/\/eupa.store\/register\" target=\"_blank\" rel=\"noopener\">Anmeldeformular<\/a>.<\/li><\/ul>\t\t\t\t\t\t\t\t<\/div>\n\t\t\t\t<\/div>\n\t\t\t\t\t<\/div>\n\t\t<\/div>\n\t\t\t\t<div class=\"elementor-column elementor-col-33 elementor-top-column elementor-element elementor-element-94cf9a8\" data-id=\"94cf9a8\" data-element_type=\"column\">\n\t\t\t<div class=\"elementor-widget-wrap elementor-element-populated\">\n\t\t\t\t\t\t<div class=\"elementor-element elementor-element-29f1caa elementor-widget elementor-widget-heading\" data-id=\"29f1caa\" data-element_type=\"widget\" data-widget_type=\"heading.default\">\n\t\t\t\t<div class=\"elementor-widget-container\">\n\t\t\t\t\t<h2 class=\"elementor-heading-title elementor-size-default\">IN DEN N\u00c4CHSTEN JAHREN<\/h2>\t\t\t\t<\/div>\n\t\t\t\t<\/div>\n\t\t\t\t<div class=\"elementor-element elementor-element-71e19d8 elementor-widget elementor-widget-text-editor\" data-id=\"71e19d8\" data-element_type=\"widget\" data-widget_type=\"text-editor.default\">\n\t\t\t\t<div class=\"elementor-widget-container\">\n\t\t\t\t\t\t\t\t\t<ul>\n \t<li>Die Elemente Ihrer Pressemappe werden jedes Jahr erneuert, da diese Anmeldeinformationen nur f\u00fcr das laufende Kalenderjahr g\u00fcltig sind.<\/li>\n \t<li>Die Verl\u00e4ngerungsgeb\u00fchr betr\u00e4gt 48,00 EUR pro Jahr und wird automatisch von der Kreditkarte abgebucht, die Sie f\u00fcr das Abonnement verwendet haben (siehe unsere <a href=\"https:\/\/eupa.uk\/de\/rules\/terms-and-conditions\/\">Gesch\u00e4ftsbedingungen<\/a>).<\/li>\n \t<li>Im unwahrscheinlichen Fall, dass Sie Ihre EUPA-Mitgliedschaft aufgeben m\u00f6chten, k\u00f6nnen Sie diese bis zu 24 Stunden vor der automatischen Verl\u00e4ngerung k\u00fcndigen, indem Sie <a href=\"https:\/\/eupa.uk\/de\/contact\/\">uns kontaktieren<\/a>.<\/li>\n<\/ul>\t\t\t\t\t\t\t\t<\/div>\n\t\t\t\t<\/div>\n\t\t\t\t\t<\/div>\n\t\t<\/div>\n\t\t\t\t\t<\/div>\n\t\t<\/section>\n\t\t\t\t<\/div>","protected":false},"excerpt":{"rendered":"<p>Mit einer EUPA-Mitgliedschaft erhalten Sie unser kostenloses VIP-Pressekit, ein Konto auf unserer Vermarktungsplattform ohne zus\u00e4tzliche Kosten und Zugriff auf alle unsere Dienste, einschlie\u00dflich Rechtsbeistand, wenn Ihre Rechte bedroht oder verweigert werden, und Unterst\u00fctzung, wenn Sie daran gehindert werden, Ihre Arbeit oder Forschung auf diesem Gebiet durchzuf\u00fchren. ANTEILIGE GEB\u00dcHREN \u2026 <a title=\"Mitgliedsbeitr\u00e4ge im \u00dcberblick\" class=\"read-more\" href=\"https:\/\/eupa.uk\/de\/membership\/membership-fees-at-a-glance\/\" aria-label=\"Mehr Informationen \u00fcber Mitgliedsbeitr\u00e4ge auf einen Blick\">Weiterlesen<\/a><\/p>","protected":false},"author":1,"featured_media":0,"parent":3502,"menu_order":1,"comment_status":"closed","ping_status":"closed","template":"","meta":{"footnotes":""},"class_list":["post-3513","page","type-page","status-publish"],"_links":{"self":[{"href":"https:\/\/eupa.uk\/de\/wp-json\/wp\/v2\/pages\/3513","targetHints":{"allow":["GET"]}}],"collection":[{"href":"https:\/\/eupa.uk\/de\/wp-json\/wp\/v2\/pages"}],"about":[{"href":"https:\/\/eupa.uk\/de\/wp-json\/wp\/v2\/types\/page"}],"author":[{"embeddable":true,"href":"https:\/\/eupa.uk\/de\/wp-json\/wp\/v2\/users\/1"}],"replies":[{"embeddable":true,"href":"https:\/\/eupa.uk\/de\/wp-json\/wp\/v2\/comments?post=3513"}],"version-history":[{"count":0,"href":"https:\/\/eupa.uk\/de\/wp-json\/wp\/v2\/pages\/3513\/revisions"}],"up":[{"embeddable":true,"href":"https:\/\/eupa.uk\/de\/wp-json\/wp\/v2\/pages\/3502"}],"wp:attachment":[{"href":"https:\/\/eupa.uk\/de\/wp-json\/wp\/v2\/media?parent=3513"}],"curies":[{"name":"wp","href":"https:\/\/api.w.org\/{rel}","templated":true}]}}