{"id":3537,"date":"2021-03-20T17:21:50","date_gmt":"2021-03-20T17:21:50","guid":{"rendered":"https:\/\/eupa.agency\/?page_id=3537"},"modified":"2021-04-18T23:27:37","modified_gmt":"2021-04-18T23:27:37","slug":"reporter","status":"publish","type":"page","link":"https:\/\/eupa.uk\/de\/membership\/reporter\/","title":{"rendered":"EUPA-Nachrichtenreporter"},"content":{"rendered":"<div data-elementor-type=\"wp-page\" data-elementor-id=\"3537\" class=\"elementor elementor-3537\" data-elementor-post-type=\"page\">\n\t\t\t\t\t\t<section class=\"elementor-section elementor-top-section elementor-element elementor-element-76fcad4b elementor-section-boxed elementor-section-height-default elementor-section-height-default\" data-id=\"76fcad4b\" data-element_type=\"section\">\n\t\t\t\t\t\t<div class=\"elementor-container elementor-column-gap-default\">\n\t\t\t\t\t<div class=\"elementor-column elementor-col-100 elementor-top-column elementor-element elementor-element-6815955c\" data-id=\"6815955c\" data-element_type=\"column\">\n\t\t\t<div class=\"elementor-widget-wrap elementor-element-populated\">\n\t\t\t\t\t\t<div class=\"elementor-element elementor-element-1f687f92 elementor-widget elementor-widget-text-editor\" data-id=\"1f687f92\" data-element_type=\"widget\" data-widget_type=\"text-editor.default\">\n\t\t\t\t<div class=\"elementor-widget-container\">\n\t\t\t\t\t\t\t\t\t<p>Haupt- und nebenberufliche Journalisten tr\u00e4umen oft von einem eigenen Ressort, das die professionelle Pr\u00e4sentation redaktioneller Inhalte in wenigen Minuten erm\u00f6glicht und gleichzeitig potentielle Publisher aus allen Medienbereichen erreicht. Das Redaktionssystem EUPA News erm\u00f6glicht Ihnen, Ihre journalistischen Leistungen einem deutlich gr\u00f6\u00dferen Publikum zug\u00e4nglich zu machen und spricht damit nicht nur freie Journalisten an. Egal, ob Sie als Modereporter in die Welt der Promis eintauchen oder aussagekr\u00e4ftige Artikel \u00fcber Ihre Region schreiben m\u00f6chten \u2013 das Redaktionssystem EUPA News erleichtert Ihnen die Arbeit als Reporter deutlich und erm\u00f6glicht die Ver\u00f6ffentlichung auf einer frei w\u00e4hlbaren Subdomain.<\/p>\t\t\t\t\t\t\t\t<\/div>\n\t\t\t\t<\/div>\n\t\t\t\t\t<\/div>\n\t\t<\/div>\n\t\t\t\t\t<\/div>\n\t\t<\/section>\n\t\t\t\t<\/div>","protected":false},"excerpt":{"rendered":"<p>Haupt- und nebenberufliche Journalisten tr\u00e4umen oft von einem eigenen Ressort, in dem redaktionelle Inhalte in wenigen Minuten professionell pr\u00e4sentiert und potenzielle Publisher aus allen Medienbereichen erreicht werden. Mit dem Redaktionssystem EUPA News k\u00f6nnen Sie Ihre journalistischen Leistungen einem deutlich gr\u00f6\u00dferen Publikum zug\u00e4nglich machen und sprechen damit nicht nur \u2026 <a title=\"EUPA-Nachrichtenreporter\" class=\"read-more\" href=\"https:\/\/eupa.uk\/de\/membership\/reporter\/\" aria-label=\"Mehr Informationen \u00fcber EUPA News Reporter\">Weiterlesen<\/a><\/p>","protected":false},"author":1,"featured_media":0,"parent":3502,"menu_order":3,"comment_status":"closed","ping_status":"closed","template":"","meta":{"footnotes":""},"class_list":["post-3537","page","type-page","status-publish"],"_links":{"self":[{"href":"https:\/\/eupa.uk\/de\/wp-json\/wp\/v2\/pages\/3537","targetHints":{"allow":["GET"]}}],"collection":[{"href":"https:\/\/eupa.uk\/de\/wp-json\/wp\/v2\/pages"}],"about":[{"href":"https:\/\/eupa.uk\/de\/wp-json\/wp\/v2\/types\/page"}],"author":[{"embeddable":true,"href":"https:\/\/eupa.uk\/de\/wp-json\/wp\/v2\/users\/1"}],"replies":[{"embeddable":true,"href":"https:\/\/eupa.uk\/de\/wp-json\/wp\/v2\/comments?post=3537"}],"version-history":[{"count":0,"href":"https:\/\/eupa.uk\/de\/wp-json\/wp\/v2\/pages\/3537\/revisions"}],"up":[{"embeddable":true,"href":"https:\/\/eupa.uk\/de\/wp-json\/wp\/v2\/pages\/3502"}],"wp:attachment":[{"href":"https:\/\/eupa.uk\/de\/wp-json\/wp\/v2\/media?parent=3537"}],"curies":[{"name":"wp","href":"https:\/\/api.w.org\/{rel}","templated":true}]}}