{"id":3543,"date":"2021-03-20T17:39:38","date_gmt":"2021-03-20T17:39:38","guid":{"rendered":"https:\/\/eupa.agency\/?page_id=3543"},"modified":"2022-03-10T11:15:55","modified_gmt":"2022-03-10T11:15:55","slug":"earning-money-with-eupa-news","status":"publish","type":"page","link":"https:\/\/eupa.uk\/de\/membership\/earning-money-with-eupa-news\/","title":{"rendered":"Geld verdienen mit EUPA Store"},"content":{"rendered":"<div data-elementor-type=\"wp-page\" data-elementor-id=\"3543\" class=\"elementor elementor-3543\" data-elementor-post-type=\"page\">\n\t\t\t\t\t\t<section class=\"elementor-section elementor-top-section elementor-element elementor-element-5f008e0d elementor-section-boxed elementor-section-height-default elementor-section-height-default\" data-id=\"5f008e0d\" data-element_type=\"section\">\n\t\t\t\t\t\t<div class=\"elementor-container elementor-column-gap-default\">\n\t\t\t\t\t<div class=\"elementor-column elementor-col-100 elementor-top-column elementor-element elementor-element-5cf77bea\" data-id=\"5cf77bea\" data-element_type=\"column\">\n\t\t\t<div class=\"elementor-widget-wrap elementor-element-populated\">\n\t\t\t\t\t\t<div class=\"elementor-element elementor-element-5be23319 elementor-widget elementor-widget-text-editor\" data-id=\"5be23319\" data-element_type=\"widget\" data-widget_type=\"text-editor.default\">\n\t\t\t\t<div class=\"elementor-widget-container\">\n\t\t\t\t\t\t\t\t\tEUPA erleichtert Medienschaffenden und freiberuflichen Journalisten die Ver\u00f6ffentlichung ihrer Arbeiten wie Fotos, Nachrichten, investigative Berichte, Geschichten, Features, Interviews, Messe- und Veranstaltungsinformationen usw. Beginnen Sie mit dem Aufbau Ihres Online-Portfolios und verdienen Sie nebenbei Geld!\t\t\t\t\t\t\t\t<\/div>\n\t\t\t\t<\/div>\n\t\t\t\t<div class=\"elementor-element elementor-element-2c6d6362 elementor-widget-divider--view-line elementor-widget elementor-widget-divider\" data-id=\"2c6d6362\" data-element_type=\"widget\" data-widget_type=\"divider.default\">\n\t\t\t\t<div class=\"elementor-widget-container\">\n\t\t\t\t\t\t\t<div class=\"elementor-divider\">\n\t\t\t<span class=\"elementor-divider-separator\">\n\t\t\t\t\t\t<\/span>\n\t\t<\/div>\n\t\t\t\t\t\t<\/div>\n\t\t\t\t<\/div>\n\t\t\t\t<div class=\"elementor-element elementor-element-7b614cb6 elementor-widget elementor-widget-heading\" data-id=\"7b614cb6\" data-element_type=\"widget\" data-widget_type=\"heading.default\">\n\t\t\t\t<div class=\"elementor-widget-container\">\n\t\t\t\t\t<h2 class=\"elementor-heading-title elementor-size-default\">Unsch\u00e4tzbares Werkzeug<\/h2>\t\t\t\t<\/div>\n\t\t\t\t<\/div>\n\t\t\t\t<div class=\"elementor-element elementor-element-7ba971af elementor-widget elementor-widget-text-editor\" data-id=\"7ba971af\" data-element_type=\"widget\" data-widget_type=\"text-editor.default\">\n\t\t\t\t<div class=\"elementor-widget-container\">\n\t\t\t\t\t\t\t\t\t<p>EUPA bietet eine Plattform \u2013 <a href=\"https:\/\/eupa.store\" target=\"_blank\" rel=\"noopener\">EUPA.STORE<\/a> \u2013 Damit k\u00f6nnen Sie ein Online-Portfolio Ihrer Arbeit erstellen. Sie sind der Kontoinhaber und haben somit immer direkten Zugriff auf Ihre Inhalte. Ver\u00f6ffentlichen Sie Nachrichten, Fotos und Videos zeitnah und stellen Sie diese zum Download bereit. Als Nachweis der Ver\u00f6ffentlichung wird ein Zeitstempel hinzugef\u00fcgt.<\/p><p>Wenn Sie gerne schreiben, sich f\u00fcr spannende Themen interessieren und Ihre Leserschaft vergr\u00f6\u00dfern m\u00f6chten, bieten Ihnen unsere Nachrichtenportale eine einfache M\u00f6glichkeit, Ihr Einkommen aufzubessern. Aber das ist nicht alles. <a href=\"https:\/\/eupa.store\" target=\"_blank\" rel=\"noopener\">EUPA.STORE<\/a> kann Ihnen helfen, Ihren Bekanntheitsgrad im Internet zu steigern. Au\u00dferdem bieten wir besondere Verg\u00fcnstigungen f\u00fcr (Presse-)Fotografen.<\/p><p>Der Hauptfokus von <a href=\"https:\/\/eupa.store\" target=\"_blank\" rel=\"noopener\">EUPA.STORE<\/a> ist Special-Interest-Themen und Web-Specials. Dazu geh\u00f6ren Nachrichten aus den Bereichen Sport, Musik, Politik, Bildende Kunst, Allgemeininteresse usw.<\/p>\t\t\t\t\t\t\t\t<\/div>\n\t\t\t\t<\/div>\n\t\t\t\t<div class=\"elementor-element elementor-element-5e3b6f0c elementor-widget elementor-widget-heading\" data-id=\"5e3b6f0c\" data-element_type=\"widget\" data-widget_type=\"heading.default\">\n\t\t\t\t<div class=\"elementor-widget-container\">\n\t\t\t\t\t<h2 class=\"elementor-heading-title elementor-size-default\">Nutzen Sie unsere Nachrichtenportale, um Kunden zu finden<\/h2>\t\t\t\t<\/div>\n\t\t\t\t<\/div>\n\t\t\t\t<div class=\"elementor-element elementor-element-848a642 elementor-widget elementor-widget-text-editor\" data-id=\"848a642\" data-element_type=\"widget\" data-widget_type=\"text-editor.default\">\n\t\t\t\t<div class=\"elementor-widget-container\">\n\t\t\t\t\t\t\t\t\t<p><a href=\"https:\/\/eupa.store\" target=\"_blank\" rel=\"noopener\">EUPA.STORE<\/a> verbindet Journalisten systematisch mit Lesern, Redakteuren und Wirtschaftsf\u00fchrern. All dies geschieht ohne Loyalit\u00e4t gegen\u00fcber Branchenorganisationen oder Dritten und gew\u00e4hrleistet so eine unvoreingenommene, unabh\u00e4ngige und objektive journalistische Berichterstattung.<\/p>\t\t\t\t\t\t\t\t<\/div>\n\t\t\t\t<\/div>\n\t\t\t\t<div class=\"elementor-element elementor-element-6256dd95 elementor-widget elementor-widget-heading\" data-id=\"6256dd95\" data-element_type=\"widget\" data-widget_type=\"heading.default\">\n\t\t\t\t<div class=\"elementor-widget-container\">\n\t\t\t\t\t<h2 class=\"elementor-heading-title elementor-size-default\">Wie viel kann ich verdienen?<\/h2>\t\t\t\t<\/div>\n\t\t\t\t<\/div>\n\t\t\t\t<div class=\"elementor-element elementor-element-574fab3f elementor-widget elementor-widget-text-editor\" data-id=\"574fab3f\" data-element_type=\"widget\" data-widget_type=\"text-editor.default\">\n\t\t\t\t<div class=\"elementor-widget-container\">\n\t\t\t\t\t\t\t\t\t<p>Das h\u00e4ngt von vielen Faktoren ab, vor allem von der Anzahl der Artikel oder Fotos, die Sie einreichen. Je mehr Sie ver\u00f6ffentlichen, desto h\u00f6her sind Ihre m\u00f6glichen Einnahmen. Sie verdienen Geld durch Anzeigen, die in Ihren Artikeln eingeblendet werden. Alles, was Sie \u00fcber die Verdienstm\u00f6glichkeiten f\u00fcr Mitwirkende wissen m\u00fcssen, finden Sie hier: <a href=\"#\" target=\"_blank\" rel=\"noopener\">Geld verdienen mit EUPA STORE<\/a><\/p><p>Verdienen Sie weiterhin Monat f\u00fcr Monat Geld, bequem von zu Hause aus. Das Ertragspotenzial ist f\u00fcr Jahre vorhanden. Worauf wartest du? Erweitern Sie Ihre Leserschaft und profitieren Sie von Google AdSense. Der Einstieg dauert nur wenige Stunden. Jetzt bewerben!<\/p><p>Wir versorgen Sie mit allem, was Sie brauchen: Nutzen Sie unser komfortables Content-Management-System (CMS), mit dem Sie Texte und Fotos ver\u00f6ffentlichen k\u00f6nnen, die dann automatisch Ihrem Portfolio hinzugef\u00fcgt werden. Unser CMS ist benutzerfreundlich und erfordert keine besonderen Computerkenntnisse. Inhalte, auf denen Sie ver\u00f6ffentlichen k\u00f6nnen <a href=\"https:\/\/eupa.store\" target=\"_blank\" rel=\"noopener\">EUPA.STORE<\/a> umfasst Wirtschaft, Bildende Kunst, Finanzen, Lifestyle, Tiere, Wissenschaft, Gesundheit, Umwelt, Tourismus, Partnerschaften, Unterhaltung, allgemeines Interesse, Haus und Heim, Politik, Hobbys und vieles mehr.<\/p>\t\t\t\t\t\t\t\t<\/div>\n\t\t\t\t<\/div>\n\t\t\t\t<div class=\"elementor-element elementor-element-56d1e088 elementor-widget elementor-widget-heading\" data-id=\"56d1e088\" data-element_type=\"widget\" data-widget_type=\"heading.default\">\n\t\t\t\t<div class=\"elementor-widget-container\">\n\t\t\t\t\t<h2 class=\"elementor-heading-title elementor-size-default\"> Sind Sie bereit, Ihr Portfolio aufzubauen und nebenbei etwas Geld zu verdienen? Worauf warten Sie noch? Bewerben Sie sich noch heute! <\/h2>\t\t\t\t<\/div>\n\t\t\t\t<\/div>\n\t\t\t\t\t<\/div>\n\t\t<\/div>\n\t\t\t\t\t<\/div>\n\t\t<\/section>\n\t\t\t\t<\/div>","protected":false},"excerpt":{"rendered":"<p>EUPA macht es Medienschaffenden und freiberuflichen Journalisten leicht, ihre Arbeiten wie Fotos, Nachrichten, investigative Berichte, Geschichten, Features, Interviews, Messe- und Veranstaltungsinformationen usw. zu ver\u00f6ffentlichen. Beginnen Sie mit dem Aufbau Ihres Online-Portfolios und verdienen Sie dabei Geld! Unsch\u00e4tzbares Tool: EUPA bietet eine Plattform \u2013 EUPA.STORE \u2013, mit der Sie ein \u2026 erstellen k\u00f6nnen. <a title=\"Geld verdienen mit EUPA Store\" class=\"read-more\" href=\"https:\/\/eupa.uk\/de\/membership\/earning-money-with-eupa-news\/\" aria-label=\"Mehr Informationen \u00fcber Geld verdienen mit EUPA Store\">Weiterlesen<\/a><\/p>","protected":false},"author":1,"featured_media":0,"parent":3502,"menu_order":4,"comment_status":"closed","ping_status":"closed","template":"","meta":{"footnotes":""},"class_list":["post-3543","page","type-page","status-publish"],"_links":{"self":[{"href":"https:\/\/eupa.uk\/de\/wp-json\/wp\/v2\/pages\/3543","targetHints":{"allow":["GET"]}}],"collection":[{"href":"https:\/\/eupa.uk\/de\/wp-json\/wp\/v2\/pages"}],"about":[{"href":"https:\/\/eupa.uk\/de\/wp-json\/wp\/v2\/types\/page"}],"author":[{"embeddable":true,"href":"https:\/\/eupa.uk\/de\/wp-json\/wp\/v2\/users\/1"}],"replies":[{"embeddable":true,"href":"https:\/\/eupa.uk\/de\/wp-json\/wp\/v2\/comments?post=3543"}],"version-history":[{"count":0,"href":"https:\/\/eupa.uk\/de\/wp-json\/wp\/v2\/pages\/3543\/revisions"}],"up":[{"embeddable":true,"href":"https:\/\/eupa.uk\/de\/wp-json\/wp\/v2\/pages\/3502"}],"wp:attachment":[{"href":"https:\/\/eupa.uk\/de\/wp-json\/wp\/v2\/media?parent=3543"}],"curies":[{"name":"wp","href":"https:\/\/api.w.org\/{rel}","templated":true}]}}