{"id":3553,"date":"2021-03-20T17:48:58","date_gmt":"2021-03-20T17:48:58","guid":{"rendered":"https:\/\/eupa.agency\/?page_id=3553"},"modified":"2024-06-19T11:08:10","modified_gmt":"2024-06-19T10:08:10","slug":"the-media","status":"publish","type":"page","link":"https:\/\/eupa.uk\/de\/membership\/the-media\/","title":{"rendered":"Medien"},"content":{"rendered":"<div data-elementor-type=\"wp-page\" data-elementor-id=\"3553\" class=\"elementor elementor-3553\" data-elementor-post-type=\"page\">\n\t\t\t\t\t\t<section class=\"elementor-section elementor-top-section elementor-element elementor-element-5f008e0d elementor-section-boxed elementor-section-height-default elementor-section-height-default\" data-id=\"5f008e0d\" data-element_type=\"section\">\n\t\t\t\t\t\t<div class=\"elementor-container elementor-column-gap-default\">\n\t\t\t\t\t<div class=\"elementor-column elementor-col-100 elementor-top-column elementor-element elementor-element-5cf77bea\" data-id=\"5cf77bea\" data-element_type=\"column\">\n\t\t\t<div class=\"elementor-widget-wrap elementor-element-populated\">\n\t\t\t\t\t\t<div class=\"elementor-element elementor-element-081f381 elementor-widget elementor-widget-video\" data-id=\"081f381\" data-element_type=\"widget\" data-settings=\"{&quot;youtube_url&quot;:&quot;https:\\\/\\\/youtu.be\\\/Qc-nVJj4AQM&quot;,&quot;video_type&quot;:&quot;youtube&quot;,&quot;controls&quot;:&quot;yes&quot;}\" data-widget_type=\"video.default\">\n\t\t\t\t<div class=\"elementor-widget-container\">\n\t\t\t\t\t\t\t<div class=\"elementor-wrapper elementor-open-inline\">\n\t\t\t<div class=\"elementor-video\"><\/div>\t\t<\/div>\n\t\t\t\t\t\t<\/div>\n\t\t\t\t<\/div>\n\t\t\t\t\t<\/div>\n\t\t<\/div>\n\t\t\t\t\t<\/div>\n\t\t<\/section>\n\t\t\t\t<section class=\"elementor-section elementor-top-section elementor-element elementor-element-b6f0465 elementor-section-boxed elementor-section-height-default elementor-section-height-default\" data-id=\"b6f0465\" data-element_type=\"section\">\n\t\t\t\t\t\t<div class=\"elementor-container elementor-column-gap-default\">\n\t\t\t\t\t<div class=\"elementor-column elementor-col-100 elementor-top-column elementor-element elementor-element-cd9d96a\" data-id=\"cd9d96a\" data-element_type=\"column\">\n\t\t\t<div class=\"elementor-widget-wrap elementor-element-populated\">\n\t\t\t\t\t\t<div class=\"elementor-element elementor-element-d18e280 elementor-widget elementor-widget-text-editor\" data-id=\"d18e280\" data-element_type=\"widget\" data-widget_type=\"text-editor.default\">\n\t\t\t\t<div class=\"elementor-widget-container\">\n\t\t\t\t\t\t\t\t\t<p>Sie sind Zeitungsverleger oder arbeiten f\u00fcr einen Radio- oder Fernsehsender und m\u00f6chten umfassend und fundiert \u00fcber aktuelle Nachrichten informiert werden? Dann sind Sie hier auf unserer Website genau richtig, denn wir m\u00f6chten Ihnen unseren vielseitigen Presseservice f\u00fcr alle Bereiche der modernen Medienwelt vorstellen.<\/p><p>Hunderte Tageszeitungen sowie Radio- und TV-Sender auf der ganzen Welt nutzen bereits unseren Presseservice, den EUPA seit vielen Jahren anbietet und der Sie rund um die Uhr mit aktuellen Nachrichten und Medienmaterial versorgt. Neben klassischen Printnachrichten f\u00fcr Zeitungen und Zeitschriften umfasst unser Service weitere Multimedia-Elemente und erm\u00f6glicht Ihnen den Zugriff auf Fotos, Videos und erg\u00e4nzende Medieninhalte.<\/p><p>EUPA bietet Dutzende Kan\u00e4le, die es Ihnen erm\u00f6glichen, in Echtzeit und rund um die Uhr auf Nachrichten aus allen Branchen zuzugreifen, die Sie dann f\u00fcr Ihr eigenes Medienunternehmen adaptieren k\u00f6nnen. Zahlreiche Redaktionen auf der ganzen Welt sowie Hunderte von Radio- und Fernsehsendern nutzen bereits unseren umfassenden und professionellen Service. Dank der von EUPA entwickelten Nachrichtendienste k\u00f6nnen Sie Nachrichten, Fotos und Videos m\u00fchelos in Ihre Redaktionen \u00fcbertragen. Das Einzige, was Sie zur Vereinfachung Ihrer t\u00e4glichen Medienarbeit ben\u00f6tigen, ist eine Internetverbindung.<\/p>\t\t\t\t\t\t\t\t<\/div>\n\t\t\t\t<\/div>\n\t\t\t\t\t<\/div>\n\t\t<\/div>\n\t\t\t\t\t<\/div>\n\t\t<\/section>\n\t\t\t\t<\/div>","protected":false},"excerpt":{"rendered":"<p>https:\/\/youtu.be\/Qc-nVJj4AQM Sie sind Zeitungsverleger oder arbeiten bei einem Radio- oder TV-Sender und m\u00f6chten sich umfassend und fundiert \u00fcber aktuelle Nachrichten informieren? Dann sind Sie hier auf unserer Website genau richtig, denn wir m\u00f6chten Ihnen unseren vielseitigen Presseservice f\u00fcr alle Bereiche der modernen \u2026 vorstellen. <a title=\"Medien\" class=\"read-more\" href=\"https:\/\/eupa.uk\/de\/membership\/the-media\/\" aria-label=\"Mehr Informationen \u00fcber Media\">Weiterlesen<\/a><\/p>","protected":false},"author":1,"featured_media":0,"parent":3502,"menu_order":5,"comment_status":"closed","ping_status":"closed","template":"","meta":{"footnotes":""},"class_list":["post-3553","page","type-page","status-publish"],"_links":{"self":[{"href":"https:\/\/eupa.uk\/de\/wp-json\/wp\/v2\/pages\/3553","targetHints":{"allow":["GET"]}}],"collection":[{"href":"https:\/\/eupa.uk\/de\/wp-json\/wp\/v2\/pages"}],"about":[{"href":"https:\/\/eupa.uk\/de\/wp-json\/wp\/v2\/types\/page"}],"author":[{"embeddable":true,"href":"https:\/\/eupa.uk\/de\/wp-json\/wp\/v2\/users\/1"}],"replies":[{"embeddable":true,"href":"https:\/\/eupa.uk\/de\/wp-json\/wp\/v2\/comments?post=3553"}],"version-history":[{"count":0,"href":"https:\/\/eupa.uk\/de\/wp-json\/wp\/v2\/pages\/3553\/revisions"}],"up":[{"embeddable":true,"href":"https:\/\/eupa.uk\/de\/wp-json\/wp\/v2\/pages\/3502"}],"wp:attachment":[{"href":"https:\/\/eupa.uk\/de\/wp-json\/wp\/v2\/media?parent=3553"}],"curies":[{"name":"wp","href":"https:\/\/api.w.org\/{rel}","templated":true}]}}