{"id":3559,"date":"2021-03-20T17:58:32","date_gmt":"2021-03-20T17:58:32","guid":{"rendered":"https:\/\/eupa.agency\/?page_id=3559"},"modified":"2022-03-10T10:22:29","modified_gmt":"2022-03-10T10:22:29","slug":"eupa-documents-verification","status":"publish","type":"page","link":"https:\/\/eupa.uk\/de\/membership\/eupa-documents-verification\/","title":{"rendered":"\u00dcBERPR\u00dcFUNG DER EUPA-DOKUMENTE"},"content":{"rendered":"<div data-elementor-type=\"wp-page\" data-elementor-id=\"3559\" class=\"elementor elementor-3559\" data-elementor-post-type=\"page\">\n\t\t\t\t\t\t<section class=\"elementor-section elementor-top-section elementor-element elementor-element-5f008e0d elementor-section-boxed elementor-section-height-default elementor-section-height-default\" data-id=\"5f008e0d\" data-element_type=\"section\">\n\t\t\t\t\t\t<div class=\"elementor-container elementor-column-gap-default\">\n\t\t\t\t\t<div class=\"elementor-column elementor-col-100 elementor-top-column elementor-element elementor-element-5cf77bea\" data-id=\"5cf77bea\" data-element_type=\"column\">\n\t\t\t<div class=\"elementor-widget-wrap elementor-element-populated\">\n\t\t\t\t\t\t<div class=\"elementor-element elementor-element-3eeb265 elementor-widget elementor-widget-text-editor\" data-id=\"3eeb265\" data-element_type=\"widget\" data-widget_type=\"text-editor.default\">\n\t\t\t\t<div class=\"elementor-widget-container\">\n\t\t\t\t\t\t\t\t\t<p>Die F\u00e4higkeit, die Echtheit eines Dokuments zu \u00fcberpr\u00fcfen, ist f\u00fcr die Unterst\u00fctzung unserer Mitglieder bei der t\u00e4glichen Arbeit von entscheidender Bedeutung. Die EUPA bietet kontinuierlich verbesserte Sicherheitsfunktionen auf h\u00f6chstem Niveau, die jedes Dokument f\u00e4lschungssicher machen. \u00dcber ein zentrales Register k\u00f6nnen Sie herausfinden, ob die anfragende Person ein zertifiziertes Mitglied unserer Organisation ist. Die Echtheit eines EUPA-Presseausweises, eines EUPA-Presseausweises und eines EUPA-Pressefahrzeugausweises kann jeder leicht \u00fcberpr\u00fcfen, indem er den QR-Code scannt und so die Richtigkeit der auf dem Dokument gemachten Angaben \u00fcberpr\u00fcft.<\/p>\t\t\t\t\t\t\t\t<\/div>\n\t\t\t\t<\/div>\n\t\t\t\t<div class=\"elementor-element elementor-element-98e6395 elementor-widget elementor-widget-heading\" data-id=\"98e6395\" data-element_type=\"widget\" data-widget_type=\"heading.default\">\n\t\t\t\t<div class=\"elementor-widget-container\">\n\t\t\t\t\t<h2 class=\"elementor-heading-title elementor-size-default\">VORTEILE VON EUPA-DOKUMENTEN<br>F\u00dcR DIE POLIZEI, REGIERUNGEN, BEH\u00d6RDEN UND VERANSTALTUNGEN<\/h2>\t\t\t\t<\/div>\n\t\t\t\t<\/div>\n\t\t\t\t<div class=\"elementor-element elementor-element-297a342 elementor-widget elementor-widget-text-editor\" data-id=\"297a342\" data-element_type=\"widget\" data-widget_type=\"text-editor.default\">\n\t\t\t\t<div class=\"elementor-widget-container\">\n\t\t\t\t\t\t\t\t\t<p>Der EUPA-Presseausweis bzw. Pressepass bietet seinem Inhaber die Sicherheit, dass er professionell und gewissenhaft handelt.<br \/>Wenn Sie ein EUPA-Dokument erhalten, k\u00f6nnen Sie sicher sein, dass Sie es mit einem professionellen Medienvertreter zu tun haben, der sich an unsere <a href=\"https:\/\/eupa.uk\/de\/rules\/code-of-ethics\/\">Ethikkodex<\/a>, herausgegeben von der Society of Professional Journalism.<\/p><p>F\u00fcr aufw\u00e4ndige Akkreditierungsverfahren bleibt je nach Notfallsituation m\u00f6glicherweise keine Zeit.<br \/>Stattdessen werden der EUPA-Presseausweis und\/oder die Presse-ID-Karte zum Nachweis legitimer journalistischer T\u00e4tigkeit.<\/p><p>Sie m\u00fcssen sich keine Sorgen \u00fcber gef\u00e4lschte EUPA-Dokumente machen, da diese in einem schwer kopierbaren Druckverfahren hergestellt werden und alle mit einem Hologramm versehen sind, wodurch ihre unbefugte Vervielf\u00e4ltigung nahezu unm\u00f6glich ist.<br \/>Zur Erh\u00f6hung der Sicherheit werden unsere Dokumente jeweils nur f\u00fcr ein Kalenderjahr ausgestellt.<\/p>\t\t\t\t\t\t\t\t<\/div>\n\t\t\t\t<\/div>\n\t\t\t\t\t<\/div>\n\t\t<\/div>\n\t\t\t\t\t<\/div>\n\t\t<\/section>\n\t\t\t\t<\/div>","protected":false},"excerpt":{"rendered":"<p>Die M\u00f6glichkeit, die Echtheit eines Dokuments zu \u00fcberpr\u00fcfen, ist f\u00fcr die Unterst\u00fctzung der t\u00e4glichen Arbeit unserer Mitglieder von entscheidender Bedeutung. Die EUPA bietet kontinuierlich verbesserte Sicherheitsmerkmale auf h\u00f6chstem Niveau, die jedes Dokument f\u00e4lschungssicher machen. Durch ein zentrales Register k\u00f6nnen Sie feststellen, ob die anfragende Person ein zertifiziertes Mitglied unserer Organisation ist. Die Echtheit \u2026 <a title=\"\u00dcBERPR\u00dcFUNG DER EUPA-DOKUMENTE\" class=\"read-more\" href=\"https:\/\/eupa.uk\/de\/membership\/eupa-documents-verification\/\" aria-label=\"Mehr Informationen \u00fcber EUPA DOCUMENTS VERIFICATION\">Weiterlesen<\/a><\/p>","protected":false},"author":1,"featured_media":0,"parent":3502,"menu_order":6,"comment_status":"closed","ping_status":"closed","template":"","meta":{"footnotes":""},"class_list":["post-3559","page","type-page","status-publish"],"_links":{"self":[{"href":"https:\/\/eupa.uk\/de\/wp-json\/wp\/v2\/pages\/3559","targetHints":{"allow":["GET"]}}],"collection":[{"href":"https:\/\/eupa.uk\/de\/wp-json\/wp\/v2\/pages"}],"about":[{"href":"https:\/\/eupa.uk\/de\/wp-json\/wp\/v2\/types\/page"}],"author":[{"embeddable":true,"href":"https:\/\/eupa.uk\/de\/wp-json\/wp\/v2\/users\/1"}],"replies":[{"embeddable":true,"href":"https:\/\/eupa.uk\/de\/wp-json\/wp\/v2\/comments?post=3559"}],"version-history":[{"count":0,"href":"https:\/\/eupa.uk\/de\/wp-json\/wp\/v2\/pages\/3559\/revisions"}],"up":[{"embeddable":true,"href":"https:\/\/eupa.uk\/de\/wp-json\/wp\/v2\/pages\/3502"}],"wp:attachment":[{"href":"https:\/\/eupa.uk\/de\/wp-json\/wp\/v2\/media?parent=3559"}],"curies":[{"name":"wp","href":"https:\/\/api.w.org\/{rel}","templated":true}]}}