{"id":3640,"date":"2021-03-20T19:22:30","date_gmt":"2021-03-20T19:22:30","guid":{"rendered":"https:\/\/eupa.agency\/?page_id=3640"},"modified":"2021-04-28T12:18:20","modified_gmt":"2021-04-28T12:18:20","slug":"media-discounts","status":"publish","type":"page","link":"https:\/\/eupa.uk\/de\/membership\/media-discounts\/","title":{"rendered":"Rabatte und Sonderangebote f\u00fcr Mitglieder"},"content":{"rendered":"<div data-elementor-type=\"wp-page\" data-elementor-id=\"3640\" class=\"elementor elementor-3640\" data-elementor-post-type=\"page\">\n\t\t\t\t\t\t<section class=\"elementor-section elementor-top-section elementor-element elementor-element-28eb62b7 elementor-section-boxed elementor-section-height-default elementor-section-height-default\" data-id=\"28eb62b7\" data-element_type=\"section\">\n\t\t\t\t\t\t<div class=\"elementor-container elementor-column-gap-default\">\n\t\t\t\t\t<div class=\"elementor-column elementor-col-100 elementor-top-column elementor-element elementor-element-2ac5af5c\" data-id=\"2ac5af5c\" data-element_type=\"column\">\n\t\t\t<div class=\"elementor-widget-wrap elementor-element-populated\">\n\t\t\t\t\t\t<div class=\"elementor-element elementor-element-49b7a373 elementor-widget elementor-widget-text-editor\" data-id=\"49b7a373\" data-element_type=\"widget\" data-widget_type=\"text-editor.default\">\n\t\t\t\t<div class=\"elementor-widget-container\">\n\t\t\t\t\t\t\t\t\t<p>Als Mitglied der EUPA und damit zertifizierter Medienvertreter genie\u00dfen Sie zahlreiche Vorteile. So erhalten Sie mit Ihrem Presseausweis beispielsweise Sonderkonditionen bei Veranstaltungen oder beim Kauf von Markenprodukten. Auch wenn Sie nur nebenberuflich als Journalist t\u00e4tig sind, kommen Sie in den Genuss dieser Vorteile, die Ihre j\u00e4hrliche EUPA-Mitgliedschaft schnell wieder einbringen.<\/p><p>Die Nutzung von Rabatten jeglicher Art erfreut sich in Europa ebenso gro\u00dfer Beliebtheit wie in den USA. Als Pressevertreter erhalten Sie solche Rabatte auf Messen und Ausstellungen, in Museen, bei Konzerten usw. Viele Orte bieten Rabatte von bis zu 40 Prozent auf den regul\u00e4ren Preis an, sodass Sie bessere Angebote aushandeln k\u00f6nnen, egal ob auf die n\u00e4chste Hotelreservierung, Autovermietung oder Ihr Handyvertrag. Immer mehr Branchen bieten attraktive Rabatte an, in der Hoffnung, ein positives Image bei der Presse zu schaffen und eine positive Berichterstattung zu erhalten.<\/p>\t\t\t\t\t\t\t\t<\/div>\n\t\t\t\t<\/div>\n\t\t\t\t<div class=\"elementor-element elementor-element-3036b934 elementor-widget elementor-widget-heading\" data-id=\"3036b934\" data-element_type=\"widget\" data-widget_type=\"heading.default\">\n\t\t\t\t<div class=\"elementor-widget-container\">\n\t\t\t\t\t<h2 class=\"elementor-heading-title elementor-size-default\">Ethische \u00dcberlegungen f\u00fcr Journalisten<\/h2>\t\t\t\t<\/div>\n\t\t\t\t<\/div>\n\t\t\t\t<div class=\"elementor-element elementor-element-4897473a elementor-widget elementor-widget-text-editor\" data-id=\"4897473a\" data-element_type=\"widget\" data-widget_type=\"text-editor.default\">\n\t\t\t\t<div class=\"elementor-widget-container\">\n\t\t\t\t\t\t\t\t\t<p>Nicht nur die amerikanische Medienlandschaft erlebt in den letzten Jahren rasante Ver\u00e4nderungen. Immer mehr Journalisten arbeiten als Freelancer, ob in Voll- oder Teilzeit, und profitieren nicht mehr von den Sicherheiten, die eine Anstellung bei einer Redaktion oder einem Verlag mit sich bringt. Freiberufler ohne regelm\u00e4\u00dfiges Einkommen haben bei ihrer t\u00e4glichen Recherchearbeit mit deutlich h\u00f6heren finanziellen Belastungen zu k\u00e4mpfen, als angestellte Redakteure und Journalisten.<\/p><p>Wir bei EUPA widmen einen gro\u00dfen Teil unserer Unterst\u00fctzung nebenberuflichen Journalisten, um ihnen Zugang zu den gleichen Vorteilen wie etablierten Journalisten zu erm\u00f6glichen. Die Berufsbezeichnung \u201eJournalist\u201c ist nicht gesetzlich gesch\u00fctzt und ein einheitlicher Presseausweis f\u00fcr alle Medienvertreter ist in den Vereinigten Staaten nicht erh\u00e4ltlich. Vielmehr stellt jeder Journalistenverband seine eigenen Ausweise aus. Aus ethischen Gr\u00fcnden sollten Journalisten ihre Rabatte nur im Rahmen ihrer Recherche in Anspruch nehmen. Allerdings ist ein Ver\u00f6ffentlichungsnachweis selten erforderlich, um einen Rabatt zu erhalten.<\/p>\t\t\t\t\t\t\t\t<\/div>\n\t\t\t\t<\/div>\n\t\t\t\t\t<\/div>\n\t\t<\/div>\n\t\t\t\t\t<\/div>\n\t\t<\/section>\n\t\t\t\t<\/div>","protected":false},"excerpt":{"rendered":"<p>Als Mitglied der EUPA und damit zertifizierter Medienvertreter genie\u00dfen Sie zahlreiche Vorteile. So erhalten Sie mit Ihrem Presseausweis beispielsweise Sonderkonditionen bei Veranstaltungen oder beim Kauf von Markenprodukten. Auch wenn Sie nur nebenberuflich als Journalist t\u00e4tig sind, kommen Sie in den Genuss dieser Vorteile \u2026 <a title=\"Rabatte und Sonderangebote f\u00fcr Mitglieder\" class=\"read-more\" href=\"https:\/\/eupa.uk\/de\/membership\/media-discounts\/\" aria-label=\"Mehr Informationen \u00fcber Rabatte und Sonderangebote f\u00fcr Mitglieder\">Weiterlesen<\/a><\/p>","protected":false},"author":1,"featured_media":0,"parent":3502,"menu_order":9,"comment_status":"closed","ping_status":"closed","template":"","meta":{"footnotes":""},"class_list":["post-3640","page","type-page","status-publish"],"_links":{"self":[{"href":"https:\/\/eupa.uk\/de\/wp-json\/wp\/v2\/pages\/3640","targetHints":{"allow":["GET"]}}],"collection":[{"href":"https:\/\/eupa.uk\/de\/wp-json\/wp\/v2\/pages"}],"about":[{"href":"https:\/\/eupa.uk\/de\/wp-json\/wp\/v2\/types\/page"}],"author":[{"embeddable":true,"href":"https:\/\/eupa.uk\/de\/wp-json\/wp\/v2\/users\/1"}],"replies":[{"embeddable":true,"href":"https:\/\/eupa.uk\/de\/wp-json\/wp\/v2\/comments?post=3640"}],"version-history":[{"count":0,"href":"https:\/\/eupa.uk\/de\/wp-json\/wp\/v2\/pages\/3640\/revisions"}],"up":[{"embeddable":true,"href":"https:\/\/eupa.uk\/de\/wp-json\/wp\/v2\/pages\/3502"}],"wp:attachment":[{"href":"https:\/\/eupa.uk\/de\/wp-json\/wp\/v2\/media?parent=3640"}],"curies":[{"name":"wp","href":"https:\/\/api.w.org\/{rel}","templated":true}]}}