{"id":41,"date":"2020-05-06T14:15:50","date_gmt":"2020-05-06T14:15:50","guid":{"rendered":"https:\/\/new.deschenaux.me\/?page_id=41"},"modified":"2021-11-04T11:35:55","modified_gmt":"2021-11-04T11:35:55","slug":"about","status":"publish","type":"page","link":"https:\/\/eupa.uk\/de\/about\/","title":{"rendered":"Um"},"content":{"rendered":"<div data-elementor-type=\"wp-page\" data-elementor-id=\"41\" class=\"elementor elementor-41\" data-elementor-post-type=\"page\">\n\t\t\t\t\t\t<section class=\"elementor-section elementor-top-section elementor-element elementor-element-1e9b934 elementor-section-stretched elementor-section-boxed elementor-section-height-default elementor-section-height-default\" data-id=\"1e9b934\" data-element_type=\"section\" data-settings=\"{&quot;background_background&quot;:&quot;classic&quot;,&quot;stretch_section&quot;:&quot;section-stretched&quot;}\">\n\t\t\t\t\t\t<div class=\"elementor-container elementor-column-gap-default\">\n\t\t\t\t\t<div class=\"elementor-column elementor-col-50 elementor-top-column elementor-element elementor-element-010befe\" data-id=\"010befe\" data-element_type=\"column\">\n\t\t\t<div class=\"elementor-widget-wrap elementor-element-populated\">\n\t\t\t\t\t\t<div class=\"elementor-element elementor-element-d6e7ec0 elementor-widget elementor-widget-video\" data-id=\"d6e7ec0\" data-element_type=\"widget\" data-settings=\"{&quot;youtube_url&quot;:&quot;https:\\\/\\\/youtu.be\\\/ZtQ5gZ2mjtA&quot;,&quot;video_type&quot;:&quot;youtube&quot;,&quot;controls&quot;:&quot;yes&quot;}\" data-widget_type=\"video.default\">\n\t\t\t\t<div class=\"elementor-widget-container\">\n\t\t\t\t\t\t\t<div class=\"elementor-wrapper elementor-open-inline\">\n\t\t\t<div class=\"elementor-video\"><\/div>\t\t<\/div>\n\t\t\t\t\t\t<\/div>\n\t\t\t\t<\/div>\n\t\t\t\t\t<\/div>\n\t\t<\/div>\n\t\t\t\t<div class=\"elementor-column elementor-col-50 elementor-top-column elementor-element elementor-element-3880dac\" data-id=\"3880dac\" data-element_type=\"column\">\n\t\t\t<div class=\"elementor-widget-wrap elementor-element-populated\">\n\t\t\t\t\t\t<div class=\"elementor-element elementor-element-6e47e9d elementor-widget elementor-widget-text-editor\" data-id=\"6e47e9d\" data-element_type=\"widget\" data-widget_type=\"text-editor.default\">\n\t\t\t\t<div class=\"elementor-widget-container\">\n\t\t\t\t\t\t\t\t\t<p>Die European Press Agency ist die erste Presseagentur, die sich wirklich unabh\u00e4ngigen Medienfachleuten widmet, darunter Journalisten, Reporter, Influencer, Fernseh- und Radiomoderatoren, Podcaster und Animatoren von Internetkan\u00e4len.<\/p><p>Seit der Jahrtausendwende hat sich die globale Presselandschaft demokratisiert, die Medienwelt revolutioniert und alte Strukturen aufgebrochen. Ein Internetanschluss und ein eigener Blog gen\u00fcgen, um sorgf\u00e4ltig recherchierte journalistische Beitr\u00e4ge f\u00fcr die breite \u00d6ffentlichkeit zug\u00e4nglich zu machen. Etablierte Zeitungsverlage und Journalistenverb\u00e4nde sehen diese Entwicklung mit gemischten Gef\u00fchlen, sind aber machtlos gegen diesen Trend, der f\u00fcr Voll- und Teilzeitkr\u00e4fte ohne journalistische Vorkenntnisse eine vielversprechende Einnahmequelle darstellt. Verschiedene Medien machen sich diese Entwicklung bereits zunutze und profitieren vom Engagement sogenannter unabh\u00e4ngiger Journalisten.<\/p>\t\t\t\t\t\t\t\t<\/div>\n\t\t\t\t<\/div>\n\t\t\t\t\t<\/div>\n\t\t<\/div>\n\t\t\t\t\t<\/div>\n\t\t<\/section>\n\t\t\t\t<section class=\"elementor-section elementor-top-section elementor-element elementor-element-45385ed elementor-section-stretched elementor-section-boxed elementor-section-height-default elementor-section-height-default\" data-id=\"45385ed\" data-element_type=\"section\" data-settings=\"{&quot;background_background&quot;:&quot;classic&quot;,&quot;stretch_section&quot;:&quot;section-stretched&quot;}\">\n\t\t\t\t\t\t<div class=\"elementor-container elementor-column-gap-default\">\n\t\t\t\t\t<div class=\"elementor-column elementor-col-100 elementor-top-column elementor-element elementor-element-282a88d\" data-id=\"282a88d\" data-element_type=\"column\">\n\t\t\t<div class=\"elementor-widget-wrap elementor-element-populated\">\n\t\t\t\t\t\t<div class=\"elementor-element elementor-element-8ac7334 elementor-widget elementor-widget-text-editor\" data-id=\"8ac7334\" data-element_type=\"widget\" data-widget_type=\"text-editor.default\">\n\t\t\t\t<div class=\"elementor-widget-container\">\n\t\t\t\t\t\t\t\t\t<p>Da kein Journalist allgegenw\u00e4rtig ist oder bestimmte Ereignisse vorhersagen kann, sind Medienunternehmen auf qualitativ hochwertige Artikel und Bilder angewiesen, die vor Ort entstehen und journalistische Vielfalt gew\u00e4hrleisten. Immer mehr Zeitungen und Zeitschriften beziehen daher neben ihren eigenen journalistischen Mitarbeitern auch Inhalte von unabh\u00e4ngigen Journalisten, und die individuellen Einkommen dieser Mitarbeiter k\u00f6nnen sich sehen lassen.<\/p><p>Jeden Tag werden Hunderte von Geschichten und Fotos von unabh\u00e4ngigen Journalisten erstellt und f\u00fcr das Fernsehen, Zeitungen und Online-Portale in Amerika und anderen L\u00e4ndern adaptiert. Qualitativ hochwertige Fotos k\u00f6nnen f\u00fcr drei- oder sogar vierstellige Betr\u00e4ge verkauft werden, beispielsweise wenn Verlage sie ausschlie\u00dflich von unabh\u00e4ngigen Journalisten kaufen. Etablierte Journalisten m\u00f6gen diese neue Form journalistischer Arbeit als minderwertig abtun, aber zweifellos schafft sie eine neue Nische in der Welt der modernen Medien und hilft motivierten und gewissenhaften Journalisten, ihren Lebensunterhalt zu verdienen.<\/p>\t\t\t\t\t\t\t\t<\/div>\n\t\t\t\t<\/div>\n\t\t\t\t\t<\/div>\n\t\t<\/div>\n\t\t\t\t\t<\/div>\n\t\t<\/section>\n\t\t\t\t<\/div>","protected":false},"excerpt":{"rendered":"<p>https:\/\/youtu.be\/ZtQ5gZ2mjtA Die Europ\u00e4ische Presseagentur ist die erste Presseagentur, die sich wirklich unabh\u00e4ngigen Medienfachleuten widmet, darunter Journalisten, Reporter, Influencer, Fernseh- und Radiomoderatoren, Podcaster und Animatoren von Internetkan\u00e4len. Seit der Jahrhundertwende ist die globale Presselandschaft demokratischer geworden, was die Medienwelt revolutioniert und dabei mit alten Strukturen gebrochen hat. \u2026 <a title=\"Um\" class=\"read-more\" href=\"https:\/\/eupa.uk\/de\/about\/\" aria-label=\"Mehr Informationen \u00fcber About\">Weiterlesen<\/a><\/p>","protected":false},"author":1,"featured_media":0,"parent":0,"menu_order":2,"comment_status":"closed","ping_status":"closed","template":"","meta":{"footnotes":""},"class_list":["post-41","page","type-page","status-publish"],"_links":{"self":[{"href":"https:\/\/eupa.uk\/de\/wp-json\/wp\/v2\/pages\/41","targetHints":{"allow":["GET"]}}],"collection":[{"href":"https:\/\/eupa.uk\/de\/wp-json\/wp\/v2\/pages"}],"about":[{"href":"https:\/\/eupa.uk\/de\/wp-json\/wp\/v2\/types\/page"}],"author":[{"embeddable":true,"href":"https:\/\/eupa.uk\/de\/wp-json\/wp\/v2\/users\/1"}],"replies":[{"embeddable":true,"href":"https:\/\/eupa.uk\/de\/wp-json\/wp\/v2\/comments?post=41"}],"version-history":[{"count":0,"href":"https:\/\/eupa.uk\/de\/wp-json\/wp\/v2\/pages\/41\/revisions"}],"wp:attachment":[{"href":"https:\/\/eupa.uk\/de\/wp-json\/wp\/v2\/media?parent=41"}],"curies":[{"name":"wp","href":"https:\/\/api.w.org\/{rel}","templated":true}]}}