{"id":44,"date":"2020-05-06T14:16:30","date_gmt":"2020-05-06T14:16:30","guid":{"rendered":"https:\/\/new.deschenaux.me\/?page_id=44"},"modified":"2021-04-05T09:38:10","modified_gmt":"2021-04-05T09:38:10","slug":"services","status":"publish","type":"page","link":"https:\/\/eupa.uk\/de\/services\/","title":{"rendered":"Dienstleistungen"},"content":{"rendered":"<div data-elementor-type=\"wp-page\" data-elementor-id=\"44\" class=\"elementor elementor-44\" data-elementor-post-type=\"page\">\n\t\t\t\t\t\t<section class=\"elementor-section elementor-top-section elementor-element elementor-element-b081efd elementor-section-stretched elementor-section-boxed elementor-section-height-default elementor-section-height-default\" data-id=\"b081efd\" data-element_type=\"section\" data-settings=\"{&quot;stretch_section&quot;:&quot;section-stretched&quot;}\">\n\t\t\t\t\t\t<div class=\"elementor-container elementor-column-gap-default\">\n\t\t\t\t\t<div class=\"elementor-column elementor-col-100 elementor-top-column elementor-element elementor-element-aea3b4f\" data-id=\"aea3b4f\" data-element_type=\"column\" data-settings=\"{&quot;background_background&quot;:&quot;classic&quot;}\">\n\t\t\t<div class=\"elementor-widget-wrap elementor-element-populated\">\n\t\t\t\t\t\t<div class=\"elementor-element elementor-element-8b17c22 elementor-posts__hover-none elementor-grid-3 elementor-grid-tablet-2 elementor-grid-mobile-1 elementor-posts--thumbnail-top elementor-widget elementor-widget-posts\" data-id=\"8b17c22\" data-element_type=\"widget\" data-settings=\"{&quot;cards_row_gap&quot;:{&quot;unit&quot;:&quot;px&quot;,&quot;size&quot;:15,&quot;sizes&quot;:[]},&quot;cards_columns&quot;:&quot;3&quot;,&quot;cards_columns_tablet&quot;:&quot;2&quot;,&quot;cards_columns_mobile&quot;:&quot;1&quot;,&quot;cards_row_gap_tablet&quot;:{&quot;unit&quot;:&quot;px&quot;,&quot;size&quot;:&quot;&quot;,&quot;sizes&quot;:[]},&quot;cards_row_gap_mobile&quot;:{&quot;unit&quot;:&quot;px&quot;,&quot;size&quot;:&quot;&quot;,&quot;sizes&quot;:[]}}\" data-widget_type=\"posts.cards\">\n\t\t\t\t<div class=\"elementor-widget-container\">\n\t\t\t\t\t\t\t<div class=\"elementor-posts-container elementor-posts elementor-posts--skin-cards elementor-grid\" role=\"list\">\n\t\t\t\t<article class=\"elementor-post elementor-grid-item post-5283 post type-post status-publish format-standard has-post-thumbnail hentry category-services\" role=\"listitem\">\n\t\t\t<div class=\"elementor-post__card\">\n\t\t\t\t<a class=\"elementor-post__thumbnail__link\" href=\"https:\/\/eupa.uk\/de\/services\/content-commercialisation\/\" tabindex=\"-1\" ><div class=\"elementor-post__thumbnail\"><img fetchpriority=\"high\" decoding=\"async\" width=\"1000\" height=\"667\" src=\"https:\/\/b2281902.smushcdn.com\/2281902\/wp-content\/uploads\/media-comm-content-writer.jpg?lossy=1&strip=1&webp=1\" class=\"attachment-large size-large wp-image-5285\" alt=\"\" srcset=\"https:\/\/b2281902.smushcdn.com\/2281902\/wp-content\/uploads\/media-comm-content-writer.jpg?lossy=1&strip=1&webp=1 1000w, https:\/\/b2281902.smushcdn.com\/2281902\/wp-content\/uploads\/media-comm-content-writer-300x200.jpg?lossy=1&strip=1&webp=1 300w, https:\/\/b2281902.smushcdn.com\/2281902\/wp-content\/uploads\/media-comm-content-writer-768x512.jpg?lossy=1&strip=1&webp=1 768w, https:\/\/b2281902.smushcdn.com\/2281902\/wp-content\/uploads\/media-comm-content-writer-16x12.jpg?lossy=1&strip=1&webp=1 16w, https:\/\/b2281902.smushcdn.com\/2281902\/wp-content\/uploads\/media-comm-content-writer-600x400.jpg?lossy=1&strip=1&webp=1 600w, https:\/\/b2281902.smushcdn.com\/2281902\/wp-content\/uploads\/media-comm-content-writer.jpg?size=240x160&lossy=1&strip=1&webp=1 240w, https:\/\/b2281902.smushcdn.com\/2281902\/wp-content\/uploads\/media-comm-content-writer.jpg?size=480x320&lossy=1&strip=1&webp=1 480w\" sizes=\"(max-width: 1000px) 100vw, 1000px\" \/><\/div><\/a>\n\t\t\t\t<div class=\"elementor-post__text\">\n\t\t\t\t<h3 class=\"elementor-post__title\">\n\t\t\t<a href=\"https:\/\/eupa.uk\/de\/services\/content-commercialisation\/\" >\n\t\t\t\tKommerzialisierung von Inhalten\t\t\t<\/a>\n\t\t<\/h3>\n\t\t\t\t<div class=\"elementor-post__excerpt\">\n\t\t\t<p>Der Medienberuf hat sich durch die Ankunft von Bloggern, Influencern und Internet-<\/p>\n\t\t<\/div>\n\t\t\n\t\t<a class=\"elementor-post__read-more\" href=\"https:\/\/eupa.uk\/de\/services\/content-commercialisation\/\" aria-label=\"Lesen Sie mehr \u00fcber die Kommerzialisierung von Inhalten\" tabindex=\"-1\" >\n\t\t\tMehr lesen &quot;\t\t<\/a>\n\n\t\t\t\t<\/div>\n\t\t\t\t\t<\/div>\n\t\t<\/article>\n\t\t\t\t<article class=\"elementor-post elementor-grid-item post-595 post type-post status-publish format-standard has-post-thumbnail hentry category-services\" role=\"listitem\">\n\t\t\t<div class=\"elementor-post__card\">\n\t\t\t\t<a class=\"elementor-post__thumbnail__link\" href=\"https:\/\/eupa.uk\/de\/services\/legal-advisory-and-assistance\/\" tabindex=\"-1\" ><div class=\"elementor-post__thumbnail\"><img decoding=\"async\" width=\"1000\" height=\"753\" data-src=\"https:\/\/b2281902.smushcdn.com\/2281902\/wp-content\/uploads\/courtroom-hall.jpg?lossy=1&strip=1&webp=1\" class=\"attachment-large size-large wp-image-4450 lazyload\" alt=\"\" data-srcset=\"https:\/\/b2281902.smushcdn.com\/2281902\/wp-content\/uploads\/courtroom-hall.jpg?lossy=1&strip=1&webp=1 1000w, https:\/\/b2281902.smushcdn.com\/2281902\/wp-content\/uploads\/courtroom-hall-300x226.jpg?lossy=1&strip=1&webp=1 300w, https:\/\/b2281902.smushcdn.com\/2281902\/wp-content\/uploads\/courtroom-hall-768x578.jpg?lossy=1&strip=1&webp=1 768w, https:\/\/b2281902.smushcdn.com\/2281902\/wp-content\/uploads\/courtroom-hall-16x12.jpg?lossy=1&strip=1&webp=1 16w, https:\/\/b2281902.smushcdn.com\/2281902\/wp-content\/uploads\/courtroom-hall-600x452.jpg?lossy=1&strip=1&webp=1 600w, https:\/\/b2281902.smushcdn.com\/2281902\/wp-content\/uploads\/courtroom-hall.jpg?size=240x181&lossy=1&strip=1&webp=1 240w, https:\/\/b2281902.smushcdn.com\/2281902\/wp-content\/uploads\/courtroom-hall.jpg?size=480x361&lossy=1&strip=1&webp=1 480w\" data-sizes=\"(max-width: 1000px) 100vw, 1000px\" src=\"data:image\/svg+xml;base64,PHN2ZyB3aWR0aD0iMSIgaGVpZ2h0PSIxIiB4bWxucz0iaHR0cDovL3d3dy53My5vcmcvMjAwMC9zdmciPjwvc3ZnPg==\" style=\"--smush-placeholder-width: 1000px; --smush-placeholder-aspect-ratio: 1000\/753;\" \/><\/div><\/a>\n\t\t\t\t<div class=\"elementor-post__text\">\n\t\t\t\t<h3 class=\"elementor-post__title\">\n\t\t\t<a href=\"https:\/\/eupa.uk\/de\/services\/legal-advisory-and-assistance\/\" >\n\t\t\t\tRechtliche Beratung und Unterst\u00fctzung\t\t\t<\/a>\n\t\t<\/h3>\n\t\t\t\t<div class=\"elementor-post__excerpt\">\n\t\t\t<p>Oft werden Medienschaffende und die Medien selbst verklagt oder landen vor Gericht wegen<\/p>\n\t\t<\/div>\n\t\t\n\t\t<a class=\"elementor-post__read-more\" href=\"https:\/\/eupa.uk\/de\/services\/legal-advisory-and-assistance\/\" aria-label=\"Lesen Sie mehr \u00fcber Rechtsberatung und -beistand\" tabindex=\"-1\" >\n\t\t\tMehr lesen &quot;\t\t<\/a>\n\n\t\t\t\t<\/div>\n\t\t\t\t\t<\/div>\n\t\t<\/article>\n\t\t\t\t<article class=\"elementor-post elementor-grid-item post-599 post type-post status-publish format-standard has-post-thumbnail hentry category-services category-video\" role=\"listitem\">\n\t\t\t<div class=\"elementor-post__card\">\n\t\t\t\t<a class=\"elementor-post__thumbnail__link\" href=\"https:\/\/eupa.uk\/de\/services\/media-access-pass-vip\/\" tabindex=\"-1\" ><div class=\"elementor-post__thumbnail\"><img decoding=\"async\" width=\"1000\" height=\"667\" data-src=\"https:\/\/b2281902.smushcdn.com\/2281902\/wp-content\/uploads\/vip-area-access.jpg?lossy=1&strip=1&webp=1\" class=\"attachment-large size-large wp-image-4444 lazyload\" alt=\"\" data-srcset=\"https:\/\/b2281902.smushcdn.com\/2281902\/wp-content\/uploads\/vip-area-access.jpg?lossy=1&strip=1&webp=1 1000w, https:\/\/b2281902.smushcdn.com\/2281902\/wp-content\/uploads\/vip-area-access-300x200.jpg?lossy=1&strip=1&webp=1 300w, https:\/\/b2281902.smushcdn.com\/2281902\/wp-content\/uploads\/vip-area-access-768x512.jpg?lossy=1&strip=1&webp=1 768w, https:\/\/b2281902.smushcdn.com\/2281902\/wp-content\/uploads\/vip-area-access-16x12.jpg?lossy=1&strip=1&webp=1 16w, https:\/\/b2281902.smushcdn.com\/2281902\/wp-content\/uploads\/vip-area-access-600x400.jpg?lossy=1&strip=1&webp=1 600w, https:\/\/b2281902.smushcdn.com\/2281902\/wp-content\/uploads\/vip-area-access.jpg?size=240x160&lossy=1&strip=1&webp=1 240w, https:\/\/b2281902.smushcdn.com\/2281902\/wp-content\/uploads\/vip-area-access.jpg?size=480x320&lossy=1&strip=1&webp=1 480w\" data-sizes=\"(max-width: 1000px) 100vw, 1000px\" src=\"data:image\/svg+xml;base64,PHN2ZyB3aWR0aD0iMSIgaGVpZ2h0PSIxIiB4bWxucz0iaHR0cDovL3d3dy53My5vcmcvMjAwMC9zdmciPjwvc3ZnPg==\" style=\"--smush-placeholder-width: 1000px; --smush-placeholder-aspect-ratio: 1000\/667;\" \/><\/div><\/a>\n\t\t\t\t<div class=\"elementor-post__text\">\n\t\t\t\t<h3 class=\"elementor-post__title\">\n\t\t\t<a href=\"https:\/\/eupa.uk\/de\/services\/media-access-pass-vip\/\" >\n\t\t\t\tMedienzugangspass (VIP)\t\t\t<\/a>\n\t\t<\/h3>\n\t\t\t\t<div class=\"elementor-post__excerpt\">\n\t\t\t<p>https:\/\/www.youtube.com\/watch?v=V9mhTE90eyQDie Zukunft des Journalismus ist vielf\u00e4ltiger denn je, und EUPA engagiert sich daf\u00fcr mit der Ver\u00f6ffentlichung<\/p>\n\t\t<\/div>\n\t\t\n\t\t<a class=\"elementor-post__read-more\" href=\"https:\/\/eupa.uk\/de\/services\/media-access-pass-vip\/\" aria-label=\"Lesen Sie mehr \u00fcber den Media Access Pass (VIP)\" tabindex=\"-1\" >\n\t\t\tMehr lesen &quot;\t\t<\/a>\n\n\t\t\t\t<\/div>\n\t\t\t\t\t<\/div>\n\t\t<\/article>\n\t\t\t\t<\/div>\n\t\t\n\t\t\t\t\t\t<\/div>\n\t\t\t\t<\/div>\n\t\t\t\t\t<\/div>\n\t\t<\/div>\n\t\t\t\t\t<\/div>\n\t\t<\/section>\n\t\t\t\t<\/div>","protected":false},"excerpt":{"rendered":"","protected":false},"author":1,"featured_media":0,"parent":0,"menu_order":6,"comment_status":"closed","ping_status":"closed","template":"","meta":{"footnotes":""},"class_list":["post-44","page","type-page","status-publish","hentry"],"_links":{"self":[{"href":"https:\/\/eupa.uk\/de\/wp-json\/wp\/v2\/pages\/44","targetHints":{"allow":["GET"]}}],"collection":[{"href":"https:\/\/eupa.uk\/de\/wp-json\/wp\/v2\/pages"}],"about":[{"href":"https:\/\/eupa.uk\/de\/wp-json\/wp\/v2\/types\/page"}],"author":[{"embeddable":true,"href":"https:\/\/eupa.uk\/de\/wp-json\/wp\/v2\/users\/1"}],"replies":[{"embeddable":true,"href":"https:\/\/eupa.uk\/de\/wp-json\/wp\/v2\/comments?post=44"}],"version-history":[{"count":0,"href":"https:\/\/eupa.uk\/de\/wp-json\/wp\/v2\/pages\/44\/revisions"}],"wp:attachment":[{"href":"https:\/\/eupa.uk\/de\/wp-json\/wp\/v2\/media?parent=44"}],"curies":[{"name":"wp","href":"https:\/\/api.w.org\/{rel}","templated":true}]}}