{"id":4906,"date":"2021-04-19T16:17:08","date_gmt":"2021-04-19T16:17:08","guid":{"rendered":"https:\/\/eupa.agency\/?page_id=4906"},"modified":"2021-04-22T11:51:19","modified_gmt":"2021-04-22T11:51:19","slug":"code-of-ethics","status":"publish","type":"page","link":"https:\/\/eupa.uk\/de\/rules\/code-of-ethics\/","title":{"rendered":"Ethikkodex"},"content":{"rendered":"<div data-elementor-type=\"wp-page\" data-elementor-id=\"4906\" class=\"elementor elementor-4906\" data-elementor-post-type=\"page\">\n\t\t\t\t\t\t<section class=\"elementor-section elementor-top-section elementor-element elementor-element-ad26532 elementor-section-boxed elementor-section-height-default elementor-section-height-default\" data-id=\"ad26532\" data-element_type=\"section\">\n\t\t\t\t\t\t<div class=\"elementor-container elementor-column-gap-default\">\n\t\t\t\t\t<div class=\"elementor-column elementor-col-100 elementor-top-column elementor-element elementor-element-2e0a5a5\" data-id=\"2e0a5a5\" data-element_type=\"column\">\n\t\t\t<div class=\"elementor-widget-wrap elementor-element-populated\">\n\t\t\t\t\t\t<div class=\"elementor-element elementor-element-08c3963 elementor-widget elementor-widget-text-editor\" data-id=\"08c3963\" data-element_type=\"widget\" data-widget_type=\"text-editor.default\">\n\t\t\t\t<div class=\"elementor-widget-container\">\n\t\t\t\t\t\t\t\t\t<h2>PR\u00c4AMBEL<\/h2>\n<p>Alle unsere Mitglieder werden gebeten, den Ethikkodex der SPJ (Society of Professional Journalism) zu lesen, zu genehmigen und bei der Aus\u00fcbung ihrer T\u00e4tigkeit anzuwenden. Als Mitglied der Society of Professional Journalists glaubt die EUPA, \u201edass die Aufkl\u00e4rung der \u00d6ffentlichkeit der Vorl\u00e4ufer der Gerechtigkeit und die Grundlage der Demokratie ist. Ethischer Journalismus strebt danach, den freien Austausch von Informationen sicherzustellen, die genau, fair und gr\u00fcndlich sind. Ein ethischer Journalist handelt mit Integrit\u00e4t. Die Gesellschaft erkl\u00e4rt diese vier Prinzipien zur Grundlage des ethischen Journalismus und ermutigt alle Menschen in allen Medien, sie in ihrer Praxis anzuwenden.\u201c<\/p>\t\t\t\t\t\t\t\t<\/div>\n\t\t\t\t<\/div>\n\t\t\t\t<div class=\"elementor-element elementor-element-c307109 elementor-widget elementor-widget-text-editor\" data-id=\"c307109\" data-element_type=\"widget\" data-widget_type=\"text-editor.default\">\n\t\t\t\t<div class=\"elementor-widget-container\">\n\t\t\t\t\t\t\t\t\t<h2>SUCHE NACH DER WAHRHEIT UND MELDE SIE<\/h2><p>Ethischer Journalismus sollte genau und fair sein. Journalisten sollten bei der Beschaffung, Berichterstattung und Interpretation von Informationen ehrlich und mutig sein.<\/p><p><b>Journalisten sollten:<\/b><\/p><ul><li>\u00dcbernehmen Sie die Verantwortung f\u00fcr die Richtigkeit Ihrer Arbeit. \u00dcberpr\u00fcfen Sie Informationen, bevor Sie sie ver\u00f6ffentlichen. Verwenden Sie nach M\u00f6glichkeit Originalquellen.<\/li><li>Bedenken Sie, dass weder Geschwindigkeit noch Format eine Entschuldigung f\u00fcr Ungenauigkeit sind.<\/li><li>Geben Sie Kontext an. Achten Sie besonders darauf, bei der Werbung, Vorschau oder Zusammenfassung einer Geschichte keine falschen Darstellungen oder Vereinfachungen vorzunehmen.<\/li><li>Sammeln, aktualisieren und korrigieren Sie Informationen w\u00e4hrend der gesamten Lebensdauer einer Nachrichtengeschichte.<\/li><li>Seien Sie vorsichtig, wenn Sie Versprechungen machen, aber halten Sie die Versprechen, die Sie machen.<\/li><li>Identifizieren Sie Quellen eindeutig. Die \u00d6ffentlichkeit hat Anspruch auf so viele Informationen wie m\u00f6glich, um die Zuverl\u00e4ssigkeit und Motivation von Quellen beurteilen zu k\u00f6nnen.<\/li><li>\u00dcberlegen Sie sich die Motive der Quellen, bevor Sie Anonymit\u00e4t versprechen. Anonymit\u00e4t sollte nur Quellen gew\u00e4hrt werden, die Gefahr, Vergeltung oder anderen Schaden ausgesetzt sein k\u00f6nnten und \u00fcber Informationen verf\u00fcgen, die anderswo nicht erh\u00e4ltlich sind. Erkl\u00e4ren Sie, warum Anonymit\u00e4t gew\u00e4hrt wurde.<\/li><li>Suchen Sie sorgf\u00e4ltig nach Themen f\u00fcr Ihre Berichterstattung, um ihnen die M\u00f6glichkeit zu geben, auf Kritik oder Vorw\u00fcrfe von Fehlverhalten zu reagieren.<\/li><li>Vermeiden Sie verdeckte oder andere heimliche Methoden der Informationsbeschaffung, es sei denn, mit herk\u00f6mmlichen, offenen Methoden lassen sich keine f\u00fcr die \u00d6ffentlichkeit wichtigen Informationen gewinnen.<\/li><li>Seien Sie wachsam und mutig, wenn es darum geht, die M\u00e4chtigen zur Verantwortung zu ziehen. Geben Sie den Stimmlosen eine Stimme.<\/li><li>Unterst\u00fctzen Sie den offenen und gesitteten Meinungsaustausch, auch \u00fcber Ansichten, die Sie absto\u00dfend finden.<\/li><li>Erkennen Sie eine besondere Verpflichtung an, als W\u00e4chter \u00fcber \u00f6ffentliche Angelegenheiten und die Regierung zu fungieren. Versuchen Sie sicherzustellen, dass die Angelegenheiten der \u00d6ffentlichkeit offen abgewickelt werden und \u00f6ffentliche Aufzeichnungen f\u00fcr alle zug\u00e4nglich sind.<\/li><li>Gew\u00e4hren Sie Zugriff auf Quellmaterial, wenn dies relevant und angemessen ist.<\/li><li>Erz\u00e4hlen Sie mutig die Geschichte der Vielfalt und Gr\u00f6\u00dfe der menschlichen Erfahrung. Suchen Sie nach Quellen, deren Stimmen wir selten h\u00f6ren.<\/li><li>Vermeiden Sie Stereotypen. Journalisten sollten sich \u00fcberlegen, wie ihre Werte und Erfahrungen ihre Berichterstattung beeinflussen.<\/li><li>Bef\u00fcrwortung und Kommentare zum Label.<\/li><li>Verzerren Sie niemals absichtlich Fakten oder Zusammenh\u00e4nge, auch nicht visuelle Informationen. Kennzeichnen Sie Abbildungen und Nachstellungen deutlich.<\/li><li>Machen Sie niemals Plagiate. Geben Sie immer die Quelle an.<\/li><\/ul>\t\t\t\t\t\t\t\t<\/div>\n\t\t\t\t<\/div>\n\t\t\t\t<div class=\"elementor-element elementor-element-a1ab6da elementor-widget elementor-widget-text-editor\" data-id=\"a1ab6da\" data-element_type=\"widget\" data-widget_type=\"text-editor.default\">\n\t\t\t\t<div class=\"elementor-widget-container\">\n\t\t\t\t\t\t\t\t\t<h2>Schaden minimieren<\/h2><p>Ethischer Journalismus behandelt Quellen, Themen, Kollegen und Mitglieder der \u00d6ffentlichkeit als Menschen, die Respekt verdienen.<\/p><p><b>Journalisten sollten:<\/b><\/p><ul><li>W\u00e4gen Sie das Informationsbed\u00fcrfnis der \u00d6ffentlichkeit gegen m\u00f6gliche Sch\u00e4den oder Unannehmlichkeiten ab. Das Streben nach Nachrichten ist keine Freikarte f\u00fcr Arroganz oder unangemessene Aufdringlichkeit.<\/li><li>Zeigen Sie Mitgef\u00fchl f\u00fcr diejenigen, die von der Berichterstattung betroffen sein k\u00f6nnten. Gehen Sie mit erh\u00f6hter Sensibilit\u00e4t mit Jugendlichen, Opfern von Sexualverbrechen und Quellen oder Personen um, die unerfahren oder nicht einwilligungsf\u00e4hig sind. Ber\u00fccksichtigen Sie kulturelle Unterschiede in der Herangehensweise und Behandlung.<\/li><li>Machen Sie sich bewusst, dass der legale Zugang zu Informationen nicht mit einer ethischen Rechtfertigung f\u00fcr die Ver\u00f6ffentlichung oder Verbreitung von Informationen vereinbar ist.<\/li><li>Machen Sie sich bewusst, dass Privatpersonen ein gr\u00f6\u00dferes Recht auf Kontrolle \u00fcber ihre eigenen Informationen haben als Pers\u00f6nlichkeiten des \u00f6ffentlichen Lebens und andere, die nach Macht, Einfluss oder Aufmerksamkeit streben. W\u00e4gen Sie die Konsequenzen der Ver\u00f6ffentlichung oder Verbreitung pers\u00f6nlicher Informationen ab.<\/li><li>Vermeiden Sie es, Ihrer rei\u00dferischen Neugier nachzugeben, auch wenn andere das tun.<\/li><li>W\u00e4gen Sie das Recht eines Verd\u00e4chtigen auf ein faires Verfahren mit dem Recht der \u00d6ffentlichkeit auf Information ab. Bedenken Sie die Auswirkungen der Identifizierung von Tatverd\u00e4chtigen, bevor ihnen eine Anklage vorgelegt wird.<\/li><li>Bedenken Sie die langfristigen Auswirkungen der gr\u00f6\u00dferen Reichweite und Dauerhaftigkeit der Ver\u00f6ffentlichung. Stellen Sie bei Bedarf aktualisierte und vollst\u00e4ndigere Informationen bereit.<\/li><\/ul>\t\t\t\t\t\t\t\t<\/div>\n\t\t\t\t<\/div>\n\t\t\t\t<div class=\"elementor-element elementor-element-18d8f37 elementor-widget elementor-widget-text-editor\" data-id=\"18d8f37\" data-element_type=\"widget\" data-widget_type=\"text-editor.default\">\n\t\t\t\t<div class=\"elementor-widget-container\">\n\t\t\t\t\t\t\t\t\t<h2>HANDELN SIE UNABH\u00c4NGIG<\/h2><p>Die h\u00f6chste und wichtigste Verpflichtung des ethischen Journalismus besteht darin, der \u00d6ffentlichkeit zu dienen.<\/p><p><b>Journalisten sollten:<\/b><\/p><ul><li>Vermeiden Sie tats\u00e4chliche oder vermeintliche Interessenkonflikte. Geben Sie unvermeidbare Konflikte bekannt.<\/li><li>Lehnen Sie Geschenke, Gef\u00e4lligkeiten, Geb\u00fchren, kostenlose Reisen und Sonderbehandlungen ab und vermeiden Sie politische und andere externe Aktivit\u00e4ten, die die Integrit\u00e4t oder Unparteilichkeit gef\u00e4hrden oder die Glaubw\u00fcrdigkeit sch\u00e4digen k\u00f6nnten.<\/li><li>Seien Sie vorsichtig bei Quellen, die Informationen gegen Gef\u00e4lligkeiten oder Geld anbieten. Zahlen Sie nicht f\u00fcr den Zugriff auf Nachrichten. Identifizieren Sie Inhalte, die von externen Quellen bereitgestellt werden, unabh\u00e4ngig davon, ob sie bezahlt werden oder nicht.<\/li><li>Verweigern Sie Werbetreibenden, Spendern oder anderen Interessengruppen eine bevorzugte Behandlung und widerstehen Sie dem internen und externen Druck, die Berichterstattung zu beeinflussen.<\/li><li>Unterscheiden Sie Nachrichten von Werbung und vermeiden Sie Mischformen, die die Grenzen zwischen beidem verwischen. Kennzeichnen Sie gesponserte Inhalte deutlich.<\/li><\/ul>\t\t\t\t\t\t\t\t<\/div>\n\t\t\t\t<\/div>\n\t\t\t\t<div class=\"elementor-element elementor-element-29850be elementor-widget elementor-widget-text-editor\" data-id=\"29850be\" data-element_type=\"widget\" data-widget_type=\"text-editor.default\">\n\t\t\t\t<div class=\"elementor-widget-container\">\n\t\t\t\t\t\t\t\t\t<h2>Seien Sie verantwortlich und transparent<\/h2><p>Ethischer Journalismus bedeutet, Verantwortung f\u00fcr die eigene Arbeit zu \u00fcbernehmen und der \u00d6ffentlichkeit seine Entscheidungen zu erkl\u00e4ren.<\/p><p><b>Journalisten sollten:<\/b><\/p><ul><li>Erkl\u00e4ren Sie dem Publikum ethische Entscheidungen und Prozesse. F\u00f6rdern Sie einen zivilen Dialog mit der \u00d6ffentlichkeit \u00fcber journalistische Praktiken, Berichterstattung und Nachrichteninhalte.<\/li><li>Reagieren Sie schnell auf Fragen zur Genauigkeit, Klarheit und Fairness.<\/li><li>Erkennen Sie Fehler an und korrigieren Sie diese umgehend und deutlich. Erl\u00e4utern Sie Korrekturen und Klarstellungen sorgf\u00e4ltig und klar.<\/li><li>Unethisches Verhalten im Journalismus aufdecken, auch innerhalb ihrer Organisationen.<\/li><li>Halten Sie die gleichen hohen Standards ein, die Sie von anderen erwarten.<\/li><\/ul>\t\t\t\t\t\t\t\t<\/div>\n\t\t\t\t<\/div>\n\t\t\t\t<div class=\"elementor-element elementor-element-8d4655b elementor-widget-divider--view-line_text elementor-widget-divider--element-align-center elementor-widget elementor-widget-divider\" data-id=\"8d4655b\" data-element_type=\"widget\" data-widget_type=\"divider.default\">\n\t\t\t\t<div class=\"elementor-widget-container\">\n\t\t\t\t\t\t\t<div class=\"elementor-divider\">\n\t\t\t<span class=\"elementor-divider-separator\">\n\t\t\t\t\t\t\t<span class=\"elementor-divider__text elementor-divider__element\">\n\t\t\t\tQuelle: https:\/\/www.spj.org\/ethicscode.asp\t\t\t\t<\/span>\n\t\t\t\t\t\t<\/span>\n\t\t<\/div>\n\t\t\t\t\t\t<\/div>\n\t\t\t\t<\/div>\n\t\t\t\t\t<\/div>\n\t\t<\/div>\n\t\t\t\t\t<\/div>\n\t\t<\/section>\n\t\t\t\t<\/div>","protected":false},"excerpt":{"rendered":"<p>EINLEITUNG Alle unsere Mitglieder werden gebeten, den Ethikkodex der SPJ (Society of Professional Journalism) zu lesen, zu genehmigen und bei der Aus\u00fcbung ihrer T\u00e4tigkeit anzuwenden. Als Mitglied der Society of Professional Journalists glaubt die EUPA, \u201edass die Aufkl\u00e4rung der \u00d6ffentlichkeit der Vorl\u00e4ufer der Gerechtigkeit und die Grundlage der Demokratie ist. Ethischer Journalismus strebt danach, sicherzustellen \u2026 <a title=\"Ethikkodex\" class=\"read-more\" href=\"https:\/\/eupa.uk\/de\/rules\/code-of-ethics\/\" aria-label=\"Weitere Informationen \u00fcber Code of Ethics\">Weiterlesen<\/a><\/p>","protected":false},"author":1,"featured_media":0,"parent":3062,"menu_order":1,"comment_status":"closed","ping_status":"closed","template":"","meta":{"footnotes":""},"class_list":["post-4906","page","type-page","status-publish"],"_links":{"self":[{"href":"https:\/\/eupa.uk\/de\/wp-json\/wp\/v2\/pages\/4906","targetHints":{"allow":["GET"]}}],"collection":[{"href":"https:\/\/eupa.uk\/de\/wp-json\/wp\/v2\/pages"}],"about":[{"href":"https:\/\/eupa.uk\/de\/wp-json\/wp\/v2\/types\/page"}],"author":[{"embeddable":true,"href":"https:\/\/eupa.uk\/de\/wp-json\/wp\/v2\/users\/1"}],"replies":[{"embeddable":true,"href":"https:\/\/eupa.uk\/de\/wp-json\/wp\/v2\/comments?post=4906"}],"version-history":[{"count":0,"href":"https:\/\/eupa.uk\/de\/wp-json\/wp\/v2\/pages\/4906\/revisions"}],"up":[{"embeddable":true,"href":"https:\/\/eupa.uk\/de\/wp-json\/wp\/v2\/pages\/3062"}],"wp:attachment":[{"href":"https:\/\/eupa.uk\/de\/wp-json\/wp\/v2\/media?parent=4906"}],"curies":[{"name":"wp","href":"https:\/\/api.w.org\/{rel}","templated":true}]}}