{"id":4914,"date":"2021-04-19T16:20:07","date_gmt":"2021-04-19T16:20:07","guid":{"rendered":"https:\/\/eupa.agency\/?page_id=4914"},"modified":"2022-03-10T11:23:31","modified_gmt":"2022-03-10T11:23:31","slug":"edition","status":"publish","type":"page","link":"https:\/\/eupa.uk\/de\/rules\/edition\/","title":{"rendered":"Auflage"},"content":{"rendered":"<div data-elementor-type=\"wp-page\" data-elementor-id=\"4914\" class=\"elementor elementor-4914\" data-elementor-post-type=\"page\">\n\t\t\t\t\t\t<section class=\"elementor-section elementor-top-section elementor-element elementor-element-ad26532 elementor-section-boxed elementor-section-height-default elementor-section-height-default\" data-id=\"ad26532\" data-element_type=\"section\">\n\t\t\t\t\t\t<div class=\"elementor-container elementor-column-gap-default\">\n\t\t\t\t\t<div class=\"elementor-column elementor-col-100 elementor-top-column elementor-element elementor-element-2e0a5a5\" data-id=\"2e0a5a5\" data-element_type=\"column\">\n\t\t\t<div class=\"elementor-widget-wrap elementor-element-populated\">\n\t\t\t\t\t\t<div class=\"elementor-element elementor-element-29850be elementor-widget elementor-widget-text-editor\" data-id=\"29850be\" data-element_type=\"widget\" data-widget_type=\"text-editor.default\">\n\t\t\t\t<div class=\"elementor-widget-container\">\n\t\t\t\t\t\t\t\t\t<p>Die EUPA bietet ihren Mitgliedern \u00fcber ihre spezielle Content-Plattform die M\u00f6glichkeit, ihre Arbeiten schnell und unkompliziert zu ver\u00f6ffentlichen und zu verkaufen: <a href=\"https:\/\/www.eupa.store\" target=\"_blank\" rel=\"noopener\">WWW.EUPA.STORE<\/a><\/p><p>Das Redaktionssystem ist einfach zu bedienen und erfordert keine besonderen Programmierkenntnisse \u2013 grundlegende Computerkenntnisse und eine Internetverbindung gen\u00fcgen. Es erm\u00f6glicht das Hochladen von Fotos, Videos und Texten.<\/p><p>Die Plattform kann sogar mit unserer App verbunden werden, sodass jedes EUPA-Mitglied mit Konto an Veranstaltungen teilnehmen und diese live \u00fcbertragen und daf\u00fcr Geld verdienen kann. Dank seiner Mitglieder auf der ganzen Welt sorgt die EUPA f\u00fcr internationale Medien- und Presseberichterstattung.<\/p><p><strong>Alle Vorteile des Redaktionssystems auf einen Blick:<\/strong><\/p><ul><li>Dokumentation Ihrer gesamten journalistischen Arbeit<\/li><li>Verschiedene unmittelbare Einnahmequellen (Kommerzialisierung von Inhalten und Berichterstattung \u00fcber Veranstaltungen)<\/li><li>Publikationsnachweis, hilfreich bei umfangreichen Forschungs- und Akkreditierungsprozessen<\/li><li>Marketing-M\u00f6glichkeiten<\/li><\/ul>\t\t\t\t\t\t\t\t<\/div>\n\t\t\t\t<\/div>\n\t\t\t\t\t<\/div>\n\t\t<\/div>\n\t\t\t\t\t<\/div>\n\t\t<\/section>\n\t\t\t\t<\/div>","protected":false},"excerpt":{"rendered":"<p>Die EUPA bietet ihren Mitgliedern die M\u00f6glichkeit, ihre Arbeiten schnell und unkompliziert \u00fcber ihre eigene Content-Plattform zu ver\u00f6ffentlichen und zu verkaufen: WWW.EUPA.STORE. Das Redaktionssystem ist einfach zu bedienen und erfordert keine besonderen Programmierkenntnisse \u2013 grundlegende Computerkenntnisse und eine Internetverbindung sind alles, was Sie brauchen. Es erm\u00f6glicht Ihnen \u2026 <a title=\"Auflage\" class=\"read-more\" href=\"https:\/\/eupa.uk\/de\/rules\/edition\/\" aria-label=\"Mehr Informationen \u00fcber Edition\">Weiterlesen<\/a><\/p>","protected":false},"author":1,"featured_media":0,"parent":3062,"menu_order":2,"comment_status":"closed","ping_status":"closed","template":"","meta":{"footnotes":""},"class_list":["post-4914","page","type-page","status-publish"],"_links":{"self":[{"href":"https:\/\/eupa.uk\/de\/wp-json\/wp\/v2\/pages\/4914","targetHints":{"allow":["GET"]}}],"collection":[{"href":"https:\/\/eupa.uk\/de\/wp-json\/wp\/v2\/pages"}],"about":[{"href":"https:\/\/eupa.uk\/de\/wp-json\/wp\/v2\/types\/page"}],"author":[{"embeddable":true,"href":"https:\/\/eupa.uk\/de\/wp-json\/wp\/v2\/users\/1"}],"replies":[{"embeddable":true,"href":"https:\/\/eupa.uk\/de\/wp-json\/wp\/v2\/comments?post=4914"}],"version-history":[{"count":0,"href":"https:\/\/eupa.uk\/de\/wp-json\/wp\/v2\/pages\/4914\/revisions"}],"up":[{"embeddable":true,"href":"https:\/\/eupa.uk\/de\/wp-json\/wp\/v2\/pages\/3062"}],"wp:attachment":[{"href":"https:\/\/eupa.uk\/de\/wp-json\/wp\/v2\/media?parent=4914"}],"curies":[{"name":"wp","href":"https:\/\/api.w.org\/{rel}","templated":true}]}}