{"id":81,"date":"2020-05-06T14:53:39","date_gmt":"2020-05-06T14:53:39","guid":{"rendered":"https:\/\/new.deschenaux.me\/?page_id=81"},"modified":"2025-04-08T05:43:51","modified_gmt":"2025-04-08T04:43:51","slug":"news","status":"publish","type":"page","link":"https:\/\/eupa.uk\/de\/news\/","title":{"rendered":"Nachricht"},"content":{"rendered":"<div data-elementor-type=\"wp-page\" data-elementor-id=\"81\" class=\"elementor elementor-81\" data-elementor-post-type=\"page\">\n\t\t\t\t\t\t<section class=\"elementor-section elementor-top-section elementor-element elementor-element-21e54e3 elementor-section-stretched elementor-section-boxed elementor-section-height-default elementor-section-height-default\" data-id=\"21e54e3\" data-element_type=\"section\" data-settings=\"{&quot;stretch_section&quot;:&quot;section-stretched&quot;}\">\n\t\t\t\t\t\t<div class=\"elementor-container elementor-column-gap-default\">\n\t\t\t\t\t<div class=\"elementor-column elementor-col-100 elementor-top-column elementor-element elementor-element-4b6847e\" data-id=\"4b6847e\" data-element_type=\"column\" data-settings=\"{&quot;background_background&quot;:&quot;classic&quot;}\">\n\t\t\t<div class=\"elementor-widget-wrap elementor-element-populated\">\n\t\t\t\t\t\t<div class=\"elementor-element elementor-element-7e24a42 elementor-posts__hover-none elementor-grid-3 elementor-grid-tablet-2 elementor-grid-mobile-1 elementor-posts--thumbnail-top elementor-posts--show-avatar elementor-widget elementor-widget-posts\" data-id=\"7e24a42\" data-element_type=\"widget\" data-settings=\"{&quot;cards_row_gap&quot;:{&quot;unit&quot;:&quot;px&quot;,&quot;size&quot;:14,&quot;sizes&quot;:[]},&quot;cards_columns&quot;:&quot;3&quot;,&quot;cards_columns_tablet&quot;:&quot;2&quot;,&quot;cards_columns_mobile&quot;:&quot;1&quot;,&quot;cards_row_gap_tablet&quot;:{&quot;unit&quot;:&quot;px&quot;,&quot;size&quot;:&quot;&quot;,&quot;sizes&quot;:[]},&quot;cards_row_gap_mobile&quot;:{&quot;unit&quot;:&quot;px&quot;,&quot;size&quot;:&quot;&quot;,&quot;sizes&quot;:[]}}\" data-widget_type=\"posts.cards\">\n\t\t\t\t<div class=\"elementor-widget-container\">\n\t\t\t\t\t\t\t<div class=\"elementor-posts-container elementor-posts elementor-posts--skin-cards elementor-grid\" role=\"list\">\n\t\t\t\t<article class=\"elementor-post elementor-grid-item post-1020 post type-post status-publish format-standard has-post-thumbnail hentry category-news\" role=\"listitem\">\n\t\t\t<div class=\"elementor-post__card\">\n\t\t\t\t<a class=\"elementor-post__thumbnail__link\" href=\"https:\/\/eupa.uk\/de\/news\/eupa-a-new-media-agency\/\" tabindex=\"-1\" ><div class=\"elementor-post__thumbnail\"><img fetchpriority=\"high\" decoding=\"async\" width=\"1200\" height=\"800\" src=\"https:\/\/b2281902.smushcdn.com\/2281902\/wp-content\/uploads\/encounter-founder-eupa.jpg?lossy=1&strip=1&webp=1\" class=\"attachment-full size-full wp-image-4760\" alt=\"\" srcset=\"https:\/\/b2281902.smushcdn.com\/2281902\/wp-content\/uploads\/encounter-founder-eupa.jpg?lossy=1&strip=1&webp=1 1200w, https:\/\/b2281902.smushcdn.com\/2281902\/wp-content\/uploads\/encounter-founder-eupa-300x200.jpg?lossy=1&strip=1&webp=1 300w, https:\/\/b2281902.smushcdn.com\/2281902\/wp-content\/uploads\/encounter-founder-eupa-1024x683.jpg?lossy=1&strip=1&webp=1 1024w, https:\/\/b2281902.smushcdn.com\/2281902\/wp-content\/uploads\/encounter-founder-eupa-768x512.jpg?lossy=1&strip=1&webp=1 768w, https:\/\/b2281902.smushcdn.com\/2281902\/wp-content\/uploads\/encounter-founder-eupa-1536x1024.jpg?lossy=1&strip=1&webp=1 1536w, https:\/\/b2281902.smushcdn.com\/2281902\/wp-content\/uploads\/encounter-founder-eupa-16x12.jpg?lossy=1&strip=1&webp=1 16w, https:\/\/b2281902.smushcdn.com\/2281902\/wp-content\/uploads\/encounter-founder-eupa-600x400.jpg?lossy=1&strip=1&webp=1 600w, https:\/\/b2281902.smushcdn.com\/2281902\/wp-content\/uploads\/encounter-founder-eupa.jpg?size=240x160&lossy=1&strip=1&webp=1 240w, https:\/\/b2281902.smushcdn.com\/2281902\/wp-content\/uploads\/encounter-founder-eupa.jpg?size=480x320&lossy=1&strip=1&webp=1 480w, https:\/\/b2281902.smushcdn.com\/2281902\/wp-content\/uploads\/encounter-founder-eupa.jpg?size=960x640&lossy=1&strip=1&webp=1 960w\" sizes=\"(max-width: 1200px) 100vw, 1200px\" \/><\/div><\/a>\n\t\t\t\t<div class=\"elementor-post__badge\">Nachricht<\/div>\n\t\t\t\t<div class=\"elementor-post__avatar\">\n\t\t\t<img alt='EUPA EUropean Press Agency' data-src='https:\/\/b2281902.smushcdn.com\/2281902\/wp-content\/wphb-cache\/gravatar\/f72\/f7246ccd619e50245a9f1f07511037dfx128.jpg?lossy=1&strip=1&webp=1' data-srcset='https:\/\/eupa.uk\/wp-content\/wphb-cache\/gravatar\/f72\/f7246ccd619e50245a9f1f07511037dfx256.jpg 2x' class='avatar avatar-128 photo lazyload' height='128' width='128' src='data:image\/svg+xml;base64,PHN2ZyB3aWR0aD0iMSIgaGVpZ2h0PSIxIiB4bWxucz0iaHR0cDovL3d3dy53My5vcmcvMjAwMC9zdmciPjwvc3ZnPg==' style='--smush-placeholder-width: 128px; --smush-placeholder-aspect-ratio: 128\/128;' \/>\t\t<\/div>\n\t\t\t\t<div class=\"elementor-post__text\">\n\t\t\t\t<h3 class=\"elementor-post__title\">\n\t\t\t<a href=\"https:\/\/eupa.uk\/de\/news\/eupa-a-new-media-agency\/\" >\n\t\t\t\tEUPA, EINE NEUE MEDIENAGENTUR\t\t\t<\/a>\n\t\t<\/h3>\n\t\t\t\t<div class=\"elementor-post__excerpt\">\n\t\t\t<p>Die globale Medienlandschaft ver\u00e4ndert sich st\u00e4ndig. Die Geschichte der schriftlichen Presse reicht zwar mehrere Jahre zur\u00fcck<\/p>\n\t\t<\/div>\n\t\t\n\t\t<a class=\"elementor-post__read-more\" href=\"https:\/\/eupa.uk\/de\/news\/eupa-a-new-media-agency\/\" aria-label=\"Lesen Sie mehr \u00fcber EUPA, EINE NEUE MEDIENAGENTUR\" tabindex=\"-1\" >\n\t\t\tMehr lesen &quot;\t\t<\/a>\n\n\t\t\t\t<\/div>\n\t\t\t\t\t<\/div>\n\t\t<\/article>\n\t\t\t\t<article class=\"elementor-post elementor-grid-item post-4220 post type-post status-publish format-standard has-post-thumbnail hentry category-news\" role=\"listitem\">\n\t\t\t<div class=\"elementor-post__card\">\n\t\t\t\t<a class=\"elementor-post__thumbnail__link\" href=\"https:\/\/eupa.uk\/de\/news\/why-join-eupa\/\" tabindex=\"-1\" ><div class=\"elementor-post__thumbnail\"><img decoding=\"async\" width=\"1920\" height=\"1280\" data-src=\"https:\/\/b2281902.smushcdn.com\/2281902\/wp-content\/uploads\/lady-typewritter.jpg?lossy=1&strip=1&webp=1\" class=\"attachment-full size-full wp-image-4764 lazyload\" alt=\"\" data-srcset=\"https:\/\/b2281902.smushcdn.com\/2281902\/wp-content\/uploads\/lady-typewritter.jpg?lossy=1&strip=1&webp=1 1920w, https:\/\/b2281902.smushcdn.com\/2281902\/wp-content\/uploads\/lady-typewritter-300x200.jpg?lossy=1&strip=1&webp=1 300w, https:\/\/b2281902.smushcdn.com\/2281902\/wp-content\/uploads\/lady-typewritter-1024x683.jpg?lossy=1&strip=1&webp=1 1024w, https:\/\/b2281902.smushcdn.com\/2281902\/wp-content\/uploads\/lady-typewritter-768x512.jpg?lossy=1&strip=1&webp=1 768w, https:\/\/b2281902.smushcdn.com\/2281902\/wp-content\/uploads\/lady-typewritter-1536x1024.jpg?lossy=1&strip=1&webp=1 1536w, https:\/\/b2281902.smushcdn.com\/2281902\/wp-content\/uploads\/lady-typewritter-16x12.jpg?lossy=1&strip=1&webp=1 16w, https:\/\/b2281902.smushcdn.com\/2281902\/wp-content\/uploads\/lady-typewritter-600x400.jpg?lossy=1&strip=1&webp=1 600w, https:\/\/b2281902.smushcdn.com\/2281902\/wp-content\/uploads\/lady-typewritter.jpg?size=240x160&lossy=1&strip=1&webp=1 240w, https:\/\/b2281902.smushcdn.com\/2281902\/wp-content\/uploads\/lady-typewritter.jpg?size=480x320&lossy=1&strip=1&webp=1 480w, https:\/\/b2281902.smushcdn.com\/2281902\/wp-content\/uploads\/lady-typewritter.jpg?size=960x640&lossy=1&strip=1&webp=1 960w, https:\/\/b2281902.smushcdn.com\/2281902\/wp-content\/uploads\/lady-typewritter.jpg?size=1200x800&lossy=1&strip=1&webp=1 1200w\" data-sizes=\"(max-width: 1920px) 100vw, 1920px\" src=\"data:image\/svg+xml;base64,PHN2ZyB3aWR0aD0iMSIgaGVpZ2h0PSIxIiB4bWxucz0iaHR0cDovL3d3dy53My5vcmcvMjAwMC9zdmciPjwvc3ZnPg==\" style=\"--smush-placeholder-width: 1920px; --smush-placeholder-aspect-ratio: 1920\/1280;\" \/><\/div><\/a>\n\t\t\t\t<div class=\"elementor-post__badge\">Nachricht<\/div>\n\t\t\t\t<div class=\"elementor-post__avatar\">\n\t\t\t<img alt='EUPA EUropean Press Agency' data-src='https:\/\/b2281902.smushcdn.com\/2281902\/wp-content\/wphb-cache\/gravatar\/f72\/f7246ccd619e50245a9f1f07511037dfx128.jpg?lossy=1&strip=1&webp=1' data-srcset='https:\/\/eupa.uk\/wp-content\/wphb-cache\/gravatar\/f72\/f7246ccd619e50245a9f1f07511037dfx256.jpg 2x' class='avatar avatar-128 photo lazyload' height='128' width='128' src='data:image\/svg+xml;base64,PHN2ZyB3aWR0aD0iMSIgaGVpZ2h0PSIxIiB4bWxucz0iaHR0cDovL3d3dy53My5vcmcvMjAwMC9zdmciPjwvc3ZnPg==' style='--smush-placeholder-width: 128px; --smush-placeholder-aspect-ratio: 128\/128;' \/>\t\t<\/div>\n\t\t\t\t<div class=\"elementor-post__text\">\n\t\t\t\t<h3 class=\"elementor-post__title\">\n\t\t\t<a href=\"https:\/\/eupa.uk\/de\/news\/why-join-eupa\/\" >\n\t\t\t\tWarum EUPA beitreten?\t\t\t<\/a>\n\t\t<\/h3>\n\t\t\t\t<div class=\"elementor-post__excerpt\">\n\t\t\t<p>T\u00e4glich finden Hunderte von Veranstaltungen statt. Mit jedem Jahrzehnt nehmen die Menschen immer mehr auf<\/p>\n\t\t<\/div>\n\t\t\n\t\t<a class=\"elementor-post__read-more\" href=\"https:\/\/eupa.uk\/de\/news\/why-join-eupa\/\" aria-label=\"Lesen Sie mehr zum Thema \u201eWarum EUPA beitreten?\u201c\" tabindex=\"-1\" >\n\t\t\tMehr lesen &quot;\t\t<\/a>\n\n\t\t\t\t<\/div>\n\t\t\t\t\t<\/div>\n\t\t<\/article>\n\t\t\t\t<article class=\"elementor-post elementor-grid-item post-4742 post type-post status-publish format-standard has-post-thumbnail hentry category-news\" role=\"listitem\">\n\t\t\t<div class=\"elementor-post__card\">\n\t\t\t\t<a class=\"elementor-post__thumbnail__link\" href=\"https:\/\/eupa.uk\/de\/news\/encounter-with-eupa-founder\/\" tabindex=\"-1\" ><div class=\"elementor-post__thumbnail\"><img decoding=\"async\" width=\"1200\" height=\"800\" data-src=\"https:\/\/b2281902.smushcdn.com\/2281902\/wp-content\/uploads\/Marc_EUPA_Founder.jpg?lossy=1&strip=1&webp=1\" class=\"attachment-full size-full wp-image-4768 lazyload\" alt=\"\" data-srcset=\"https:\/\/b2281902.smushcdn.com\/2281902\/wp-content\/uploads\/Marc_EUPA_Founder.jpg?lossy=1&strip=1&webp=1 1200w, https:\/\/b2281902.smushcdn.com\/2281902\/wp-content\/uploads\/Marc_EUPA_Founder-300x200.jpg?lossy=1&strip=1&webp=1 300w, https:\/\/b2281902.smushcdn.com\/2281902\/wp-content\/uploads\/Marc_EUPA_Founder-1024x683.jpg?lossy=1&strip=1&webp=1 1024w, https:\/\/b2281902.smushcdn.com\/2281902\/wp-content\/uploads\/Marc_EUPA_Founder-768x512.jpg?lossy=1&strip=1&webp=1 768w, https:\/\/b2281902.smushcdn.com\/2281902\/wp-content\/uploads\/Marc_EUPA_Founder-1536x1024.jpg?lossy=1&strip=1&webp=1 1536w, https:\/\/b2281902.smushcdn.com\/2281902\/wp-content\/uploads\/Marc_EUPA_Founder-16x12.jpg?lossy=1&strip=1&webp=1 16w, https:\/\/b2281902.smushcdn.com\/2281902\/wp-content\/uploads\/Marc_EUPA_Founder-600x400.jpg?lossy=1&strip=1&webp=1 600w, https:\/\/b2281902.smushcdn.com\/2281902\/wp-content\/uploads\/Marc_EUPA_Founder.jpg?size=240x160&lossy=1&strip=1&webp=1 240w, https:\/\/b2281902.smushcdn.com\/2281902\/wp-content\/uploads\/Marc_EUPA_Founder.jpg?size=480x320&lossy=1&strip=1&webp=1 480w, https:\/\/b2281902.smushcdn.com\/2281902\/wp-content\/uploads\/Marc_EUPA_Founder.jpg?size=960x640&lossy=1&strip=1&webp=1 960w\" data-sizes=\"(max-width: 1200px) 100vw, 1200px\" src=\"data:image\/svg+xml;base64,PHN2ZyB3aWR0aD0iMSIgaGVpZ2h0PSIxIiB4bWxucz0iaHR0cDovL3d3dy53My5vcmcvMjAwMC9zdmciPjwvc3ZnPg==\" style=\"--smush-placeholder-width: 1200px; --smush-placeholder-aspect-ratio: 1200\/800;\" \/><\/div><\/a>\n\t\t\t\t<div class=\"elementor-post__badge\">Nachricht<\/div>\n\t\t\t\t<div class=\"elementor-post__avatar\">\n\t\t\t<img alt='EUPA EUropean Press Agency' data-src='https:\/\/b2281902.smushcdn.com\/2281902\/wp-content\/wphb-cache\/gravatar\/f72\/f7246ccd619e50245a9f1f07511037dfx128.jpg?lossy=1&strip=1&webp=1' data-srcset='https:\/\/eupa.uk\/wp-content\/wphb-cache\/gravatar\/f72\/f7246ccd619e50245a9f1f07511037dfx256.jpg 2x' class='avatar avatar-128 photo lazyload' height='128' width='128' src='data:image\/svg+xml;base64,PHN2ZyB3aWR0aD0iMSIgaGVpZ2h0PSIxIiB4bWxucz0iaHR0cDovL3d3dy53My5vcmcvMjAwMC9zdmciPjwvc3ZnPg==' style='--smush-placeholder-width: 128px; --smush-placeholder-aspect-ratio: 128\/128;' \/>\t\t<\/div>\n\t\t\t\t<div class=\"elementor-post__text\">\n\t\t\t\t<h3 class=\"elementor-post__title\">\n\t\t\t<a href=\"https:\/\/eupa.uk\/de\/news\/encounter-with-eupa-founder\/\" >\n\t\t\t\tBegegnung mit dem EUPA-Gr\u00fcnder\t\t\t<\/a>\n\t\t<\/h3>\n\t\t\t\t<div class=\"elementor-post__excerpt\">\n\t\t\t<p>Eine Begegnung mit Marc DESCHENAUX, Gr\u00fcnder der Europ\u00e4ischen Presseagentur EUPA Zun\u00e4chst, warum haben Sie sich entschieden<\/p>\n\t\t<\/div>\n\t\t\n\t\t<a class=\"elementor-post__read-more\" href=\"https:\/\/eupa.uk\/de\/news\/encounter-with-eupa-founder\/\" aria-label=\"Lesen Sie mehr \u00fcber die Begegnung mit dem EUPA-Gr\u00fcnder\" tabindex=\"-1\" >\n\t\t\tMehr lesen &quot;\t\t<\/a>\n\n\t\t\t\t<\/div>\n\t\t\t\t\t<\/div>\n\t\t<\/article>\n\t\t\t\t<article class=\"elementor-post elementor-grid-item post-6201 post type-post status-publish format-standard has-post-thumbnail hentry category-news\" role=\"listitem\">\n\t\t\t<div class=\"elementor-post__card\">\n\t\t\t\t<a class=\"elementor-post__thumbnail__link\" href=\"https:\/\/eupa.uk\/de\/news\/european-press-agency-appoints-ms-esther-djendoubi-as-new-chief-executive-officer\/\" tabindex=\"-1\" ><div class=\"elementor-post__thumbnail\"><img decoding=\"async\" width=\"750\" height=\"500\" data-src=\"https:\/\/b2281902.smushcdn.com\/2281902\/wp-content\/uploads\/EUPA_Press-Release-2.jpg?lossy=1&strip=1&webp=1\" class=\"attachment-full size-full wp-image-6222 lazyload\" alt=\"\" data-srcset=\"https:\/\/b2281902.smushcdn.com\/2281902\/wp-content\/uploads\/EUPA_Press-Release-2.jpg?lossy=1&strip=1&webp=1 750w, https:\/\/b2281902.smushcdn.com\/2281902\/wp-content\/uploads\/EUPA_Press-Release-2-300x200.jpg?lossy=1&strip=1&webp=1 300w, https:\/\/b2281902.smushcdn.com\/2281902\/wp-content\/uploads\/EUPA_Press-Release-2-18x12.jpg?lossy=1&strip=1&webp=1 18w, https:\/\/b2281902.smushcdn.com\/2281902\/wp-content\/uploads\/EUPA_Press-Release-2-600x400.jpg?lossy=1&strip=1&webp=1 600w, https:\/\/b2281902.smushcdn.com\/2281902\/wp-content\/uploads\/EUPA_Press-Release-2.jpg?size=240x160&lossy=1&strip=1&webp=1 240w, https:\/\/b2281902.smushcdn.com\/2281902\/wp-content\/uploads\/EUPA_Press-Release-2.jpg?size=480x320&lossy=1&strip=1&webp=1 480w\" data-sizes=\"(max-width: 750px) 100vw, 750px\" src=\"data:image\/svg+xml;base64,PHN2ZyB3aWR0aD0iMSIgaGVpZ2h0PSIxIiB4bWxucz0iaHR0cDovL3d3dy53My5vcmcvMjAwMC9zdmciPjwvc3ZnPg==\" style=\"--smush-placeholder-width: 750px; --smush-placeholder-aspect-ratio: 750\/500;\" \/><\/div><\/a>\n\t\t\t\t<div class=\"elementor-post__badge\">Nachricht<\/div>\n\t\t\t\t<div class=\"elementor-post__avatar\">\n\t\t\t<img alt='EUPA EUropean Press Agency' data-src='https:\/\/b2281902.smushcdn.com\/2281902\/wp-content\/wphb-cache\/gravatar\/f72\/f7246ccd619e50245a9f1f07511037dfx128.jpg?lossy=1&strip=1&webp=1' data-srcset='https:\/\/eupa.uk\/wp-content\/wphb-cache\/gravatar\/f72\/f7246ccd619e50245a9f1f07511037dfx256.jpg 2x' class='avatar avatar-128 photo lazyload' height='128' width='128' src='data:image\/svg+xml;base64,PHN2ZyB3aWR0aD0iMSIgaGVpZ2h0PSIxIiB4bWxucz0iaHR0cDovL3d3dy53My5vcmcvMjAwMC9zdmciPjwvc3ZnPg==' style='--smush-placeholder-width: 128px; --smush-placeholder-aspect-ratio: 128\/128;' \/>\t\t<\/div>\n\t\t\t\t<div class=\"elementor-post__text\">\n\t\t\t\t<h3 class=\"elementor-post__title\">\n\t\t\t<a href=\"https:\/\/eupa.uk\/de\/news\/european-press-agency-appoints-ms-esther-djendoubi-as-new-chief-executive-officer\/\" >\n\t\t\t\tEurop\u00e4ische Presseagentur ernennt Esther Djendoubi zur neuen Gesch\u00e4ftsf\u00fchrerin\t\t\t<\/a>\n\t\t<\/h3>\n\t\t\t\t<div class=\"elementor-post__excerpt\">\n\t\t\t<p>FOR IMMEDIATE RELEASE London, United Kingdom \u2013 April 7th, 2025 \u2013 The Board of Directors of the<\/p>\n\t\t<\/div>\n\t\t\n\t\t<a class=\"elementor-post__read-more\" href=\"https:\/\/eupa.uk\/de\/news\/european-press-agency-appoints-ms-esther-djendoubi-as-new-chief-executive-officer\/\" aria-label=\"Read more about European Press Agency Appoints Ms. Esther Djendoubi as New Chief Executive Officer\" tabindex=\"-1\" >\n\t\t\tMehr lesen &quot;\t\t<\/a>\n\n\t\t\t\t<\/div>\n\t\t\t\t\t<\/div>\n\t\t<\/article>\n\t\t\t\t<\/div>\n\t\t\n\t\t\t\t\t\t<\/div>\n\t\t\t\t<\/div>\n\t\t\t\t\t<\/div>\n\t\t<\/div>\n\t\t\t\t\t<\/div>\n\t\t<\/section>\n\t\t\t\t<\/div>","protected":false},"excerpt":{"rendered":"","protected":false},"author":1,"featured_media":0,"parent":0,"menu_order":20,"comment_status":"closed","ping_status":"closed","template":"","meta":{"footnotes":""},"class_list":["post-81","page","type-page","status-publish","hentry"],"_links":{"self":[{"href":"https:\/\/eupa.uk\/de\/wp-json\/wp\/v2\/pages\/81","targetHints":{"allow":["GET"]}}],"collection":[{"href":"https:\/\/eupa.uk\/de\/wp-json\/wp\/v2\/pages"}],"about":[{"href":"https:\/\/eupa.uk\/de\/wp-json\/wp\/v2\/types\/page"}],"author":[{"embeddable":true,"href":"https:\/\/eupa.uk\/de\/wp-json\/wp\/v2\/users\/1"}],"replies":[{"embeddable":true,"href":"https:\/\/eupa.uk\/de\/wp-json\/wp\/v2\/comments?post=81"}],"version-history":[{"count":0,"href":"https:\/\/eupa.uk\/de\/wp-json\/wp\/v2\/pages\/81\/revisions"}],"wp:attachment":[{"href":"https:\/\/eupa.uk\/de\/wp-json\/wp\/v2\/media?parent=81"}],"curies":[{"name":"wp","href":"https:\/\/api.w.org\/{rel}","templated":true}]}}