{"id":83,"date":"2020-05-06T14:53:32","date_gmt":"2020-05-06T14:53:32","guid":{"rendered":"https:\/\/new.deschenaux.me\/?page_id=83"},"modified":"2021-04-21T17:08:53","modified_gmt":"2021-04-21T17:08:53","slug":"team","status":"publish","type":"page","link":"https:\/\/eupa.uk\/de\/team\/","title":{"rendered":"Team"},"content":{"rendered":"<div data-elementor-type=\"wp-page\" data-elementor-id=\"83\" class=\"elementor elementor-83\" data-elementor-post-type=\"page\">\n\t\t\t\t\t\t<section class=\"elementor-section elementor-top-section elementor-element elementor-element-65d2e74c elementor-section-content-middle elementor-section-stretched elementor-section-boxed elementor-section-height-default elementor-section-height-default\" data-id=\"65d2e74c\" data-element_type=\"section\" data-settings=\"{&quot;stretch_section&quot;:&quot;section-stretched&quot;,&quot;background_background&quot;:&quot;classic&quot;}\">\n\t\t\t\t\t\t<div class=\"elementor-container elementor-column-gap-narrow\">\n\t\t\t\t\t<div class=\"elementor-column elementor-col-100 elementor-top-column elementor-element elementor-element-2d50462\" data-id=\"2d50462\" data-element_type=\"column\">\n\t\t\t<div class=\"elementor-widget-wrap elementor-element-populated\">\n\t\t\t\t\t\t<div class=\"elementor-element elementor-element-c67c9b0 elementor-posts--align-center elementor-grid-3 elementor-grid-tablet-2 elementor-grid-mobile-1 elementor-posts--thumbnail-top elementor-widget elementor-widget-posts\" data-id=\"c67c9b0\" data-element_type=\"widget\" data-settings=\"{&quot;classic_columns&quot;:&quot;3&quot;,&quot;classic_columns_tablet&quot;:&quot;2&quot;,&quot;classic_columns_mobile&quot;:&quot;1&quot;,&quot;classic_row_gap&quot;:{&quot;unit&quot;:&quot;px&quot;,&quot;size&quot;:35,&quot;sizes&quot;:[]},&quot;classic_row_gap_tablet&quot;:{&quot;unit&quot;:&quot;px&quot;,&quot;size&quot;:&quot;&quot;,&quot;sizes&quot;:[]},&quot;classic_row_gap_mobile&quot;:{&quot;unit&quot;:&quot;px&quot;,&quot;size&quot;:&quot;&quot;,&quot;sizes&quot;:[]}}\" data-widget_type=\"posts.classic\">\n\t\t\t\t<div class=\"elementor-widget-container\">\n\t\t\t\t\t\t\t<div class=\"elementor-posts-container elementor-posts elementor-posts--skin-classic elementor-grid\" role=\"list\">\n\t\t\t\t<article class=\"elementor-post elementor-grid-item post-2791 post type-post status-publish format-standard has-post-thumbnail hentry category-team\" role=\"listitem\">\n\t\t\t\t<a class=\"elementor-post__thumbnail__link\" href=\"https:\/\/eupa.uk\/de\/team\/marc-deschenaux\/\" tabindex=\"-1\" >\n\t\t\t<div class=\"elementor-post__thumbnail\"><img fetchpriority=\"high\" decoding=\"async\" width=\"290\" height=\"290\" src=\"https:\/\/b2281902.smushcdn.com\/2281902\/wp-content\/uploads\/pep-md.jpg?lossy=1&strip=1&webp=1\" class=\"attachment-large size-large wp-image-2802\" alt=\"Marc Deschenaux\" srcset=\"https:\/\/b2281902.smushcdn.com\/2281902\/wp-content\/uploads\/pep-md.jpg?lossy=1&strip=1&webp=1 290w, https:\/\/b2281902.smushcdn.com\/2281902\/wp-content\/uploads\/pep-md-150x150.jpg?lossy=1&strip=1&webp=1 150w, https:\/\/b2281902.smushcdn.com\/2281902\/wp-content\/uploads\/pep-md-100x100.jpg?lossy=1&strip=1&webp=1 100w, https:\/\/b2281902.smushcdn.com\/2281902\/wp-content\/uploads\/pep-md.jpg?size=240x240&lossy=1&strip=1&webp=1 240w\" sizes=\"(max-width: 290px) 100vw, 290px\" \/><\/div>\n\t\t<\/a>\n\t\t\t\t<div class=\"elementor-post__text\">\n\t\t\t\t<h3 class=\"elementor-post__title\">\n\t\t\t<a href=\"https:\/\/eupa.uk\/de\/team\/marc-deschenaux\/\" >\n\t\t\t\tMarc Deschenaux\t\t\t<\/a>\n\t\t<\/h3>\n\t\t\t\t<div class=\"elementor-post__excerpt\">\n\t\t\t<h3 style=\"color:#ffffff;\"><u>Gr\u00fcnder<\/u><\/h3>\n<p style=\"text-align:justify;\">\nMarc Deschenaux ist ein weltweiter Experte f\u00fcr Unternehmensfinanzierung, von privaten Angeboten bis hin zu B\u00f6rseng\u00e4ngen (IPOs). Er hat f\u00fcr Unternehmen auf der ganzen Welt privates und \u00f6ffentliches Eigenkapital und Fremdkapital beschafft. Au\u00dferdem hat er verschiedene Arten von\u2026 finanziert.<\/p>\n<p>&nbsp;<br \/>\n<a class=\"elementor-icon elementor-social-icon elementor-social-icon-linkedin elementor-repeater-item-c605892\" href=\"https:\/\/www.linkedin.com\/in\/marcdeschenaux\/\" target=\"_blank\" rel=\"noopener noreferrer\"><i class=\"fab fa-linkedin\"><\/i><\/a><\/p>\n\t\t<\/div>\n\t\t\n\t\t<a class=\"elementor-post__read-more\" href=\"https:\/\/eupa.uk\/de\/team\/marc-deschenaux\/\" aria-label=\"Lesen Sie mehr \u00fcber Marc Deschenaux\" tabindex=\"-1\" >\n\t\t\tMehr wissen &quot;\t\t<\/a>\n\n\t\t\t\t<\/div>\n\t\t\t\t<\/article>\n\t\t\t\t<article class=\"elementor-post elementor-grid-item post-4505 post type-post status-publish format-standard has-post-thumbnail hentry category-team\" role=\"listitem\">\n\t\t\t\t<a class=\"elementor-post__thumbnail__link\" href=\"https:\/\/eupa.uk\/de\/team\/marie-majkowiez\/\" tabindex=\"-1\" >\n\t\t\t<div class=\"elementor-post__thumbnail\"><img decoding=\"async\" width=\"290\" height=\"290\" data-src=\"https:\/\/b2281902.smushcdn.com\/2281902\/wp-content\/uploads\/marie-m.jpg?lossy=1&strip=1&webp=1\" class=\"attachment-large size-large wp-image-4513 lazyload\" alt=\"\" data-srcset=\"https:\/\/b2281902.smushcdn.com\/2281902\/wp-content\/uploads\/marie-m.jpg?lossy=1&strip=1&webp=1 290w, https:\/\/b2281902.smushcdn.com\/2281902\/wp-content\/uploads\/marie-m-150x150.jpg?lossy=1&strip=1&webp=1 150w, https:\/\/b2281902.smushcdn.com\/2281902\/wp-content\/uploads\/marie-m-12x12.jpg?lossy=1&strip=1&webp=1 12w, https:\/\/b2281902.smushcdn.com\/2281902\/wp-content\/uploads\/marie-m-100x100.jpg?lossy=1&strip=1&webp=1 100w, https:\/\/b2281902.smushcdn.com\/2281902\/wp-content\/uploads\/marie-m.jpg?size=240x240&lossy=1&strip=1&webp=1 240w\" data-sizes=\"(max-width: 290px) 100vw, 290px\" src=\"data:image\/svg+xml;base64,PHN2ZyB3aWR0aD0iMSIgaGVpZ2h0PSIxIiB4bWxucz0iaHR0cDovL3d3dy53My5vcmcvMjAwMC9zdmciPjwvc3ZnPg==\" style=\"--smush-placeholder-width: 290px; --smush-placeholder-aspect-ratio: 290\/290;\" \/><\/div>\n\t\t<\/a>\n\t\t\t\t<div class=\"elementor-post__text\">\n\t\t\t\t<h3 class=\"elementor-post__title\">\n\t\t\t<a href=\"https:\/\/eupa.uk\/de\/team\/marie-majkowiez\/\" >\n\t\t\t\tMarie-Luise Maier\t\t\t<\/a>\n\t\t<\/h3>\n\t\t\t\t<div class=\"elementor-post__excerpt\">\n\t\t\t<h3 style=\"color:#ffffff;\"><u>Leiter Kommunikation<\/u><\/h3>\n<p style=\"text-align:justify;\">\nMarie ist Kommunikationsspezialistin, Content-Autorin und Projektmanagerin mit finanziellem Hintergrund. Sie absolvierte ein Marketing- und Kommunikationsstudium an der CEFCO, Lausanne, Schweiz\u2026<\/p>\n<p>&nbsp;<br \/>\n<a class=\"elementor-icon elementor-social-icon elementor-social-icon-linkedin elementor-repeater-item-c605892\" href=\"https:\/\/www.linkedin.com\/in\/marie-majkowiez-251ba08\/\" target=\"_blank\" rel=\"noopener noreferrer\"><i class=\"fab fa-linkedin\"><\/i><\/a><\/p>\n\t\t<\/div>\n\t\t\n\t\t<a class=\"elementor-post__read-more\" href=\"https:\/\/eupa.uk\/de\/team\/marie-majkowiez\/\" aria-label=\"Lesen Sie mehr \u00fcber Marie Majkowiez\" tabindex=\"-1\" >\n\t\t\tMehr wissen &quot;\t\t<\/a>\n\n\t\t\t\t<\/div>\n\t\t\t\t<\/article>\n\t\t\t\t<article class=\"elementor-post elementor-grid-item post-5752 post type-post status-publish format-standard has-post-thumbnail hentry category-team\" role=\"listitem\">\n\t\t\t\t<a class=\"elementor-post__thumbnail__link\" href=\"https:\/\/eupa.uk\/de\/team\/lyndsey-barber\/\" tabindex=\"-1\" >\n\t\t\t<div class=\"elementor-post__thumbnail\"><img decoding=\"async\" width=\"500\" height=\"500\" data-src=\"https:\/\/b2281902.smushcdn.com\/2281902\/wp-content\/uploads\/Lyndsey.jpg?lossy=1&strip=1&webp=1\" class=\"attachment-large size-large wp-image-5754 lazyload\" alt=\"Lyndsey\" data-srcset=\"https:\/\/b2281902.smushcdn.com\/2281902\/wp-content\/uploads\/Lyndsey.jpg?lossy=1&strip=1&webp=1 500w, https:\/\/b2281902.smushcdn.com\/2281902\/wp-content\/uploads\/Lyndsey-300x300.jpg?lossy=1&strip=1&webp=1 300w, https:\/\/b2281902.smushcdn.com\/2281902\/wp-content\/uploads\/Lyndsey-150x150.jpg?lossy=1&strip=1&webp=1 150w, https:\/\/b2281902.smushcdn.com\/2281902\/wp-content\/uploads\/Lyndsey-12x12.jpg?lossy=1&strip=1&webp=1 12w, https:\/\/b2281902.smushcdn.com\/2281902\/wp-content\/uploads\/Lyndsey-100x100.jpg?lossy=1&strip=1&webp=1 100w, https:\/\/b2281902.smushcdn.com\/2281902\/wp-content\/uploads\/Lyndsey.jpg?size=240x240&lossy=1&strip=1&webp=1 240w\" data-sizes=\"(max-width: 500px) 100vw, 500px\" src=\"data:image\/svg+xml;base64,PHN2ZyB3aWR0aD0iMSIgaGVpZ2h0PSIxIiB4bWxucz0iaHR0cDovL3d3dy53My5vcmcvMjAwMC9zdmciPjwvc3ZnPg==\" style=\"--smush-placeholder-width: 500px; --smush-placeholder-aspect-ratio: 500\/500;\" \/><\/div>\n\t\t<\/a>\n\t\t\t\t<div class=\"elementor-post__text\">\n\t\t\t\t<h3 class=\"elementor-post__title\">\n\t\t\t<a href=\"https:\/\/eupa.uk\/de\/team\/lyndsey-barber\/\" >\n\t\t\t\tLyndsey Barber\t\t\t<\/a>\n\t\t<\/h3>\n\t\t\t\t<div class=\"elementor-post__excerpt\">\n\t\t\t<h3 style=\"color:#ffffff;\"><u>Partner<\/u><\/h3>\n<p style=\"text-align:justify;\">\nLyndsey ist eine schottische Anw\u00e4ltin mit Erfahrung im Straf- und Zivilrecht.<br \/>\nSie ist derzeit in ganz Schottland an Kriminalf\u00e4llen beteiligt. Sie hat mit verschiedenen\u2026 zusammengearbeitet.<\/p>\n<p>&nbsp;<br \/>\n<a class=\"elementor-icon elementor-social-icon elementor-social-icon-linkedin elementor-repeater-item-c605892\" href=\"https:\/\/www.linkedin.com\/in\/lyndsey-barber-24025331\/\" target=\"_blank\" rel=\"noopener noreferrer\"><i class=\"fab fa-linkedin\"><\/i><\/a><\/p>\n\t\t<\/div>\n\t\t\n\t\t<a class=\"elementor-post__read-more\" href=\"https:\/\/eupa.uk\/de\/team\/lyndsey-barber\/\" aria-label=\"Lesen Sie mehr \u00fcber Lyndsey Barber\" tabindex=\"-1\" >\n\t\t\tMehr wissen &quot;\t\t<\/a>\n\n\t\t\t\t<\/div>\n\t\t\t\t<\/article>\n\t\t\t\t<article class=\"elementor-post elementor-grid-item post-5994 post type-post status-publish format-standard has-post-thumbnail hentry category-team\" role=\"listitem\">\n\t\t\t\t<a class=\"elementor-post__thumbnail__link\" href=\"https:\/\/eupa.uk\/de\/team\/anna-budnikova\/\" tabindex=\"-1\" >\n\t\t\t<div class=\"elementor-post__thumbnail\"><img decoding=\"async\" width=\"290\" height=\"290\" data-src=\"https:\/\/b2281902.smushcdn.com\/2281902\/wp-content\/uploads\/Anna_Budnikova.jpg?lossy=1&strip=1&webp=1\" class=\"attachment-large size-large wp-image-5997 lazyload\" alt=\"Anna Budnikova\" data-srcset=\"https:\/\/b2281902.smushcdn.com\/2281902\/wp-content\/uploads\/Anna_Budnikova.jpg?lossy=1&strip=1&webp=1 290w, https:\/\/b2281902.smushcdn.com\/2281902\/wp-content\/uploads\/Anna_Budnikova-150x150.jpg?lossy=1&strip=1&webp=1 150w, https:\/\/b2281902.smushcdn.com\/2281902\/wp-content\/uploads\/Anna_Budnikova-12x12.jpg?lossy=1&strip=1&webp=1 12w, https:\/\/b2281902.smushcdn.com\/2281902\/wp-content\/uploads\/Anna_Budnikova-100x100.jpg?lossy=1&strip=1&webp=1 100w, https:\/\/b2281902.smushcdn.com\/2281902\/wp-content\/uploads\/Anna_Budnikova.jpg?size=240x240&lossy=1&strip=1&webp=1 240w\" data-sizes=\"(max-width: 290px) 100vw, 290px\" src=\"data:image\/svg+xml;base64,PHN2ZyB3aWR0aD0iMSIgaGVpZ2h0PSIxIiB4bWxucz0iaHR0cDovL3d3dy53My5vcmcvMjAwMC9zdmciPjwvc3ZnPg==\" style=\"--smush-placeholder-width: 290px; --smush-placeholder-aspect-ratio: 290\/290;\" \/><\/div>\n\t\t<\/a>\n\t\t\t\t<div class=\"elementor-post__text\">\n\t\t\t\t<h3 class=\"elementor-post__title\">\n\t\t\t<a href=\"https:\/\/eupa.uk\/de\/team\/anna-budnikova\/\" >\n\t\t\t\tAnna Budnikowa\t\t\t<\/a>\n\t\t<\/h3>\n\t\t\t\t<div class=\"elementor-post__excerpt\">\n\t\t\t<h3 style=\"color:#ffffff;\"><u>Partner<\/u><\/h3>\n<p style=\"text-align:justify;\">\nMarketingspezialist mit TV-Produktions- und Journalismus-Hintergrund. Entwickelte TV-Sendungen f\u00fcr staatliche und private Fernsehsender. Besitzt zwei Master-Abschl\u00fcsse in\u2026<\/p>\n<p>&nbsp;<br \/>\n<a class=\"elementor-icon elementor-social-icon elementor-social-icon-linkedin elementor-repeater-item-c605892\" href=\"https:\/\/www.linkedin.com\/in\/annabudnikova\/\" target=\"_blank\" rel=\"noopener noreferrer\"><i class=\"fab fa-linkedin\"><\/i><\/a><\/p>\n\t\t<\/div>\n\t\t\n\t\t<a class=\"elementor-post__read-more\" href=\"https:\/\/eupa.uk\/de\/team\/anna-budnikova\/\" aria-label=\"Lesen Sie mehr \u00fcber Anna Budnikova\" tabindex=\"-1\" >\n\t\t\tMehr wissen &quot;\t\t<\/a>\n\n\t\t\t\t<\/div>\n\t\t\t\t<\/article>\n\t\t\t\t<article class=\"elementor-post elementor-grid-item post-5761 post type-post status-publish format-standard has-post-thumbnail hentry category-team\" role=\"listitem\">\n\t\t\t\t<a class=\"elementor-post__thumbnail__link\" href=\"https:\/\/eupa.uk\/de\/team\/phil-plumley\/\" tabindex=\"-1\" >\n\t\t\t<div class=\"elementor-post__thumbnail\"><img decoding=\"async\" width=\"500\" height=\"500\" data-src=\"https:\/\/b2281902.smushcdn.com\/2281902\/wp-content\/uploads\/Phil-Plumley.jpg?lossy=1&strip=1&webp=1\" class=\"attachment-large size-large wp-image-5762 lazyload\" alt=\"Phil Plumley\" data-srcset=\"https:\/\/b2281902.smushcdn.com\/2281902\/wp-content\/uploads\/Phil-Plumley.jpg?lossy=1&strip=1&webp=1 500w, https:\/\/b2281902.smushcdn.com\/2281902\/wp-content\/uploads\/Phil-Plumley-300x300.jpg?lossy=1&strip=1&webp=1 300w, https:\/\/b2281902.smushcdn.com\/2281902\/wp-content\/uploads\/Phil-Plumley-150x150.jpg?lossy=1&strip=1&webp=1 150w, https:\/\/b2281902.smushcdn.com\/2281902\/wp-content\/uploads\/Phil-Plumley-12x12.jpg?lossy=1&strip=1&webp=1 12w, https:\/\/b2281902.smushcdn.com\/2281902\/wp-content\/uploads\/Phil-Plumley-100x100.jpg?lossy=1&strip=1&webp=1 100w, https:\/\/b2281902.smushcdn.com\/2281902\/wp-content\/uploads\/Phil-Plumley.jpg?size=240x240&lossy=1&strip=1&webp=1 240w\" data-sizes=\"(max-width: 500px) 100vw, 500px\" src=\"data:image\/svg+xml;base64,PHN2ZyB3aWR0aD0iMSIgaGVpZ2h0PSIxIiB4bWxucz0iaHR0cDovL3d3dy53My5vcmcvMjAwMC9zdmciPjwvc3ZnPg==\" style=\"--smush-placeholder-width: 500px; --smush-placeholder-aspect-ratio: 500\/500;\" \/><\/div>\n\t\t<\/a>\n\t\t\t\t<div class=\"elementor-post__text\">\n\t\t\t\t<h3 class=\"elementor-post__title\">\n\t\t\t<a href=\"https:\/\/eupa.uk\/de\/team\/phil-plumley\/\" >\n\t\t\t\tPhil Plumley\t\t\t<\/a>\n\t\t<\/h3>\n\t\t\t\t<div class=\"elementor-post__excerpt\">\n\t\t\t<h3 style=\"color:#ffffff;\"><u>Partner<\/u><\/h3>\n<p style=\"text-align:justify;\">\nPhil produziert Inhalte f\u00fcr Podcasts, Medien und andere Medien in Form von Texten, Bildern und Videos. Ein begeisterter Unterst\u00fctzer einer Handvoll NGOs, die sich auf die Ozeane konzentrieren. Eine fr\u00fche Erfahrung in\u2026<\/p>\n<p>&nbsp;<br \/>\n<a class=\"elementor-icon elementor-social-icon elementor-social-icon-linkedin elementor-repeater-item-c605892\" href=\"https:\/\/www.linkedin.com\/in\/phil-plumley-8a4795\/\" target=\"_blank\" rel=\"noopener noreferrer\"><i class=\"fab fa-linkedin\"><\/i><\/a><\/p>\n\t\t<\/div>\n\t\t\n\t\t<a class=\"elementor-post__read-more\" href=\"https:\/\/eupa.uk\/de\/team\/phil-plumley\/\" aria-label=\"Lesen Sie mehr \u00fcber Phil Plumley\" tabindex=\"-1\" >\n\t\t\tMehr wissen &quot;\t\t<\/a>\n\n\t\t\t\t<\/div>\n\t\t\t\t<\/article>\n\t\t\t\t<article class=\"elementor-post elementor-grid-item post-5701 post type-post status-publish format-standard has-post-thumbnail hentry category-team\" role=\"listitem\">\n\t\t\t\t<a class=\"elementor-post__thumbnail__link\" href=\"https:\/\/eupa.uk\/de\/team\/christian-frampton\/\" tabindex=\"-1\" >\n\t\t\t<div class=\"elementor-post__thumbnail\"><img decoding=\"async\" width=\"500\" height=\"500\" data-src=\"https:\/\/b2281902.smushcdn.com\/2281902\/wp-content\/uploads\/Christian_Frampton-SFI.jpg?lossy=1&strip=1&webp=1\" class=\"attachment-large size-large wp-image-5704 lazyload\" alt=\"Christian Frampton\" data-srcset=\"https:\/\/b2281902.smushcdn.com\/2281902\/wp-content\/uploads\/Christian_Frampton-SFI.jpg?lossy=1&strip=1&webp=1 500w, https:\/\/b2281902.smushcdn.com\/2281902\/wp-content\/uploads\/Christian_Frampton-SFI-300x300.jpg?lossy=1&strip=1&webp=1 300w, https:\/\/b2281902.smushcdn.com\/2281902\/wp-content\/uploads\/Christian_Frampton-SFI-150x150.jpg?lossy=1&strip=1&webp=1 150w, https:\/\/b2281902.smushcdn.com\/2281902\/wp-content\/uploads\/Christian_Frampton-SFI-12x12.jpg?lossy=1&strip=1&webp=1 12w, https:\/\/b2281902.smushcdn.com\/2281902\/wp-content\/uploads\/Christian_Frampton-SFI-100x100.jpg?lossy=1&strip=1&webp=1 100w, https:\/\/b2281902.smushcdn.com\/2281902\/wp-content\/uploads\/Christian_Frampton-SFI.jpg?size=240x240&lossy=1&strip=1&webp=1 240w\" data-sizes=\"(max-width: 500px) 100vw, 500px\" src=\"data:image\/svg+xml;base64,PHN2ZyB3aWR0aD0iMSIgaGVpZ2h0PSIxIiB4bWxucz0iaHR0cDovL3d3dy53My5vcmcvMjAwMC9zdmciPjwvc3ZnPg==\" style=\"--smush-placeholder-width: 500px; --smush-placeholder-aspect-ratio: 500\/500;\" \/><\/div>\n\t\t<\/a>\n\t\t\t\t<div class=\"elementor-post__text\">\n\t\t\t\t<h3 class=\"elementor-post__title\">\n\t\t\t<a href=\"https:\/\/eupa.uk\/de\/team\/christian-frampton\/\" >\n\t\t\t\tChristian Frampton\t\t\t<\/a>\n\t\t<\/h3>\n\t\t\t\t<div class=\"elementor-post__excerpt\">\n\t\t\t<h3 style=\"color:#ffffff;\"><u>Partner<\/u><\/h3>\n<p style=\"text-align:justify;\">\nErfahrener gesch\u00e4ftsf\u00fchrender Gesellschafter mit nachweislicher Erfahrung in der Investmentmanagementbranche. Erfahren in den Bereichen Verm\u00f6gensverwaltung, Management, Fusionen und \u00dcbernahmen \u2026<\/p>\n<p>&nbsp;<br \/>\n<a class=\"elementor-icon elementor-social-icon elementor-social-icon-linkedin elementor-repeater-item-c605892\" href=\"https:\/\/www.linkedin.com\/in\/christian-frampton-5b1636121\" target=\"_blank\" rel=\"noopener noreferrer\"><i class=\"fab fa-linkedin\"><\/i><\/a><\/p>\n\t\t<\/div>\n\t\t\n\t\t<a class=\"elementor-post__read-more\" href=\"https:\/\/eupa.uk\/de\/team\/christian-frampton\/\" aria-label=\"Erfahren Sie mehr \u00fcber Christian Frampton\" tabindex=\"-1\" >\n\t\t\tMehr wissen &quot;\t\t<\/a>\n\n\t\t\t\t<\/div>\n\t\t\t\t<\/article>\n\t\t\t\t<\/div>\n\t\t\n\t\t\t\t\t\t<\/div>\n\t\t\t\t<\/div>\n\t\t\t\t\t<\/div>\n\t\t<\/div>\n\t\t\t\t\t<\/div>\n\t\t<\/section>\n\t\t\t\t<\/div>","protected":false},"excerpt":{"rendered":"","protected":false},"author":1,"featured_media":0,"parent":0,"menu_order":24,"comment_status":"closed","ping_status":"closed","template":"","meta":{"footnotes":""},"class_list":["post-83","page","type-page","status-publish","hentry"],"_links":{"self":[{"href":"https:\/\/eupa.uk\/de\/wp-json\/wp\/v2\/pages\/83","targetHints":{"allow":["GET"]}}],"collection":[{"href":"https:\/\/eupa.uk\/de\/wp-json\/wp\/v2\/pages"}],"about":[{"href":"https:\/\/eupa.uk\/de\/wp-json\/wp\/v2\/types\/page"}],"author":[{"embeddable":true,"href":"https:\/\/eupa.uk\/de\/wp-json\/wp\/v2\/users\/1"}],"replies":[{"embeddable":true,"href":"https:\/\/eupa.uk\/de\/wp-json\/wp\/v2\/comments?post=83"}],"version-history":[{"count":0,"href":"https:\/\/eupa.uk\/de\/wp-json\/wp\/v2\/pages\/83\/revisions"}],"wp:attachment":[{"href":"https:\/\/eupa.uk\/de\/wp-json\/wp\/v2\/media?parent=83"}],"curies":[{"name":"wp","href":"https:\/\/api.w.org\/{rel}","templated":true}]}}