{"id":3060,"date":"2021-03-20T10:54:03","date_gmt":"2021-03-20T10:54:03","guid":{"rendered":"https:\/\/eupa.agency\/?page_id=3060"},"modified":"2021-04-20T10:46:34","modified_gmt":"2021-04-20T10:46:34","slug":"vip-press-kit","status":"publish","type":"page","link":"https:\/\/eupa.uk\/es\/vip-press-kit\/","title":{"rendered":"KIT DE PRENSA VIP"},"content":{"rendered":"<div data-elementor-type=\"wp-page\" data-elementor-id=\"3060\" class=\"elementor elementor-3060\" data-elementor-post-type=\"page\">\n\t\t\t\t\t\t<section class=\"elementor-section elementor-top-section elementor-element elementor-element-57222ee elementor-section-stretched elementor-section-boxed elementor-section-height-default elementor-section-height-default\" data-id=\"57222ee\" data-element_type=\"section\" data-settings=\"{&quot;stretch_section&quot;:&quot;section-stretched&quot;}\">\n\t\t\t\t\t\t<div class=\"elementor-container elementor-column-gap-default\">\n\t\t\t\t\t<div class=\"elementor-column elementor-col-100 elementor-top-column elementor-element elementor-element-64a810d\" data-id=\"64a810d\" data-element_type=\"column\">\n\t\t\t<div class=\"elementor-widget-wrap elementor-element-populated\">\n\t\t\t\t\t\t<div class=\"elementor-element elementor-element-d88d2b3 elementor-widget elementor-widget-text-editor\" data-id=\"d88d2b3\" data-element_type=\"widget\" data-widget_type=\"text-editor.default\">\n\t\t\t\t<div class=\"elementor-widget-container\">\n\t\t\t\t\t\t\t\t\t<p>Cada miembro de EUPA recibe un kit de prensa VIP cuando est\u00e1 acreditado, sin ning\u00fan coste adicional. El Press Kit es v\u00e1lido por el a\u00f1o de suscripci\u00f3n y se renueva anualmente con el pago de la tarifa anual del servicio.<\/p>\n<h2>\u00bfQu\u00e9 est\u00e1 incluido en el kit?<\/h2>\n<ul>\n \t<li>Un pase de prensa<\/li>\n \t<li>Una tarjeta de identificaci\u00f3n de prensa<\/li>\n \t<li>Una carta de acreditaci\u00f3n<\/li>\n \t<li>Una identificaci\u00f3n del veh\u00edculo de prensa<\/li>\n<\/ul>\t\t\t\t\t\t\t\t<\/div>\n\t\t\t\t<\/div>\n\t\t\t\t<div class=\"elementor-element elementor-element-924d82f elementor-widget elementor-widget-heading\" data-id=\"924d82f\" data-element_type=\"widget\" data-widget_type=\"heading.default\">\n\t\t\t\t<div class=\"elementor-widget-container\">\n\t\t\t\t\t<h2 class=\"elementor-heading-title elementor-size-default\">INFORMACI\u00d3N GENERAL SOBRE EL DOCUMENTO DE PRENSA DE EUPA<\/h2>\t\t\t\t<\/div>\n\t\t\t\t<\/div>\n\t\t\t\t<div class=\"elementor-element elementor-element-a11af69 elementor-widget elementor-widget-text-editor\" data-id=\"a11af69\" data-element_type=\"widget\" data-widget_type=\"text-editor.default\">\n\t\t\t\t<div class=\"elementor-widget-container\">\n\t\t\t\t\t\t\t\t\t<p>Nuestro kit de prensa es una herramienta importante para los productores de contenido de calidad profesional a tiempo completo y parcial. Les permite identificarse ante agencias, autoridades, organizadores de eventos y empresas. Los documentos del kit de prensa identifican a su propietario como periodista profesional, lo que resulta de gran ayuda a la hora de realizar una investigaci\u00f3n en profundidad. Un Press Kit facilita el acceso a eventos, \u00e1reas bloqueadas y variedad de informaci\u00f3n. A los periodistas que desean ser agregados a una lista de correo de medios o participar en una conferencia de prensa a menudo se les solicita prueba de su ocupaci\u00f3n period\u00edstica, lo cual nuestro kit de prensa certifica. Agencias, organizadores y empresas pueden verificar f\u00e1cilmente si alguien es realmente periodista o no.<\/p>\t\t\t\t\t\t\t\t<\/div>\n\t\t\t\t<\/div>\n\t\t\t\t<div class=\"elementor-element elementor-element-3f09363 elementor-widget elementor-widget-heading\" data-id=\"3f09363\" data-element_type=\"widget\" data-widget_type=\"heading.default\">\n\t\t\t\t<div class=\"elementor-widget-container\">\n\t\t\t\t\t<h2 class=\"elementor-heading-title elementor-size-default\">UN KIT QUE DISTINGUE A LOS CREADORES DE CONTENIDO PROFESIONALES<\/h2>\t\t\t\t<\/div>\n\t\t\t\t<\/div>\n\t\t\t\t<div class=\"elementor-element elementor-element-41bbcac elementor-widget elementor-widget-text-editor\" data-id=\"41bbcac\" data-element_type=\"widget\" data-widget_type=\"text-editor.default\">\n\t\t\t\t<div class=\"elementor-widget-container\">\n\t\t\t\t\t\t\t\t\t<p>Para recibir su kit de prensa VIP EUPA completo, debe presentar pruebas de su profesi\u00f3n como periodista. Los pases de prensa y las tarjetas de identificaci\u00f3n de prensa son emitidos exclusivamente por organizaciones coordinadoras y agencias de prensa y, en la mayor\u00eda de los casos, est\u00e1n aprobados \u00fanicamente para periodistas empleados a tiempo completo. En la EUPA, asumimos que cualquier persona que represente a la prensa (ya sea a tiempo completo o parcial) tiene derecho a un kit de prensa VIP.<\/p>\t\t\t\t\t\t\t\t<\/div>\n\t\t\t\t<\/div>\n\t\t\t\t<div class=\"elementor-element elementor-element-e875762 elementor-widget elementor-widget-heading\" data-id=\"e875762\" data-element_type=\"widget\" data-widget_type=\"heading.default\">\n\t\t\t\t<div class=\"elementor-widget-container\">\n\t\t\t\t\t<h2 class=\"elementor-heading-title elementor-size-default\">PREVENCI\u00d3N DE FRAUDE: GENUINEIDAD Y CARACTER\u00cdSTICAS DE SEGURIDAD<\/h2>\t\t\t\t<\/div>\n\t\t\t\t<\/div>\n\t\t\t\t<div class=\"elementor-element elementor-element-8590d2a elementor-widget elementor-widget-text-editor\" data-id=\"8590d2a\" data-element_type=\"widget\" data-widget_type=\"text-editor.default\">\n\t\t\t\t<div class=\"elementor-widget-container\">\n\t\t\t\t\t\t\t\t\t<p>Para prevenir el fraude, los documentos de la Agencia Europea de Prensa (EUPA) contienen numerosas caracter\u00edsticas de seguridad personalizadas. La autenticidad de cualquier documento de la EUPA se puede verificar compar\u00e1ndolo con las caracter\u00edsticas de identificaci\u00f3n en el sitio web de la EUPA. En caso de duda, podr\u00e1 contactar directamente con la sede nacional de la EUPA. Previa solicitud, las agencias y empresas pueden revisar funciones de autenticaci\u00f3n adicionales.<\/p>\t\t\t\t\t\t\t\t<\/div>\n\t\t\t\t<\/div>\n\t\t\t\t<div class=\"elementor-element elementor-element-3a0dbef elementor-widget elementor-widget-heading\" data-id=\"3a0dbef\" data-element_type=\"widget\" data-widget_type=\"heading.default\">\n\t\t\t\t<div class=\"elementor-widget-container\">\n\t\t\t\t\t<h2 class=\"elementor-heading-title elementor-size-default\">\u00bfPOR QU\u00c9 SON NECESARIAS MEDIDAS DE SEGURIDAD TAN DRAM\u00c1TICAS?<\/h2>\t\t\t\t<\/div>\n\t\t\t\t<\/div>\n\t\t\t\t<div class=\"elementor-element elementor-element-ef8721f elementor-widget elementor-widget-text-editor\" data-id=\"ef8721f\" data-element_type=\"widget\" data-widget_type=\"text-editor.default\">\n\t\t\t\t<div class=\"elementor-widget-container\">\n\t\t\t\t\t\t\t\t\t<p>Los delincuentes intentan continuamente difundir documentos falsos o alterados. Por lo tanto, es importante que nuestros documentos genuinos puedan autenticarse sin lugar a dudas.<\/p>\t\t\t\t\t\t\t\t<\/div>\n\t\t\t\t<\/div>\n\t\t\t\t<div class=\"elementor-element elementor-element-39c598c elementor-widget elementor-widget-heading\" data-id=\"39c598c\" data-element_type=\"widget\" data-widget_type=\"heading.default\">\n\t\t\t\t<div class=\"elementor-widget-container\">\n\t\t\t\t\t<h2 class=\"elementor-heading-title elementor-size-default\">Notas importantes<\/h2>\t\t\t\t<\/div>\n\t\t\t\t<\/div>\n\t\t\t\t<div class=\"elementor-element elementor-element-510b4b3 elementor-widget elementor-widget-text-editor\" data-id=\"510b4b3\" data-element_type=\"widget\" data-widget_type=\"text-editor.default\">\n\t\t\t\t<div class=\"elementor-widget-container\">\n\t\t\t\t\t\t\t\t\t<p>El kit de prensa de EUPA no se puede comprar y est\u00e1 estrictamente reservado a nuestros miembros acreditados.<br \/>Debe tener al menos 18 a\u00f1os para convertirse en miembro de EUPA y obtener un kit de prensa VIP.<\/p>\t\t\t\t\t\t\t\t<\/div>\n\t\t\t\t<\/div>\n\t\t\t\t\t<\/div>\n\t\t<\/div>\n\t\t\t\t\t<\/div>\n\t\t<\/section>\n\t\t\t\t<\/div>","protected":false},"excerpt":{"rendered":"<p>Cada miembro de EUPA recibe un kit de prensa VIP cuando est\u00e1 acreditado, sin ning\u00fan coste adicional. El Press Kit es v\u00e1lido por el a\u00f1o de suscripci\u00f3n y se renueva anualmente con el pago de la tarifa anual del servicio. \u00bfQu\u00e9 est\u00e1 incluido en el kit? Un pase de prensa Una tarjeta de identificaci\u00f3n de prensa Una carta de acreditaci\u00f3n A\u2026 <a title=\"KIT DE PRENSA VIP\" class=\"read-more\" href=\"https:\/\/eupa.uk\/es\/vip-press-kit\/\" aria-label=\"Leer m\u00e1s sobre KIT DE PRENSA VIP\">Leer m\u00e1s<\/a><\/p>","protected":false},"author":1,"featured_media":0,"parent":0,"menu_order":2,"comment_status":"closed","ping_status":"closed","template":"","meta":{"footnotes":""},"class_list":["post-3060","page","type-page","status-publish"],"_links":{"self":[{"href":"https:\/\/eupa.uk\/es\/wp-json\/wp\/v2\/pages\/3060","targetHints":{"allow":["GET"]}}],"collection":[{"href":"https:\/\/eupa.uk\/es\/wp-json\/wp\/v2\/pages"}],"about":[{"href":"https:\/\/eupa.uk\/es\/wp-json\/wp\/v2\/types\/page"}],"author":[{"embeddable":true,"href":"https:\/\/eupa.uk\/es\/wp-json\/wp\/v2\/users\/1"}],"replies":[{"embeddable":true,"href":"https:\/\/eupa.uk\/es\/wp-json\/wp\/v2\/comments?post=3060"}],"version-history":[{"count":0,"href":"https:\/\/eupa.uk\/es\/wp-json\/wp\/v2\/pages\/3060\/revisions"}],"wp:attachment":[{"href":"https:\/\/eupa.uk\/es\/wp-json\/wp\/v2\/media?parent=3060"}],"curies":[{"name":"wp","href":"https:\/\/api.w.org\/{rel}","templated":true}]}}