{"id":3478,"date":"2021-03-20T16:30:03","date_gmt":"2021-03-20T16:30:03","guid":{"rendered":"https:\/\/eupa.agency\/?page_id=3478"},"modified":"2021-04-20T11:41:22","modified_gmt":"2021-04-20T11:41:22","slug":"eupa-press-vehicle-id","status":"publish","type":"page","link":"https:\/\/eupa.uk\/es\/vip-press-kit\/eupa-press-vehicle-id\/","title":{"rendered":"Identificaci\u00f3n del veh\u00edculo de prensa EUPA"},"content":{"rendered":"<div data-elementor-type=\"wp-page\" data-elementor-id=\"3478\" class=\"elementor elementor-3478\" data-elementor-post-type=\"page\">\n\t\t\t\t\t\t<section class=\"elementor-section elementor-top-section elementor-element elementor-element-542ebcbf elementor-section-boxed elementor-section-height-default elementor-section-height-default\" data-id=\"542ebcbf\" data-element_type=\"section\">\n\t\t\t\t\t\t<div class=\"elementor-container elementor-column-gap-default\">\n\t\t\t\t\t<div class=\"elementor-column elementor-col-100 elementor-top-column elementor-element elementor-element-2693ced6\" data-id=\"2693ced6\" data-element_type=\"column\">\n\t\t\t<div class=\"elementor-widget-wrap elementor-element-populated\">\n\t\t\t\t\t\t<div class=\"elementor-element elementor-element-597f56e2 elementor-widget elementor-widget-text-editor\" data-id=\"597f56e2\" data-element_type=\"widget\" data-widget_type=\"text-editor.default\">\n\t\t\t\t<div class=\"elementor-widget-container\">\n\t\t\t\t\t\t\t\t\t<p>Como miembro de EUPA, recibir\u00e1 una identificaci\u00f3n de veh\u00edculo de prensa certificada para su autom\u00f3vil junto con su kit de prensa VIP sin costo adicional. La se\u00f1al permite normalmente utilizar las zonas de aparcamiento reservadas a los profesionales de los medios de comunicaci\u00f3n y ofrece numerosas ventajas durante la b\u00fasqueda diaria de una plaza de aparcamiento.<\/p><p>Conducir es una parte importante de la rutina diaria de investigaci\u00f3n de un periodista, y muchos lugares cobran costosas tarifas de estacionamiento. Adem\u00e1s, en las grandes ciudades y en muchos eventos es dif\u00edcil encontrar plazas de aparcamiento vac\u00edas en el lugar deseado, por lo que resulta tentador dejar el coche en una zona prohibida. Esto hace que nuestro ID de veh\u00edculo de prensa EUPA para el coche sea un compa\u00f1ero inestimable para nuestros miembros, que pueden ahorrarse la molestia de buscar una plaza gratuita, as\u00ed como cientos de euros cada a\u00f1o. Esta se\u00f1al s\u00f3lo debe utilizarse de acuerdo con las normas de tr\u00e1fico vigentes y no necesariamente impide que usted compre una multa de estacionamiento. La identificaci\u00f3n del veh\u00edculo de prensa EUPA solo se puede mostrar cuando el autom\u00f3vil se utiliza realmente con fines period\u00edsticos y es posible que su validez deba demostrarse presentando el pase de prensa EUPA del propietario del autom\u00f3vil. El prop\u00f3sito m\u00e1s importante de esta se\u00f1al es ayudarlo a atravesar \u00e1reas p\u00fablicas que han sido bloqueadas. Actuar responsablemente es esencial para garantizar que utiliza correctamente su identificaci\u00f3n de veh\u00edculo de prensa.<\/p>\t\t\t\t\t\t\t\t<\/div>\n\t\t\t\t<\/div>\n\t\t\t\t\t<\/div>\n\t\t<\/div>\n\t\t\t\t\t<\/div>\n\t\t<\/section>\n\t\t\t\t<section class=\"elementor-section elementor-top-section elementor-element elementor-element-73b4185 elementor-section-full_width elementor-section-stretched elementor-section-height-default elementor-section-height-default\" data-id=\"73b4185\" data-element_type=\"section\" data-settings=\"{&quot;stretch_section&quot;:&quot;section-stretched&quot;,&quot;background_background&quot;:&quot;classic&quot;}\">\n\t\t\t\t\t\t<div class=\"elementor-container elementor-column-gap-default\">\n\t\t\t\t\t<div class=\"elementor-column elementor-col-100 elementor-top-column elementor-element elementor-element-f405aa3\" data-id=\"f405aa3\" data-element_type=\"column\">\n\t\t\t<div class=\"elementor-widget-wrap elementor-element-populated\">\n\t\t\t\t\t\t<section class=\"elementor-section elementor-inner-section elementor-element elementor-element-af6a58f elementor-section-boxed elementor-section-height-default elementor-section-height-default\" data-id=\"af6a58f\" data-element_type=\"section\">\n\t\t\t\t\t\t<div class=\"elementor-container elementor-column-gap-default\">\n\t\t\t\t\t<div class=\"elementor-column elementor-col-50 elementor-inner-column elementor-element elementor-element-e3fddd5\" data-id=\"e3fddd5\" data-element_type=\"column\">\n\t\t\t<div class=\"elementor-widget-wrap elementor-element-populated\">\n\t\t\t\t\t\t<div class=\"elementor-element elementor-element-ffa4062 elementor-widget elementor-widget-image\" data-id=\"ffa4062\" data-element_type=\"widget\" data-widget_type=\"image.default\">\n\t\t\t\t<div class=\"elementor-widget-container\">\n\t\t\t\t\t\t\t\t\t\t\t\t\t\t\t<img fetchpriority=\"high\" decoding=\"async\" width=\"550\" height=\"454\" src=\"https:\/\/b2281902.smushcdn.com\/2281902\/wp-content\/uploads\/Press-Vehicle-ID_2.png?lossy=1&strip=1&webp=1\" class=\"attachment-large size-large wp-image-3484\" alt=\"\" srcset=\"https:\/\/b2281902.smushcdn.com\/2281902\/wp-content\/uploads\/Press-Vehicle-ID_2.png?lossy=1&strip=1&webp=1 550w, https:\/\/b2281902.smushcdn.com\/2281902\/wp-content\/uploads\/Press-Vehicle-ID_2-300x248.png?lossy=1&strip=1&webp=1 300w, https:\/\/b2281902.smushcdn.com\/2281902\/wp-content\/uploads\/Press-Vehicle-ID_2-16x12.png?lossy=1&strip=1&webp=1 16w, https:\/\/b2281902.smushcdn.com\/2281902\/wp-content\/uploads\/Press-Vehicle-ID_2.png?size=240x198&lossy=1&strip=1&webp=1 240w, https:\/\/b2281902.smushcdn.com\/2281902\/wp-content\/uploads\/Press-Vehicle-ID_2.png?size=480x396&lossy=1&strip=1&webp=1 480w\" sizes=\"(max-width: 550px) 100vw, 550px\" \/>\t\t\t\t\t\t\t\t\t\t\t\t\t\t\t<\/div>\n\t\t\t\t<\/div>\n\t\t\t\t\t<\/div>\n\t\t<\/div>\n\t\t\t\t<div class=\"elementor-column elementor-col-50 elementor-inner-column elementor-element elementor-element-40bebb1\" data-id=\"40bebb1\" data-element_type=\"column\">\n\t\t\t<div class=\"elementor-widget-wrap elementor-element-populated\">\n\t\t\t\t\t\t<div class=\"elementor-element elementor-element-b14afbf elementor-widget elementor-widget-heading\" data-id=\"b14afbf\" data-element_type=\"widget\" data-widget_type=\"heading.default\">\n\t\t\t\t<div class=\"elementor-widget-container\">\n\t\t\t\t\t<h2 class=\"elementor-heading-title elementor-size-default\">Identificaci\u00f3n del veh\u00edculo de prensa certificado EUPA:<\/h2>\t\t\t\t<\/div>\n\t\t\t\t<\/div>\n\t\t\t\t<div class=\"elementor-element elementor-element-c0f773a elementor-icon-list--layout-traditional elementor-list-item-link-full_width elementor-widget elementor-widget-icon-list\" data-id=\"c0f773a\" data-element_type=\"widget\" data-widget_type=\"icon-list.default\">\n\t\t\t\t<div class=\"elementor-widget-container\">\n\t\t\t\t\t\t\t<ul class=\"elementor-icon-list-items\">\n\t\t\t\t\t\t\t<li class=\"elementor-icon-list-item\">\n\t\t\t\t\t\t\t\t\t\t\t<span class=\"elementor-icon-list-icon\">\n\t\t\t\t\t\t\t<i aria-hidden=\"true\" class=\"fab fa-jira\"><\/i>\t\t\t\t\t\t<\/span>\n\t\t\t\t\t\t\t\t\t\t<span class=\"elementor-icon-list-text\">Sello de prensa certificado aprobado.<\/span>\n\t\t\t\t\t\t\t\t\t<\/li>\n\t\t\t\t\t\t\t\t<li class=\"elementor-icon-list-item\">\n\t\t\t\t\t\t\t\t\t\t\t<span class=\"elementor-icon-list-icon\">\n\t\t\t\t\t\t\t<i aria-hidden=\"true\" class=\"fab fa-jira\"><\/i>\t\t\t\t\t\t<\/span>\n\t\t\t\t\t\t\t\t\t\t<span class=\"elementor-icon-list-text\">Sello de prensa EUPA<\/span>\n\t\t\t\t\t\t\t\t\t<\/li>\n\t\t\t\t\t\t\t\t<li class=\"elementor-icon-list-item\">\n\t\t\t\t\t\t\t\t\t\t\t<span class=\"elementor-icon-list-icon\">\n\t\t\t\t\t\t\t<i aria-hidden=\"true\" class=\"fab fa-jira\"><\/i>\t\t\t\t\t\t<\/span>\n\t\t\t\t\t\t\t\t\t\t<span class=\"elementor-icon-list-text\">Logotipos de socios colaboradores<\/span>\n\t\t\t\t\t\t\t\t\t<\/li>\n\t\t\t\t\t\t\t\t<li class=\"elementor-icon-list-item\">\n\t\t\t\t\t\t\t\t\t\t\t<span class=\"elementor-icon-list-icon\">\n\t\t\t\t\t\t\t<i aria-hidden=\"true\" class=\"fab fa-jira\"><\/i>\t\t\t\t\t\t<\/span>\n\t\t\t\t\t\t\t\t\t\t<span class=\"elementor-icon-list-text\">N\u00famero de identificaci\u00f3n registrada.<\/span>\n\t\t\t\t\t\t\t\t\t<\/li>\n\t\t\t\t\t\t\t\t<li class=\"elementor-icon-list-item\">\n\t\t\t\t\t\t\t\t\t\t\t<span class=\"elementor-icon-list-icon\">\n\t\t\t\t\t\t\t<i aria-hidden=\"true\" class=\"fab fa-jira\"><\/i>\t\t\t\t\t\t<\/span>\n\t\t\t\t\t\t\t\t\t\t<span class=\"elementor-icon-list-text\">N\u00famero de matr\u00edcula certificado<\/span>\n\t\t\t\t\t\t\t\t\t<\/li>\n\t\t\t\t\t\t\t\t<li class=\"elementor-icon-list-item\">\n\t\t\t\t\t\t\t\t\t\t\t<span class=\"elementor-icon-list-icon\">\n\t\t\t\t\t\t\t<i aria-hidden=\"true\" class=\"fab fa-jira\"><\/i>\t\t\t\t\t\t<\/span>\n\t\t\t\t\t\t\t\t\t\t<span class=\"elementor-icon-list-text\">Laminado r\u00edgido sellado<\/span>\n\t\t\t\t\t\t\t\t\t<\/li>\n\t\t\t\t\t\t\t\t<li class=\"elementor-icon-list-item\">\n\t\t\t\t\t\t\t\t\t\t\t<span class=\"elementor-icon-list-icon\">\n\t\t\t\t\t\t\t<i aria-hidden=\"true\" class=\"fab fa-jira\"><\/i>\t\t\t\t\t\t<\/span>\n\t\t\t\t\t\t\t\t\t\t<span class=\"elementor-icon-list-text\">A prueba de falsificaciones<\/span>\n\t\t\t\t\t\t\t\t\t<\/li>\n\t\t\t\t\t\t\t\t<li class=\"elementor-icon-list-item\">\n\t\t\t\t\t\t\t\t\t\t\t<span class=\"elementor-icon-list-icon\">\n\t\t\t\t\t\t\t<i aria-hidden=\"true\" class=\"fab fa-jira\"><\/i>\t\t\t\t\t\t<\/span>\n\t\t\t\t\t\t\t\t\t\t<span class=\"elementor-icon-list-text\">sello anual holograma<\/span>\n\t\t\t\t\t\t\t\t\t<\/li>\n\t\t\t\t\t\t\t\t<li class=\"elementor-icon-list-item\">\n\t\t\t\t\t\t\t\t\t\t\t<span class=\"elementor-icon-list-icon\">\n\t\t\t\t\t\t\t<i aria-hidden=\"true\" class=\"fab fa-jira\"><\/i>\t\t\t\t\t\t<\/span>\n\t\t\t\t\t\t\t\t\t\t<span class=\"elementor-icon-list-text\">Formato aprox. 5,83 pulgadas x 8,27 pulgadas<\/span>\n\t\t\t\t\t\t\t\t\t<\/li>\n\t\t\t\t\t\t<\/ul>\n\t\t\t\t\t\t<\/div>\n\t\t\t\t<\/div>\n\t\t\t\t\t<\/div>\n\t\t<\/div>\n\t\t\t\t\t<\/div>\n\t\t<\/section>\n\t\t\t\t\t<\/div>\n\t\t<\/div>\n\t\t\t\t\t<\/div>\n\t\t<\/section>\n\t\t\t\t<\/div>","protected":false},"excerpt":{"rendered":"<p>Como miembro de EUPA, recibir\u00e1 una identificaci\u00f3n de veh\u00edculo de prensa certificada para su autom\u00f3vil junto con su kit de prensa VIP sin costo adicional. La se\u00f1al permite normalmente utilizar las zonas de aparcamiento reservadas a los profesionales de los medios de comunicaci\u00f3n y ofrece numerosas ventajas durante la b\u00fasqueda diaria de una plaza de aparcamiento. Conducir es un gran\u2026 <a title=\"Identificaci\u00f3n del veh\u00edculo de prensa EUPA\" class=\"read-more\" href=\"https:\/\/eupa.uk\/es\/vip-press-kit\/eupa-press-vehicle-id\/\" aria-label=\"Leer m\u00e1s sobre EUPA Press Identificaci\u00f3n del veh\u00edculo\">Leer m\u00e1s<\/a><\/p>","protected":false},"author":1,"featured_media":0,"parent":3060,"menu_order":4,"comment_status":"closed","ping_status":"closed","template":"","meta":{"footnotes":""},"class_list":["post-3478","page","type-page","status-publish"],"_links":{"self":[{"href":"https:\/\/eupa.uk\/es\/wp-json\/wp\/v2\/pages\/3478","targetHints":{"allow":["GET"]}}],"collection":[{"href":"https:\/\/eupa.uk\/es\/wp-json\/wp\/v2\/pages"}],"about":[{"href":"https:\/\/eupa.uk\/es\/wp-json\/wp\/v2\/types\/page"}],"author":[{"embeddable":true,"href":"https:\/\/eupa.uk\/es\/wp-json\/wp\/v2\/users\/1"}],"replies":[{"embeddable":true,"href":"https:\/\/eupa.uk\/es\/wp-json\/wp\/v2\/comments?post=3478"}],"version-history":[{"count":0,"href":"https:\/\/eupa.uk\/es\/wp-json\/wp\/v2\/pages\/3478\/revisions"}],"up":[{"embeddable":true,"href":"https:\/\/eupa.uk\/es\/wp-json\/wp\/v2\/pages\/3060"}],"wp:attachment":[{"href":"https:\/\/eupa.uk\/es\/wp-json\/wp\/v2\/media?parent=3478"}],"curies":[{"name":"wp","href":"https:\/\/api.w.org\/{rel}","templated":true}]}}