{"id":3502,"date":"2021-03-20T16:42:39","date_gmt":"2021-03-20T16:42:39","guid":{"rendered":"https:\/\/eupa.agency\/?page_id=3502"},"modified":"2021-04-18T23:15:43","modified_gmt":"2021-04-18T23:15:43","slug":"membership","status":"publish","type":"page","link":"https:\/\/eupa.uk\/es\/membership\/","title":{"rendered":"Membres\u00eda \u2013 Descripci\u00f3n general"},"content":{"rendered":"<div data-elementor-type=\"wp-page\" data-elementor-id=\"3502\" class=\"elementor elementor-3502\" data-elementor-post-type=\"page\">\n\t\t\t\t\t\t<section class=\"elementor-section elementor-top-section elementor-element elementor-element-47fbbf86 elementor-section-boxed elementor-section-height-default elementor-section-height-default\" data-id=\"47fbbf86\" data-element_type=\"section\">\n\t\t\t\t\t\t<div class=\"elementor-container elementor-column-gap-default\">\n\t\t\t\t\t<div class=\"elementor-column elementor-col-100 elementor-top-column elementor-element elementor-element-549ba2f6\" data-id=\"549ba2f6\" data-element_type=\"column\">\n\t\t\t<div class=\"elementor-widget-wrap elementor-element-populated\">\n\t\t\t\t\t\t<div class=\"elementor-element elementor-element-63040804 elementor-widget elementor-widget-text-editor\" data-id=\"63040804\" data-element_type=\"widget\" data-widget_type=\"text-editor.default\">\n\t\t\t\t<div class=\"elementor-widget-container\">\n\t\t\t\t\t\t\t\t\t<p>Si est\u00e1 buscando un socio confiable que acepte su ocupaci\u00f3n como periodista a tiempo parcial o completo y le brinde numerosos beneficios y servicios para ayudarlo, ha venido al lugar correcto aqu\u00ed en la Agencia Europea de Prensa (EUPA). . Reg\u00edstrate online hoy o env\u00eda tu solicitud por correo y comprueba c\u00f3mo tus actividades profesionales ser\u00e1n mucho m\u00e1s f\u00e1ciles en tan solo unos d\u00edas.<\/p><p>Recibir una tarjeta de reportero personal, un pase de prensa y su propia identificaci\u00f3n de veh\u00edculo de prensa son solo algunos de los numerosos beneficios que puede disfrutar como miembro de EUPA, que le permitir\u00e1n realizar su trabajo period\u00edstico de acuerdo con los est\u00e1ndares de la industria. En todo el mundo, los representantes de organizaciones de prensa tradicionales y medios de comunicaci\u00f3n pueden aprovechar interesantes beneficios, que pronto tambi\u00e9n estar\u00e1n disponibles para usted.<\/p>\t\t\t\t\t\t\t\t<\/div>\n\t\t\t\t<\/div>\n\t\t\t\t<div class=\"elementor-element elementor-element-539e1795 elementor-widget elementor-widget-heading\" data-id=\"539e1795\" data-element_type=\"widget\" data-widget_type=\"heading.default\">\n\t\t\t\t<div class=\"elementor-widget-container\">\n\t\t\t\t\t<h2 class=\"elementor-heading-title elementor-size-default\">Los miembros pueden disfrutar de varios beneficios, como<\/h2>\t\t\t\t<\/div>\n\t\t\t\t<\/div>\n\t\t\t\t<div class=\"elementor-element elementor-element-38590ad0 elementor-icon-list--layout-traditional elementor-list-item-link-full_width elementor-widget elementor-widget-icon-list\" data-id=\"38590ad0\" data-element_type=\"widget\" data-widget_type=\"icon-list.default\">\n\t\t\t\t<div class=\"elementor-widget-container\">\n\t\t\t\t\t\t\t<ul class=\"elementor-icon-list-items\">\n\t\t\t\t\t\t\t<li class=\"elementor-icon-list-item\">\n\t\t\t\t\t\t\t\t\t\t\t<span class=\"elementor-icon-list-icon\">\n\t\t\t\t\t\t\t<i aria-hidden=\"true\" class=\"fas fa-check\"><\/i>\t\t\t\t\t\t<\/span>\n\t\t\t\t\t\t\t\t\t\t<span class=\"elementor-icon-list-text\">Descuentos en medios de las principales empresas, por ejemplo, al viajar, alquilar un coche o comprar un ordenador port\u00e1til o una c\u00e1mara...<\/span>\n\t\t\t\t\t\t\t\t\t<\/li>\n\t\t\t\t\t\t\t\t<li class=\"elementor-icon-list-item\">\n\t\t\t\t\t\t\t\t\t\t\t<span class=\"elementor-icon-list-icon\">\n\t\t\t\t\t\t\t<i aria-hidden=\"true\" class=\"fas fa-check\"><\/i>\t\t\t\t\t\t<\/span>\n\t\t\t\t\t\t\t\t\t\t<span class=\"elementor-icon-list-text\">Acceso a diversos eventos y ferias<\/span>\n\t\t\t\t\t\t\t\t\t<\/li>\n\t\t\t\t\t\t\t\t<li class=\"elementor-icon-list-item\">\n\t\t\t\t\t\t\t\t\t\t\t<span class=\"elementor-icon-list-icon\">\n\t\t\t\t\t\t\t<i aria-hidden=\"true\" class=\"fas fa-check\"><\/i>\t\t\t\t\t\t<\/span>\n\t\t\t\t\t\t\t\t\t\t<span class=\"elementor-icon-list-text\">Participaci\u00f3n en concursos publicados en nuestro portal de v\u00eddeos e im\u00e1genes.<\/span>\n\t\t\t\t\t\t\t\t\t<\/li>\n\t\t\t\t\t\t\t\t<li class=\"elementor-icon-list-item\">\n\t\t\t\t\t\t\t\t\t\t\t<span class=\"elementor-icon-list-icon\">\n\t\t\t\t\t\t\t<i aria-hidden=\"true\" class=\"fas fa-check\"><\/i>\t\t\t\t\t\t<\/span>\n\t\t\t\t\t\t\t\t\t\t<span class=\"elementor-icon-list-text\">Asesoramiento gratuito sobre derecho de medios (pr\u00f3ximamente)<\/span>\n\t\t\t\t\t\t\t\t\t<\/li>\n\t\t\t\t\t\t\t\t<li class=\"elementor-icon-list-item\">\n\t\t\t\t\t\t\t\t\t\t\t<span class=\"elementor-icon-list-icon\">\n\t\t\t\t\t\t\t<i aria-hidden=\"true\" class=\"fas fa-check\"><\/i>\t\t\t\t\t\t<\/span>\n\t\t\t\t\t\t\t\t\t\t<span class=\"elementor-icon-list-text\">Incluye bono EUPA News: $20<\/span>\n\t\t\t\t\t\t\t\t\t<\/li>\n\t\t\t\t\t\t\t\t<li class=\"elementor-icon-list-item\">\n\t\t\t\t\t\t\t\t\t\t\t<span class=\"elementor-icon-list-icon\">\n\t\t\t\t\t\t\t<i aria-hidden=\"true\" class=\"fas fa-check\"><\/i>\t\t\t\t\t\t<\/span>\n\t\t\t\t\t\t\t\t\t\t<span class=\"elementor-icon-list-text\">Soporte 24 horas al d\u00eda, 7 d\u00edas a la semana<\/span>\n\t\t\t\t\t\t\t\t\t<\/li>\n\t\t\t\t\t\t\t\t<li class=\"elementor-icon-list-item\">\n\t\t\t\t\t\t\t\t\t\t\t<span class=\"elementor-icon-list-icon\">\n\t\t\t\t\t\t\t<i aria-hidden=\"true\" class=\"fas fa-check\"><\/i>\t\t\t\t\t\t<\/span>\n\t\t\t\t\t\t\t\t\t\t<span class=\"elementor-icon-list-text\">Newsletter con informaci\u00f3n sobre actividades y promociones exclusivas para socios<\/span>\n\t\t\t\t\t\t\t\t\t<\/li>\n\t\t\t\t\t\t<\/ul>\n\t\t\t\t\t\t<\/div>\n\t\t\t\t<\/div>\n\t\t\t\t<div class=\"elementor-element elementor-element-3bb24888 elementor-widget elementor-widget-text-editor\" data-id=\"3bb24888\" data-element_type=\"widget\" data-widget_type=\"text-editor.default\">\n\t\t\t\t<div class=\"elementor-widget-container\">\n\t\t\t\t\t\t\t\t\t<p>Despu\u00e9s de completar su registro, recibir\u00e1 una confirmaci\u00f3n preliminar de nuestra parte, lo que le permitir\u00e1 pagar la tarifa de registro mediante tarjeta de cr\u00e9dito o PayPal. Su membres\u00eda preliminar se actualizar\u00e1 a membres\u00eda completa tan pronto como se hayan recibido la tarifa de registro y la tarifa anual prorrateada para el a\u00f1o calendario actual. Una vez que hayamos recibido el dinero, le enviaremos por correo su pase de prensa, la identificaci\u00f3n de su veh\u00edculo de prensa y su tarjeta de reportero. Su informaci\u00f3n de inicio de sesi\u00f3n personal para nuestra \u00e1rea de inicio de sesi\u00f3n se le enviar\u00e1 por correo electr\u00f3nico. Naturalmente, trataremos su informaci\u00f3n de registro con confidencialidad y no transmitiremos ning\u00fan dato a terceros. Al completar su registro, acepta las pautas de la USPA, que puede revisar aqu\u00ed.<\/p>\t\t\t\t\t\t\t\t<\/div>\n\t\t\t\t<\/div>\n\t\t\t\t<div class=\"elementor-element elementor-element-565af590 elementor-widget elementor-widget-heading\" data-id=\"565af590\" data-element_type=\"widget\" data-widget_type=\"heading.default\">\n\t\t\t\t<div class=\"elementor-widget-container\">\n\t\t\t\t\t<h2 class=\"elementor-heading-title elementor-size-default\">Cuotas de membres\u00eda de un vistazo<\/h2>\t\t\t\t<\/div>\n\t\t\t\t<\/div>\n\t\t\t\t<div class=\"elementor-element elementor-element-aafab25 elementor-widget elementor-widget-text-editor\" data-id=\"aafab25\" data-element_type=\"widget\" data-widget_type=\"text-editor.default\">\n\t\t\t\t<div class=\"elementor-widget-container\">\n\t\t\t\t\t\t\t\t\tMembres\u00eda de EUPA que incluye pase de prensa internacional, identificaci\u00f3n del veh\u00edculo de prensa, carta de acreditaci\u00f3n personal y tarjeta de reportero. \t\t\t\t\t\t\t\t<\/div>\n\t\t\t\t<\/div>\n\t\t\t\t<div class=\"elementor-element elementor-element-3d30ddde elementor-icon-list--layout-traditional elementor-list-item-link-full_width elementor-widget elementor-widget-icon-list\" data-id=\"3d30ddde\" data-element_type=\"widget\" data-widget_type=\"icon-list.default\">\n\t\t\t\t<div class=\"elementor-widget-container\">\n\t\t\t\t\t\t\t<ul class=\"elementor-icon-list-items\">\n\t\t\t\t\t\t\t<li class=\"elementor-icon-list-item\">\n\t\t\t\t\t\t\t\t\t\t\t<span class=\"elementor-icon-list-icon\">\n\t\t\t\t\t\t\t<i aria-hidden=\"true\" class=\"fas fa-check\"><\/i>\t\t\t\t\t\t<\/span>\n\t\t\t\t\t\t\t\t\t\t<span class=\"elementor-icon-list-text\">Cuota \u00fanica de inscripci\u00f3n:<\/span>\n\t\t\t\t\t\t\t\t\t<\/li>\n\t\t\t\t\t\t\t\t<li class=\"elementor-icon-list-item\">\n\t\t\t\t\t\t\t\t\t\t\t<span class=\"elementor-icon-list-icon\">\n\t\t\t\t\t\t\t<i aria-hidden=\"true\" class=\"fas fa-check\"><\/i>\t\t\t\t\t\t<\/span>\n\t\t\t\t\t\t\t\t\t\t<span class=\"elementor-icon-list-text\">Cuota anual de afiliaci\u00f3n:<\/span>\n\t\t\t\t\t\t\t\t\t<\/li>\n\t\t\t\t\t\t<\/ul>\n\t\t\t\t\t\t<\/div>\n\t\t\t\t<\/div>\n\t\t\t\t<div class=\"elementor-element elementor-element-8ea242b elementor-widget elementor-widget-text-editor\" data-id=\"8ea242b\" data-element_type=\"widget\" data-widget_type=\"text-editor.default\">\n\t\t\t\t<div class=\"elementor-widget-container\">\n\t\t\t\t\t\t\t\t\tDependiendo del momento de la inscripci\u00f3n, la cuota anual de membres\u00eda ser\u00e1 prorrateada.\t\t\t\t\t\t\t\t<\/div>\n\t\t\t\t<\/div>\n\t\t\t\t\t<\/div>\n\t\t<\/div>\n\t\t\t\t\t<\/div>\n\t\t<\/section>\n\t\t\t\t<\/div>","protected":false},"excerpt":{"rendered":"<p>Si est\u00e1 buscando un socio confiable que acepte su ocupaci\u00f3n como periodista a tiempo parcial o completo y le brinde numerosos beneficios y servicios para ayudarlo, ha venido al lugar correcto aqu\u00ed en la Agencia Europea de Prensa (EUPA). . Reg\u00edstrese en l\u00ednea hoy o env\u00ede su solicitud por correo y vea c\u00f3mo su profesional... <a title=\"Membres\u00eda \u2013 Descripci\u00f3n general\" class=\"read-more\" href=\"https:\/\/eupa.uk\/es\/membership\/\" aria-label=\"Leer m\u00e1s sobre Membres\u00eda \u2013 Descripci\u00f3n general\">Leer m\u00e1s<\/a><\/p>","protected":false},"author":1,"featured_media":0,"parent":0,"menu_order":3,"comment_status":"closed","ping_status":"closed","template":"","meta":{"footnotes":""},"class_list":["post-3502","page","type-page","status-publish"],"_links":{"self":[{"href":"https:\/\/eupa.uk\/es\/wp-json\/wp\/v2\/pages\/3502","targetHints":{"allow":["GET"]}}],"collection":[{"href":"https:\/\/eupa.uk\/es\/wp-json\/wp\/v2\/pages"}],"about":[{"href":"https:\/\/eupa.uk\/es\/wp-json\/wp\/v2\/types\/page"}],"author":[{"embeddable":true,"href":"https:\/\/eupa.uk\/es\/wp-json\/wp\/v2\/users\/1"}],"replies":[{"embeddable":true,"href":"https:\/\/eupa.uk\/es\/wp-json\/wp\/v2\/comments?post=3502"}],"version-history":[{"count":0,"href":"https:\/\/eupa.uk\/es\/wp-json\/wp\/v2\/pages\/3502\/revisions"}],"wp:attachment":[{"href":"https:\/\/eupa.uk\/es\/wp-json\/wp\/v2\/media?parent=3502"}],"curies":[{"name":"wp","href":"https:\/\/api.w.org\/{rel}","templated":true}]}}