{"id":3513,"date":"2021-03-20T16:52:19","date_gmt":"2021-03-20T16:52:19","guid":{"rendered":"https:\/\/eupa.agency\/?page_id=3513"},"modified":"2022-03-10T10:30:25","modified_gmt":"2022-03-10T10:30:25","slug":"membership-fees-at-a-glance","status":"publish","type":"page","link":"https:\/\/eupa.uk\/es\/membership\/membership-fees-at-a-glance\/","title":{"rendered":"Cuotas de membres\u00eda de un vistazo"},"content":{"rendered":"<div data-elementor-type=\"wp-page\" data-elementor-id=\"3513\" class=\"elementor elementor-3513\" data-elementor-post-type=\"page\">\n\t\t\t\t\t\t<section class=\"elementor-section elementor-top-section elementor-element elementor-element-da61e25 elementor-section-boxed elementor-section-height-default elementor-section-height-default\" data-id=\"da61e25\" data-element_type=\"section\">\n\t\t\t\t\t\t<div class=\"elementor-container elementor-column-gap-default\">\n\t\t\t\t\t<div class=\"elementor-column elementor-col-100 elementor-top-column elementor-element elementor-element-6b50ea18\" data-id=\"6b50ea18\" data-element_type=\"column\">\n\t\t\t<div class=\"elementor-widget-wrap elementor-element-populated\">\n\t\t\t\t\t\t<div class=\"elementor-element elementor-element-4361b7e5 elementor-widget elementor-widget-text-editor\" data-id=\"4361b7e5\" data-element_type=\"widget\" data-widget_type=\"text-editor.default\">\n\t\t\t\t<div class=\"elementor-widget-container\">\n\t\t\t\t\t\t\t\t\t<p>Una membres\u00eda EUPA le ofrece nuestra <strong><a href=\"https:\/\/eupa.uk\/es\/vip-press-kit\/\">Carpeta de prensa VIP<\/a><\/strong> Gratis, una cuenta en nuestra comercializaci\u00f3n. <strong><a href=\"https:\/\/eupa.store\" target=\"_blank\" rel=\"noopener\">plataforma<\/a><\/strong> sin cargos adicionales y otorgarle acceso a todos nuestros servicios, incluyendo ayuda legal si sus derechos son amenazados o negados y asistencia si se le impide realizar su trabajo o investigaciones en el campo.<\/p>\t\t\t\t\t\t\t\t<\/div>\n\t\t\t\t<\/div>\n\t\t\t\t<div class=\"elementor-element elementor-element-6aa45b69 elementor-widget elementor-widget-shortcode\" data-id=\"6aa45b69\" data-element_type=\"widget\" data-widget_type=\"shortcode.default\">\n\t\t\t\t<div class=\"elementor-widget-container\">\n\t\t\t\t\t\t\t<div class=\"elementor-shortcode\">\n<table id=\"tablepress-1\" class=\"tablepress tablepress-id-1\">\n<thead>\n<tr class=\"row-1\">\n\t<th class=\"column-1\">Membres\u00eda - profesional de la industria de los medios.<\/th><th class=\"column-2\"><center>Costos en EUR<\/center><\/th>\n<\/tr>\n<\/thead>\n<tbody class=\"row-striping row-hover\">\n<tr class=\"row-2\">\n\t<td class=\"column-1\"><strong>Acreditaci\u00f3n<\/strong><br \/>\n<span class=\"table-des\">tarifa fija \u00fanica<\/span><\/td><td class=\"column-2\"><center>108,00\u20ac<\/center><\/td>\n<\/tr>\n<tr class=\"row-3\">\n\t<td class=\"column-1\"><strong>Tarifa de servicio anual prorrateada por el a\u00f1o de registro<\/strong><br \/>\n<\/td><td class=\"column-2\"><center>48,00 EUR - prorrateado<\/center><\/td>\n<\/tr>\n<tr class=\"row-4\">\n\t<td class=\"column-1\"><strong>Tarifa de servicio anual a partir del segundo a\u00f1o calendario (a\u00f1o siguiente)<\/strong><\/td><td class=\"column-2\"><center>48,00\u20ac<\/center><\/td>\n<\/tr>\n<tr class=\"row-5\">\n\t<td class=\"column-1\"><strong>Kit de prensa VIP que incluye pase de prensa, tarjeta de identificaci\u00f3n de prensa, carta de acreditaci\u00f3n e identificaci\u00f3n del veh\u00edculo de prensa<\/strong><br \/>\n<span class=\"table-des\">ya incluido en la cuota de membres\u00eda<\/span><\/td><td class=\"column-2\"><center>0,00 euros<\/center><\/td>\n<\/tr>\n<tr class=\"row-6\">\n\t<td class=\"column-1\"><strong>Cuenta en nuestra plataforma de comercializaci\u00f3n <a href=\"https:\/\/www.eupa.store\" target=\"_blank\" rel=\"noopener\">www.eupa.tienda<\/a><\/strong><br \/>\n<span class=\"table-des\">ya incluido en la cuota de membres\u00eda<\/span><\/td><td class=\"column-2\"><center>0,00 euros<\/center><\/td>\n<\/tr>\n<tr class=\"row-7\">\n\t<td class=\"column-1\"><strong>Asesoramiento y asistencia jur\u00eddica EUPA<\/strong><br \/>\n<span class=\"table-des\">ya incluido en la cuota de membres\u00eda<\/span><\/td><td class=\"column-2\"><center>0,00 euros<\/center><\/td>\n<\/tr>\n<\/tbody>\n<\/table>\n<\/div>\n\t\t\t\t\t\t<\/div>\n\t\t\t\t<\/div>\n\t\t\t\t<div class=\"elementor-element elementor-element-7f53da71 elementor-widget-divider--view-line elementor-widget elementor-widget-divider\" data-id=\"7f53da71\" data-element_type=\"widget\" data-widget_type=\"divider.default\">\n\t\t\t\t<div class=\"elementor-widget-container\">\n\t\t\t\t\t\t\t<div class=\"elementor-divider\">\n\t\t\t<span class=\"elementor-divider-separator\">\n\t\t\t\t\t\t<\/span>\n\t\t<\/div>\n\t\t\t\t\t\t<\/div>\n\t\t\t\t<\/div>\n\t\t\t\t\t<\/div>\n\t\t<\/div>\n\t\t\t\t\t<\/div>\n\t\t<\/section>\n\t\t\t\t<section class=\"elementor-section elementor-top-section elementor-element elementor-element-d10631a elementor-section-content-middle elementor-section-stretched elementor-section-boxed elementor-section-height-default elementor-section-height-default\" data-id=\"d10631a\" data-element_type=\"section\" data-settings=\"{&quot;background_background&quot;:&quot;classic&quot;,&quot;stretch_section&quot;:&quot;section-stretched&quot;}\">\n\t\t\t\t\t\t<div class=\"elementor-container elementor-column-gap-default\">\n\t\t\t\t\t<div class=\"elementor-column elementor-col-33 elementor-top-column elementor-element elementor-element-7425d88\" data-id=\"7425d88\" data-element_type=\"column\">\n\t\t\t<div class=\"elementor-widget-wrap elementor-element-populated\">\n\t\t\t\t\t\t<div class=\"elementor-element elementor-element-a7ad434 elementor-widget elementor-widget-heading\" data-id=\"a7ad434\" data-element_type=\"widget\" data-widget_type=\"heading.default\">\n\t\t\t\t<div class=\"elementor-widget-container\">\n\t\t\t\t\t<h2 class=\"elementor-heading-title elementor-size-default\">CARGOS PRORATEADOS<\/h2>\t\t\t\t<\/div>\n\t\t\t\t<\/div>\n\t\t\t\t<div class=\"elementor-element elementor-element-7ffba03 elementor-widget elementor-widget-text-editor\" data-id=\"7ffba03\" data-element_type=\"widget\" data-widget_type=\"text-editor.default\">\n\t\t\t\t<div class=\"elementor-widget-container\">\n\t\t\t\t\t\t\t\t\t<strong>Un kit de prensa solo es v\u00e1lido por un a\u00f1o calendario, por lo que nuestra tarifa anual siempre se aplica al a\u00f1o en curso. Por lo tanto, su cuota de membres\u00eda est\u00e1 prorrateada. No importa cu\u00e1ndo te registres, solo pagas los meses restantes de ese a\u00f1o.<\/strong>\n\nEjemplo:\n<ul>\n \t<li>Reg\u00edstrate en febrero: s\u00f3lo 44,00 EUR (en lugar de 48,00 EUR)<\/li>\n \t<li>Reg\u00edstrate en mayo: s\u00f3lo 32,00 EUR (en lugar de 48,00 EUR)<\/li>\n \t<li>Reg\u00edstrate en septiembre: s\u00f3lo 16,00 EUR (en lugar de 48,00 EUR)<\/li>\n<\/ul>\t\t\t\t\t\t\t\t<\/div>\n\t\t\t\t<\/div>\n\t\t\t\t\t<\/div>\n\t\t<\/div>\n\t\t\t\t<div class=\"elementor-column elementor-col-33 elementor-top-column elementor-element elementor-element-92d2db0\" data-id=\"92d2db0\" data-element_type=\"column\">\n\t\t\t<div class=\"elementor-widget-wrap elementor-element-populated\">\n\t\t\t\t\t\t<div class=\"elementor-element elementor-element-ce781ac elementor-widget elementor-widget-heading\" data-id=\"ce781ac\" data-element_type=\"widget\" data-widget_type=\"heading.default\">\n\t\t\t\t<div class=\"elementor-widget-container\">\n\t\t\t\t\t<h2 class=\"elementor-heading-title elementor-size-default\">CUOTA DE ACREDITACI\u00d3N<\/h2>\t\t\t\t<\/div>\n\t\t\t\t<\/div>\n\t\t\t\t<div class=\"elementor-element elementor-element-63c90a0 elementor-widget elementor-widget-text-editor\" data-id=\"63c90a0\" data-element_type=\"widget\" data-widget_type=\"text-editor.default\">\n\t\t\t\t<div class=\"elementor-widget-container\">\n\t\t\t\t\t\t\t\t\t<ul><li>Esta tarifa siempre se cobra \u00edntegramente, independientemente del mes de inscripci\u00f3n, y no es reembolsable.<\/li><li>Incluye un estudio de tu trabajo y te otorga acceso a todos nuestros beneficios y servicios.<\/li><li>Nos ayuda a cubrir una parte de nuestros costes de agencia, como, por ejemplo, los gastos de concepci\u00f3n y env\u00edo de tu Press Kit.<\/li><li>Si tiene alguna duda sobre su capacidad para convertirse en uno de nuestros miembros estimados y teme que su registro no sea aceptado, no dude en <a href=\"https:\/\/eupa.uk\/es\/contact\/\">Cont\u00e1ctenos<\/a> antes de llenar nuestro <a href=\"https:\/\/eupa.store\/register\" target=\"_blank\" rel=\"noopener\">formulario de aplicaci\u00f3n<\/a>.<\/li><\/ul>\t\t\t\t\t\t\t\t<\/div>\n\t\t\t\t<\/div>\n\t\t\t\t\t<\/div>\n\t\t<\/div>\n\t\t\t\t<div class=\"elementor-column elementor-col-33 elementor-top-column elementor-element elementor-element-94cf9a8\" data-id=\"94cf9a8\" data-element_type=\"column\">\n\t\t\t<div class=\"elementor-widget-wrap elementor-element-populated\">\n\t\t\t\t\t\t<div class=\"elementor-element elementor-element-29f1caa elementor-widget elementor-widget-heading\" data-id=\"29f1caa\" data-element_type=\"widget\" data-widget_type=\"heading.default\">\n\t\t\t\t<div class=\"elementor-widget-container\">\n\t\t\t\t\t<h2 class=\"elementor-heading-title elementor-size-default\">A\u00d1OS SUBSECUENTES<\/h2>\t\t\t\t<\/div>\n\t\t\t\t<\/div>\n\t\t\t\t<div class=\"elementor-element elementor-element-71e19d8 elementor-widget elementor-widget-text-editor\" data-id=\"71e19d8\" data-element_type=\"widget\" data-widget_type=\"text-editor.default\">\n\t\t\t\t<div class=\"elementor-widget-container\">\n\t\t\t\t\t\t\t\t\t<ul>\n \t<li>Los elementos de su kit de prensa se renuevan cada a\u00f1o, ya que estas credenciales solo son v\u00e1lidas para el a\u00f1o calendario actual.<\/li>\n \t<li>La tarifa de renovaci\u00f3n cuesta 48,00 EUR por a\u00f1o y se cargar\u00e1 autom\u00e1ticamente en la tarjeta de cr\u00e9dito que utiliz\u00f3 para suscribirse (consulte nuestra <a href=\"https:\/\/eupa.uk\/es\/rules\/terms-and-conditions\/\">T\u00e9rminos y condiciones<\/a>).<\/li>\n \t<li>En el caso muy improbable de que decida renunciar a su membres\u00eda en EUPA, puede darse de baja hasta 24 horas antes de su renovaci\u00f3n autom\u00e1tica llamando a <a href=\"https:\/\/eupa.uk\/es\/contact\/\">contact\u00e1ndonos<\/a>.<\/li>\n<\/ul>\t\t\t\t\t\t\t\t<\/div>\n\t\t\t\t<\/div>\n\t\t\t\t\t<\/div>\n\t\t<\/div>\n\t\t\t\t\t<\/div>\n\t\t<\/section>\n\t\t\t\t<\/div>","protected":false},"excerpt":{"rendered":"<p>Una membres\u00eda EUPA le ofrece nuestro Kit de Prensa VIP de forma gratuita, una cuenta en nuestra plataforma de comercializaci\u00f3n sin cargos adicionales y le otorga acceso a todos nuestros servicios, incluida ayuda legal si sus derechos se ven amenazados o denegados y asistencia si se le impide realizar su trabajo. o investigaciones en el campo. CARGOS PRORATEADOS... <a title=\"Cuotas de membres\u00eda de un vistazo\" class=\"read-more\" href=\"https:\/\/eupa.uk\/es\/membership\/membership-fees-at-a-glance\/\" aria-label=\"Leer m\u00e1s sobre Cuotas de membres\u00eda de un vistazo\">Leer m\u00e1s<\/a><\/p>","protected":false},"author":1,"featured_media":0,"parent":3502,"menu_order":1,"comment_status":"closed","ping_status":"closed","template":"","meta":{"footnotes":""},"class_list":["post-3513","page","type-page","status-publish"],"_links":{"self":[{"href":"https:\/\/eupa.uk\/es\/wp-json\/wp\/v2\/pages\/3513","targetHints":{"allow":["GET"]}}],"collection":[{"href":"https:\/\/eupa.uk\/es\/wp-json\/wp\/v2\/pages"}],"about":[{"href":"https:\/\/eupa.uk\/es\/wp-json\/wp\/v2\/types\/page"}],"author":[{"embeddable":true,"href":"https:\/\/eupa.uk\/es\/wp-json\/wp\/v2\/users\/1"}],"replies":[{"embeddable":true,"href":"https:\/\/eupa.uk\/es\/wp-json\/wp\/v2\/comments?post=3513"}],"version-history":[{"count":0,"href":"https:\/\/eupa.uk\/es\/wp-json\/wp\/v2\/pages\/3513\/revisions"}],"up":[{"embeddable":true,"href":"https:\/\/eupa.uk\/es\/wp-json\/wp\/v2\/pages\/3502"}],"wp:attachment":[{"href":"https:\/\/eupa.uk\/es\/wp-json\/wp\/v2\/media?parent=3513"}],"curies":[{"name":"wp","href":"https:\/\/api.w.org\/{rel}","templated":true}]}}