{"id":3537,"date":"2021-03-20T17:21:50","date_gmt":"2021-03-20T17:21:50","guid":{"rendered":"https:\/\/eupa.agency\/?page_id=3537"},"modified":"2021-04-18T23:27:37","modified_gmt":"2021-04-18T23:27:37","slug":"reporter","status":"publish","type":"page","link":"https:\/\/eupa.uk\/es\/membership\/reporter\/","title":{"rendered":"Reportero de noticias de la EUPA"},"content":{"rendered":"<div data-elementor-type=\"wp-page\" data-elementor-id=\"3537\" class=\"elementor elementor-3537\" data-elementor-post-type=\"page\">\n\t\t\t\t\t\t<section class=\"elementor-section elementor-top-section elementor-element elementor-element-76fcad4b elementor-section-boxed elementor-section-height-default elementor-section-height-default\" data-id=\"76fcad4b\" data-element_type=\"section\">\n\t\t\t\t\t\t<div class=\"elementor-container elementor-column-gap-default\">\n\t\t\t\t\t<div class=\"elementor-column elementor-col-100 elementor-top-column elementor-element elementor-element-6815955c\" data-id=\"6815955c\" data-element_type=\"column\">\n\t\t\t<div class=\"elementor-widget-wrap elementor-element-populated\">\n\t\t\t\t\t\t<div class=\"elementor-element elementor-element-1f687f92 elementor-widget elementor-widget-text-editor\" data-id=\"1f687f92\" data-element_type=\"widget\" data-widget_type=\"text-editor.default\">\n\t\t\t\t<div class=\"elementor-widget-container\">\n\t\t\t\t\t\t\t\t\t<p>Los periodistas a tiempo completo y parcial a menudo sue\u00f1an con su propio ritmo que haga que la presentaci\u00f3n profesional del contenido editorial sea cuesti\u00f3n de minutos y al mismo tiempo les permita llegar a editores potenciales de todos los sectores de los medios. El sistema editorial EUPA News le permite difundir su producci\u00f3n period\u00edstica a un p\u00fablico mucho m\u00e1s amplio y, por lo tanto, atrae no s\u00f3lo a los periodistas independientes. Ya sea que desee sumergirse en el mundo de las celebridades como reportero de moda o escribir art\u00edculos significativos sobre su regi\u00f3n, el sistema editorial de EUPA News facilita mucho su trabajo como reportero y le permite publicar en un subdominio de libre elecci\u00f3n.<\/p>\t\t\t\t\t\t\t\t<\/div>\n\t\t\t\t<\/div>\n\t\t\t\t\t<\/div>\n\t\t<\/div>\n\t\t\t\t\t<\/div>\n\t\t<\/section>\n\t\t\t\t<\/div>","protected":false},"excerpt":{"rendered":"<p>Los periodistas a tiempo completo y parcial a menudo sue\u00f1an con su propio ritmo que haga que la presentaci\u00f3n profesional del contenido editorial sea cuesti\u00f3n de minutos y al mismo tiempo les permita llegar a editores potenciales de todos los sectores de los medios. El sistema editorial de EUPA News le permite difundir su producci\u00f3n period\u00edstica a un p\u00fablico significativamente mayor y, por lo tanto, atrae no s\u00f3lo... <a title=\"Reportero de noticias de la EUPA\" class=\"read-more\" href=\"https:\/\/eupa.uk\/es\/membership\/reporter\/\" aria-label=\"Leer m\u00e1s sobre EUPA News Reportero\">Leer m\u00e1s<\/a><\/p>","protected":false},"author":1,"featured_media":0,"parent":3502,"menu_order":3,"comment_status":"closed","ping_status":"closed","template":"","meta":{"footnotes":""},"class_list":["post-3537","page","type-page","status-publish"],"_links":{"self":[{"href":"https:\/\/eupa.uk\/es\/wp-json\/wp\/v2\/pages\/3537","targetHints":{"allow":["GET"]}}],"collection":[{"href":"https:\/\/eupa.uk\/es\/wp-json\/wp\/v2\/pages"}],"about":[{"href":"https:\/\/eupa.uk\/es\/wp-json\/wp\/v2\/types\/page"}],"author":[{"embeddable":true,"href":"https:\/\/eupa.uk\/es\/wp-json\/wp\/v2\/users\/1"}],"replies":[{"embeddable":true,"href":"https:\/\/eupa.uk\/es\/wp-json\/wp\/v2\/comments?post=3537"}],"version-history":[{"count":0,"href":"https:\/\/eupa.uk\/es\/wp-json\/wp\/v2\/pages\/3537\/revisions"}],"up":[{"embeddable":true,"href":"https:\/\/eupa.uk\/es\/wp-json\/wp\/v2\/pages\/3502"}],"wp:attachment":[{"href":"https:\/\/eupa.uk\/es\/wp-json\/wp\/v2\/media?parent=3537"}],"curies":[{"name":"wp","href":"https:\/\/api.w.org\/{rel}","templated":true}]}}