{"id":3543,"date":"2021-03-20T17:39:38","date_gmt":"2021-03-20T17:39:38","guid":{"rendered":"https:\/\/eupa.agency\/?page_id=3543"},"modified":"2022-03-10T11:15:55","modified_gmt":"2022-03-10T11:15:55","slug":"earning-money-with-eupa-news","status":"publish","type":"page","link":"https:\/\/eupa.uk\/es\/membership\/earning-money-with-eupa-news\/","title":{"rendered":"Ganar dinero con la tienda EUPA"},"content":{"rendered":"<div data-elementor-type=\"wp-page\" data-elementor-id=\"3543\" class=\"elementor elementor-3543\" data-elementor-post-type=\"page\">\n\t\t\t\t\t\t<section class=\"elementor-section elementor-top-section elementor-element elementor-element-5f008e0d elementor-section-boxed elementor-section-height-default elementor-section-height-default\" data-id=\"5f008e0d\" data-element_type=\"section\">\n\t\t\t\t\t\t<div class=\"elementor-container elementor-column-gap-default\">\n\t\t\t\t\t<div class=\"elementor-column elementor-col-100 elementor-top-column elementor-element elementor-element-5cf77bea\" data-id=\"5cf77bea\" data-element_type=\"column\">\n\t\t\t<div class=\"elementor-widget-wrap elementor-element-populated\">\n\t\t\t\t\t\t<div class=\"elementor-element elementor-element-5be23319 elementor-widget elementor-widget-text-editor\" data-id=\"5be23319\" data-element_type=\"widget\" data-widget_type=\"text-editor.default\">\n\t\t\t\t<div class=\"elementor-widget-container\">\n\t\t\t\t\t\t\t\t\tEUPA facilita que los profesionales de los medios y los periodistas independientes publiquen su trabajo, como fotograf\u00edas, noticias, informes de investigaci\u00f3n, art\u00edculos, art\u00edculos, entrevistas, informaci\u00f3n sobre ferias y eventos, etc. \u00a1Empiece a crear su portafolio en l\u00ednea y gane dinero a lo largo del camino!\t\t\t\t\t\t\t\t<\/div>\n\t\t\t\t<\/div>\n\t\t\t\t<div class=\"elementor-element elementor-element-2c6d6362 elementor-widget-divider--view-line elementor-widget elementor-widget-divider\" data-id=\"2c6d6362\" data-element_type=\"widget\" data-widget_type=\"divider.default\">\n\t\t\t\t<div class=\"elementor-widget-container\">\n\t\t\t\t\t\t\t<div class=\"elementor-divider\">\n\t\t\t<span class=\"elementor-divider-separator\">\n\t\t\t\t\t\t<\/span>\n\t\t<\/div>\n\t\t\t\t\t\t<\/div>\n\t\t\t\t<\/div>\n\t\t\t\t<div class=\"elementor-element elementor-element-7b614cb6 elementor-widget elementor-widget-heading\" data-id=\"7b614cb6\" data-element_type=\"widget\" data-widget_type=\"heading.default\">\n\t\t\t\t<div class=\"elementor-widget-container\">\n\t\t\t\t\t<h2 class=\"elementor-heading-title elementor-size-default\">Herramienta invaluable<\/h2>\t\t\t\t<\/div>\n\t\t\t\t<\/div>\n\t\t\t\t<div class=\"elementor-element elementor-element-7ba971af elementor-widget elementor-widget-text-editor\" data-id=\"7ba971af\" data-element_type=\"widget\" data-widget_type=\"text-editor.default\">\n\t\t\t\t<div class=\"elementor-widget-container\">\n\t\t\t\t\t\t\t\t\t<p>EUPA ofrece una plataforma \u2013 <a href=\"https:\/\/eupa.store\" target=\"_blank\" rel=\"noopener\">EUPA.TIENDA<\/a> \u2013 que le permite crear un portafolio en l\u00ednea de su trabajo. Eres el propietario de la cuenta, lo que significa que siempre tienes acceso directo a tu contenido. Publique informes de noticias, fotograf\u00edas y v\u00eddeos sin demora y p\u00f3ngalos a disposici\u00f3n para su descarga. Se agregar\u00e1 una marca de tiempo como prueba de publicaci\u00f3n.<\/p><p>Si le encanta escribir, est\u00e1 interesado en temas interesantes y le gustar\u00eda aumentar su n\u00famero de lectores, nuestros portales de noticias le brindan una forma sencilla de complementar sus ingresos. Pero eso no es todo. <a href=\"https:\/\/eupa.store\" target=\"_blank\" rel=\"noopener\">EUPA.TIENDA<\/a> puede ayudarle a aumentar el reconocimiento de su nombre en l\u00ednea. Tambi\u00e9n ofrecemos beneficios especiales para fot\u00f3grafos (de prensa).<\/p><p>El enfoque principal de <a href=\"https:\/\/eupa.store\" target=\"_blank\" rel=\"noopener\">EUPA.TIENDA<\/a> son temas de inter\u00e9s especial y especiales web. Esto incluye noticias de las \u00e1reas del deporte, m\u00fasica, pol\u00edtica, bellas artes, inter\u00e9s general, etc.<\/p>\t\t\t\t\t\t\t\t<\/div>\n\t\t\t\t<\/div>\n\t\t\t\t<div class=\"elementor-element elementor-element-5e3b6f0c elementor-widget elementor-widget-heading\" data-id=\"5e3b6f0c\" data-element_type=\"widget\" data-widget_type=\"heading.default\">\n\t\t\t\t<div class=\"elementor-widget-container\">\n\t\t\t\t\t<h2 class=\"elementor-heading-title elementor-size-default\">Utilice nuestros portales de noticias para encontrar clientes<\/h2>\t\t\t\t<\/div>\n\t\t\t\t<\/div>\n\t\t\t\t<div class=\"elementor-element elementor-element-848a642 elementor-widget elementor-widget-text-editor\" data-id=\"848a642\" data-element_type=\"widget\" data-widget_type=\"text-editor.default\">\n\t\t\t\t<div class=\"elementor-widget-container\">\n\t\t\t\t\t\t\t\t\t<p><a href=\"https:\/\/eupa.store\" target=\"_blank\" rel=\"noopener\">EUPA.TIENDA<\/a> conecta sistem\u00e1ticamente a periodistas con lectores, editores y l\u00edderes empresariales. Todo esto se hace sin deber lealtad a ninguna organizaci\u00f3n comercial o terceros, garantizando as\u00ed una cobertura period\u00edstica imparcial, independiente y objetiva.<\/p>\t\t\t\t\t\t\t\t<\/div>\n\t\t\t\t<\/div>\n\t\t\t\t<div class=\"elementor-element elementor-element-6256dd95 elementor-widget elementor-widget-heading\" data-id=\"6256dd95\" data-element_type=\"widget\" data-widget_type=\"heading.default\">\n\t\t\t\t<div class=\"elementor-widget-container\">\n\t\t\t\t\t<h2 class=\"elementor-heading-title elementor-size-default\">\u00bfCu\u00e1nto puedo ganar?<\/h2>\t\t\t\t<\/div>\n\t\t\t\t<\/div>\n\t\t\t\t<div class=\"elementor-element elementor-element-574fab3f elementor-widget elementor-widget-text-editor\" data-id=\"574fab3f\" data-element_type=\"widget\" data-widget_type=\"text-editor.default\">\n\t\t\t\t<div class=\"elementor-widget-container\">\n\t\t\t\t\t\t\t\t\t<p>Eso depende de muchos factores, especialmente de la cantidad de art\u00edculos o fotograf\u00edas que env\u00ede. Cuanto m\u00e1s publique, mayores ser\u00e1n sus ingresos potenciales. Ganar\u00e1s dinero con los anuncios que se inserten dentro de tus art\u00edculos. Todo lo que necesita saber sobre las oportunidades de ingresos para los contribuyentes se puede encontrar aqu\u00ed: <a href=\"#\" target=\"_blank\" rel=\"noopener\">Ganar dinero con EUPA STORE<\/a><\/p><p>Sigue ganando dinero mes tras mes desde la comodidad de tu hogar. El potencial de ganancias existe desde hace a\u00f1os. \u00bfQue estas esperando? Aumente su n\u00famero de lectores y obtenga beneficios de Google AdSense. S\u00f3lo se necesitan unas horas para empezar. \u00a1Aplica ya!<\/p><p>Le brindamos todo lo que necesita: aproveche nuestro conveniente sistema de administraci\u00f3n de contenido (CMS), que le permite publicar art\u00edculos escritos y fotograf\u00edas que luego se agregar\u00e1n autom\u00e1ticamente a su portafolio. Nuestro CMS es f\u00e1cil de usar y no requiere conocimientos inform\u00e1ticos especiales. Contenido en el que puedes publicar <a href=\"https:\/\/eupa.store\" target=\"_blank\" rel=\"noopener\">EUPA.TIENDA<\/a> incluye negocios, bellas artes, finanzas, estilo de vida, animales, ciencia, salud, medio ambiente, turismo, asociaciones, entretenimiento, inter\u00e9s general, casa y hogar, pol\u00edtica, pasatiempos y mucho m\u00e1s.<\/p>\t\t\t\t\t\t\t\t<\/div>\n\t\t\t\t<\/div>\n\t\t\t\t<div class=\"elementor-element elementor-element-56d1e088 elementor-widget elementor-widget-heading\" data-id=\"56d1e088\" data-element_type=\"widget\" data-widget_type=\"heading.default\">\n\t\t\t\t<div class=\"elementor-widget-container\">\n\t\t\t\t\t<h2 class=\"elementor-heading-title elementor-size-default\"> \u00bfEst\u00e1s listo para comenzar a construir tu cartera y ganar algo de dinero adicional? \u00bfPor qu\u00e9 esperar? \u00a1Solic\u00edtelo hoy! <\/h2>\t\t\t\t<\/div>\n\t\t\t\t<\/div>\n\t\t\t\t\t<\/div>\n\t\t<\/div>\n\t\t\t\t\t<\/div>\n\t\t<\/section>\n\t\t\t\t<\/div>","protected":false},"excerpt":{"rendered":"<p>EUPA facilita que los profesionales de los medios y los periodistas independientes publiquen su trabajo, como fotograf\u00edas, noticias, informes de investigaci\u00f3n, art\u00edculos, art\u00edculos, entrevistas, informaci\u00f3n sobre ferias y eventos, etc. \u00a1Empiece a crear su portafolio en l\u00ednea y gane dinero a lo largo del camino! Herramienta invaluable EUPA ofrece una plataforma, EUPA.STORE, que le permite crear un... <a title=\"Ganar dinero con la tienda EUPA\" class=\"read-more\" href=\"https:\/\/eupa.uk\/es\/membership\/earning-money-with-eupa-news\/\" aria-label=\"Leer m\u00e1s sobre Ganar dinero con EUPA Store\">Leer m\u00e1s<\/a><\/p>","protected":false},"author":1,"featured_media":0,"parent":3502,"menu_order":4,"comment_status":"closed","ping_status":"closed","template":"","meta":{"footnotes":""},"class_list":["post-3543","page","type-page","status-publish"],"_links":{"self":[{"href":"https:\/\/eupa.uk\/es\/wp-json\/wp\/v2\/pages\/3543","targetHints":{"allow":["GET"]}}],"collection":[{"href":"https:\/\/eupa.uk\/es\/wp-json\/wp\/v2\/pages"}],"about":[{"href":"https:\/\/eupa.uk\/es\/wp-json\/wp\/v2\/types\/page"}],"author":[{"embeddable":true,"href":"https:\/\/eupa.uk\/es\/wp-json\/wp\/v2\/users\/1"}],"replies":[{"embeddable":true,"href":"https:\/\/eupa.uk\/es\/wp-json\/wp\/v2\/comments?post=3543"}],"version-history":[{"count":0,"href":"https:\/\/eupa.uk\/es\/wp-json\/wp\/v2\/pages\/3543\/revisions"}],"up":[{"embeddable":true,"href":"https:\/\/eupa.uk\/es\/wp-json\/wp\/v2\/pages\/3502"}],"wp:attachment":[{"href":"https:\/\/eupa.uk\/es\/wp-json\/wp\/v2\/media?parent=3543"}],"curies":[{"name":"wp","href":"https:\/\/api.w.org\/{rel}","templated":true}]}}