{"id":3553,"date":"2021-03-20T17:48:58","date_gmt":"2021-03-20T17:48:58","guid":{"rendered":"https:\/\/eupa.agency\/?page_id=3553"},"modified":"2024-06-19T11:08:10","modified_gmt":"2024-06-19T10:08:10","slug":"the-media","status":"publish","type":"page","link":"https:\/\/eupa.uk\/es\/membership\/the-media\/","title":{"rendered":"Medios de comunicaci\u00f3n"},"content":{"rendered":"<div data-elementor-type=\"wp-page\" data-elementor-id=\"3553\" class=\"elementor elementor-3553\" data-elementor-post-type=\"page\">\n\t\t\t\t\t\t<section class=\"elementor-section elementor-top-section elementor-element elementor-element-5f008e0d elementor-section-boxed elementor-section-height-default elementor-section-height-default\" data-id=\"5f008e0d\" data-element_type=\"section\">\n\t\t\t\t\t\t<div class=\"elementor-container elementor-column-gap-default\">\n\t\t\t\t\t<div class=\"elementor-column elementor-col-100 elementor-top-column elementor-element elementor-element-5cf77bea\" data-id=\"5cf77bea\" data-element_type=\"column\">\n\t\t\t<div class=\"elementor-widget-wrap elementor-element-populated\">\n\t\t\t\t\t\t<div class=\"elementor-element elementor-element-081f381 elementor-widget elementor-widget-video\" data-id=\"081f381\" data-element_type=\"widget\" data-settings=\"{&quot;youtube_url&quot;:&quot;https:\\\/\\\/youtu.be\\\/Qc-nVJj4AQM&quot;,&quot;video_type&quot;:&quot;youtube&quot;,&quot;controls&quot;:&quot;yes&quot;}\" data-widget_type=\"video.default\">\n\t\t\t\t<div class=\"elementor-widget-container\">\n\t\t\t\t\t\t\t<div class=\"elementor-wrapper elementor-open-inline\">\n\t\t\t<div class=\"elementor-video\"><\/div>\t\t<\/div>\n\t\t\t\t\t\t<\/div>\n\t\t\t\t<\/div>\n\t\t\t\t\t<\/div>\n\t\t<\/div>\n\t\t\t\t\t<\/div>\n\t\t<\/section>\n\t\t\t\t<section class=\"elementor-section elementor-top-section elementor-element elementor-element-b6f0465 elementor-section-boxed elementor-section-height-default elementor-section-height-default\" data-id=\"b6f0465\" data-element_type=\"section\">\n\t\t\t\t\t\t<div class=\"elementor-container elementor-column-gap-default\">\n\t\t\t\t\t<div class=\"elementor-column elementor-col-100 elementor-top-column elementor-element elementor-element-cd9d96a\" data-id=\"cd9d96a\" data-element_type=\"column\">\n\t\t\t<div class=\"elementor-widget-wrap elementor-element-populated\">\n\t\t\t\t\t\t<div class=\"elementor-element elementor-element-d18e280 elementor-widget elementor-widget-text-editor\" data-id=\"d18e280\" data-element_type=\"widget\" data-widget_type=\"text-editor.default\">\n\t\t\t\t<div class=\"elementor-widget-container\">\n\t\t\t\t\t\t\t\t\t<p>\u00bfEs usted editor de un peri\u00f3dico o trabaja en una emisora de radio o televisi\u00f3n y le gustar\u00eda recibir informaci\u00f3n completa y fundamentada sobre las \u00faltimas noticias? Entonces ha llegado al lugar correcto de nuestro sitio web, donde nos gustar\u00eda presentarle nuestro vers\u00e1til servicio de prensa para todos los \u00e1mbitos del mundo de los medios modernos.<\/p><p>Cientos de peri\u00f3dicos, as\u00ed como emisoras de radio y televisi\u00f3n de todo el mundo ya aprovechan nuestro servicio de prensa, que EUPA ofrece desde hace muchos a\u00f1os y que le proporciona noticias y material medi\u00e1tico de actualidad las 24 horas del d\u00eda. Adem\u00e1s de las cl\u00e1sicas noticias impresas para peri\u00f3dicos y revistas, nuestro servicio incluye otros elementos multimedia y le permite acceder a fotograf\u00edas, v\u00eddeos y contenido multimedia complementario.<\/p><p>EUPA proporciona decenas de canales que te permiten acceder a noticias de todos los sectores en tiempo real y las 24 horas del d\u00eda, que luego podr\u00e1s adaptar a tu propio medio de comunicaci\u00f3n. Muchas redacciones de todo el mundo, as\u00ed como cientos de emisoras de radio y televisi\u00f3n, ya se benefician de nuestro servicio completo y profesional. Gracias a los servicios de noticias desarrollados por EUPA, podr\u00e1 disfrutar de la transferencia de noticias, fotograf\u00edas y v\u00eddeos sin esfuerzo a sus oficinas editoriales. Lo \u00fanico que necesita para simplificar su trabajo diario con los medios es una conexi\u00f3n a Internet.<\/p>\t\t\t\t\t\t\t\t<\/div>\n\t\t\t\t<\/div>\n\t\t\t\t\t<\/div>\n\t\t<\/div>\n\t\t\t\t\t<\/div>\n\t\t<\/section>\n\t\t\t\t<\/div>","protected":false},"excerpt":{"rendered":"<p>\u00bfEs usted editor de un peri\u00f3dico o trabaja para una emisora de radio o televisi\u00f3n y desea recibir informaci\u00f3n completa y bien fundamentada sobre las \u00faltimas noticias? En ese caso, en nuestra p\u00e1gina web, ha llegado al lugar adecuado. Queremos presentarle nuestro vers\u00e1til servicio de prensa para todos los \u00e1mbitos de la actualidad\u2026 <a title=\"Medios de comunicaci\u00f3n\" class=\"read-more\" href=\"https:\/\/eupa.uk\/es\/membership\/the-media\/\" aria-label=\"Leer m\u00e1s sobre Medios\">Leer m\u00e1s<\/a><\/p>","protected":false},"author":1,"featured_media":0,"parent":3502,"menu_order":5,"comment_status":"closed","ping_status":"closed","template":"","meta":{"footnotes":""},"class_list":["post-3553","page","type-page","status-publish"],"_links":{"self":[{"href":"https:\/\/eupa.uk\/es\/wp-json\/wp\/v2\/pages\/3553","targetHints":{"allow":["GET"]}}],"collection":[{"href":"https:\/\/eupa.uk\/es\/wp-json\/wp\/v2\/pages"}],"about":[{"href":"https:\/\/eupa.uk\/es\/wp-json\/wp\/v2\/types\/page"}],"author":[{"embeddable":true,"href":"https:\/\/eupa.uk\/es\/wp-json\/wp\/v2\/users\/1"}],"replies":[{"embeddable":true,"href":"https:\/\/eupa.uk\/es\/wp-json\/wp\/v2\/comments?post=3553"}],"version-history":[{"count":0,"href":"https:\/\/eupa.uk\/es\/wp-json\/wp\/v2\/pages\/3553\/revisions"}],"up":[{"embeddable":true,"href":"https:\/\/eupa.uk\/es\/wp-json\/wp\/v2\/pages\/3502"}],"wp:attachment":[{"href":"https:\/\/eupa.uk\/es\/wp-json\/wp\/v2\/media?parent=3553"}],"curies":[{"name":"wp","href":"https:\/\/api.w.org\/{rel}","templated":true}]}}