{"id":3559,"date":"2021-03-20T17:58:32","date_gmt":"2021-03-20T17:58:32","guid":{"rendered":"https:\/\/eupa.agency\/?page_id=3559"},"modified":"2022-03-10T10:22:29","modified_gmt":"2022-03-10T10:22:29","slug":"eupa-documents-verification","status":"publish","type":"page","link":"https:\/\/eupa.uk\/es\/membership\/eupa-documents-verification\/","title":{"rendered":"VERIFICACI\u00d3N DE DOCUMENTOS EUPA"},"content":{"rendered":"<div data-elementor-type=\"wp-page\" data-elementor-id=\"3559\" class=\"elementor elementor-3559\" data-elementor-post-type=\"page\">\n\t\t\t\t\t\t<section class=\"elementor-section elementor-top-section elementor-element elementor-element-5f008e0d elementor-section-boxed elementor-section-height-default elementor-section-height-default\" data-id=\"5f008e0d\" data-element_type=\"section\">\n\t\t\t\t\t\t<div class=\"elementor-container elementor-column-gap-default\">\n\t\t\t\t\t<div class=\"elementor-column elementor-col-100 elementor-top-column elementor-element elementor-element-5cf77bea\" data-id=\"5cf77bea\" data-element_type=\"column\">\n\t\t\t<div class=\"elementor-widget-wrap elementor-element-populated\">\n\t\t\t\t\t\t<div class=\"elementor-element elementor-element-3eeb265 elementor-widget elementor-widget-text-editor\" data-id=\"3eeb265\" data-element_type=\"widget\" data-widget_type=\"text-editor.default\">\n\t\t\t\t<div class=\"elementor-widget-container\">\n\t\t\t\t\t\t\t\t\t<p>La capacidad de verificar la autenticidad de un documento es crucial para respaldar el trabajo diario de nuestros miembros. La EUPA ofrece caracter\u00edsticas de seguridad en continua mejora del m\u00e1s alto nivel, haciendo que cada documento emitido sea inolvidable. Tener un registro central le permite saber si la persona que realiza una consulta es un miembro certificado de nuestra organizaci\u00f3n. Cualquiera puede verificar f\u00e1cilmente la autenticidad de un pase de prensa EUPA, una tarjeta de identificaci\u00f3n de prensa EUPA y una identificaci\u00f3n de veh\u00edculo de prensa EUPA escaneando el c\u00f3digo QR y comprobando as\u00ed la exactitud de la informaci\u00f3n proporcionada en el documento.<\/p>\t\t\t\t\t\t\t\t<\/div>\n\t\t\t\t<\/div>\n\t\t\t\t<div class=\"elementor-element elementor-element-98e6395 elementor-widget elementor-widget-heading\" data-id=\"98e6395\" data-element_type=\"widget\" data-widget_type=\"heading.default\">\n\t\t\t\t<div class=\"elementor-widget-container\">\n\t\t\t\t\t<h2 class=\"elementor-heading-title elementor-size-default\">VENTAJAS DE LOS DOCUMENTOS EUPA<br>PARA LA POLIC\u00cdA, GOBIERNOS, AGENCIAS Y ANFITRIONES DE EVENTOS<\/h2>\t\t\t\t<\/div>\n\t\t\t\t<\/div>\n\t\t\t\t<div class=\"elementor-element elementor-element-297a342 elementor-widget elementor-widget-text-editor\" data-id=\"297a342\" data-element_type=\"widget\" data-widget_type=\"text-editor.default\">\n\t\t\t\t<div class=\"elementor-widget-container\">\n\t\t\t\t\t\t\t\t\t<p>Una tarjeta de identificaci\u00f3n de prensa y\/o un pase de prensa de la EUPA garantizan que su titular actuar\u00e1 de forma profesional y concienzuda.<br \/>Si se le presenta un documento EUPA, puede estar seguro de que est\u00e1 tratando con una parte interesada de los medios de comunicaci\u00f3n profesional, que cumple con nuestras <a href=\"https:\/\/eupa.uk\/es\/rules\/code-of-ethics\/\">C\u00f3digo \u00e9tico<\/a>, emitido por la Sociedad de Periodismo Profesional.<\/p><p>Dependiendo de la situaci\u00f3n de emergencia, es posible que no haya tiempo para procedimientos de acreditaci\u00f3n complicados.<br \/>En cambio, el pase de prensa EUPA y\/o la tarjeta de identificaci\u00f3n de prensa se convierten en pruebas de actividad period\u00edstica leg\u00edtima.<\/p><p>No tiene que preocuparse por los documentos EUPA falsificados, ya que se elaboran utilizando una t\u00e9cnica de impresi\u00f3n que es dif\u00edcil de copiar y todos cuentan con un holograma, lo que hace que su replicaci\u00f3n no autorizada sea casi imposible.<br \/>Para aumentar la seguridad, nuestros documentos solo se emiten para un a\u00f1o calendario a la vez.<\/p>\t\t\t\t\t\t\t\t<\/div>\n\t\t\t\t<\/div>\n\t\t\t\t\t<\/div>\n\t\t<\/div>\n\t\t\t\t\t<\/div>\n\t\t<\/section>\n\t\t\t\t<\/div>","protected":false},"excerpt":{"rendered":"<p>La capacidad de verificar la autenticidad de un documento es crucial para respaldar el trabajo diario de nuestros miembros. La EUPA ofrece caracter\u00edsticas de seguridad en continua mejora del m\u00e1s alto nivel, haciendo que cada documento emitido sea inolvidable. Tener un registro central le permite saber si la persona que realiza una consulta es un miembro certificado de nuestra organizaci\u00f3n. La autenticidad\u2026 <a title=\"VERIFICACI\u00d3N DE DOCUMENTOS EUPA\" class=\"read-more\" href=\"https:\/\/eupa.uk\/es\/membership\/eupa-documents-verification\/\" aria-label=\"Leer m\u00e1s sobre VERIFICACI\u00d3N DE DOCUMENTOS EUPA\">Leer m\u00e1s<\/a><\/p>","protected":false},"author":1,"featured_media":0,"parent":3502,"menu_order":6,"comment_status":"closed","ping_status":"closed","template":"","meta":{"footnotes":""},"class_list":["post-3559","page","type-page","status-publish"],"_links":{"self":[{"href":"https:\/\/eupa.uk\/es\/wp-json\/wp\/v2\/pages\/3559","targetHints":{"allow":["GET"]}}],"collection":[{"href":"https:\/\/eupa.uk\/es\/wp-json\/wp\/v2\/pages"}],"about":[{"href":"https:\/\/eupa.uk\/es\/wp-json\/wp\/v2\/types\/page"}],"author":[{"embeddable":true,"href":"https:\/\/eupa.uk\/es\/wp-json\/wp\/v2\/users\/1"}],"replies":[{"embeddable":true,"href":"https:\/\/eupa.uk\/es\/wp-json\/wp\/v2\/comments?post=3559"}],"version-history":[{"count":0,"href":"https:\/\/eupa.uk\/es\/wp-json\/wp\/v2\/pages\/3559\/revisions"}],"up":[{"embeddable":true,"href":"https:\/\/eupa.uk\/es\/wp-json\/wp\/v2\/pages\/3502"}],"wp:attachment":[{"href":"https:\/\/eupa.uk\/es\/wp-json\/wp\/v2\/media?parent=3559"}],"curies":[{"name":"wp","href":"https:\/\/api.w.org\/{rel}","templated":true}]}}