{"id":3618,"date":"2021-03-20T19:10:32","date_gmt":"2021-03-20T19:10:32","guid":{"rendered":"https:\/\/eupa.agency\/?page_id=3618"},"modified":"2022-03-12T08:45:15","modified_gmt":"2022-03-12T08:45:15","slug":"press-distribution-lists","status":"publish","type":"page","link":"https:\/\/eupa.uk\/es\/membership\/content-publishers\/press-distribution-lists\/","title":{"rendered":"Listas de distribuci\u00f3n de prensa"},"content":{"rendered":"<div data-elementor-type=\"wp-page\" data-elementor-id=\"3618\" class=\"elementor elementor-3618\" data-elementor-post-type=\"page\">\n\t\t\t\t\t\t<section class=\"elementor-section elementor-top-section elementor-element elementor-element-7f38d84f elementor-section-boxed elementor-section-height-default elementor-section-height-default\" data-id=\"7f38d84f\" data-element_type=\"section\">\n\t\t\t\t\t\t<div class=\"elementor-container elementor-column-gap-default\">\n\t\t\t\t\t<div class=\"elementor-column elementor-col-100 elementor-top-column elementor-element elementor-element-1574babb\" data-id=\"1574babb\" data-element_type=\"column\">\n\t\t\t<div class=\"elementor-widget-wrap elementor-element-populated\">\n\t\t\t\t\t\t<div class=\"elementor-element elementor-element-1af0641 elementor-widget elementor-widget-heading\" data-id=\"1af0641\" data-element_type=\"widget\" data-widget_type=\"heading.default\">\n\t\t\t\t<div class=\"elementor-widget-container\">\n\t\t\t\t\t<h3 class=\"elementor-heading-title elementor-size-default\">Muy pronto<\/h3>\t\t\t\t<\/div>\n\t\t\t\t<\/div>\n\t\t\t\t\t<\/div>\n\t\t<\/div>\n\t\t\t\t\t<\/div>\n\t\t<\/section>\n\t\t\t\t<section class=\"elementor-section elementor-top-section elementor-element elementor-element-97ce6f4 elementor-hidden-desktop elementor-hidden-tablet elementor-hidden-mobile elementor-section-boxed elementor-section-height-default elementor-section-height-default\" data-id=\"97ce6f4\" data-element_type=\"section\">\n\t\t\t\t\t\t<div class=\"elementor-container elementor-column-gap-default\">\n\t\t\t\t\t<div class=\"elementor-column elementor-col-100 elementor-top-column elementor-element elementor-element-f385bf0\" data-id=\"f385bf0\" data-element_type=\"column\">\n\t\t\t<div class=\"elementor-widget-wrap elementor-element-populated\">\n\t\t\t\t\t\t<div class=\"elementor-element elementor-element-494399e elementor-widget elementor-widget-text-editor\" data-id=\"494399e\" data-element_type=\"widget\" data-widget_type=\"text-editor.default\">\n\t\t\t\t<div class=\"elementor-widget-container\">\n\t\t\t\t\t\t\t\t\t<p>En la era de Internet, las listas de distribuci\u00f3n de prensa son vitales para numerosos portales en l\u00ednea que tienen como objetivo proporcionar informaci\u00f3n fiable y completa a sus visitantes. Sitios web como Yahoo o AOL ya se han establecido como proveedores en l\u00ednea de noticias y titulares, y desde hace a\u00f1os, la demanda de noticias a trav\u00e9s de Internet ha aumentado continuamente. Gracias a nuestra asociaci\u00f3n con PRESS BOX, usted tambi\u00e9n podr\u00e1 beneficiarse de diversas ventajas para su sitio web.<\/p><p>PRESS BOX ofrece una variedad de canales de comunicaci\u00f3n gracias a nuestras amplias colaboraciones con periodistas y redacciones de todo el mundo. Nuestra red sigue expandi\u00e9ndose y comprende un servicio de periodismo profesional en constante crecimiento. Al ampliar su red individual, est\u00e1 creando una oferta mejor y m\u00e1s espec\u00edfica para su propio medio.<\/p>\t\t\t\t\t\t\t\t<\/div>\n\t\t\t\t<\/div>\n\t\t\t\t<div class=\"elementor-element elementor-element-8cedc8e elementor-widget elementor-widget-image\" data-id=\"8cedc8e\" data-element_type=\"widget\" data-widget_type=\"image.default\">\n\t\t\t\t<div class=\"elementor-widget-container\">\n\t\t\t\t\t\t\t\t\t\t\t\t\t\t\t<img fetchpriority=\"high\" decoding=\"async\" width=\"768\" height=\"194\" src=\"https:\/\/b2281902.smushcdn.com\/2281902\/wp-content\/uploads\/media_distribution_img.jpg?lossy=1&strip=1&webp=1\" class=\"attachment-large size-large wp-image-3621\" alt=\"\" srcset=\"https:\/\/b2281902.smushcdn.com\/2281902\/wp-content\/uploads\/media_distribution_img.jpg?lossy=1&strip=1&webp=1 768w, https:\/\/b2281902.smushcdn.com\/2281902\/wp-content\/uploads\/media_distribution_img-300x76.jpg?lossy=1&strip=1&webp=1 300w, https:\/\/b2281902.smushcdn.com\/2281902\/wp-content\/uploads\/media_distribution_img-16x4.jpg?lossy=1&strip=1&webp=1 16w, https:\/\/b2281902.smushcdn.com\/2281902\/wp-content\/uploads\/media_distribution_img.jpg?size=240x61&lossy=1&strip=1&webp=1 240w, https:\/\/b2281902.smushcdn.com\/2281902\/wp-content\/uploads\/media_distribution_img.jpg?size=480x121&lossy=1&strip=1&webp=1 480w\" sizes=\"(max-width: 768px) 100vw, 768px\" \/>\t\t\t\t\t\t\t\t\t\t\t\t\t\t\t<\/div>\n\t\t\t\t<\/div>\n\t\t\t\t<div class=\"elementor-element elementor-element-382c6a1 elementor-widget elementor-widget-text-editor\" data-id=\"382c6a1\" data-element_type=\"widget\" data-widget_type=\"text-editor.default\">\n\t\t\t\t<div class=\"elementor-widget-container\">\n\t\t\t\t\t\t\t\t\t<p>La era de Internet hace que sea m\u00e1s f\u00e1cil que nunca recopilar informaci\u00f3n personalizada y transmitirla a peri\u00f3dicos, cadenas de televisi\u00f3n o proveedores online en formato multimedia. PRESS BOX ofrece acceso diario a noticias completas y actualizadas de empresas, asociaciones, partidos pol\u00edticos u organizadores de eventos, al tiempo que le permite poner su propia informaci\u00f3n a disposici\u00f3n de hasta 12.000 redacciones. Incluso puede despertar el inter\u00e9s por productos, servicios o eventos seleccionados que no han recibido la atenci\u00f3n que merecen debido a la falta de relaciones p\u00fablicas. Para evitar perderse en el aluvi\u00f3n constante de comunicados de prensa y anuncios, PRESS BOX le permite enviar informaci\u00f3n personalizada a redacciones y clientes que sea coherente con sus requisitos y sus habilidades period\u00edsticas. PRESS BOX tambi\u00e9n es una herramienta vital para las empresas que desean publicitar sus servicios y aumentar las cifras de ventas.<\/p><p>Una campa\u00f1a de marketing y medios moderna depende de muchos factores y debe dise\u00f1arse teniendo en cuenta el tama\u00f1o de la empresa y el p\u00fablico objetivo. Con PRESS BOX y nuestros servicios, se beneficiar\u00e1 de una amplia red de EUPA que le permitir\u00e1 realizar un trabajo de relaciones p\u00fablicas eficiente en un corto per\u00edodo de tiempo. Desde determinar el momento perfecto para una campa\u00f1a publicitaria independiente hasta seleccionar las mejores herramientas de marketing o contactar con las redacciones y las instituciones de medios adecuadas, estaremos encantados de ayudarle a llegar al p\u00fablico objetivo adecuado para sus productos o eventos. Los diversos m\u00f3dulos de comunicaci\u00f3n de PRESS BOX le ayudar\u00e1n a descubrir las ventajas individuales de los diferentes canales de medios y a desarrollar una campa\u00f1a multimedia que se adapte a sus necesidades.<\/p>\t\t\t\t\t\t\t\t<\/div>\n\t\t\t\t<\/div>\n\t\t\t\t<div class=\"elementor-element elementor-element-3619487 elementor-widget elementor-widget-heading\" data-id=\"3619487\" data-element_type=\"widget\" data-widget_type=\"heading.default\">\n\t\t\t\t<div class=\"elementor-widget-container\">\n\t\t\t\t\t<h2 class=\"elementor-heading-title elementor-size-default\">Llegando a miles de redacciones en poco tiempo<\/h2>\t\t\t\t<\/div>\n\t\t\t\t<\/div>\n\t\t\t\t<div class=\"elementor-element elementor-element-6fb5291 elementor-widget elementor-widget-text-editor\" data-id=\"6fb5291\" data-element_type=\"widget\" data-widget_type=\"text-editor.default\">\n\t\t\t\t<div class=\"elementor-widget-container\">\n\t\t\t\t\t\t\t\t\t<p>Aunque PRESS BOX no tiene ninguna influencia sobre si su informaci\u00f3n aparecer\u00e1 impresa o en l\u00ednea, la distribuci\u00f3n de sus comunicados de prensa a m\u00e1s de 18.000 redacciones aumenta significativamente la probabilidad de publicaci\u00f3n. Con el tiempo, crear\u00e1 un directorio creciente de nuevos contactos que, con el paso de los meses y los a\u00f1os, podr\u00e1n aumentar cada vez m\u00e1s la relevancia de sus comunicados de prensa.<\/p><p>Al rellenar nuestro formulario de contacto, podr\u00e1 indicar a qu\u00e9 medios de comunicaci\u00f3n desea dirigirse. Tras unos d\u00edas, recibir\u00e1 una propuesta detallada de PRESS BOX. Si est\u00e1 conforme, solo tiene que firmarla y devolverla. Una vez recibido el pago, enviaremos su comunicado de prensa a las redacciones seleccionadas, siempre que hayamos recibido una copia digital. EUPA act\u00faa \u00fanicamente como agente de todos sus comunicados de prensa. El servicio propiamente dicho lo gestiona exclusivamente PRESS BOX.<\/p>\t\t\t\t\t\t\t\t<\/div>\n\t\t\t\t<\/div>\n\t\t\t\t\t<\/div>\n\t\t<\/div>\n\t\t\t\t\t<\/div>\n\t\t<\/section>\n\t\t\t\t<\/div>","protected":false},"excerpt":{"rendered":"<p>Coming soon In the Internet age, press distribution lists are vital for numerous online portals that aim to provide reliable and comprehensive information for their visitors. Websites such as Yahoo or AOL have already established themselves as online providers of news and headlines, and for years, the demand for news over the Internet has risen &#8230; <a title=\"Listas de distribuci\u00f3n de prensa\" class=\"read-more\" href=\"https:\/\/eupa.uk\/es\/membership\/content-publishers\/press-distribution-lists\/\" aria-label=\"Leer m\u00e1s sobre Press Distribution Lists\">Leer m\u00e1s<\/a><\/p>","protected":false},"author":1,"featured_media":0,"parent":3592,"menu_order":1,"comment_status":"closed","ping_status":"closed","template":"","meta":{"footnotes":""},"class_list":["post-3618","page","type-page","status-publish"],"_links":{"self":[{"href":"https:\/\/eupa.uk\/es\/wp-json\/wp\/v2\/pages\/3618","targetHints":{"allow":["GET"]}}],"collection":[{"href":"https:\/\/eupa.uk\/es\/wp-json\/wp\/v2\/pages"}],"about":[{"href":"https:\/\/eupa.uk\/es\/wp-json\/wp\/v2\/types\/page"}],"author":[{"embeddable":true,"href":"https:\/\/eupa.uk\/es\/wp-json\/wp\/v2\/users\/1"}],"replies":[{"embeddable":true,"href":"https:\/\/eupa.uk\/es\/wp-json\/wp\/v2\/comments?post=3618"}],"version-history":[{"count":0,"href":"https:\/\/eupa.uk\/es\/wp-json\/wp\/v2\/pages\/3618\/revisions"}],"up":[{"embeddable":true,"href":"https:\/\/eupa.uk\/es\/wp-json\/wp\/v2\/pages\/3592"}],"wp:attachment":[{"href":"https:\/\/eupa.uk\/es\/wp-json\/wp\/v2\/media?parent=3618"}],"curies":[{"name":"wp","href":"https:\/\/api.w.org\/{rel}","templated":true}]}}