{"id":3640,"date":"2021-03-20T19:22:30","date_gmt":"2021-03-20T19:22:30","guid":{"rendered":"https:\/\/eupa.agency\/?page_id=3640"},"modified":"2021-04-28T12:18:20","modified_gmt":"2021-04-28T12:18:20","slug":"media-discounts","status":"publish","type":"page","link":"https:\/\/eupa.uk\/es\/membership\/media-discounts\/","title":{"rendered":"Descuentos y ofertas especiales para socios"},"content":{"rendered":"<div data-elementor-type=\"wp-page\" data-elementor-id=\"3640\" class=\"elementor elementor-3640\" data-elementor-post-type=\"page\">\n\t\t\t\t\t\t<section class=\"elementor-section elementor-top-section elementor-element elementor-element-28eb62b7 elementor-section-boxed elementor-section-height-default elementor-section-height-default\" data-id=\"28eb62b7\" data-element_type=\"section\">\n\t\t\t\t\t\t<div class=\"elementor-container elementor-column-gap-default\">\n\t\t\t\t\t<div class=\"elementor-column elementor-col-100 elementor-top-column elementor-element elementor-element-2ac5af5c\" data-id=\"2ac5af5c\" data-element_type=\"column\">\n\t\t\t<div class=\"elementor-widget-wrap elementor-element-populated\">\n\t\t\t\t\t\t<div class=\"elementor-element elementor-element-49b7a373 elementor-widget elementor-widget-text-editor\" data-id=\"49b7a373\" data-element_type=\"widget\" data-widget_type=\"text-editor.default\">\n\t\t\t\t<div class=\"elementor-widget-container\">\n\t\t\t\t\t\t\t\t\t<p>Como miembro de la EUPA y, por tanto, representante certificado de los medios de comunicaci\u00f3n, podr\u00e1 beneficiarse de numerosos beneficios. Por ejemplo, su pase de prensa puede brindarle concesiones especiales en eventos o al comprar productos de marca. Incluso si el periodismo es s\u00f3lo su ocupaci\u00f3n a tiempo parcial, podr\u00e1 disfrutar de todas estas ventajas, que le ayudar\u00e1n r\u00e1pidamente a recuperar el coste de su membres\u00eda anual en la EUPA.<\/p><p>Aprovechar descuentos de cualquier tipo es tan popular en Europa como en Estados Unidos. Como miembro de la prensa, se le ofrecen descuentos de este tipo en ferias y exposiciones, museos, conciertos, etc. Muchos lugares ofrecen descuentos de hasta el 40 por ciento del precio normal, lo que le permite negociar mejores ofertas, ya sea en la pr\u00f3xima reserva de hotel, alquiler de coche o tu contrato de m\u00f3vil. Cada vez m\u00e1s sectores empresariales ofrecen atractivos descuentos con la esperanza de crear una imagen positiva ante la prensa y recibir una cobertura favorable.<\/p>\t\t\t\t\t\t\t\t<\/div>\n\t\t\t\t<\/div>\n\t\t\t\t<div class=\"elementor-element elementor-element-3036b934 elementor-widget elementor-widget-heading\" data-id=\"3036b934\" data-element_type=\"widget\" data-widget_type=\"heading.default\">\n\t\t\t\t<div class=\"elementor-widget-container\">\n\t\t\t\t\t<h2 class=\"elementor-heading-title elementor-size-default\">Consideraciones \u00e9ticas para periodistas<\/h2>\t\t\t\t<\/div>\n\t\t\t\t<\/div>\n\t\t\t\t<div class=\"elementor-element elementor-element-4897473a elementor-widget elementor-widget-text-editor\" data-id=\"4897473a\" data-element_type=\"widget\" data-widget_type=\"text-editor.default\">\n\t\t\t\t<div class=\"elementor-widget-container\">\n\t\t\t\t\t\t\t\t\t<p>No es s\u00f3lo el panorama de los medios estadounidenses el que ha estado experimentando r\u00e1pidos cambios en los \u00faltimos a\u00f1os. Cada vez m\u00e1s periodistas trabajan como aut\u00f3nomos, ya sea a tiempo completo o parcial, y ya no se benefician de las seguridades que implica trabajar en una redacci\u00f3n o una editorial. Los periodistas independientes sin ingresos regulares sufren cargas financieras significativamente mayores durante sus esfuerzos diarios de investigaci\u00f3n, de las cuales los editores y periodistas empleados no tienen que preocuparse.<\/p><p>En EUPA dedicamos una gran parte de nuestro apoyo a los periodistas a tiempo parcial para brindarles acceso a los mismos beneficios que los periodistas establecidos. El puesto de trabajo \u201cperiodista\u201d no est\u00e1 protegido por ley y en los Estados Unidos no est\u00e1 disponible un pase de prensa est\u00e1ndar para todos los miembros de los medios. M\u00e1s bien, cada asociaci\u00f3n de periodismo emite sus propios pases. Por razones \u00e9ticas, los periodistas s\u00f3lo deber\u00edan hacer uso de sus descuentos durante sus investigaciones. Sin embargo, rara vez es necesaria una prueba de publicaci\u00f3n para recibir un descuento.<\/p>\t\t\t\t\t\t\t\t<\/div>\n\t\t\t\t<\/div>\n\t\t\t\t\t<\/div>\n\t\t<\/div>\n\t\t\t\t\t<\/div>\n\t\t<\/section>\n\t\t\t\t<\/div>","protected":false},"excerpt":{"rendered":"<p>Como miembro de la EUPA y, por tanto, representante certificado de los medios de comunicaci\u00f3n, podr\u00e1 beneficiarse de numerosos beneficios. Por ejemplo, su pase de prensa puede brindarle concesiones especiales en eventos o al comprar productos de marca. Incluso si el periodismo es s\u00f3lo tu ocupaci\u00f3n a tiempo parcial, podr\u00e1s disfrutar de todas estas ventajas,\u2026 <a title=\"Descuentos y ofertas especiales para socios\" class=\"read-more\" href=\"https:\/\/eupa.uk\/es\/membership\/media-discounts\/\" aria-label=\"Leer m\u00e1s sobre Descuentos y Ofertas Especiales para Socios\">Leer m\u00e1s<\/a><\/p>","protected":false},"author":1,"featured_media":0,"parent":3502,"menu_order":9,"comment_status":"closed","ping_status":"closed","template":"","meta":{"footnotes":""},"class_list":["post-3640","page","type-page","status-publish"],"_links":{"self":[{"href":"https:\/\/eupa.uk\/es\/wp-json\/wp\/v2\/pages\/3640","targetHints":{"allow":["GET"]}}],"collection":[{"href":"https:\/\/eupa.uk\/es\/wp-json\/wp\/v2\/pages"}],"about":[{"href":"https:\/\/eupa.uk\/es\/wp-json\/wp\/v2\/types\/page"}],"author":[{"embeddable":true,"href":"https:\/\/eupa.uk\/es\/wp-json\/wp\/v2\/users\/1"}],"replies":[{"embeddable":true,"href":"https:\/\/eupa.uk\/es\/wp-json\/wp\/v2\/comments?post=3640"}],"version-history":[{"count":0,"href":"https:\/\/eupa.uk\/es\/wp-json\/wp\/v2\/pages\/3640\/revisions"}],"up":[{"embeddable":true,"href":"https:\/\/eupa.uk\/es\/wp-json\/wp\/v2\/pages\/3502"}],"wp:attachment":[{"href":"https:\/\/eupa.uk\/es\/wp-json\/wp\/v2\/media?parent=3640"}],"curies":[{"name":"wp","href":"https:\/\/api.w.org\/{rel}","templated":true}]}}