{"id":41,"date":"2020-05-06T14:15:50","date_gmt":"2020-05-06T14:15:50","guid":{"rendered":"https:\/\/new.deschenaux.me\/?page_id=41"},"modified":"2021-11-04T11:35:55","modified_gmt":"2021-11-04T11:35:55","slug":"about","status":"publish","type":"page","link":"https:\/\/eupa.uk\/es\/about\/","title":{"rendered":"Acerca de"},"content":{"rendered":"<div data-elementor-type=\"wp-page\" data-elementor-id=\"41\" class=\"elementor elementor-41\" data-elementor-post-type=\"page\">\n\t\t\t\t\t\t<section class=\"elementor-section elementor-top-section elementor-element elementor-element-1e9b934 elementor-section-stretched elementor-section-boxed elementor-section-height-default elementor-section-height-default\" data-id=\"1e9b934\" data-element_type=\"section\" data-settings=\"{&quot;background_background&quot;:&quot;classic&quot;,&quot;stretch_section&quot;:&quot;section-stretched&quot;}\">\n\t\t\t\t\t\t<div class=\"elementor-container elementor-column-gap-default\">\n\t\t\t\t\t<div class=\"elementor-column elementor-col-50 elementor-top-column elementor-element elementor-element-010befe\" data-id=\"010befe\" data-element_type=\"column\">\n\t\t\t<div class=\"elementor-widget-wrap elementor-element-populated\">\n\t\t\t\t\t\t<div class=\"elementor-element elementor-element-d6e7ec0 elementor-widget elementor-widget-video\" data-id=\"d6e7ec0\" data-element_type=\"widget\" data-settings=\"{&quot;youtube_url&quot;:&quot;https:\\\/\\\/youtu.be\\\/ZtQ5gZ2mjtA&quot;,&quot;video_type&quot;:&quot;youtube&quot;,&quot;controls&quot;:&quot;yes&quot;}\" data-widget_type=\"video.default\">\n\t\t\t\t<div class=\"elementor-widget-container\">\n\t\t\t\t\t\t\t<div class=\"elementor-wrapper elementor-open-inline\">\n\t\t\t<div class=\"elementor-video\"><\/div>\t\t<\/div>\n\t\t\t\t\t\t<\/div>\n\t\t\t\t<\/div>\n\t\t\t\t\t<\/div>\n\t\t<\/div>\n\t\t\t\t<div class=\"elementor-column elementor-col-50 elementor-top-column elementor-element elementor-element-3880dac\" data-id=\"3880dac\" data-element_type=\"column\">\n\t\t\t<div class=\"elementor-widget-wrap elementor-element-populated\">\n\t\t\t\t\t\t<div class=\"elementor-element elementor-element-6e47e9d elementor-widget elementor-widget-text-editor\" data-id=\"6e47e9d\" data-element_type=\"widget\" data-widget_type=\"text-editor.default\">\n\t\t\t\t<div class=\"elementor-widget-container\">\n\t\t\t\t\t\t\t\t\t<p>La Agencia de Prensa Europea es la primera agencia de prensa dedicada a profesionales de los medios verdaderamente independientes, incluidos periodistas, reporteros, personas influyentes, presentadores de radio y televisi\u00f3n, podcasters y animadores de canales de Internet.<\/p><p>Desde el cambio de siglo, el panorama de la prensa global se ha vuelto m\u00e1s democr\u00e1tico, revolucionando el mundo de los medios y rompiendo con viejas estructuras en el proceso. Una conexi\u00f3n a Internet y su propio blog es todo lo que necesita para publicar art\u00edculos period\u00edsticos investigados diligentemente para que los vea el p\u00fablico en general. Los editores de noticias establecidos y las asociaciones de periodismo tienen sentimientos encontrados sobre estos desarrollos, pero son impotentes ante esta tendencia, que crea una fuente prometedora de ingresos para profesionales de tiempo completo y parcial sin experiencia previa en periodismo. Varios medios de comunicaci\u00f3n ya est\u00e1n aprovechando esta evoluci\u00f3n y se benefician de la dedicaci\u00f3n mostrada por los llamados periodistas independientes.<\/p>\t\t\t\t\t\t\t\t<\/div>\n\t\t\t\t<\/div>\n\t\t\t\t\t<\/div>\n\t\t<\/div>\n\t\t\t\t\t<\/div>\n\t\t<\/section>\n\t\t\t\t<section class=\"elementor-section elementor-top-section elementor-element elementor-element-45385ed elementor-section-stretched elementor-section-boxed elementor-section-height-default elementor-section-height-default\" data-id=\"45385ed\" data-element_type=\"section\" data-settings=\"{&quot;background_background&quot;:&quot;classic&quot;,&quot;stretch_section&quot;:&quot;section-stretched&quot;}\">\n\t\t\t\t\t\t<div class=\"elementor-container elementor-column-gap-default\">\n\t\t\t\t\t<div class=\"elementor-column elementor-col-100 elementor-top-column elementor-element elementor-element-282a88d\" data-id=\"282a88d\" data-element_type=\"column\">\n\t\t\t<div class=\"elementor-widget-wrap elementor-element-populated\">\n\t\t\t\t\t\t<div class=\"elementor-element elementor-element-8ac7334 elementor-widget elementor-widget-text-editor\" data-id=\"8ac7334\" data-element_type=\"widget\" data-widget_type=\"text-editor.default\">\n\t\t\t\t<div class=\"elementor-widget-container\">\n\t\t\t\t\t\t\t\t\t<p>Dado que ning\u00fan periodista es omnipresente o puede predecir ciertos eventos, los medios de comunicaci\u00f3n conf\u00edan en art\u00edculos e im\u00e1genes de alta calidad que se crean en el lugar y garantizan la diversidad period\u00edstica. Por eso, cada vez m\u00e1s peri\u00f3dicos y revistas reciben contenidos de periodistas independientes, adem\u00e1s de de su propio equipo period\u00edstico, y los ingresos individuales de estos contribuyentes no son nada despreciable.<\/p><p>Cada d\u00eda, periodistas independientes crean cientos de historias y fotograf\u00edas y las adaptan para televisi\u00f3n, peri\u00f3dicos y portales en l\u00ednea en Estados Unidos y otros pa\u00edses. Las fotograf\u00edas de alta calidad pueden venderse por cantidades de tres o incluso cuatro cifras, por ejemplo si las editoriales las compran exclusivamente a periodistas independientes. Los periodistas establecidos pueden descartar esta nueva forma de trabajo period\u00edstico como inferior, pero sin duda crea un nuevo nicho en el mundo de los medios modernos y ayuda a los periodistas motivados y concienzudos a ganarse la vida.<\/p>\t\t\t\t\t\t\t\t<\/div>\n\t\t\t\t<\/div>\n\t\t\t\t\t<\/div>\n\t\t<\/div>\n\t\t\t\t\t<\/div>\n\t\t<\/section>\n\t\t\t\t<\/div>","protected":false},"excerpt":{"rendered":"<p>https:\/\/youtu.be\/ZtQ5gZ2mjtA La Agencia Europea de Prensa es la primera agencia de prensa dedicada a profesionales de los medios verdaderamente independientes, incluidos periodistas, reporteros, personas influyentes, presentadores de radio y televisi\u00f3n, podcasters y animadores de canales de Internet. Desde el cambio de siglo, el panorama de la prensa global se ha vuelto m\u00e1s democr\u00e1tico, revolucionando el mundo de los medios y rompiendo con viejas estructuras en el proceso. \u2026 <a title=\"Acerca de\" class=\"read-more\" href=\"https:\/\/eupa.uk\/es\/about\/\" aria-label=\"Leer m\u00e1s sobre Acerca de\">Leer m\u00e1s<\/a><\/p>","protected":false},"author":1,"featured_media":0,"parent":0,"menu_order":2,"comment_status":"closed","ping_status":"closed","template":"","meta":{"footnotes":""},"class_list":["post-41","page","type-page","status-publish"],"_links":{"self":[{"href":"https:\/\/eupa.uk\/es\/wp-json\/wp\/v2\/pages\/41","targetHints":{"allow":["GET"]}}],"collection":[{"href":"https:\/\/eupa.uk\/es\/wp-json\/wp\/v2\/pages"}],"about":[{"href":"https:\/\/eupa.uk\/es\/wp-json\/wp\/v2\/types\/page"}],"author":[{"embeddable":true,"href":"https:\/\/eupa.uk\/es\/wp-json\/wp\/v2\/users\/1"}],"replies":[{"embeddable":true,"href":"https:\/\/eupa.uk\/es\/wp-json\/wp\/v2\/comments?post=41"}],"version-history":[{"count":0,"href":"https:\/\/eupa.uk\/es\/wp-json\/wp\/v2\/pages\/41\/revisions"}],"wp:attachment":[{"href":"https:\/\/eupa.uk\/es\/wp-json\/wp\/v2\/media?parent=41"}],"curies":[{"name":"wp","href":"https:\/\/api.w.org\/{rel}","templated":true}]}}