{"id":4906,"date":"2021-04-19T16:17:08","date_gmt":"2021-04-19T16:17:08","guid":{"rendered":"https:\/\/eupa.agency\/?page_id=4906"},"modified":"2021-04-22T11:51:19","modified_gmt":"2021-04-22T11:51:19","slug":"code-of-ethics","status":"publish","type":"page","link":"https:\/\/eupa.uk\/es\/rules\/code-of-ethics\/","title":{"rendered":"C\u00f3digo \u00e9tico"},"content":{"rendered":"<div data-elementor-type=\"wp-page\" data-elementor-id=\"4906\" class=\"elementor elementor-4906\" data-elementor-post-type=\"page\">\n\t\t\t\t\t\t<section class=\"elementor-section elementor-top-section elementor-element elementor-element-ad26532 elementor-section-boxed elementor-section-height-default elementor-section-height-default\" data-id=\"ad26532\" data-element_type=\"section\">\n\t\t\t\t\t\t<div class=\"elementor-container elementor-column-gap-default\">\n\t\t\t\t\t<div class=\"elementor-column elementor-col-100 elementor-top-column elementor-element elementor-element-2e0a5a5\" data-id=\"2e0a5a5\" data-element_type=\"column\">\n\t\t\t<div class=\"elementor-widget-wrap elementor-element-populated\">\n\t\t\t\t\t\t<div class=\"elementor-element elementor-element-08c3963 elementor-widget elementor-widget-text-editor\" data-id=\"08c3963\" data-element_type=\"widget\" data-widget_type=\"text-editor.default\">\n\t\t\t\t<div class=\"elementor-widget-container\">\n\t\t\t\t\t\t\t\t\t<h2>PRE\u00c1MBULO<\/h2>\n<p>Se ruega a todos nuestros miembros que lean, aprueben y apliquen el c\u00f3digo de \u00e9tica de la SPJ (Sociedad de Periodismo Profesional) en el ejercicio de sus actividades. Como miembro de la Sociedad de Periodistas Profesionales, la EUPA cree \u201cque la ilustraci\u00f3n p\u00fablica es la precursora de la justicia y la base de la democracia. El periodismo \u00e9tico se esfuerza por garantizar el libre intercambio de informaci\u00f3n que sea precisa, justa y exhaustiva. Un periodista \u00e9tico act\u00faa con integridad. La Sociedad declara estos cuatro principios como la base del periodismo \u00e9tico y fomenta su uso en su pr\u00e1ctica por parte de todas las personas en todos los medios\u201d.<\/p>\t\t\t\t\t\t\t\t<\/div>\n\t\t\t\t<\/div>\n\t\t\t\t<div class=\"elementor-element elementor-element-c307109 elementor-widget elementor-widget-text-editor\" data-id=\"c307109\" data-element_type=\"widget\" data-widget_type=\"text-editor.default\">\n\t\t\t\t<div class=\"elementor-widget-container\">\n\t\t\t\t\t\t\t\t\t<h2>BUSCAR LA VERDAD Y DENUNCIARLA<\/h2><p>El periodismo \u00e9tico debe ser preciso y justo. Los periodistas deben ser honestos y valientes al recopilar, informar e interpretar informaci\u00f3n.<\/p><p><b>Los periodistas deber\u00edan:<\/b><\/p><ul><li>Asumir la responsabilidad de la exactitud de su trabajo. Verificar la informaci\u00f3n antes de publicarla. Utilice fuentes originales siempre que sea posible.<\/li><li>Recuerde que ni la velocidad ni el formato excusan la inexactitud.<\/li><li>Proporcionar contexto. Tenga especial cuidado de no tergiversar o simplificar demasiado al promocionar, obtener una vista previa o resumir una historia.<\/li><li>Recopilar, actualizar y corregir informaci\u00f3n a lo largo de la vida de una noticia.<\/li><li>Sea cauteloso al hacer promesas, pero cumpla las promesas que hagan.<\/li><li>Identifique las fuentes con claridad. El p\u00fablico tiene derecho a disponer de la mayor cantidad de informaci\u00f3n posible para juzgar la fiabilidad y las motivaciones de las fuentes.<\/li><li>Considere los motivos de las fuentes antes de prometer el anonimato. Reserve el anonimato para las fuentes que puedan enfrentar peligros, represalias u otros da\u00f1os, y tengan informaci\u00f3n que no se pueda obtener en ning\u00fan otro lugar. Explique por qu\u00e9 se concedi\u00f3 el anonimato.<\/li><li>Busque diligentemente los sujetos de la cobertura de noticias para permitirles responder a cr\u00edticas o acusaciones de irregularidades.<\/li><li>Evite m\u00e9todos encubiertos u otros m\u00e9todos subrepticios de recopilaci\u00f3n de informaci\u00f3n, a menos que los m\u00e9todos tradicionales y abiertos no proporcionen informaci\u00f3n vital para el p\u00fablico.<\/li><li>Est\u00e9 alerta y sea valiente a la hora de responsabilizar a quienes tienen el poder. Dar voz a los que no tienen voz.<\/li><li>Apoyar el intercambio abierto y civilizado de opiniones, incluso aquellas que les parezcan repugnantes.<\/li><li>Reconocer una obligaci\u00f3n especial de actuar como guardianes de los asuntos p\u00fablicos y del gobierno. Trate de garantizar que los asuntos del p\u00fablico se realicen abiertamente y que los registros p\u00fablicos est\u00e9n abiertos a todos.<\/li><li>Proporcionar acceso al material fuente cuando sea relevante y apropiado.<\/li><li>Cuente con valent\u00eda la historia de la diversidad y magnitud de la experiencia humana. Busque fuentes cuyas voces rara vez escuchamos.<\/li><li>Evite los estereotipos. Los periodistas deben examinar las formas en que sus valores y experiencias pueden moldear sus reportajes.<\/li><li>Promoci\u00f3n y comentarios de etiquetas.<\/li><li>Nunca distorsione deliberadamente los hechos o el contexto, incluida la informaci\u00f3n visual. Etiquete claramente las ilustraciones y recreaciones.<\/li><li>Nunca plagies. Atribuir siempre.<\/li><\/ul>\t\t\t\t\t\t\t\t<\/div>\n\t\t\t\t<\/div>\n\t\t\t\t<div class=\"elementor-element elementor-element-a1ab6da elementor-widget elementor-widget-text-editor\" data-id=\"a1ab6da\" data-element_type=\"widget\" data-widget_type=\"text-editor.default\">\n\t\t\t\t<div class=\"elementor-widget-container\">\n\t\t\t\t\t\t\t\t\t<h2>MINIMIZAR EL DA\u00d1O<\/h2><p>El periodismo \u00e9tico trata a las fuentes, los sujetos, los colegas y el p\u00fablico como seres humanos que merecen respeto.<\/p><p><b>Los periodistas deber\u00edan:<\/b><\/p><ul><li>Equilibrar la necesidad de informaci\u00f3n del p\u00fablico frente a posibles da\u00f1os o malestares. La b\u00fasqueda de noticias no es una licencia para la arrogancia o la intromisi\u00f3n indebida.<\/li><li>Muestre compasi\u00f3n por aquellos que puedan verse afectados por la cobertura de noticias. Utilice una mayor sensibilidad al tratar con menores, v\u00edctimas de delitos sexuales y fuentes o sujetos que no tienen experiencia o no pueden dar su consentimiento. Considere las diferencias culturales en el enfoque y el tratamiento.<\/li><li>Reconocer que el acceso legal a la informaci\u00f3n difiere de una justificaci\u00f3n \u00e9tica para publicar o transmitir.<\/li><li>Tenga en cuenta que las personas privadas tienen mayor derecho a controlar la informaci\u00f3n sobre s\u00ed mismas que las figuras p\u00fablicas y otras personas que buscan poder, influencia o atenci\u00f3n. Sopesar las consecuencias de publicar o difundir informaci\u00f3n personal.<\/li><li>Evite complacer la curiosidad escabrosa, incluso si otros lo hacen.<\/li><li>Equilibrar el derecho de un sospechoso a un juicio justo con el derecho del p\u00fablico a saber. Considere las implicaciones de identificar a sospechosos de delitos antes de que enfrenten cargos legales.<\/li><li>Considere las implicaciones a largo plazo del mayor alcance y permanencia de la publicaci\u00f3n. Proporcionar informaci\u00f3n actualizada y m\u00e1s completa seg\u00fan corresponda.<\/li><\/ul>\t\t\t\t\t\t\t\t<\/div>\n\t\t\t\t<\/div>\n\t\t\t\t<div class=\"elementor-element elementor-element-18d8f37 elementor-widget elementor-widget-text-editor\" data-id=\"18d8f37\" data-element_type=\"widget\" data-widget_type=\"text-editor.default\">\n\t\t\t\t<div class=\"elementor-widget-container\">\n\t\t\t\t\t\t\t\t\t<h2>ACTUAR INDEPENDIENTEMENTE<\/h2><p>La obligaci\u00f3n m\u00e1s alta y principal del periodismo \u00e9tico es servir al p\u00fablico.<\/p><p><b>Los periodistas deber\u00edan:<\/b><\/p><ul><li>Evite conflictos de intereses, reales o percibidos. Revelar conflictos inevitables.<\/li><li>Rechace obsequios, favores, honorarios, viajes gratuitos y tratos especiales, y evite actividades pol\u00edticas y otras actividades externas que puedan comprometer la integridad o la imparcialidad, o que puedan da\u00f1ar la credibilidad.<\/li><li>Tenga cuidado con las fuentes que ofrecen informaci\u00f3n a cambio de favores o dinero; No pague por el acceso a las noticias. Identificar contenido proporcionado por fuentes externas, ya sean pagadas o no.<\/li><li>Negar un trato preferencial a anunciantes, donantes o cualquier otro inter\u00e9s especial, y resistir la presi\u00f3n interna y externa para influir en la cobertura.<\/li><li>Distinga las noticias de la publicidad y evite los h\u00edbridos que desdibujan las l\u00edneas entre ambas. Etiquete de manera destacada el contenido patrocinado.<\/li><\/ul>\t\t\t\t\t\t\t\t<\/div>\n\t\t\t\t<\/div>\n\t\t\t\t<div class=\"elementor-element elementor-element-29850be elementor-widget elementor-widget-text-editor\" data-id=\"29850be\" data-element_type=\"widget\" data-widget_type=\"text-editor.default\">\n\t\t\t\t<div class=\"elementor-widget-container\">\n\t\t\t\t\t\t\t\t\t<h2>SER RESPONSABLE Y TRANSPARENTE<\/h2><p>Periodismo \u00e9tico significa asumir la responsabilidad del propio trabajo y explicar sus decisiones al p\u00fablico.<\/p><p><b>Los periodistas deber\u00edan:<\/b><\/p><ul><li>Explicar las opciones y procesos \u00e9ticos al p\u00fablico. Fomentar un di\u00e1logo civil con el p\u00fablico sobre las pr\u00e1cticas period\u00edsticas, la cobertura y el contenido de las noticias.<\/li><li>Responda r\u00e1pidamente a preguntas sobre precisi\u00f3n, claridad y equidad.<\/li><li>Reconocer los errores y corregirlos de forma r\u00e1pida y destacada. Explicar las correcciones y aclaraciones de forma cuidadosa y clara.<\/li><li>Exponer conductas poco \u00e9ticas en el periodismo, incluso dentro de sus organizaciones.<\/li><li>Cumplir con los mismos altos est\u00e1ndares que esperan de los dem\u00e1s.<\/li><\/ul>\t\t\t\t\t\t\t\t<\/div>\n\t\t\t\t<\/div>\n\t\t\t\t<div class=\"elementor-element elementor-element-8d4655b elementor-widget-divider--view-line_text elementor-widget-divider--element-align-center elementor-widget elementor-widget-divider\" data-id=\"8d4655b\" data-element_type=\"widget\" data-widget_type=\"divider.default\">\n\t\t\t\t<div class=\"elementor-widget-container\">\n\t\t\t\t\t\t\t<div class=\"elementor-divider\">\n\t\t\t<span class=\"elementor-divider-separator\">\n\t\t\t\t\t\t\t<span class=\"elementor-divider__text elementor-divider__element\">\n\t\t\t\tFuente: https:\/\/www.spj.org\/ethicscode.asp\t\t\t\t<\/span>\n\t\t\t\t\t\t<\/span>\n\t\t<\/div>\n\t\t\t\t\t\t<\/div>\n\t\t\t\t<\/div>\n\t\t\t\t\t<\/div>\n\t\t<\/div>\n\t\t\t\t\t<\/div>\n\t\t<\/section>\n\t\t\t\t<\/div>","protected":false},"excerpt":{"rendered":"<p>PRE\u00c1MBULO Se ruega a todos nuestros miembros leer, aprobar y aplicar el c\u00f3digo de \u00e9tica de la SPJ (Sociedad de Periodismo Profesional) en el ejercicio de sus actividades. Como miembro de la Sociedad de Periodistas Profesionales, la EUPA cree \u201cque la ilustraci\u00f3n p\u00fablica es la precursora de la justicia y la base de la democracia. El periodismo \u00e9tico se esfuerza por garantizar... <a title=\"C\u00f3digo \u00e9tico\" class=\"read-more\" href=\"https:\/\/eupa.uk\/es\/rules\/code-of-ethics\/\" aria-label=\"Leer m\u00e1s sobre C\u00f3digo de \u00c9tica\">Leer m\u00e1s<\/a><\/p>","protected":false},"author":1,"featured_media":0,"parent":3062,"menu_order":1,"comment_status":"closed","ping_status":"closed","template":"","meta":{"footnotes":""},"class_list":["post-4906","page","type-page","status-publish"],"_links":{"self":[{"href":"https:\/\/eupa.uk\/es\/wp-json\/wp\/v2\/pages\/4906","targetHints":{"allow":["GET"]}}],"collection":[{"href":"https:\/\/eupa.uk\/es\/wp-json\/wp\/v2\/pages"}],"about":[{"href":"https:\/\/eupa.uk\/es\/wp-json\/wp\/v2\/types\/page"}],"author":[{"embeddable":true,"href":"https:\/\/eupa.uk\/es\/wp-json\/wp\/v2\/users\/1"}],"replies":[{"embeddable":true,"href":"https:\/\/eupa.uk\/es\/wp-json\/wp\/v2\/comments?post=4906"}],"version-history":[{"count":0,"href":"https:\/\/eupa.uk\/es\/wp-json\/wp\/v2\/pages\/4906\/revisions"}],"up":[{"embeddable":true,"href":"https:\/\/eupa.uk\/es\/wp-json\/wp\/v2\/pages\/3062"}],"wp:attachment":[{"href":"https:\/\/eupa.uk\/es\/wp-json\/wp\/v2\/media?parent=4906"}],"curies":[{"name":"wp","href":"https:\/\/api.w.org\/{rel}","templated":true}]}}