{"id":4914,"date":"2021-04-19T16:20:07","date_gmt":"2021-04-19T16:20:07","guid":{"rendered":"https:\/\/eupa.agency\/?page_id=4914"},"modified":"2022-03-10T11:23:31","modified_gmt":"2022-03-10T11:23:31","slug":"edition","status":"publish","type":"page","link":"https:\/\/eupa.uk\/es\/rules\/edition\/","title":{"rendered":"Edici\u00f3n"},"content":{"rendered":"<div data-elementor-type=\"wp-page\" data-elementor-id=\"4914\" class=\"elementor elementor-4914\" data-elementor-post-type=\"page\">\n\t\t\t\t\t\t<section class=\"elementor-section elementor-top-section elementor-element elementor-element-ad26532 elementor-section-boxed elementor-section-height-default elementor-section-height-default\" data-id=\"ad26532\" data-element_type=\"section\">\n\t\t\t\t\t\t<div class=\"elementor-container elementor-column-gap-default\">\n\t\t\t\t\t<div class=\"elementor-column elementor-col-100 elementor-top-column elementor-element elementor-element-2e0a5a5\" data-id=\"2e0a5a5\" data-element_type=\"column\">\n\t\t\t<div class=\"elementor-widget-wrap elementor-element-populated\">\n\t\t\t\t\t\t<div class=\"elementor-element elementor-element-29850be elementor-widget elementor-widget-text-editor\" data-id=\"29850be\" data-element_type=\"widget\" data-widget_type=\"text-editor.default\">\n\t\t\t\t<div class=\"elementor-widget-container\">\n\t\t\t\t\t\t\t\t\t<p>La EUPA brinda a sus miembros la oportunidad de publicar y vender su trabajo mediante un proceso r\u00e1pido y sencillo, a trav\u00e9s de su plataforma de contenido dedicada: <a href=\"https:\/\/www.eupa.store\" target=\"_blank\" rel=\"noopener\">WWW.EUPA.TIENDA<\/a><\/p><p>El sistema editorial es f\u00e1cil de usar y no requiere conocimientos especiales de programaci\u00f3n: todo lo que necesita son conocimientos b\u00e1sicos de inform\u00e1tica y una conexi\u00f3n a Internet. Te permite subir fotos, v\u00eddeos y textos.<\/p><p>La plataforma puede incluso conectarse con nuestra aplicaci\u00f3n, lo que permite a cualquier titular de una cuenta miembro de la EUPA asistir y transmitir eventos en vivo y ganar dinero por ello. Gracias a sus miembros ubicados en todo el mundo, la EUPA proporciona cobertura de prensa y medios internacionales.<\/p><p><strong>Todas las ventajas del sistema editorial de un vistazo:<\/strong><\/p><ul><li>Documentaci\u00f3n de todo su trabajo period\u00edstico<\/li><li>Diversas fuentes de ingresos inmediatos (comercializaci\u00f3n de contenidos y cobertura de eventos)<\/li><li>Prueba de publicaci\u00f3n, \u00fatil para procesos extensos de investigaci\u00f3n y acreditaci\u00f3n.<\/li><li>Oportunidades de marketing<\/li><\/ul>\t\t\t\t\t\t\t\t<\/div>\n\t\t\t\t<\/div>\n\t\t\t\t\t<\/div>\n\t\t<\/div>\n\t\t\t\t\t<\/div>\n\t\t<\/section>\n\t\t\t\t<\/div>","protected":false},"excerpt":{"rendered":"<p>La EUPA brinda a sus miembros la oportunidad de publicar y vender su trabajo mediante un proceso r\u00e1pido y sencillo, a trav\u00e9s de su plataforma de contenido dedicada: WWW.EUPA.STORE. El sistema editorial es f\u00e1cil de usar y no requiere habilidades especiales de programaci\u00f3n: conocimientos b\u00e1sicos de inform\u00e1tica y una conexi\u00f3n a Internet es todo lo que necesitas. Te permite\u2026 <a title=\"Edici\u00f3n\" class=\"read-more\" href=\"https:\/\/eupa.uk\/es\/rules\/edition\/\" aria-label=\"Leer m\u00e1s sobre Edici\u00f3n\">Leer m\u00e1s<\/a><\/p>","protected":false},"author":1,"featured_media":0,"parent":3062,"menu_order":2,"comment_status":"closed","ping_status":"closed","template":"","meta":{"footnotes":""},"class_list":["post-4914","page","type-page","status-publish"],"_links":{"self":[{"href":"https:\/\/eupa.uk\/es\/wp-json\/wp\/v2\/pages\/4914","targetHints":{"allow":["GET"]}}],"collection":[{"href":"https:\/\/eupa.uk\/es\/wp-json\/wp\/v2\/pages"}],"about":[{"href":"https:\/\/eupa.uk\/es\/wp-json\/wp\/v2\/types\/page"}],"author":[{"embeddable":true,"href":"https:\/\/eupa.uk\/es\/wp-json\/wp\/v2\/users\/1"}],"replies":[{"embeddable":true,"href":"https:\/\/eupa.uk\/es\/wp-json\/wp\/v2\/comments?post=4914"}],"version-history":[{"count":0,"href":"https:\/\/eupa.uk\/es\/wp-json\/wp\/v2\/pages\/4914\/revisions"}],"up":[{"embeddable":true,"href":"https:\/\/eupa.uk\/es\/wp-json\/wp\/v2\/pages\/3062"}],"wp:attachment":[{"href":"https:\/\/eupa.uk\/es\/wp-json\/wp\/v2\/media?parent=4914"}],"curies":[{"name":"wp","href":"https:\/\/api.w.org\/{rel}","templated":true}]}}