{"id":5940,"date":"2022-04-26T07:58:49","date_gmt":"2022-04-26T07:58:49","guid":{"rendered":"https:\/\/eupa.uk\/?page_id=5940"},"modified":"2022-09-27T18:23:39","modified_gmt":"2022-09-27T18:23:39","slug":"articles","status":"publish","type":"page","link":"https:\/\/eupa.uk\/es\/articles\/","title":{"rendered":"Art\u00edculos"},"content":{"rendered":"<div data-elementor-type=\"wp-page\" data-elementor-id=\"5940\" class=\"elementor elementor-5940\" data-elementor-post-type=\"page\">\n\t\t\t\t\t\t<section class=\"elementor-section elementor-top-section elementor-element elementor-element-21e54e3 elementor-section-stretched elementor-section-boxed elementor-section-height-default elementor-section-height-default\" data-id=\"21e54e3\" data-element_type=\"section\" data-settings=\"{&quot;stretch_section&quot;:&quot;section-stretched&quot;}\">\n\t\t\t\t\t\t<div class=\"elementor-container elementor-column-gap-default\">\n\t\t\t\t\t<div class=\"elementor-column elementor-col-100 elementor-top-column elementor-element elementor-element-4b6847e\" data-id=\"4b6847e\" data-element_type=\"column\" data-settings=\"{&quot;background_background&quot;:&quot;classic&quot;}\">\n\t\t\t<div class=\"elementor-widget-wrap elementor-element-populated\">\n\t\t\t\t\t\t<div class=\"elementor-element elementor-element-7e24a42 elementor-posts__hover-none elementor-grid-3 elementor-grid-tablet-2 elementor-grid-mobile-1 elementor-posts--thumbnail-top elementor-posts--show-avatar elementor-widget elementor-widget-posts\" data-id=\"7e24a42\" data-element_type=\"widget\" data-settings=\"{&quot;cards_row_gap&quot;:{&quot;unit&quot;:&quot;px&quot;,&quot;size&quot;:20,&quot;sizes&quot;:[]},&quot;cards_columns&quot;:&quot;3&quot;,&quot;cards_columns_tablet&quot;:&quot;2&quot;,&quot;cards_columns_mobile&quot;:&quot;1&quot;,&quot;cards_row_gap_tablet&quot;:{&quot;unit&quot;:&quot;px&quot;,&quot;size&quot;:&quot;&quot;,&quot;sizes&quot;:[]},&quot;cards_row_gap_mobile&quot;:{&quot;unit&quot;:&quot;px&quot;,&quot;size&quot;:&quot;&quot;,&quot;sizes&quot;:[]}}\" data-widget_type=\"posts.cards\">\n\t\t\t\t<div class=\"elementor-widget-container\">\n\t\t\t\t\t\t\t<div class=\"elementor-posts-container elementor-posts elementor-posts--skin-cards elementor-grid\" role=\"list\">\n\t\t\t\t<article class=\"elementor-post elementor-grid-item post-5942 post type-post status-publish format-standard has-post-thumbnail hentry category-blog\" role=\"listitem\">\n\t\t\t<div class=\"elementor-post__card\">\n\t\t\t\t<a class=\"elementor-post__thumbnail__link\" href=\"https:\/\/eupa.uk\/es\/blog\/what-should-you-pay-particular-attention-to-legally-speaking-when-posting-content-on-the-internet-and-social-networks\/\" tabindex=\"-1\" ><div class=\"elementor-post__thumbnail\"><img fetchpriority=\"high\" decoding=\"async\" width=\"1024\" height=\"683\" src=\"https:\/\/b2281902.smushcdn.com\/2281902\/wp-content\/uploads\/order-pay-attention-1024x683.jpg?lossy=1&strip=1&webp=1\" class=\"attachment-large size-large wp-image-5955\" alt=\"\" srcset=\"https:\/\/b2281902.smushcdn.com\/2281902\/wp-content\/uploads\/order-pay-attention-1024x683.jpg?lossy=1&strip=1&webp=1 1024w, https:\/\/b2281902.smushcdn.com\/2281902\/wp-content\/uploads\/order-pay-attention-300x200.jpg?lossy=1&strip=1&webp=1 300w, https:\/\/b2281902.smushcdn.com\/2281902\/wp-content\/uploads\/order-pay-attention-768x512.jpg?lossy=1&strip=1&webp=1 768w, https:\/\/b2281902.smushcdn.com\/2281902\/wp-content\/uploads\/order-pay-attention-1536x1024.jpg?lossy=1&strip=1&webp=1 1536w, https:\/\/b2281902.smushcdn.com\/2281902\/wp-content\/uploads\/order-pay-attention-18x12.jpg?lossy=1&strip=1&webp=1 18w, https:\/\/b2281902.smushcdn.com\/2281902\/wp-content\/uploads\/order-pay-attention-600x400.jpg?lossy=1&strip=1&webp=1 600w, https:\/\/b2281902.smushcdn.com\/2281902\/wp-content\/uploads\/order-pay-attention-scaled.jpg?lossy=1&strip=1&webp=1 1290w, https:\/\/b2281902.smushcdn.com\/2281902\/wp-content\/uploads\/order-pay-attention.jpg?size=240x160&lossy=1&strip=1&webp=1 240w, https:\/\/b2281902.smushcdn.com\/2281902\/wp-content\/uploads\/order-pay-attention.jpg?size=480x320&lossy=1&strip=1&webp=1 480w, https:\/\/b2281902.smushcdn.com\/2281902\/wp-content\/uploads\/order-pay-attention.jpg?size=960x640&lossy=1&strip=1&webp=1 960w\" sizes=\"(max-width: 1024px) 100vw, 1024px\" \/><\/div><\/a>\n\t\t\t\t<div class=\"elementor-post__badge\">Blog<\/div>\n\t\t\t\t<div class=\"elementor-post__avatar\">\n\t\t\t<img alt='EUPA EUropean Press Agency' data-src='https:\/\/b2281902.smushcdn.com\/2281902\/wp-content\/wphb-cache\/gravatar\/f72\/f7246ccd619e50245a9f1f07511037dfx128.jpg?lossy=1&strip=1&webp=1' data-srcset='https:\/\/eupa.uk\/wp-content\/wphb-cache\/gravatar\/f72\/f7246ccd619e50245a9f1f07511037dfx256.jpg 2x' class='avatar avatar-128 photo lazyload' height='128' width='128' src='data:image\/svg+xml;base64,PHN2ZyB3aWR0aD0iMSIgaGVpZ2h0PSIxIiB4bWxucz0iaHR0cDovL3d3dy53My5vcmcvMjAwMC9zdmciPjwvc3ZnPg==' style='--smush-placeholder-width: 128px; --smush-placeholder-aspect-ratio: 128\/128;' \/>\t\t<\/div>\n\t\t\t\t<div class=\"elementor-post__text\">\n\t\t\t\t<h3 class=\"elementor-post__title\">\n\t\t\t<a href=\"https:\/\/eupa.uk\/es\/blog\/what-should-you-pay-particular-attention-to-legally-speaking-when-posting-content-on-the-internet-and-social-networks\/\" >\n\t\t\t\tConsejo de abril de la EUPA <br><sub style=\"text-transform: none;font-size: 54%;\">\u00bfA qu\u00e9 se debe prestar especial atenci\u00f3n, jur\u00eddicamente hablando, al publicar contenidos en Internet y en las redes sociales?<\/sub>\t\t\t<\/a>\n\t\t<\/h3>\n\t\t\t\t<div class=\"elementor-post__excerpt\">\n\t\t\t<p>Cuando te encuentras c\u00f3modamente sentado detr\u00e1s de tu pantalla, es f\u00e1cil olvidar que la ley<\/p>\n\t\t<\/div>\n\t\t\n\t\t<a class=\"elementor-post__read-more\" href=\"https:\/\/eupa.uk\/es\/blog\/what-should-you-pay-particular-attention-to-legally-speaking-when-posting-content-on-the-internet-and-social-networks\/\" aria-label=\"M&aacute;s informaci&oacute;n sobre el Consejo de Abril de la EUPA &lt;br&gt;&lt;sub style=&quot;text-transform: none;font-size: 54%;&quot;&gt;&iquest;A qu&eacute; se debe prestar especial atenci&oacute;n, jur&iacute;dicamente hablando, al publicar contenidos en Internet y en las redes sociales?&lt;\/sub&gt;\" tabindex=\"-1\" >\n\t\t\tLeer m\u00e1s &quot;\t\t<\/a>\n\n\t\t\t\t<\/div>\n\t\t\t\t\t<\/div>\n\t\t<\/article>\n\t\t\t\t<\/div>\n\t\t\n\t\t\t\t\t\t<\/div>\n\t\t\t\t<\/div>\n\t\t\t\t\t<\/div>\n\t\t<\/div>\n\t\t\t\t\t<\/div>\n\t\t<\/section>\n\t\t\t\t<\/div>","protected":false},"excerpt":{"rendered":"","protected":false},"author":1,"featured_media":0,"parent":0,"menu_order":20,"comment_status":"closed","ping_status":"closed","template":"","meta":{"footnotes":""},"class_list":["post-5940","page","type-page","status-publish","hentry"],"_links":{"self":[{"href":"https:\/\/eupa.uk\/es\/wp-json\/wp\/v2\/pages\/5940","targetHints":{"allow":["GET"]}}],"collection":[{"href":"https:\/\/eupa.uk\/es\/wp-json\/wp\/v2\/pages"}],"about":[{"href":"https:\/\/eupa.uk\/es\/wp-json\/wp\/v2\/types\/page"}],"author":[{"embeddable":true,"href":"https:\/\/eupa.uk\/es\/wp-json\/wp\/v2\/users\/1"}],"replies":[{"embeddable":true,"href":"https:\/\/eupa.uk\/es\/wp-json\/wp\/v2\/comments?post=5940"}],"version-history":[{"count":0,"href":"https:\/\/eupa.uk\/es\/wp-json\/wp\/v2\/pages\/5940\/revisions"}],"wp:attachment":[{"href":"https:\/\/eupa.uk\/es\/wp-json\/wp\/v2\/media?parent=5940"}],"curies":[{"name":"wp","href":"https:\/\/api.w.org\/{rel}","templated":true}]}}