{"id":83,"date":"2020-05-06T14:53:32","date_gmt":"2020-05-06T14:53:32","guid":{"rendered":"https:\/\/new.deschenaux.me\/?page_id=83"},"modified":"2021-04-21T17:08:53","modified_gmt":"2021-04-21T17:08:53","slug":"team","status":"publish","type":"page","link":"https:\/\/eupa.uk\/es\/team\/","title":{"rendered":"Equipo"},"content":{"rendered":"<div data-elementor-type=\"wp-page\" data-elementor-id=\"83\" class=\"elementor elementor-83\" data-elementor-post-type=\"page\">\n\t\t\t\t\t\t<section class=\"elementor-section elementor-top-section elementor-element elementor-element-65d2e74c elementor-section-content-middle elementor-section-stretched elementor-section-boxed elementor-section-height-default elementor-section-height-default\" data-id=\"65d2e74c\" data-element_type=\"section\" data-settings=\"{&quot;stretch_section&quot;:&quot;section-stretched&quot;,&quot;background_background&quot;:&quot;classic&quot;}\">\n\t\t\t\t\t\t<div class=\"elementor-container elementor-column-gap-narrow\">\n\t\t\t\t\t<div class=\"elementor-column elementor-col-100 elementor-top-column elementor-element elementor-element-2d50462\" data-id=\"2d50462\" data-element_type=\"column\">\n\t\t\t<div class=\"elementor-widget-wrap elementor-element-populated\">\n\t\t\t\t\t\t<div class=\"elementor-element elementor-element-c67c9b0 elementor-posts--align-center elementor-grid-3 elementor-grid-tablet-2 elementor-grid-mobile-1 elementor-posts--thumbnail-top elementor-widget elementor-widget-posts\" data-id=\"c67c9b0\" data-element_type=\"widget\" data-settings=\"{&quot;classic_columns&quot;:&quot;3&quot;,&quot;classic_columns_tablet&quot;:&quot;2&quot;,&quot;classic_columns_mobile&quot;:&quot;1&quot;,&quot;classic_row_gap&quot;:{&quot;unit&quot;:&quot;px&quot;,&quot;size&quot;:35,&quot;sizes&quot;:[]},&quot;classic_row_gap_tablet&quot;:{&quot;unit&quot;:&quot;px&quot;,&quot;size&quot;:&quot;&quot;,&quot;sizes&quot;:[]},&quot;classic_row_gap_mobile&quot;:{&quot;unit&quot;:&quot;px&quot;,&quot;size&quot;:&quot;&quot;,&quot;sizes&quot;:[]}}\" data-widget_type=\"posts.classic\">\n\t\t\t\t<div class=\"elementor-widget-container\">\n\t\t\t\t\t\t\t<div class=\"elementor-posts-container elementor-posts elementor-posts--skin-classic elementor-grid\" role=\"list\">\n\t\t\t\t<article class=\"elementor-post elementor-grid-item post-2791 post type-post status-publish format-standard has-post-thumbnail hentry category-team\" role=\"listitem\">\n\t\t\t\t<a class=\"elementor-post__thumbnail__link\" href=\"https:\/\/eupa.uk\/es\/team\/marc-deschenaux\/\" tabindex=\"-1\" >\n\t\t\t<div class=\"elementor-post__thumbnail\"><img fetchpriority=\"high\" decoding=\"async\" width=\"290\" height=\"290\" src=\"https:\/\/b2281902.smushcdn.com\/2281902\/wp-content\/uploads\/pep-md.jpg?lossy=1&strip=1&webp=1\" class=\"attachment-large size-large wp-image-2802\" alt=\"Marc Deschenaux\" srcset=\"https:\/\/b2281902.smushcdn.com\/2281902\/wp-content\/uploads\/pep-md.jpg?lossy=1&strip=1&webp=1 290w, https:\/\/b2281902.smushcdn.com\/2281902\/wp-content\/uploads\/pep-md-150x150.jpg?lossy=1&strip=1&webp=1 150w, https:\/\/b2281902.smushcdn.com\/2281902\/wp-content\/uploads\/pep-md-100x100.jpg?lossy=1&strip=1&webp=1 100w, https:\/\/b2281902.smushcdn.com\/2281902\/wp-content\/uploads\/pep-md.jpg?size=240x240&lossy=1&strip=1&webp=1 240w\" sizes=\"(max-width: 290px) 100vw, 290px\" \/><\/div>\n\t\t<\/a>\n\t\t\t\t<div class=\"elementor-post__text\">\n\t\t\t\t<h3 class=\"elementor-post__title\">\n\t\t\t<a href=\"https:\/\/eupa.uk\/es\/team\/marc-deschenaux\/\" >\n\t\t\t\tMarc Deschenaux\t\t\t<\/a>\n\t\t<\/h3>\n\t\t\t\t<div class=\"elementor-post__excerpt\">\n\t\t\t<h3 style=\"color:#ffffff;\"><u>Fundador y jefe ejecutivo<\/u><\/h3>\n<p style=\"text-align:justify;\">\nMarc Deschenaux es un experto mundial en Finanzas Corporativas, desde ofertas privadas hasta Ofertas P\u00fablicas Iniciales (IPO). Recaud\u00f3 fondos p\u00fablicos y privados, capital y deuda para empresas a nivel internacional. Tambi\u00e9n financi\u00f3 diversos tipos de\u2026<\/p>\n<p>&nbsp;<br \/>\n<a class=\"elementor-icon elementor-social-icon elementor-social-icon-linkedin elementor-repeater-item-c605892\" href=\"https:\/\/www.linkedin.com\/in\/marcdeschenaux\/\" target=\"_blank\" rel=\"noopener noreferrer\"><i class=\"fab fa-linkedin\"><\/i><\/a><\/p>\n\t\t<\/div>\n\t\t\n\t\t<a class=\"elementor-post__read-more\" href=\"https:\/\/eupa.uk\/es\/team\/marc-deschenaux\/\" aria-label=\"M\u00e1s informaci\u00f3n sobre Marc Deschenaux\" tabindex=\"-1\" >\n\t\t\tSaber m\u00e1s &quot;\t\t<\/a>\n\n\t\t\t\t<\/div>\n\t\t\t\t<\/article>\n\t\t\t\t<article class=\"elementor-post elementor-grid-item post-4505 post type-post status-publish format-standard has-post-thumbnail hentry category-team\" role=\"listitem\">\n\t\t\t\t<a class=\"elementor-post__thumbnail__link\" href=\"https:\/\/eupa.uk\/es\/team\/marie-majkowiez\/\" tabindex=\"-1\" >\n\t\t\t<div class=\"elementor-post__thumbnail\"><img decoding=\"async\" width=\"290\" height=\"290\" data-src=\"https:\/\/b2281902.smushcdn.com\/2281902\/wp-content\/uploads\/marie-m.jpg?lossy=1&strip=1&webp=1\" class=\"attachment-large size-large wp-image-4513 lazyload\" alt=\"\" data-srcset=\"https:\/\/b2281902.smushcdn.com\/2281902\/wp-content\/uploads\/marie-m.jpg?lossy=1&strip=1&webp=1 290w, https:\/\/b2281902.smushcdn.com\/2281902\/wp-content\/uploads\/marie-m-150x150.jpg?lossy=1&strip=1&webp=1 150w, https:\/\/b2281902.smushcdn.com\/2281902\/wp-content\/uploads\/marie-m-12x12.jpg?lossy=1&strip=1&webp=1 12w, https:\/\/b2281902.smushcdn.com\/2281902\/wp-content\/uploads\/marie-m-100x100.jpg?lossy=1&strip=1&webp=1 100w, https:\/\/b2281902.smushcdn.com\/2281902\/wp-content\/uploads\/marie-m.jpg?size=240x240&lossy=1&strip=1&webp=1 240w\" data-sizes=\"(max-width: 290px) 100vw, 290px\" src=\"data:image\/svg+xml;base64,PHN2ZyB3aWR0aD0iMSIgaGVpZ2h0PSIxIiB4bWxucz0iaHR0cDovL3d3dy53My5vcmcvMjAwMC9zdmciPjwvc3ZnPg==\" style=\"--smush-placeholder-width: 290px; --smush-placeholder-aspect-ratio: 290\/290;\" \/><\/div>\n\t\t<\/a>\n\t\t\t\t<div class=\"elementor-post__text\">\n\t\t\t\t<h3 class=\"elementor-post__title\">\n\t\t\t<a href=\"https:\/\/eupa.uk\/es\/team\/marie-majkowiez\/\" >\n\t\t\t\tMarie Majkowiez\t\t\t<\/a>\n\t\t<\/h3>\n\t\t\t\t<div class=\"elementor-post__excerpt\">\n\t\t\t<h3 style=\"color:#ffffff;\"><u>Jefe de Comunicaci\u00f3n<\/u><\/h3>\n<p style=\"text-align:justify;\">\nMarie es especialista en comunicaci\u00f3n, redactora de contenidos y gestora de proyectos con experiencia en finanzas. Realiz\u00f3 estudios de marketing y comunicaci\u00f3n en CEFCO, Lausana, Suiza\u2026<\/p>\n<p>&nbsp;<br \/>\n<a class=\"elementor-icon elementor-social-icon elementor-social-icon-linkedin elementor-repeater-item-c605892\" href=\"https:\/\/www.linkedin.com\/in\/marie-majkowiez-251ba08\/\" target=\"_blank\" rel=\"noopener noreferrer\"><i class=\"fab fa-linkedin\"><\/i><\/a><\/p>\n\t\t<\/div>\n\t\t\n\t\t<a class=\"elementor-post__read-more\" href=\"https:\/\/eupa.uk\/es\/team\/marie-majkowiez\/\" aria-label=\"M\u00e1s informaci\u00f3n sobre Marie Majkowiez\" tabindex=\"-1\" >\n\t\t\tSaber m\u00e1s &quot;\t\t<\/a>\n\n\t\t\t\t<\/div>\n\t\t\t\t<\/article>\n\t\t\t\t<article class=\"elementor-post elementor-grid-item post-5752 post type-post status-publish format-standard has-post-thumbnail hentry category-team\" role=\"listitem\">\n\t\t\t\t<a class=\"elementor-post__thumbnail__link\" href=\"https:\/\/eupa.uk\/es\/team\/lyndsey-barber\/\" tabindex=\"-1\" >\n\t\t\t<div class=\"elementor-post__thumbnail\"><img decoding=\"async\" width=\"500\" height=\"500\" data-src=\"https:\/\/b2281902.smushcdn.com\/2281902\/wp-content\/uploads\/Lyndsey.jpg?lossy=1&strip=1&webp=1\" class=\"attachment-large size-large wp-image-5754 lazyload\" alt=\"Lyndsey\" data-srcset=\"https:\/\/b2281902.smushcdn.com\/2281902\/wp-content\/uploads\/Lyndsey.jpg?lossy=1&strip=1&webp=1 500w, https:\/\/b2281902.smushcdn.com\/2281902\/wp-content\/uploads\/Lyndsey-300x300.jpg?lossy=1&strip=1&webp=1 300w, https:\/\/b2281902.smushcdn.com\/2281902\/wp-content\/uploads\/Lyndsey-150x150.jpg?lossy=1&strip=1&webp=1 150w, https:\/\/b2281902.smushcdn.com\/2281902\/wp-content\/uploads\/Lyndsey-12x12.jpg?lossy=1&strip=1&webp=1 12w, https:\/\/b2281902.smushcdn.com\/2281902\/wp-content\/uploads\/Lyndsey-100x100.jpg?lossy=1&strip=1&webp=1 100w, https:\/\/b2281902.smushcdn.com\/2281902\/wp-content\/uploads\/Lyndsey.jpg?size=240x240&lossy=1&strip=1&webp=1 240w\" data-sizes=\"(max-width: 500px) 100vw, 500px\" src=\"data:image\/svg+xml;base64,PHN2ZyB3aWR0aD0iMSIgaGVpZ2h0PSIxIiB4bWxucz0iaHR0cDovL3d3dy53My5vcmcvMjAwMC9zdmciPjwvc3ZnPg==\" style=\"--smush-placeholder-width: 500px; --smush-placeholder-aspect-ratio: 500\/500;\" \/><\/div>\n\t\t<\/a>\n\t\t\t\t<div class=\"elementor-post__text\">\n\t\t\t\t<h3 class=\"elementor-post__title\">\n\t\t\t<a href=\"https:\/\/eupa.uk\/es\/team\/lyndsey-barber\/\" >\n\t\t\t\tLyndsey Barbero\t\t\t<\/a>\n\t\t<\/h3>\n\t\t\t\t<div class=\"elementor-post__excerpt\">\n\t\t\t<h3 style=\"color:#ffffff;\"><u>Pareja<\/u><\/h3>\n<p style=\"text-align:justify;\">\nLyndsey es una abogada escocesa con experiencia tanto en derecho penal como civil.<br \/>\nActualmente participa en casos penales en toda Escocia. Ha trabajado con varios\u2026<\/p>\n<p>&nbsp;<br \/>\n<a class=\"elementor-icon elementor-social-icon elementor-social-icon-linkedin elementor-repeater-item-c605892\" href=\"https:\/\/www.linkedin.com\/in\/lyndsey-barber-24025331\/\" target=\"_blank\" rel=\"noopener noreferrer\"><i class=\"fab fa-linkedin\"><\/i><\/a><\/p>\n\t\t<\/div>\n\t\t\n\t\t<a class=\"elementor-post__read-more\" href=\"https:\/\/eupa.uk\/es\/team\/lyndsey-barber\/\" aria-label=\"M\u00e1s informaci\u00f3n sobre Lyndsey Barber\" tabindex=\"-1\" >\n\t\t\tSaber m\u00e1s &quot;\t\t<\/a>\n\n\t\t\t\t<\/div>\n\t\t\t\t<\/article>\n\t\t\t\t<article class=\"elementor-post elementor-grid-item post-5994 post type-post status-publish format-standard has-post-thumbnail hentry category-team\" role=\"listitem\">\n\t\t\t\t<a class=\"elementor-post__thumbnail__link\" href=\"https:\/\/eupa.uk\/es\/team\/anna-budnikova\/\" tabindex=\"-1\" >\n\t\t\t<div class=\"elementor-post__thumbnail\"><img decoding=\"async\" width=\"290\" height=\"290\" data-src=\"https:\/\/b2281902.smushcdn.com\/2281902\/wp-content\/uploads\/Anna_Budnikova.jpg?lossy=1&strip=1&webp=1\" class=\"attachment-large size-large wp-image-5997 lazyload\" alt=\"Anna Budnikova\" data-srcset=\"https:\/\/b2281902.smushcdn.com\/2281902\/wp-content\/uploads\/Anna_Budnikova.jpg?lossy=1&strip=1&webp=1 290w, https:\/\/b2281902.smushcdn.com\/2281902\/wp-content\/uploads\/Anna_Budnikova-150x150.jpg?lossy=1&strip=1&webp=1 150w, https:\/\/b2281902.smushcdn.com\/2281902\/wp-content\/uploads\/Anna_Budnikova-12x12.jpg?lossy=1&strip=1&webp=1 12w, https:\/\/b2281902.smushcdn.com\/2281902\/wp-content\/uploads\/Anna_Budnikova-100x100.jpg?lossy=1&strip=1&webp=1 100w, https:\/\/b2281902.smushcdn.com\/2281902\/wp-content\/uploads\/Anna_Budnikova.jpg?size=240x240&lossy=1&strip=1&webp=1 240w\" data-sizes=\"(max-width: 290px) 100vw, 290px\" src=\"data:image\/svg+xml;base64,PHN2ZyB3aWR0aD0iMSIgaGVpZ2h0PSIxIiB4bWxucz0iaHR0cDovL3d3dy53My5vcmcvMjAwMC9zdmciPjwvc3ZnPg==\" style=\"--smush-placeholder-width: 290px; --smush-placeholder-aspect-ratio: 290\/290;\" \/><\/div>\n\t\t<\/a>\n\t\t\t\t<div class=\"elementor-post__text\">\n\t\t\t\t<h3 class=\"elementor-post__title\">\n\t\t\t<a href=\"https:\/\/eupa.uk\/es\/team\/anna-budnikova\/\" >\n\t\t\t\tAnna B\u00fadnikova\t\t\t<\/a>\n\t\t<\/h3>\n\t\t\t\t<div class=\"elementor-post__excerpt\">\n\t\t\t<h3 style=\"color:#ffffff;\"><u>Pareja<\/u><\/h3>\n<p style=\"text-align:justify;\">\nEspecialista en Marketing con experiencia en Producci\u00f3n de Televisi\u00f3n y Periodismo. Programas de televisi\u00f3n desarrollados para canales de televisi\u00f3n estatales y privados. Tiene dos maestr\u00edas en\u2026<\/p>\n<p>&nbsp;<br \/>\n<a class=\"elementor-icon elementor-social-icon elementor-social-icon-linkedin elementor-repeater-item-c605892\" href=\"https:\/\/www.linkedin.com\/in\/annabudnikova\/\" target=\"_blank\" rel=\"noopener noreferrer\"><i class=\"fab fa-linkedin\"><\/i><\/a><\/p>\n\t\t<\/div>\n\t\t\n\t\t<a class=\"elementor-post__read-more\" href=\"https:\/\/eupa.uk\/es\/team\/anna-budnikova\/\" aria-label=\"M\u00e1s informaci\u00f3n sobre Anna Budnikova\" tabindex=\"-1\" >\n\t\t\tSaber m\u00e1s &quot;\t\t<\/a>\n\n\t\t\t\t<\/div>\n\t\t\t\t<\/article>\n\t\t\t\t<article class=\"elementor-post elementor-grid-item post-5761 post type-post status-publish format-standard has-post-thumbnail hentry category-team\" role=\"listitem\">\n\t\t\t\t<a class=\"elementor-post__thumbnail__link\" href=\"https:\/\/eupa.uk\/es\/team\/phil-plumley\/\" tabindex=\"-1\" >\n\t\t\t<div class=\"elementor-post__thumbnail\"><img decoding=\"async\" width=\"500\" height=\"500\" data-src=\"https:\/\/b2281902.smushcdn.com\/2281902\/wp-content\/uploads\/Phil-Plumley.jpg?lossy=1&strip=1&webp=1\" class=\"attachment-large size-large wp-image-5762 lazyload\" alt=\"Phil Plumley\" data-srcset=\"https:\/\/b2281902.smushcdn.com\/2281902\/wp-content\/uploads\/Phil-Plumley.jpg?lossy=1&strip=1&webp=1 500w, https:\/\/b2281902.smushcdn.com\/2281902\/wp-content\/uploads\/Phil-Plumley-300x300.jpg?lossy=1&strip=1&webp=1 300w, https:\/\/b2281902.smushcdn.com\/2281902\/wp-content\/uploads\/Phil-Plumley-150x150.jpg?lossy=1&strip=1&webp=1 150w, https:\/\/b2281902.smushcdn.com\/2281902\/wp-content\/uploads\/Phil-Plumley-12x12.jpg?lossy=1&strip=1&webp=1 12w, https:\/\/b2281902.smushcdn.com\/2281902\/wp-content\/uploads\/Phil-Plumley-100x100.jpg?lossy=1&strip=1&webp=1 100w, https:\/\/b2281902.smushcdn.com\/2281902\/wp-content\/uploads\/Phil-Plumley.jpg?size=240x240&lossy=1&strip=1&webp=1 240w\" data-sizes=\"(max-width: 500px) 100vw, 500px\" src=\"data:image\/svg+xml;base64,PHN2ZyB3aWR0aD0iMSIgaGVpZ2h0PSIxIiB4bWxucz0iaHR0cDovL3d3dy53My5vcmcvMjAwMC9zdmciPjwvc3ZnPg==\" style=\"--smush-placeholder-width: 500px; --smush-placeholder-aspect-ratio: 500\/500;\" \/><\/div>\n\t\t<\/a>\n\t\t\t\t<div class=\"elementor-post__text\">\n\t\t\t\t<h3 class=\"elementor-post__title\">\n\t\t\t<a href=\"https:\/\/eupa.uk\/es\/team\/phil-plumley\/\" >\n\t\t\t\tPhil Plumley\t\t\t<\/a>\n\t\t<\/h3>\n\t\t\t\t<div class=\"elementor-post__excerpt\">\n\t\t\t<h3 style=\"color:#ffffff;\"><u>Pareja<\/u><\/h3>\n<p style=\"text-align:justify;\">\nPhil ha estado produciendo contenido para podcasts, medios y otros medios, en escritura, imagen y video. Un entusiasta defensor de un pu\u00f1ado de ONG que se centran en los oc\u00e9anos. Una experiencia temprana en\u2026<\/p>\n<p>&nbsp;<br \/>\n<a class=\"elementor-icon elementor-social-icon elementor-social-icon-linkedin elementor-repeater-item-c605892\" href=\"https:\/\/www.linkedin.com\/in\/phil-plumley-8a4795\/\" target=\"_blank\" rel=\"noopener noreferrer\"><i class=\"fab fa-linkedin\"><\/i><\/a><\/p>\n\t\t<\/div>\n\t\t\n\t\t<a class=\"elementor-post__read-more\" href=\"https:\/\/eupa.uk\/es\/team\/phil-plumley\/\" aria-label=\"M\u00e1s informaci\u00f3n sobre Phil Plumley\" tabindex=\"-1\" >\n\t\t\tSaber m\u00e1s &quot;\t\t<\/a>\n\n\t\t\t\t<\/div>\n\t\t\t\t<\/article>\n\t\t\t\t<article class=\"elementor-post elementor-grid-item post-5701 post type-post status-publish format-standard has-post-thumbnail hentry category-team\" role=\"listitem\">\n\t\t\t\t<a class=\"elementor-post__thumbnail__link\" href=\"https:\/\/eupa.uk\/es\/team\/christian-frampton\/\" tabindex=\"-1\" >\n\t\t\t<div class=\"elementor-post__thumbnail\"><img decoding=\"async\" width=\"500\" height=\"500\" data-src=\"https:\/\/b2281902.smushcdn.com\/2281902\/wp-content\/uploads\/Christian_Frampton-SFI.jpg?lossy=1&strip=1&webp=1\" class=\"attachment-large size-large wp-image-5704 lazyload\" alt=\"Christian Frampton\" data-srcset=\"https:\/\/b2281902.smushcdn.com\/2281902\/wp-content\/uploads\/Christian_Frampton-SFI.jpg?lossy=1&strip=1&webp=1 500w, https:\/\/b2281902.smushcdn.com\/2281902\/wp-content\/uploads\/Christian_Frampton-SFI-300x300.jpg?lossy=1&strip=1&webp=1 300w, https:\/\/b2281902.smushcdn.com\/2281902\/wp-content\/uploads\/Christian_Frampton-SFI-150x150.jpg?lossy=1&strip=1&webp=1 150w, https:\/\/b2281902.smushcdn.com\/2281902\/wp-content\/uploads\/Christian_Frampton-SFI-12x12.jpg?lossy=1&strip=1&webp=1 12w, https:\/\/b2281902.smushcdn.com\/2281902\/wp-content\/uploads\/Christian_Frampton-SFI-100x100.jpg?lossy=1&strip=1&webp=1 100w, https:\/\/b2281902.smushcdn.com\/2281902\/wp-content\/uploads\/Christian_Frampton-SFI.jpg?size=240x240&lossy=1&strip=1&webp=1 240w\" data-sizes=\"(max-width: 500px) 100vw, 500px\" src=\"data:image\/svg+xml;base64,PHN2ZyB3aWR0aD0iMSIgaGVpZ2h0PSIxIiB4bWxucz0iaHR0cDovL3d3dy53My5vcmcvMjAwMC9zdmciPjwvc3ZnPg==\" style=\"--smush-placeholder-width: 500px; --smush-placeholder-aspect-ratio: 500\/500;\" \/><\/div>\n\t\t<\/a>\n\t\t\t\t<div class=\"elementor-post__text\">\n\t\t\t\t<h3 class=\"elementor-post__title\">\n\t\t\t<a href=\"https:\/\/eupa.uk\/es\/team\/christian-frampton\/\" >\n\t\t\t\tChristian Frampton\t\t\t<\/a>\n\t\t<\/h3>\n\t\t\t\t<div class=\"elementor-post__excerpt\">\n\t\t\t<h3 style=\"color:#ffffff;\"><u>Pareja<\/u><\/h3>\n<p style=\"text-align:justify;\">\nSocio director experimentado con un historial demostrado de trabajo en la industria de gesti\u00f3n de inversiones. Experto en Gesti\u00f3n de Activos, Gesti\u00f3n, Fusiones y Adquisiciones\u2026<\/p>\n<p>&nbsp;<br \/>\n<a class=\"elementor-icon elementor-social-icon elementor-social-icon-linkedin elementor-repeater-item-c605892\" href=\"https:\/\/www.linkedin.com\/in\/christian-frampton-5b1636121\" target=\"_blank\" rel=\"noopener noreferrer\"><i class=\"fab fa-linkedin\"><\/i><\/a><\/p>\n\t\t<\/div>\n\t\t\n\t\t<a class=\"elementor-post__read-more\" href=\"https:\/\/eupa.uk\/es\/team\/christian-frampton\/\" aria-label=\"M\u00e1s informaci\u00f3n sobre Christian Frampton\" tabindex=\"-1\" >\n\t\t\tSaber m\u00e1s &quot;\t\t<\/a>\n\n\t\t\t\t<\/div>\n\t\t\t\t<\/article>\n\t\t\t\t<\/div>\n\t\t\n\t\t\t\t\t\t<\/div>\n\t\t\t\t<\/div>\n\t\t\t\t\t<\/div>\n\t\t<\/div>\n\t\t\t\t\t<\/div>\n\t\t<\/section>\n\t\t\t\t<\/div>","protected":false},"excerpt":{"rendered":"","protected":false},"author":1,"featured_media":0,"parent":0,"menu_order":24,"comment_status":"closed","ping_status":"closed","template":"","meta":{"footnotes":""},"class_list":["post-83","page","type-page","status-publish","hentry"],"_links":{"self":[{"href":"https:\/\/eupa.uk\/es\/wp-json\/wp\/v2\/pages\/83","targetHints":{"allow":["GET"]}}],"collection":[{"href":"https:\/\/eupa.uk\/es\/wp-json\/wp\/v2\/pages"}],"about":[{"href":"https:\/\/eupa.uk\/es\/wp-json\/wp\/v2\/types\/page"}],"author":[{"embeddable":true,"href":"https:\/\/eupa.uk\/es\/wp-json\/wp\/v2\/users\/1"}],"replies":[{"embeddable":true,"href":"https:\/\/eupa.uk\/es\/wp-json\/wp\/v2\/comments?post=83"}],"version-history":[{"count":0,"href":"https:\/\/eupa.uk\/es\/wp-json\/wp\/v2\/pages\/83\/revisions"}],"wp:attachment":[{"href":"https:\/\/eupa.uk\/es\/wp-json\/wp\/v2\/media?parent=83"}],"curies":[{"name":"wp","href":"https:\/\/api.w.org\/{rel}","templated":true}]}}