{"id":1747,"date":"2020-05-10T08:59:02","date_gmt":"2020-05-10T08:59:02","guid":{"rendered":"https:\/\/new.deschenaux.me\/?page_id=1747"},"modified":"2024-06-19T11:10:17","modified_gmt":"2024-06-19T10:10:17","slug":"join","status":"publish","type":"page","link":"https:\/\/eupa.uk\/fr\/join\/","title":{"rendered":"Rejoindre"},"content":{"rendered":"<div data-elementor-type=\"wp-page\" data-elementor-id=\"1747\" class=\"elementor elementor-1747\" data-elementor-post-type=\"page\">\n\t\t\t\t\t\t<section class=\"elementor-section elementor-top-section elementor-element elementor-element-32a5b692 elementor-section-content-middle elementor-section-stretched elementor-section-boxed elementor-section-height-default elementor-section-height-default\" data-id=\"32a5b692\" data-element_type=\"section\" data-settings=\"{&quot;background_background&quot;:&quot;classic&quot;,&quot;stretch_section&quot;:&quot;section-stretched&quot;}\">\n\t\t\t\t\t\t<div class=\"elementor-container elementor-column-gap-no\">\n\t\t\t\t\t<div class=\"elementor-column elementor-col-100 elementor-top-column elementor-element elementor-element-5a8eebc8\" data-id=\"5a8eebc8\" data-element_type=\"column\">\n\t\t\t<div class=\"elementor-widget-wrap elementor-element-populated\">\n\t\t\t\t\t\t<div class=\"elementor-element elementor-element-b10d2ef elementor-widget elementor-widget-text-editor\" data-id=\"b10d2ef\" data-element_type=\"widget\" data-widget_type=\"text-editor.default\">\n\t\t\t\t<div class=\"elementor-widget-container\">\n\t\t\t\t\t\t\t\t\t<p>Il existe diff\u00e9rentes mani\u00e8res de rejoindre notre organisation, en fonction de vos disponibilit\u00e9s et de vos aspirations.<\/p><p>Veuillez s\u00e9lectionner l&#039;une des options ci-dessous.<\/p>\t\t\t\t\t\t\t\t<\/div>\n\t\t\t\t<\/div>\n\t\t\t\t<section class=\"elementor-section elementor-inner-section elementor-element elementor-element-5be69ea6 elementor-section-full_width elementor-section-height-default elementor-section-height-default\" data-id=\"5be69ea6\" data-element_type=\"section\">\n\t\t\t\t\t\t<div class=\"elementor-container elementor-column-gap-default\">\n\t\t\t\t\t<div class=\"elementor-column elementor-col-25 elementor-inner-column elementor-element elementor-element-7682f554\" data-id=\"7682f554\" data-element_type=\"column\">\n\t\t\t<div class=\"elementor-widget-wrap elementor-element-populated\">\n\t\t\t\t\t\t<div class=\"elementor-element elementor-element-4cc88596 elementor-view-default elementor-position-top elementor-mobile-position-top elementor-widget elementor-widget-icon-box\" data-id=\"4cc88596\" data-element_type=\"widget\" data-widget_type=\"icon-box.default\">\n\t\t\t\t<div class=\"elementor-widget-container\">\n\t\t\t\t\t\t\t<div class=\"elementor-icon-box-wrapper\">\n\n\t\t\t\t\t\t<div class=\"elementor-icon-box-icon\">\n\t\t\t\t<span  class=\"elementor-icon elementor-animation-grow\">\n\t\t\t\t<i aria-hidden=\"true\" class=\"fas fa-suitcase\"><\/i>\t\t\t\t<\/span>\n\t\t\t<\/div>\n\t\t\t\n\t\t\t\t\t\t<div class=\"elementor-icon-box-content\">\n\n\t\t\t\t\t\t\t\t\t<h3 class=\"elementor-icon-box-title\">\n\t\t\t\t\t\t<span  >\n\t\t\t\t\t\t\tJournaliste\t\t\t\t\t\t<\/span>\n\t\t\t\t\t<\/h3>\n\t\t\t\t\n\t\t\t\t\t\t\t\t\t<p class=\"elementor-icon-box-description\">\n\t\t\t\t\t\tRejoignez-nous en tant que journaliste\t\t\t\t\t<\/p>\n\t\t\t\t\n\t\t\t<\/div>\n\t\t\t\n\t\t<\/div>\n\t\t\t\t\t\t<\/div>\n\t\t\t\t<\/div>\n\t\t\t\t<div class=\"elementor-element elementor-element-412cf02 elementor-align-center elementor-widget elementor-widget-button\" data-id=\"412cf02\" data-element_type=\"widget\" data-widget_type=\"button.default\">\n\t\t\t\t<div class=\"elementor-widget-container\">\n\t\t\t\t\t\t\t\t\t<div class=\"elementor-button-wrapper\">\n\t\t\t\t\t<a class=\"elementor-button elementor-button-link elementor-size-sm\" href=\"https:\/\/eupa.store\/register\">\n\t\t\t\t\t\t<span class=\"elementor-button-content-wrapper\">\n\t\t\t\t\t\t\t\t\t<span class=\"elementor-button-text\">Registre<\/span>\n\t\t\t\t\t<\/span>\n\t\t\t\t\t<\/a>\n\t\t\t\t<\/div>\n\t\t\t\t\t\t\t\t<\/div>\n\t\t\t\t<\/div>\n\t\t\t\t\t<\/div>\n\t\t<\/div>\n\t\t\t\t<div class=\"elementor-column elementor-col-25 elementor-inner-column elementor-element elementor-element-a281d13\" data-id=\"a281d13\" data-element_type=\"column\">\n\t\t\t<div class=\"elementor-widget-wrap elementor-element-populated\">\n\t\t\t\t\t\t<div class=\"elementor-element elementor-element-7420465 elementor-view-default elementor-position-top elementor-mobile-position-top elementor-widget elementor-widget-icon-box\" data-id=\"7420465\" data-element_type=\"widget\" data-widget_type=\"icon-box.default\">\n\t\t\t\t<div class=\"elementor-widget-container\">\n\t\t\t\t\t\t\t<div class=\"elementor-icon-box-wrapper\">\n\n\t\t\t\t\t\t<div class=\"elementor-icon-box-icon\">\n\t\t\t\t<span  class=\"elementor-icon elementor-animation-grow\">\n\t\t\t\t<i aria-hidden=\"true\" class=\"far fa-newspaper\"><\/i>\t\t\t\t<\/span>\n\t\t\t<\/div>\n\t\t\t\n\t\t\t\t\t\t<div class=\"elementor-icon-box-content\">\n\n\t\t\t\t\t\t\t\t\t<h3 class=\"elementor-icon-box-title\">\n\t\t\t\t\t\t<span  >\n\t\t\t\t\t\t\tJournaliste\t\t\t\t\t\t<\/span>\n\t\t\t\t\t<\/h3>\n\t\t\t\t\n\t\t\t\t\t\t\t\t\t<p class=\"elementor-icon-box-description\">\n\t\t\t\t\t\tRejoignez-nous en tant que journaliste\t\t\t\t\t<\/p>\n\t\t\t\t\n\t\t\t<\/div>\n\t\t\t\n\t\t<\/div>\n\t\t\t\t\t\t<\/div>\n\t\t\t\t<\/div>\n\t\t\t\t<div class=\"elementor-element elementor-element-7c1d295 elementor-align-center elementor-widget elementor-widget-button\" data-id=\"7c1d295\" data-element_type=\"widget\" data-widget_type=\"button.default\">\n\t\t\t\t<div class=\"elementor-widget-container\">\n\t\t\t\t\t\t\t\t\t<div class=\"elementor-button-wrapper\">\n\t\t\t\t\t<a class=\"elementor-button elementor-button-link elementor-size-sm\" href=\"https:\/\/eupa.store\/register\">\n\t\t\t\t\t\t<span class=\"elementor-button-content-wrapper\">\n\t\t\t\t\t\t\t\t\t<span class=\"elementor-button-text\">Registre<\/span>\n\t\t\t\t\t<\/span>\n\t\t\t\t\t<\/a>\n\t\t\t\t<\/div>\n\t\t\t\t\t\t\t\t<\/div>\n\t\t\t\t<\/div>\n\t\t\t\t\t<\/div>\n\t\t<\/div>\n\t\t\t\t<div class=\"elementor-column elementor-col-25 elementor-inner-column elementor-element elementor-element-1e06e58f\" data-id=\"1e06e58f\" data-element_type=\"column\">\n\t\t\t<div class=\"elementor-widget-wrap elementor-element-populated\">\n\t\t\t\t\t\t<div class=\"elementor-element elementor-element-f0d0e85 elementor-view-default elementor-position-top elementor-mobile-position-top elementor-widget elementor-widget-icon-box\" data-id=\"f0d0e85\" data-element_type=\"widget\" data-widget_type=\"icon-box.default\">\n\t\t\t\t<div class=\"elementor-widget-container\">\n\t\t\t\t\t\t\t<div class=\"elementor-icon-box-wrapper\">\n\n\t\t\t\t\t\t<div class=\"elementor-icon-box-icon\">\n\t\t\t\t<span  class=\"elementor-icon elementor-animation-grow\">\n\t\t\t\t<svg xmlns=\"http:\/\/www.w3.org\/2000\/svg\" xmlns:xlink=\"http:\/\/www.w3.org\/1999\/xlink\" id=\"Layer_1\" x=\"0px\" y=\"0px\" viewbox=\"0 0 122.88 98.18\" style=\"enable-background:new 0 0 122.88 98.18\" xml:space=\"preserve\"><style type=\"text\/css\"><![CDATA[\t.st0{fill-rule:evenodd;clip-rule:evenodd;}]]><\/style><g><path class=\"st0\" d=\"M46.12,82.81c3.3,9.72,17.11,10.08,20.21,0c3.65,3.29,14.46,3.95,18.49,6.19c1.27,0.71,2.42,1.62,3.34,2.83 c0.9,1.18,2.23,3.82,2.76,6.35H21.53c0.52-2.53,1.86-5.17,2.76-6.35c0.93-1.22,2.07-2.12,3.34-2.83 C31.66,86.75,42.46,86.09,46.12,82.81L46.12,82.81L46.12,82.81L46.12,82.81z M94.94,15.49l16.33,0.22c1.6,0.02,3.1,0.34,4.5,0.93 c1.38,0.59,2.65,1.47,3.78,2.63c1.13,1.16,1.97,2.45,2.53,3.84c0.55,1.4,0.83,2.91,0.8,4.53l-0.24,17.74 c-0.02,1.62-0.34,3.12-0.93,4.5c-0.59,1.38-1.47,2.65-2.63,3.77s-2.44,1.95-3.84,2.53c-0.88,0.35-1.81,0.59-2.78,0.71 c-0.07,6.69-1.36,13.52-4.03,20.19c-0.57,1.42-2.18,2.11-3.6,1.54s-2.11-2.18-1.54-3.6c2.4-6,3.56-12.11,3.64-18.09l-2.11-0.03 c-1.04,1.29-2.18,2.5-3.38,3.6c-1.43,1.3-2.96,2.47-4.59,3.5c-1.63,1.05-3.38,1.96-5.24,2.73c-1.14,0.48-2.34,0.91-3.57,1.29 c-0.59,1.38-2.17,2.04-3.57,1.48c-1.42-0.57-2.11-2.18-1.54-3.6c1.23-3.07,1.88-6.2,2.03-9.3l-0.69-0.01 c-1.6-0.02-3.1-0.34-4.5-0.93c-1.38-0.59-2.65-1.47-3.77-2.63s-1.97-2.44-2.53-3.84c-0.55-1.42-0.83-2.93-0.8-4.53l0.18-12.93 c-1.81-1.3-3.79-2.39-5.92-3.24c-3.25-1.3-6.85-2.03-10.7-2.03c-7.94,0-15.13,3.22-20.33,8.42c-5.2,5.2-8.42,12.39-8.42,20.33 c0,1.84,0.17,3.62,0.48,5.32c0.33,1.77,0.82,3.49,1.46,5.12c0.55,1.42-0.16,3.02-1.58,3.57c-1.42,0.55-3.02-0.16-3.57-1.58 c-0.76-1.96-1.35-4-1.74-6.09c-0.39-2.08-0.59-4.2-0.59-6.34c0-9.47,3.84-18.04,10.05-24.25c6.21-6.21,14.78-10.05,24.25-10.05 c4.56,0,8.85,0.87,12.76,2.44c1.4,0.56,2.75,1.21,4.05,1.94c0.14-1.01,0.41-1.97,0.8-2.89c0.59-1.38,1.47-2.65,2.63-3.77 c1.15-1.13,2.44-1.97,3.84-2.53c1.4-0.55,2.91-0.83,4.53-0.8l1.39,0.02c-3.39-2.51-7.12-4.62-11.14-6.23 C69.34,6.83,63,5.55,56.22,5.55c-13.99,0-26.66,5.67-35.83,14.84S5.55,42.23,5.55,56.22c0,3.23,0.3,6.36,0.86,9.38 c0.58,3.12,1.45,6.14,2.57,9.02c0.55,1.42-0.16,3.02-1.58,3.57c-1.42,0.55-3.02-0.16-3.57-1.58c-1.25-3.21-2.21-6.55-2.85-9.99 C0.33,63.22,0,59.74,0,56.22C0,40.7,6.29,26.64,16.47,16.47C26.64,6.29,40.7,0,56.22,0c7.48,0,14.52,1.43,20.92,3.99 C83.87,6.68,89.87,10.63,94.94,15.49L94.94,15.49z M102.99,18.93l-4.81-0.07l-7.83-0.11l-5.54-0.08c-1.19-0.02-2.28,0.17-3.27,0.57 c-0.99,0.4-1.91,1-2.74,1.81c-0.83,0.81-1.46,1.71-1.88,2.69c-0.42,0.98-0.64,2.07-0.66,3.25l-0.01,0.39l-0.08,5.64l-0.16,11.71 c-0.02,1.19,0.18,2.28,0.57,3.27c0.4,0.99,1,1.91,1.81,2.74c0.83,0.83,1.74,1.48,2.71,1.88c0.98,0.42,2.04,0.64,3.23,0.66l7.8,0.11 c0.91,0.01,1.65,0.78,1.64,1.69c0,0.21-0.05,0.39-0.1,0.57c-0.31,1.09-0.64,2.18-1.03,3.23c-0.4,1.11-0.83,2.16-1.3,3.17 c-0.24,0.52-0.52,1.02-0.82,1.54c1.61-0.68,3.12-1.49,4.53-2.38c1.47-0.94,2.86-1.99,4.13-3.14c1.29-1.17,2.45-2.45,3.52-3.83 c0.33-0.43,0.83-0.65,1.33-0.64l2.88,0.04l3.83,0.05h0.03l0.03,0h0h0.03h0.03h0h0.02h0.03h0.01h0.02h0.03h0.01h0.02l0.03,0h0.01 l0.04,0h0.01h0.02l0.03,0h0.01l0.01,0h0.03h0.01l0.01,0l0.03,0h0.02l0.01,0l0.03,0l0.02,0h0.01l0.03,0l0.02,0l0.01,0l0.03,0l0.02,0 h0.01l0.03,0l0.02,0h0.01l0.03,0l0.02,0l0,0l0.03,0l0.03,0h0l0.03,0l0.03,0l0,0l0.03,0l0.03,0l0,0l0.02,0l0.03,0h0.01l0.02,0 l0.03,0h0.01l0.02,0l0.03,0h0.01l0.02,0l0.03,0l0.01,0l0.02,0l0.03,0l0.01,0l0.01,0l0.03,0l0.01,0l0.01,0l0.03,0l0.01,0l0.01,0 l0.03,0l0.02,0l0.01,0l0.03,0l0.02,0l0.01,0l0.03,0l0.02,0l0.01,0l0.02,0l0.02,0h0l0.03,0l0.02,0l0,0l0.03,0l0.02,0h0l0.02,0 l0.03,0c0.56-0.09,1.09-0.25,1.6-0.45c0.99-0.4,1.91-1,2.76-1.81c0.83-0.81,1.46-1.71,1.88-2.69c0.42-0.98,0.64-2.07,0.66-3.25 l0.24-17.74c0.02-1.19-0.17-2.28-0.57-3.27c-0.4-0.99-1-1.91-1.81-2.74c-0.81-0.83-1.71-1.46-2.69-1.88 c-0.98-0.42-2.07-0.64-3.25-0.66l-8.23-0.11V18.93L102.99,18.93L102.99,18.93z M106.85,53.66l0.07,0L106.85,53.66z M43.59,62.66 c-0.69,0.03-1.21,0.17-1.58,0.41c-0.2,0.14-0.36,0.31-0.45,0.52c-0.11,0.23-0.16,0.51-0.15,0.83c0.03,0.95,0.52,2.19,1.49,3.63 l0.01,0.02l0,0l3.12,4.97c1.25,1.99,2.57,4.03,4.2,5.52c1.57,1.43,3.47,2.41,5.99,2.41c2.73,0.01,4.72-1,6.34-2.52 c1.68-1.58,3.02-3.74,4.32-5.89l3.52-5.8c0.65-1.5,0.9-2.5,0.74-3.09c-0.09-0.35-0.47-0.52-1.13-0.55 c-0.14-0.01-0.28-0.01-0.43-0.01c-0.16,0.01-0.32,0.02-0.49,0.03c-0.1,0.01-0.19,0-0.27-0.02c-0.31,0.02-0.64-0.01-0.96-0.05 l1.21-5.34c-8.94,1.41-15.64-5.23-25.09-1.33l0.68,6.29C44.28,62.72,43.92,62.71,43.59,62.66L43.59,62.66L43.59,62.66L43.59,62.66z M71.23,61.54c0.86,0.27,1.42,0.81,1.65,1.71c0.25,0.98-0.02,2.37-0.86,4.27l0,0c-0.02,0.03-0.04,0.07-0.05,0.1l-3.56,5.87 c-1.37,2.26-2.77,4.53-4.62,6.27c-1.93,1.8-4.3,3-7.54,2.99c-3.03,0-5.31-1.16-7.18-2.87c-1.81-1.65-3.19-3.79-4.51-5.88 l-3.13-4.97c-1.14-1.71-1.74-3.26-1.77-4.54c-0.02-0.6,0.08-1.15,0.3-1.63c0.23-0.5,0.59-0.92,1.07-1.25 c0.23-0.15,0.48-0.28,0.76-0.38c-0.2-2.69-0.28-6.09-0.15-8.93c0.07-0.67,0.2-1.35,0.38-2.02c0.8-2.85,2.8-5.15,5.28-6.73 c1.37-0.87,2.86-1.53,4.43-1.97c0.99-0.28-0.85-3.46,0.18-3.56c4.96-0.51,12.99,4.02,16.45,7.77c1.73,1.88,2.82,4.36,3.06,7.66 L71.23,61.54L71.23,61.54L71.23,61.54L71.23,61.54z\"><\/path><\/g><\/svg>\t\t\t\t<\/span>\n\t\t\t<\/div>\n\t\t\t\n\t\t\t\t\t\t<div class=\"elementor-icon-box-content\">\n\n\t\t\t\t\t\t\t\t\t<h3 class=\"elementor-icon-box-title\">\n\t\t\t\t\t\t<span  >\n\t\t\t\t\t\t\tInfluenceur\t\t\t\t\t\t<\/span>\n\t\t\t\t\t<\/h3>\n\t\t\t\t\n\t\t\t\t\t\t\t\t\t<p class=\"elementor-icon-box-description\">\n\t\t\t\t\t\tRejoignez-nous en tant qu&#039;influenceur\t\t\t\t\t<\/p>\n\t\t\t\t\n\t\t\t<\/div>\n\t\t\t\n\t\t<\/div>\n\t\t\t\t\t\t<\/div>\n\t\t\t\t<\/div>\n\t\t\t\t<div class=\"elementor-element elementor-element-3838596 elementor-align-center elementor-widget elementor-widget-button\" data-id=\"3838596\" data-element_type=\"widget\" data-widget_type=\"button.default\">\n\t\t\t\t<div class=\"elementor-widget-container\">\n\t\t\t\t\t\t\t\t\t<div class=\"elementor-button-wrapper\">\n\t\t\t\t\t<a class=\"elementor-button elementor-button-link elementor-size-sm\" href=\"https:\/\/eupa.store\/register\">\n\t\t\t\t\t\t<span class=\"elementor-button-content-wrapper\">\n\t\t\t\t\t\t\t\t\t<span class=\"elementor-button-text\">Registre<\/span>\n\t\t\t\t\t<\/span>\n\t\t\t\t\t<\/a>\n\t\t\t\t<\/div>\n\t\t\t\t\t\t\t\t<\/div>\n\t\t\t\t<\/div>\n\t\t\t\t\t<\/div>\n\t\t<\/div>\n\t\t\t\t<div class=\"elementor-column elementor-col-25 elementor-inner-column elementor-element elementor-element-f406ad0\" data-id=\"f406ad0\" data-element_type=\"column\">\n\t\t\t<div class=\"elementor-widget-wrap elementor-element-populated\">\n\t\t\t\t\t\t<div class=\"elementor-element elementor-element-5ae131a elementor-view-default elementor-position-top elementor-mobile-position-top elementor-widget elementor-widget-icon-box\" data-id=\"5ae131a\" data-element_type=\"widget\" data-widget_type=\"icon-box.default\">\n\t\t\t\t<div class=\"elementor-widget-container\">\n\t\t\t\t\t\t\t<div class=\"elementor-icon-box-wrapper\">\n\n\t\t\t\t\t\t<div class=\"elementor-icon-box-icon\">\n\t\t\t\t<span  class=\"elementor-icon elementor-animation-grow\">\n\t\t\t\t<i aria-hidden=\"true\" class=\"far fa-thumbs-up\"><\/i>\t\t\t\t<\/span>\n\t\t\t<\/div>\n\t\t\t\n\t\t\t\t\t\t<div class=\"elementor-icon-box-content\">\n\n\t\t\t\t\t\t\t\t\t<h3 class=\"elementor-icon-box-title\">\n\t\t\t\t\t\t<span  >\n\t\t\t\t\t\t\tH\u00f4te\t\t\t\t\t\t<\/span>\n\t\t\t\t\t<\/h3>\n\t\t\t\t\n\t\t\t\t\t\t\t\t\t<p class=\"elementor-icon-box-description\">\n\t\t\t\t\t\tRejoignez-nous en tant qu&#039;animateur de t\u00e9l\u00e9vision ou de radio\t\t\t\t\t<\/p>\n\t\t\t\t\n\t\t\t<\/div>\n\t\t\t\n\t\t<\/div>\n\t\t\t\t\t\t<\/div>\n\t\t\t\t<\/div>\n\t\t\t\t<div class=\"elementor-element elementor-element-46650a6 elementor-align-center elementor-widget elementor-widget-button\" data-id=\"46650a6\" data-element_type=\"widget\" data-widget_type=\"button.default\">\n\t\t\t\t<div class=\"elementor-widget-container\">\n\t\t\t\t\t\t\t\t\t<div class=\"elementor-button-wrapper\">\n\t\t\t\t\t<a class=\"elementor-button elementor-button-link elementor-size-sm\" href=\"https:\/\/eupa.store\/register\">\n\t\t\t\t\t\t<span class=\"elementor-button-content-wrapper\">\n\t\t\t\t\t\t\t\t\t<span class=\"elementor-button-text\">Registre<\/span>\n\t\t\t\t\t<\/span>\n\t\t\t\t\t<\/a>\n\t\t\t\t<\/div>\n\t\t\t\t\t\t\t\t<\/div>\n\t\t\t\t<\/div>\n\t\t\t\t\t<\/div>\n\t\t<\/div>\n\t\t\t\t\t<\/div>\n\t\t<\/section>\n\t\t\t\t<section class=\"elementor-section elementor-inner-section elementor-element elementor-element-91ad5e2 elementor-section-full_width elementor-section-height-default elementor-section-height-default\" data-id=\"91ad5e2\" data-element_type=\"section\">\n\t\t\t\t\t\t<div class=\"elementor-container elementor-column-gap-default\">\n\t\t\t\t\t<div class=\"elementor-column elementor-col-25 elementor-inner-column elementor-element elementor-element-5f7ebe7\" data-id=\"5f7ebe7\" data-element_type=\"column\">\n\t\t\t<div class=\"elementor-widget-wrap elementor-element-populated\">\n\t\t\t\t\t\t<div class=\"elementor-element elementor-element-7d65974 elementor-view-default elementor-position-top elementor-mobile-position-top elementor-widget elementor-widget-icon-box\" data-id=\"7d65974\" data-element_type=\"widget\" data-widget_type=\"icon-box.default\">\n\t\t\t\t<div class=\"elementor-widget-container\">\n\t\t\t\t\t\t\t<div class=\"elementor-icon-box-wrapper\">\n\n\t\t\t\t\t\t<div class=\"elementor-icon-box-icon\">\n\t\t\t\t<span  class=\"elementor-icon elementor-animation-grow\">\n\t\t\t\t<i aria-hidden=\"true\" class=\"fas fa-user-tie\"><\/i>\t\t\t\t<\/span>\n\t\t\t<\/div>\n\t\t\t\n\t\t\t\t\t\t<div class=\"elementor-icon-box-content\">\n\n\t\t\t\t\t\t\t\t\t<h3 class=\"elementor-icon-box-title\">\n\t\t\t\t\t\t<span  >\n\t\t\t\t\t\t\tRecruteur\t\t\t\t\t\t<\/span>\n\t\t\t\t\t<\/h3>\n\t\t\t\t\n\t\t\t\t\t\t\t\t\t<p class=\"elementor-icon-box-description\">\n\t\t\t\t\t\tRejoignez-nous en tant que recruteur\t\t\t\t\t<\/p>\n\t\t\t\t\n\t\t\t<\/div>\n\t\t\t\n\t\t<\/div>\n\t\t\t\t\t\t<\/div>\n\t\t\t\t<\/div>\n\t\t\t\t<div class=\"elementor-element elementor-element-6e4cc11 elementor-align-center elementor-widget elementor-widget-button\" data-id=\"6e4cc11\" data-element_type=\"widget\" data-widget_type=\"button.default\">\n\t\t\t\t<div class=\"elementor-widget-container\">\n\t\t\t\t\t\t\t\t\t<div class=\"elementor-button-wrapper\">\n\t\t\t\t\t<a class=\"elementor-button elementor-button-link elementor-size-sm\" href=\"https:\/\/eupa.store\/register\">\n\t\t\t\t\t\t<span class=\"elementor-button-content-wrapper\">\n\t\t\t\t\t\t\t\t\t<span class=\"elementor-button-text\">Registre<\/span>\n\t\t\t\t\t<\/span>\n\t\t\t\t\t<\/a>\n\t\t\t\t<\/div>\n\t\t\t\t\t\t\t\t<\/div>\n\t\t\t\t<\/div>\n\t\t\t\t\t<\/div>\n\t\t<\/div>\n\t\t\t\t<div class=\"elementor-column elementor-col-25 elementor-inner-column elementor-element elementor-element-baf8b81\" data-id=\"baf8b81\" data-element_type=\"column\">\n\t\t\t<div class=\"elementor-widget-wrap elementor-element-populated\">\n\t\t\t\t\t\t<div class=\"elementor-element elementor-element-1334a37 elementor-view-default elementor-position-top elementor-mobile-position-top elementor-widget elementor-widget-icon-box\" data-id=\"1334a37\" data-element_type=\"widget\" data-widget_type=\"icon-box.default\">\n\t\t\t\t<div class=\"elementor-widget-container\">\n\t\t\t\t\t\t\t<div class=\"elementor-icon-box-wrapper\">\n\n\t\t\t\t\t\t<div class=\"elementor-icon-box-icon\">\n\t\t\t\t<span  class=\"elementor-icon elementor-animation-grow\">\n\t\t\t\t<i aria-hidden=\"true\" class=\"fab fa-salesforce\"><\/i>\t\t\t\t<\/span>\n\t\t\t<\/div>\n\t\t\t\n\t\t\t\t\t\t<div class=\"elementor-icon-box-content\">\n\n\t\t\t\t\t\t\t\t\t<h3 class=\"elementor-icon-box-title\">\n\t\t\t\t\t\t<span  >\n\t\t\t\t\t\t\tAgent de ventes\t\t\t\t\t\t<\/span>\n\t\t\t\t\t<\/h3>\n\t\t\t\t\n\t\t\t\t\t\t\t\t\t<p class=\"elementor-icon-box-description\">\n\t\t\t\t\t\tRejoignez-nous en tant qu&#039;agent commercial\t\t\t\t\t<\/p>\n\t\t\t\t\n\t\t\t<\/div>\n\t\t\t\n\t\t<\/div>\n\t\t\t\t\t\t<\/div>\n\t\t\t\t<\/div>\n\t\t\t\t<div class=\"elementor-element elementor-element-1d13cb9 elementor-align-center elementor-widget elementor-widget-button\" data-id=\"1d13cb9\" data-element_type=\"widget\" data-widget_type=\"button.default\">\n\t\t\t\t<div class=\"elementor-widget-container\">\n\t\t\t\t\t\t\t\t\t<div class=\"elementor-button-wrapper\">\n\t\t\t\t\t<a class=\"elementor-button elementor-button-link elementor-size-sm\" href=\"https:\/\/eupa.store\/register\">\n\t\t\t\t\t\t<span class=\"elementor-button-content-wrapper\">\n\t\t\t\t\t\t\t\t\t<span class=\"elementor-button-text\">Registre<\/span>\n\t\t\t\t\t<\/span>\n\t\t\t\t\t<\/a>\n\t\t\t\t<\/div>\n\t\t\t\t\t\t\t\t<\/div>\n\t\t\t\t<\/div>\n\t\t\t\t\t<\/div>\n\t\t<\/div>\n\t\t\t\t<div class=\"elementor-column elementor-col-25 elementor-inner-column elementor-element elementor-element-81891b8\" data-id=\"81891b8\" data-element_type=\"column\">\n\t\t\t<div class=\"elementor-widget-wrap elementor-element-populated\">\n\t\t\t\t\t\t<div class=\"elementor-element elementor-element-dcf9bb8 elementor-view-default elementor-position-top elementor-mobile-position-top elementor-widget elementor-widget-icon-box\" data-id=\"dcf9bb8\" data-element_type=\"widget\" data-widget_type=\"icon-box.default\">\n\t\t\t\t<div class=\"elementor-widget-container\">\n\t\t\t\t\t\t\t<div class=\"elementor-icon-box-wrapper\">\n\n\t\t\t\t\t\t<div class=\"elementor-icon-box-icon\">\n\t\t\t\t<span  class=\"elementor-icon elementor-animation-grow\">\n\t\t\t\t<i aria-hidden=\"true\" class=\"far fa-address-book\"><\/i>\t\t\t\t<\/span>\n\t\t\t<\/div>\n\t\t\t\n\t\t\t\t\t\t<div class=\"elementor-icon-box-content\">\n\n\t\t\t\t\t\t\t\t\t<h3 class=\"elementor-icon-box-title\">\n\t\t\t\t\t\t<span  >\n\t\t\t\t\t\t\tInterne\t\t\t\t\t\t<\/span>\n\t\t\t\t\t<\/h3>\n\t\t\t\t\n\t\t\t\t\t\t\t\t\t<p class=\"elementor-icon-box-description\">\n\t\t\t\t\t\tRejoignez-nous en tant que stagiaire\t\t\t\t\t<\/p>\n\t\t\t\t\n\t\t\t<\/div>\n\t\t\t\n\t\t<\/div>\n\t\t\t\t\t\t<\/div>\n\t\t\t\t<\/div>\n\t\t\t\t<div class=\"elementor-element elementor-element-afe330e elementor-align-center elementor-widget elementor-widget-button\" data-id=\"afe330e\" data-element_type=\"widget\" data-widget_type=\"button.default\">\n\t\t\t\t<div class=\"elementor-widget-container\">\n\t\t\t\t\t\t\t\t\t<div class=\"elementor-button-wrapper\">\n\t\t\t\t\t<a class=\"elementor-button elementor-button-link elementor-size-sm\" href=\"https:\/\/eupa.store\/register\">\n\t\t\t\t\t\t<span class=\"elementor-button-content-wrapper\">\n\t\t\t\t\t\t\t\t\t<span class=\"elementor-button-text\">Registre<\/span>\n\t\t\t\t\t<\/span>\n\t\t\t\t\t<\/a>\n\t\t\t\t<\/div>\n\t\t\t\t\t\t\t\t<\/div>\n\t\t\t\t<\/div>\n\t\t\t\t\t<\/div>\n\t\t<\/div>\n\t\t\t\t<div class=\"elementor-column elementor-col-25 elementor-inner-column elementor-element elementor-element-025fc19\" data-id=\"025fc19\" data-element_type=\"column\">\n\t\t\t<div class=\"elementor-widget-wrap elementor-element-populated\">\n\t\t\t\t\t\t<div class=\"elementor-element elementor-element-7a40e4f elementor-view-default elementor-position-top elementor-mobile-position-top elementor-widget elementor-widget-icon-box\" data-id=\"7a40e4f\" data-element_type=\"widget\" data-widget_type=\"icon-box.default\">\n\t\t\t\t<div class=\"elementor-widget-container\">\n\t\t\t\t\t\t\t<div class=\"elementor-icon-box-wrapper\">\n\n\t\t\t\t\t\t<div class=\"elementor-icon-box-icon\">\n\t\t\t\t<span  class=\"elementor-icon elementor-animation-grow\">\n\t\t\t\t<i aria-hidden=\"true\" class=\"far fa-thumbs-up\"><\/i>\t\t\t\t<\/span>\n\t\t\t<\/div>\n\t\t\t\n\t\t\t\t\t\t<div class=\"elementor-icon-box-content\">\n\n\t\t\t\t\t\t\t\t\t<h3 class=\"elementor-icon-box-title\">\n\t\t\t\t\t\t<span  >\n\t\t\t\t\t\t\tB\u00e9n\u00e9vole\t\t\t\t\t\t<\/span>\n\t\t\t\t\t<\/h3>\n\t\t\t\t\n\t\t\t\t\t\t\t\t\t<p class=\"elementor-icon-box-description\">\n\t\t\t\t\t\tRejoignez-nous en tant que b\u00e9n\u00e9vole\t\t\t\t\t<\/p>\n\t\t\t\t\n\t\t\t<\/div>\n\t\t\t\n\t\t<\/div>\n\t\t\t\t\t\t<\/div>\n\t\t\t\t<\/div>\n\t\t\t\t<div class=\"elementor-element elementor-element-c6cf442 elementor-align-center elementor-widget elementor-widget-button\" data-id=\"c6cf442\" data-element_type=\"widget\" data-widget_type=\"button.default\">\n\t\t\t\t<div class=\"elementor-widget-container\">\n\t\t\t\t\t\t\t\t\t<div class=\"elementor-button-wrapper\">\n\t\t\t\t\t<a class=\"elementor-button elementor-button-link elementor-size-sm\" href=\"https:\/\/eupa.store\/register\">\n\t\t\t\t\t\t<span class=\"elementor-button-content-wrapper\">\n\t\t\t\t\t\t\t\t\t<span class=\"elementor-button-text\">Registre<\/span>\n\t\t\t\t\t<\/span>\n\t\t\t\t\t<\/a>\n\t\t\t\t<\/div>\n\t\t\t\t\t\t\t\t<\/div>\n\t\t\t\t<\/div>\n\t\t\t\t\t<\/div>\n\t\t<\/div>\n\t\t\t\t\t<\/div>\n\t\t<\/section>\n\t\t\t\t\t<\/div>\n\t\t<\/div>\n\t\t\t\t\t<\/div>\n\t\t<\/section>\n\t\t\t\t<\/div>","protected":false},"excerpt":{"rendered":"<p>Il existe diff\u00e9rentes mani\u00e8res de rejoindre notre organisation, en fonction de vos disponibilit\u00e9s et de vos aspirations. Veuillez s\u00e9lectionner l&#039;une des options ci-dessous. Reporter Inscrivez-vous en tant que journaliste Inscrivez-vous Journaliste Inscrivez-vous en tant que journaliste Inscrivez-vous Influenceur Inscrivez-vous en tant qu&#039;influenceur Inscrivez-vous H\u00f4te Inscrivez-vous en tant qu&#039;animateur de t\u00e9l\u00e9vision ou de radio Inscrivez-vous recruteur Inscrivez-vous en tant que recruteur Inscrivez-vous\u2026 <a title=\"Rejoindre\" class=\"read-more\" href=\"https:\/\/eupa.uk\/fr\/join\/\" aria-label=\"En savoir plus sur Join\">Lire la suite<\/a><\/p>","protected":false},"author":1,"featured_media":0,"parent":0,"menu_order":27,"comment_status":"closed","ping_status":"closed","template":"","meta":{"footnotes":""},"class_list":["post-1747","page","type-page","status-publish"],"_links":{"self":[{"href":"https:\/\/eupa.uk\/fr\/wp-json\/wp\/v2\/pages\/1747","targetHints":{"allow":["GET"]}}],"collection":[{"href":"https:\/\/eupa.uk\/fr\/wp-json\/wp\/v2\/pages"}],"about":[{"href":"https:\/\/eupa.uk\/fr\/wp-json\/wp\/v2\/types\/page"}],"author":[{"embeddable":true,"href":"https:\/\/eupa.uk\/fr\/wp-json\/wp\/v2\/users\/1"}],"replies":[{"embeddable":true,"href":"https:\/\/eupa.uk\/fr\/wp-json\/wp\/v2\/comments?post=1747"}],"version-history":[{"count":0,"href":"https:\/\/eupa.uk\/fr\/wp-json\/wp\/v2\/pages\/1747\/revisions"}],"wp:attachment":[{"href":"https:\/\/eupa.uk\/fr\/wp-json\/wp\/v2\/media?parent=1747"}],"curies":[{"name":"wp","href":"https:\/\/api.w.org\/{rel}","templated":true}]}}