{"id":3,"date":"2020-05-05T13:37:41","date_gmt":"2020-05-05T13:37:41","guid":{"rendered":"https:\/\/new.deschenaux.me\/?page_id=3"},"modified":"2020-08-12T06:37:02","modified_gmt":"2020-08-12T06:37:02","slug":"privacy-policy","status":"publish","type":"page","link":"https:\/\/eupa.uk\/fr\/privacy-policy\/","title":{"rendered":"politique de confidentialit\u00e9"},"content":{"rendered":"<div data-elementor-type=\"wp-page\" data-elementor-id=\"3\" class=\"elementor elementor-3\" data-elementor-post-type=\"page\">\n\t\t\t\t\t\t<section class=\"elementor-section elementor-top-section elementor-element elementor-element-7d9baf5b elementor-section-boxed elementor-section-height-default elementor-section-height-default\" data-id=\"7d9baf5b\" data-element_type=\"section\">\n\t\t\t\t\t\t<div class=\"elementor-container elementor-column-gap-default\">\n\t\t\t\t\t<div class=\"elementor-column elementor-col-100 elementor-top-column elementor-element elementor-element-46b8d89f\" data-id=\"46b8d89f\" data-element_type=\"column\">\n\t\t\t<div class=\"elementor-widget-wrap elementor-element-populated\">\n\t\t\t\t\t\t<div class=\"elementor-element elementor-element-6af4a87b elementor-widget elementor-widget-text-editor\" data-id=\"6af4a87b\" data-element_type=\"widget\" data-widget_type=\"text-editor.default\">\n\t\t\t\t<div class=\"elementor-widget-container\">\n\t\t\t\t\t\t\t\t\t<p>L&#039;Agence de Presse Europ\u00e9enne (\u00ab nous \u00bb, \u00ab notre \u00bb ou \u00ab notre \u00bb) exploite ledit \u00ab Service \u00bb qui est le site Web suivant\u00a0: https:\/\/eupa.uk<\/p><p>Cette page vous informe de nos politiques concernant la collecte, l&#039;utilisation et la divulgation de donn\u00e9es personnelles lorsque vous utilisez notre Service et des choix que vous avez associ\u00e9s \u00e0 ces donn\u00e9es.<\/p><p>Nous utilisons vos donn\u00e9es pour fournir et am\u00e9liorer le Service. En utilisant le Service, vous acceptez la collecte et l&#039;utilisation d&#039;informations conform\u00e9ment \u00e0 cette politique. Sauf indication contraire dans la pr\u00e9sente Politique de Confidentialit\u00e9, les termes utilis\u00e9s dans la pr\u00e9sente Politique de Confidentialit\u00e9 ont la m\u00eame signification que dans nos Conditions G\u00e9n\u00e9rales, accessibles depuis https:\/\/eupa.uk<\/p><p><strong>D\u00c9FINITIONS<\/strong><\/p><p><strong>Service<\/strong><\/p><p>Le service est le site Web https:\/\/eupa.uk exploit\u00e9 par l&#039;agence de presse europ\u00e9enne.<\/p><p><strong>Donn\u00e9es personnelles<\/strong><\/p><p>Les donn\u00e9es personnelles d\u00e9signent les donn\u00e9es concernant une personne vivante qui peuvent \u00eatre identifi\u00e9es \u00e0 partir de ces donn\u00e9es (ou \u00e0 partir de celles-ci et d&#039;autres informations en notre possession ou susceptibles d&#039;entrer en notre possession).<\/p><p><strong>Des donn\u00e9es d&#039;utilisation<\/strong><\/p><p>Les Donn\u00e9es d&#039;utilisation sont des donn\u00e9es collect\u00e9es automatiquement, soit g\u00e9n\u00e9r\u00e9es par l&#039;utilisation du Service, soit par l&#039;infrastructure du Service elle-m\u00eame (par exemple, la dur\u00e9e d&#039;une visite d&#039;une page).<\/p><p><strong>Biscuits<\/strong><\/p><p>Les cookies sont de petits fichiers stock\u00e9s sur votre appareil (ordinateur ou appareil mobile).<\/p><p><strong>Contr\u00f4leur de donn\u00e9es<\/strong><\/p><p>Le contr\u00f4leur de donn\u00e9es d\u00e9signe la personne physique ou morale qui (seule, conjointement ou en commun avec d&#039;autres personnes) d\u00e9termine les finalit\u00e9s pour lesquelles et la mani\u00e8re dont les informations personnelles sont ou doivent \u00eatre trait\u00e9es.<\/p><p>Aux fins de cette politique de confidentialit\u00e9, nous sommes un contr\u00f4leur de donn\u00e9es de vos donn\u00e9es personnelles.<\/p><p><strong>Processeurs de donn\u00e9es (ou fournisseurs de services)<\/strong><\/p><p>Le sous-traitant (ou fournisseur de services) d\u00e9signe toute personne physique ou morale qui traite les donn\u00e9es pour le compte du responsable du traitement.<\/p><p>Nous pouvons utiliser les services de diff\u00e9rents prestataires de services afin de traiter vos donn\u00e9es plus efficacement.<\/p><p><strong>Utilisateur<\/strong><\/p><p>La Personne Concern\u00e9e est toute personne vivante qui utilise notre Service et qui fait l&#039;objet de Donn\u00e9es Personnelles.<\/p><p><strong>\u00a0<\/strong><\/p><p><strong>COLLECTE ET UTILISATION DES INFORMATIONS<\/strong><\/p><p>Nous collectons plusieurs types d&#039;informations diff\u00e9rents \u00e0 diverses fins pour fournir et am\u00e9liorer notre<\/p><p>Service \u00e0 vous.<\/p><p><strong>\u00a0<\/strong><\/p><p><strong>Types de donn\u00e9es collect\u00e9es<\/strong><\/p><p><strong>\u00a0<\/strong><\/p><p><strong>Donn\u00e9es personnelles<\/strong><\/p><p>Lors de l&#039;utilisation de notre Service, nous pouvons vous demander de nous fournir certaines informations personnelles identifiables qui peuvent \u00eatre utilis\u00e9es pour vous contacter ou vous identifier (\u00ab\u00a0Donn\u00e9es personnelles\u00a0\u00bb). Les informations personnelles identifiables peuvent inclure, sans s\u2019y limiter\u00a0:<\/p><p>Adresse e-mail<\/p><p>Pr\u00e9nom et nom<\/p><p>Num\u00e9ro de t\u00e9l\u00e9phone<\/p><p>Adresse, \u00c9tat, Province, Code postal, Ville<\/p><p><strong>\u00a0<\/strong><\/p><p><strong>Cookies et donn\u00e9es d&#039;utilisation<\/strong><\/p><p>Nous pouvons utiliser vos donn\u00e9es personnelles pour vous contacter avec des newsletters, du mat\u00e9riel marketing ou promotionnel et d&#039;autres informations susceptibles de vous int\u00e9resser.<\/p><p>Vous pouvez refuser de recevoir tout ou partie de ces communications de notre part en suivant le lien de d\u00e9sabonnement ou les instructions fournies dans tout e-mail que nous envoyons.<\/p><p><strong>\u00a0<\/strong><\/p><p><strong>Des donn\u00e9es d&#039;utilisation<\/strong><\/p><p>Nous pouvons \u00e9galement collecter des informations sur la mani\u00e8re dont le Service est acc\u00e9d\u00e9 et utilis\u00e9 (\u00ab\u00a0Donn\u00e9es d&#039;utilisation\u00a0\u00bb). Ces donn\u00e9es d&#039;utilisation peuvent inclure des informations telles que l&#039;adresse de protocole Internet de votre ordinateur (par exemple, l&#039;adresse IP), le type de navigateur, la version du navigateur, les pages de notre Service que vous visitez, l&#039;heure et la date de votre visite, le temps pass\u00e9 sur ces pages, les informations uniques. identifiants d&#039;appareil et autres donn\u00e9es de diagnostic.<\/p><p><strong>\u00a0<\/strong><\/p><p><strong>Donn\u00e9es de suivi et de cookies<\/strong><\/p><p>Nous utilisons des cookies et des technologies de suivi similaires pour suivre l&#039;activit\u00e9 sur notre Service et nous d\u00e9tenons certaines informations.<\/p><p>Les cookies sont des fichiers contenant une petite quantit\u00e9 de donn\u00e9es pouvant inclure un identifiant unique anonyme. Les cookies sont envoy\u00e9s \u00e0 votre navigateur depuis un site Web et stock\u00e9s sur votre appareil. D&#039;autres technologies de suivi sont \u00e9galement utilis\u00e9es, telles que des balises, des balises et des scripts, pour collecter et suivre des informations ainsi que pour am\u00e9liorer et analyser notre Service.<\/p><p>Vous pouvez demander \u00e0 votre navigateur de refuser tous les cookies ou d&#039;indiquer lorsqu&#039;un cookie est envoy\u00e9. Cependant, si vous n&#039;acceptez pas les cookies, vous ne pourrez peut-\u00eatre pas utiliser certaines parties de notre Service.<\/p><p>Exemples de cookies que nous utilisons\u00a0:<\/p><p>Cookies de session. Nous utilisons des cookies de session pour exploiter notre service.<\/p><p>Cookies de pr\u00e9f\u00e9rence. Nous utilisons des cookies de pr\u00e9f\u00e9rence pour m\u00e9moriser vos pr\u00e9f\u00e9rences et divers param\u00e8tres.<\/p><p>Cookies de s\u00e9curit\u00e9. Nous utilisons des cookies de s\u00e9curit\u00e9 \u00e0 des fins de s\u00e9curit\u00e9.<\/p><p><strong>\u00a0<\/strong><\/p><p><strong>Utilisation des donn\u00e9es<\/strong><\/p><p>L&#039;Agence de Presse Europ\u00e9enne utilise les donn\u00e9es collect\u00e9es \u00e0 diverses fins :<\/p><ul><li>Pour fournir et maintenir notre service<\/li><li>Pour vous avertir des changements de notre service<\/li><li>Pour vous permettre de participer aux fonctionnalit\u00e9s interactives de notre Service lorsque vous choisissez de le faire<\/li><li>Pour fournir un support client<\/li><li>Pour recueillir des analyses ou des informations pr\u00e9cieuses afin que nous puissions am\u00e9liorer notre service<\/li><li>Pour surveiller l\u2019utilisation de notre service<\/li><li>D\u00e9tecter, pr\u00e9venir et r\u00e9soudre les probl\u00e8mes techniques<\/li><li>Pour vous fournir des actualit\u00e9s, des offres sp\u00e9ciales et des informations g\u00e9n\u00e9rales sur d&#039;autres biens, services et \u00e9v\u00e9nements que nous proposons et similaires \u00e0 ceux que vous avez d\u00e9j\u00e0 achet\u00e9s ou sur lesquels vous avez demand\u00e9 des informations, \u00e0 moins que vous n&#039;ayez choisi de ne pas recevoir ces informations.<\/li><\/ul><p><strong>\u00a0<\/strong><\/p><p><strong>Base juridique du traitement des donn\u00e9es personnelles dans le cadre du r\u00e8glement g\u00e9n\u00e9ral sur la protection des donn\u00e9es (RGPD)<\/strong><\/p><p>Si vous r\u00e9sidez dans l&#039;Espace \u00e9conomique europ\u00e9en (EEE), la base juridique de l&#039;Agence de presse europ\u00e9enne pour la collecte et l&#039;utilisation des informations personnelles d\u00e9crites dans la pr\u00e9sente politique de confidentialit\u00e9 d\u00e9pend des donn\u00e9es personnelles que nous collectons et du contexte sp\u00e9cifique dans lequel nous les collectons.<\/p><p>L&#039;Agence de presse europ\u00e9enne peut traiter vos donn\u00e9es personnelles pour les raisons suivantes\u00a0:<\/p><ul><li>Nous devons ex\u00e9cuter un contrat avec vous<\/li><li>Vous nous avez donn\u00e9 la permission de le faire<\/li><li>Le traitement est dans nos int\u00e9r\u00eats l\u00e9gitimes et vos droits ne pr\u00e9valent pas sur eux.<\/li><li>\u00c0 des fins de traitement des paiements<\/li><li>Pour se conformer \u00e0 la loi<\/li><\/ul><p><strong>\u00a0<\/strong><\/p><p><strong>Conservation des donn\u00e9es<\/strong><\/p><p>L&#039;Agence de presse europ\u00e9enne conservera vos donn\u00e9es personnelles uniquement aussi longtemps que n\u00e9cessaire aux fins \u00e9nonc\u00e9es dans la pr\u00e9sente politique de confidentialit\u00e9. Nous conserverons et utiliserons vos donn\u00e9es personnelles dans la mesure n\u00e9cessaire pour nous conformer \u00e0 nos obligations l\u00e9gales (par exemple, si nous sommes tenus de conserver vos donn\u00e9es pour nous conformer aux lois applicables), r\u00e9soudre les litiges et faire respecter nos accords et politiques juridiques.<\/p><p>L&#039;Agence de Presse Europ\u00e9enne SANS FRONTI\u00c8RES, FEDERATION conservera \u00e9galement les Donn\u00e9es d&#039;Utilisation \u00e0 des fins d&#039;analyse interne. Les donn\u00e9es d&#039;utilisation sont g\u00e9n\u00e9ralement conserv\u00e9es pendant une p\u00e9riode plus courte, sauf lorsque ces donn\u00e9es sont utilis\u00e9es pour renforcer la s\u00e9curit\u00e9 ou pour am\u00e9liorer la fonctionnalit\u00e9 de notre service, ou lorsque nous sommes l\u00e9galement tenus de conserver ces donn\u00e9es pendant des p\u00e9riodes plus longues.<\/p><p><strong>\u00a0<\/strong><\/p><p><strong>Transfert de donn\u00e9es<\/strong><\/p><p>Vos informations, y compris vos donn\u00e9es personnelles, peuvent \u00eatre transf\u00e9r\u00e9es et conserv\u00e9es sur des ordinateurs situ\u00e9s en dehors de votre \u00e9tat, province, pays ou autre juridiction gouvernementale o\u00f9 les lois sur la protection des donn\u00e9es peuvent diff\u00e9rer de celles de votre juridiction.<\/p><p>Si vous r\u00e9sidez en dehors de la Suisse et choisissez de nous fournir des informations, veuillez noter que nous transf\u00e9rons les donn\u00e9es, y compris les donn\u00e9es personnelles, vers la Suisse et les y traitons.<\/p><p>Votre consentement \u00e0 cette politique de confidentialit\u00e9 suivi de la soumission de ces informations repr\u00e9sente votre accord \u00e0 ce transfert.<\/p><p>L&#039;Agence de presse europ\u00e9enne prendra toutes les mesures raisonnablement n\u00e9cessaires pour garantir que vos donn\u00e9es sont trait\u00e9es de mani\u00e8re s\u00e9curis\u00e9e et conform\u00e9ment \u00e0 la pr\u00e9sente politique de confidentialit\u00e9 et aucun transfert de vos donn\u00e9es personnelles n&#039;aura lieu vers une organisation ou un pays \u00e0 moins que des contr\u00f4les ad\u00e9quats ne soient en place, y compris le s\u00e9curit\u00e9 de vos donn\u00e9es et autres informations personnelles.<\/p><p><strong>\u00a0<\/strong><\/p><p><strong>Divulgation des donn\u00e9es<\/strong><\/p><p><strong>\u00a0<\/strong><\/p><p><strong>Transaction d&#039;affaires<\/strong><\/p><p>Si l&#039;Agence de presse europ\u00e9enne est impliqu\u00e9e dans une fusion, une acquisition ou une vente d&#039;actifs, vos donn\u00e9es personnelles peuvent \u00eatre transf\u00e9r\u00e9es. Nous vous informerons avant que vos donn\u00e9es personnelles ne soient transf\u00e9r\u00e9es et ne soient soumises \u00e0 une politique de confidentialit\u00e9 diff\u00e9rente.<\/p><p><strong>\u00a0<\/strong><\/p><p><strong>Divulgation pour les forces de l\u2019ordre<\/strong><\/p><p>Dans certaines circonstances, l&#039;Agence de presse europ\u00e9enne peut \u00eatre tenue de divulguer vos donn\u00e9es personnelles si la loi l&#039;y oblige ou en r\u00e9ponse<\/p><p>aux demandes valables des autorit\u00e9s publiques (par exemple un tribunal ou un organisme gouvernemental).<\/p><p><strong>\u00a0<\/strong><\/p><p><strong>Exigences l\u00e9gales<\/strong><\/p><p>L&#039;Agence de presse europ\u00e9enne peut divulguer vos donn\u00e9es personnelles en croyant de bonne foi qu&#039;une telle action est n\u00e9cessaire pour\u00a0:<\/p><ul><li>Pour respecter une obligation l\u00e9gale<\/li><li>Prot\u00e9ger et d\u00e9fendre les droits ou la propri\u00e9t\u00e9 de l&#039;Agence de Presse Europ\u00e9enne<\/li><li>Pour pr\u00e9venir ou enqu\u00eater sur d\u2019\u00e9ventuels actes r\u00e9pr\u00e9hensibles en relation avec le Service<\/li><li>Pour prot\u00e9ger la s\u00e9curit\u00e9 personnelle des utilisateurs du Service ou du public<\/li><li>Pour se pr\u00e9munir contre la responsabilit\u00e9 l\u00e9gale<\/li><\/ul><p><strong>\u00a0<\/strong><\/p><p><strong>S\u00e9curit\u00e9 des donn\u00e9es<\/strong><\/p><p>La s\u00e9curit\u00e9 de vos donn\u00e9es est importante pour nous, mais n&#039;oubliez pas qu&#039;aucune m\u00e9thode de transmission sur Internet ou m\u00e9thode de stockage \u00e9lectronique n&#039;est s\u00e9curis\u00e9e 100%. Bien que nous nous efforcions d&#039;utiliser des moyens commercialement acceptables pour prot\u00e9ger vos donn\u00e9es personnelles, nous ne pouvons garantir leur s\u00e9curit\u00e9 absolue.<\/p><p>Notre politique relative aux signaux \u00ab\u00a0Ne pas suivre\u00a0\u00bb en vertu de la California Online Protection Act (CalOPPA)<\/p><p>Nous ne prenons pas en charge Do Not Track (\u00ab DNT \u00bb). Ne pas suivre est une pr\u00e9f\u00e9rence que vous pouvez d\u00e9finir dans votre navigateur Web pour informer les sites Web que vous ne souhaitez pas \u00eatre suivi. Vous pouvez activer ou d\u00e9sactiver Do Not Track en visitant la page Pr\u00e9f\u00e9rences ou Param\u00e8tres de votre navigateur Web.<\/p><p><strong>\u00a0<\/strong><\/p><p><strong>Vos droits en mati\u00e8re de protection des donn\u00e9es en vertu du R\u00e8glement g\u00e9n\u00e9ral sur la protection des donn\u00e9es (RGPD)<\/strong><\/p><p>Si vous r\u00e9sidez dans l&#039;Espace \u00e9conomique europ\u00e9en (EEE), vous disposez de certains droits en mati\u00e8re de protection des donn\u00e9es. L&#039;Agence de Presse Europ\u00e9enne vise \u00e0 prendre des mesures raisonnables pour vous permettre de corriger, modifier, supprimer ou limiter l&#039;utilisation de vos donn\u00e9es personnelles.<\/p><p>Si vous souhaitez \u00eatre inform\u00e9 des donn\u00e9es personnelles que nous d\u00e9tenons \u00e0 votre sujet et si vous souhaitez qu&#039;elles soient supprim\u00e9es de nos syst\u00e8mes, veuillez nous contacter.<\/p><p>Dans certaines circonstances, vous disposez des droits suivants en mati\u00e8re de protection des donn\u00e9es :<\/p><p>Le droit d\u2019acc\u00e9der, de mettre \u00e0 jour ou de supprimer les informations que nous d\u00e9tenons sur vous. Dans la mesure du possible, vous pouvez acc\u00e9der, mettre \u00e0 jour ou demander la suppression de vos donn\u00e9es personnelles directement dans la section des param\u00e8tres de votre compte. Si vous ne parvenez pas \u00e0 effectuer ces actions vous-m\u00eame, veuillez nous contacter pour vous aider.<\/p><p>Le droit de rectification. Vous avez le droit de faire rectifier vos informations si ces informations sont inexactes ou incompl\u00e8tes.<\/p><p>Le droit de s&#039;opposer. Vous avez le droit de vous opposer \u00e0 notre traitement de vos donn\u00e9es personnelles.<\/p><p>Le droit de restriction. Vous avez le droit de demander que nous limitions le traitement de vos informations personnelles.<\/p><p>Le droit \u00e0 la portabilit\u00e9 des donn\u00e9es. Vous avez le droit de recevoir une copie des informations que nous d\u00e9tenons sur vous dans un format structur\u00e9, lisible par machine et couramment utilis\u00e9.<\/p><p>Le droit de retirer son consentement. Vous avez \u00e9galement le droit de retirer votre consentement \u00e0 tout moment lorsque l&#039;Agence de presse europ\u00e9enne s&#039;appuie sur votre consentement pour traiter vos informations personnelles.<\/p><p>Veuillez noter que nous pouvons vous demander de v\u00e9rifier votre identit\u00e9 avant de r\u00e9pondre \u00e0 de telles demandes.<\/p><p>Vous avez le droit de porter plainte aupr\u00e8s d&#039;une autorit\u00e9 de protection des donn\u00e9es concernant notre collecte et notre utilisation de vos donn\u00e9es personnelles. Pour plus d&#039;informations, veuillez contacter votre autorit\u00e9 locale de protection des donn\u00e9es dans l&#039;Espace \u00e9conomique europ\u00e9en (EEE).<\/p><p><strong>\u00a0<\/strong><\/p><p><strong>Transaction d&#039;affaires<\/strong><\/p><p>Si l&#039;Agence de presse europ\u00e9enne est impliqu\u00e9e dans une fusion, une acquisition ou une vente d&#039;actifs, vos donn\u00e9es personnelles peuvent \u00eatre transf\u00e9r\u00e9es. Nous vous informerons avant que vos donn\u00e9es personnelles ne soient transf\u00e9r\u00e9es et ne soient soumises \u00e0 une politique de confidentialit\u00e9 diff\u00e9rente.<\/p><p><strong>\u00a0<\/strong><\/p><p><strong>Divulgation pour les forces de l\u2019ordre<\/strong><\/p><p>Dans certaines circonstances, l&#039;Agence de presse europ\u00e9enne peut \u00eatre tenue de divulguer vos donn\u00e9es personnelles si la loi l&#039;y oblige ou en r\u00e9ponse<\/p><p>aux demandes valables des autorit\u00e9s publiques (par exemple un tribunal ou un organisme gouvernemental).<\/p><p><strong>\u00a0<\/strong><\/p><p><strong>LES FOURNISSEURS DE SERVICES<\/strong><\/p><p>Nous pouvons employer des soci\u00e9t\u00e9s tierces et des particuliers pour faciliter notre Service (\u00ab\u00a0Prestataires de services\u00a0\u00bb), fournir le Service en notre nom, ex\u00e9cuter des services li\u00e9s au Service ou nous aider \u00e0 analyser la mani\u00e8re dont notre Service est utilis\u00e9.<\/p><p>Ces tiers ont acc\u00e8s \u00e0 vos donn\u00e9es personnelles uniquement pour effectuer ces t\u00e2ches en notre nom et sont tenus de ne pas les divulguer ou les utiliser \u00e0 d&#039;autres fins.<\/p><p><strong>\u00a0<\/strong><\/p><p><strong>ANALYTIQUE<\/strong><\/p><p>Nous pouvons faire appel \u00e0 des fournisseurs de services tiers pour surveiller et analyser l&#039;utilisation de notre service.<\/p><p><strong>Google Analytics<\/strong><\/p><p>Google Analytics est un service d&#039;analyse Web propos\u00e9 par Google qui suit et rapporte le trafic d&#039;un site Web. Google utilise les donn\u00e9es collect\u00e9es pour suivre et surveiller l&#039;utilisation de notre Service. Ces donn\u00e9es sont partag\u00e9es avec d&#039;autres services Google. Google peut utiliser les donn\u00e9es collect\u00e9es pour contextualiser et personnaliser les annonces de son propre r\u00e9seau publicitaire. Vous pouvez refuser que votre activit\u00e9 sur le Service soit disponible pour Google Analytics en installant le module compl\u00e9mentaire de navigateur de d\u00e9sinscription de Google Analytics. Le module compl\u00e9mentaire emp\u00eache le JavaScript de Google Analytics (ga.js, Analytics.js et dc.js) de partager des informations avec Google Analytics sur l&#039;activit\u00e9 des visites.<\/p><p>Pour plus d&#039;informations sur les pratiques de confidentialit\u00e9 de Google, veuillez visiter la page Web relative \u00e0 la confidentialit\u00e9 et aux conditions d&#039;utilisation de Google\u00a0:\u00a0<a href=\"https:\/\/policies.google.com\/privacy?hl=en\">https:\/\/policies.google.com\/privacy?hl=en<\/a><\/p><p><strong>\u00a0<\/strong><\/p><p><strong>Paiements<\/strong><\/p><p>Nous pouvons fournir des produits et\/ou services payants au sein du Service. Dans ce cas, nous utilisons des services tiers pour le traitement des paiements (par exemple des processeurs de paiement).<\/p><p>Nous ne stockerons ni ne collecterons les d\u00e9tails de votre carte de paiement. Ces informations sont fournies directement \u00e0 nos processeurs de paiement tiers dont l&#039;utilisation de vos informations personnelles est r\u00e9gie par leur politique de confidentialit\u00e9. Ces processeurs de paiement adh\u00e8rent aux normes \u00e9tablies par PCI-DSS telles que g\u00e9r\u00e9es par le PCI Security Standards Council, qui est un effort conjoint de marques comme Visa, MasterCard, American Express et Discover. Les exigences PCI-DSS contribuent \u00e0 garantir le traitement s\u00e9curis\u00e9 des informations de paiement. Nous pouvons faire appel \u00e0 un certain nombre de fournisseurs de solutions de paiement diff\u00e9rents tels que Paypal, Postfinance, Stripe et autres. Nous invitons les utilisateurs \u00e0 consulter chaque politique de confidentialit\u00e9 respective.<\/p><p><strong>\u00a0<\/strong><\/p><p><strong>Liens vers d&#039;autres sites<\/strong><\/p><p>Notre Service peut contenir des liens vers d&#039;autres sites qui ne sont pas exploit\u00e9s par nous. Si vous cliquez sur un lien tiers, vous serez dirig\u00e9 vers le site de ce tiers. Nous vous conseillons fortement de consulter la politique de confidentialit\u00e9 de chaque site que vous visitez. Nous n&#039;avons aucun contr\u00f4le et n&#039;assumons aucune responsabilit\u00e9 quant au contenu, aux politiques de confidentialit\u00e9 ou aux pratiques de tout site ou service tiers.<\/p><p><strong>\u00a0<\/strong><\/p><p><strong>CONFIDENTIALIT\u00c9 DES ENFANTS<\/strong><\/p><p>Notre Service ne s&#039;adresse pas aux personnes de moins de 18 ans (\u00ab\u00a0Enfants\u00a0\u00bb).<\/p><p>Nous ne collectons pas sciemment d&#039;informations personnelles identifiables aupr\u00e8s de toute personne de moins de 18 ans. Si vous \u00eates un parent ou un tuteur et que vous savez que votre enfant nous a fourni des donn\u00e9es personnelles, veuillez nous contacter. Si nous apprenons que nous avons collect\u00e9 des donn\u00e9es personnelles aupr\u00e8s d&#039;enfants sans v\u00e9rification du consentement parental, nous prenons des mesures pour supprimer ces informations de nos serveurs.<\/p><p><strong>\u00a0<\/strong><\/p><p><strong>MODIFICATIONS APPORT\u00c9ES \u00c0 CETTE POLITIQUE DE CONFIDENTIALIT\u00c9<\/strong><\/p><p>Nous pouvons mettre \u00e0 jour notre politique de confidentialit\u00e9 de temps \u00e0 autre. Nous vous informerons de tout changement en publiant la nouvelle politique de confidentialit\u00e9 sur cette page.<\/p><p>Nous vous en informerons par e-mail et\/ou par un avis bien visible sur notre Service, avant que le changement n&#039;entre en vigueur et mettrons \u00e0 jour la \u00ab date d&#039;entr\u00e9e en vigueur \u00bb en haut de cette Politique de confidentialit\u00e9.<\/p><p>Il vous est conseill\u00e9 de consulter p\u00e9riodiquement cette politique de confidentialit\u00e9 pour tout changement. Les modifications apport\u00e9es \u00e0 cette politique de confidentialit\u00e9 entrent en vigueur d\u00e8s leur publication sur cette page.<\/p><p><strong>\u00a0<\/strong><\/p><p><strong>CONTACTEZ-NOUS<\/strong><\/p><p>Si vous avez des questions sur cette politique de confidentialit\u00e9, veuillez <a href=\"https:\/\/eupa.uk\/fr\/contact\/\">Contactez-nous<\/a><\/p>\t\t\t\t\t\t\t\t<\/div>\n\t\t\t\t<\/div>\n\t\t\t\t\t<\/div>\n\t\t<\/div>\n\t\t\t\t\t<\/div>\n\t\t<\/section>\n\t\t\t\t<\/div>","protected":false},"excerpt":{"rendered":"<p>(\u00ab nous \u00bb, \u00ab notre \u00bb ou \u00ab notre \u00bb) exploite ledit \u00ab Service \u00bb qui est le site Web suivant\u00a0: Cette page vous informe de nos politiques concernant la collecte, l&#039;utilisation et la divulgation de donn\u00e9es personnelles lorsque vous utilisez notre Service et les choix que vous avez associ\u00e9s \u00e0 ces donn\u00e9es. Nous utilisons vos donn\u00e9es pour fournir et am\u00e9liorer le Service. Par \u2026 <a title=\"politique de confidentialit\u00e9\" class=\"read-more\" href=\"https:\/\/eupa.uk\/fr\/privacy-policy\/\" aria-label=\"En savoir plus sur Privacy Policy\">Lire la suite<\/a><\/p>","protected":false},"author":1,"featured_media":0,"parent":0,"menu_order":1000,"comment_status":"closed","ping_status":"closed","template":"","meta":{"footnotes":""},"class_list":["post-3","page","type-page","status-publish"],"_links":{"self":[{"href":"https:\/\/eupa.uk\/fr\/wp-json\/wp\/v2\/pages\/3","targetHints":{"allow":["GET"]}}],"collection":[{"href":"https:\/\/eupa.uk\/fr\/wp-json\/wp\/v2\/pages"}],"about":[{"href":"https:\/\/eupa.uk\/fr\/wp-json\/wp\/v2\/types\/page"}],"author":[{"embeddable":true,"href":"https:\/\/eupa.uk\/fr\/wp-json\/wp\/v2\/users\/1"}],"replies":[{"embeddable":true,"href":"https:\/\/eupa.uk\/fr\/wp-json\/wp\/v2\/comments?post=3"}],"version-history":[{"count":0,"href":"https:\/\/eupa.uk\/fr\/wp-json\/wp\/v2\/pages\/3\/revisions"}],"wp:attachment":[{"href":"https:\/\/eupa.uk\/fr\/wp-json\/wp\/v2\/media?parent=3"}],"curies":[{"name":"wp","href":"https:\/\/api.w.org\/{rel}","templated":true}]}}