{"id":3060,"date":"2021-03-20T10:54:03","date_gmt":"2021-03-20T10:54:03","guid":{"rendered":"https:\/\/eupa.agency\/?page_id=3060"},"modified":"2021-04-20T10:46:34","modified_gmt":"2021-04-20T10:46:34","slug":"vip-press-kit","status":"publish","type":"page","link":"https:\/\/eupa.uk\/fr\/vip-press-kit\/","title":{"rendered":"DOSSIER DE PRESSE VIP"},"content":{"rendered":"<div data-elementor-type=\"wp-page\" data-elementor-id=\"3060\" class=\"elementor elementor-3060\" data-elementor-post-type=\"page\">\n\t\t\t\t\t\t<section class=\"elementor-section elementor-top-section elementor-element elementor-element-57222ee elementor-section-stretched elementor-section-boxed elementor-section-height-default elementor-section-height-default\" data-id=\"57222ee\" data-element_type=\"section\" data-settings=\"{&quot;stretch_section&quot;:&quot;section-stretched&quot;}\">\n\t\t\t\t\t\t<div class=\"elementor-container elementor-column-gap-default\">\n\t\t\t\t\t<div class=\"elementor-column elementor-col-100 elementor-top-column elementor-element elementor-element-64a810d\" data-id=\"64a810d\" data-element_type=\"column\">\n\t\t\t<div class=\"elementor-widget-wrap elementor-element-populated\">\n\t\t\t\t\t\t<div class=\"elementor-element elementor-element-d88d2b3 elementor-widget elementor-widget-text-editor\" data-id=\"d88d2b3\" data-element_type=\"widget\" data-widget_type=\"text-editor.default\">\n\t\t\t\t<div class=\"elementor-widget-container\">\n\t\t\t\t\t\t\t\t\t<p>Chaque membre de l&#039;EUPA re\u00e7oit un dossier de presse VIP une fois accr\u00e9dit\u00e9, sans aucun frais suppl\u00e9mentaire. Le Dossier de Presse est valable l&#039;ann\u00e9e de l&#039;abonnement et est renouvel\u00e9 chaque ann\u00e9e moyennant le paiement de la redevance annuelle de service.<\/p>\n<h2>Qu&#039;est-ce qui est inclus dans le kit ?<\/h2>\n<ul>\n \t<li>Une passe de presse<\/li>\n \t<li>Une carte d&#039;identit\u00e9 de presse<\/li>\n \t<li>Une lettre d&#039;accr\u00e9ditation<\/li>\n \t<li>Un identifiant de v\u00e9hicule de presse<\/li>\n<\/ul>\t\t\t\t\t\t\t\t<\/div>\n\t\t\t\t<\/div>\n\t\t\t\t<div class=\"elementor-element elementor-element-924d82f elementor-widget elementor-widget-heading\" data-id=\"924d82f\" data-element_type=\"widget\" data-widget_type=\"heading.default\">\n\t\t\t\t<div class=\"elementor-widget-container\">\n\t\t\t\t\t<h2 class=\"elementor-heading-title elementor-size-default\">INFORMATIONS G\u00c9N\u00c9RALES SUR LE DOSSIER DE PRESSE EUPA<\/h2>\t\t\t\t<\/div>\n\t\t\t\t<\/div>\n\t\t\t\t<div class=\"elementor-element elementor-element-a11af69 elementor-widget elementor-widget-text-editor\" data-id=\"a11af69\" data-element_type=\"widget\" data-widget_type=\"text-editor.default\">\n\t\t\t\t<div class=\"elementor-widget-container\">\n\t\t\t\t\t\t\t\t\t<p>Notre dossier de presse est un outil important pour les producteurs de contenu professionnel de qualit\u00e9 \u00e0 temps plein et \u00e0 temps partiel. Il leur permet de s&#039;identifier aupr\u00e8s des agences, des autorit\u00e9s, des organisateurs d&#039;\u00e9v\u00e9nements et des entreprises. Les documents du dossier de presse identifient leur propri\u00e9taire comme \u00e9tant un journaliste professionnel, ce qui est extr\u00eamement utile pour mener des recherches approfondies. Un Dossier de Presse facilite l&#039;acc\u00e8s aux \u00e9v\u00e9nements, aux zones interdites et \u00e0 de nombreuses informations. Il est souvent demand\u00e9 aux journalistes qui souhaitent s&#039;inscrire sur une liste de diffusion m\u00e9dia ou participer \u00e0 une conf\u00e9rence de presse de justifier de leur activit\u00e9 journalistique, ce qu&#039;atteste notre Dossier de Presse. Les agences, les organisateurs et les entreprises peuvent facilement v\u00e9rifier si quelqu&#039;un est r\u00e9ellement journaliste ou non.<\/p>\t\t\t\t\t\t\t\t<\/div>\n\t\t\t\t<\/div>\n\t\t\t\t<div class=\"elementor-element elementor-element-3f09363 elementor-widget elementor-widget-heading\" data-id=\"3f09363\" data-element_type=\"widget\" data-widget_type=\"heading.default\">\n\t\t\t\t<div class=\"elementor-widget-container\">\n\t\t\t\t\t<h2 class=\"elementor-heading-title elementor-size-default\">UN KIT DISTINGUANT LES CR\u00c9ATEURS DE CONTENUS PROFESSIONNELS<\/h2>\t\t\t\t<\/div>\n\t\t\t\t<\/div>\n\t\t\t\t<div class=\"elementor-element elementor-element-41bbcac elementor-widget elementor-widget-text-editor\" data-id=\"41bbcac\" data-element_type=\"widget\" data-widget_type=\"text-editor.default\">\n\t\t\t\t<div class=\"elementor-widget-container\">\n\t\t\t\t\t\t\t\t\t<p>Afin de recevoir votre dossier de presse EUPA VIP complet, vous devez fournir une preuve de votre profession de journaliste. Les cartes de presse et les cartes d&#039;identit\u00e9 de presse sont d\u00e9livr\u00e9es exclusivement par des organisations fa\u00eeti\u00e8res et des agences de presse et, dans la plupart des cas, agr\u00e9\u00e9es uniquement pour les journalistes employ\u00e9s \u00e0 temps plein. \u00c0 l&#039;EUPA, nous partons du principe que toute personne repr\u00e9sentant la presse (\u00e0 temps plein ou \u00e0 temps partiel) a droit \u00e0 un dossier de presse VIP.<\/p>\t\t\t\t\t\t\t\t<\/div>\n\t\t\t\t<\/div>\n\t\t\t\t<div class=\"elementor-element elementor-element-e875762 elementor-widget elementor-widget-heading\" data-id=\"e875762\" data-element_type=\"widget\" data-widget_type=\"heading.default\">\n\t\t\t\t<div class=\"elementor-widget-container\">\n\t\t\t\t\t<h2 class=\"elementor-heading-title elementor-size-default\">PR\u00c9VENTION DE LA FRAUDE\u00a0:\u00a0AUTHENTICIT\u00c9 ET CARACT\u00c9RISTIQUES DE S\u00c9CURIT\u00c9<\/h2>\t\t\t\t<\/div>\n\t\t\t\t<\/div>\n\t\t\t\t<div class=\"elementor-element elementor-element-8590d2a elementor-widget elementor-widget-text-editor\" data-id=\"8590d2a\" data-element_type=\"widget\" data-widget_type=\"text-editor.default\">\n\t\t\t\t<div class=\"elementor-widget-container\">\n\t\t\t\t\t\t\t\t\t<p>Afin de pr\u00e9venir la fraude, les documents de l&#039;Agence europ\u00e9enne de presse (EUPA) contiennent de nombreux \u00e9l\u00e9ments de s\u00e9curit\u00e9 personnalis\u00e9s. L&#039;authenticit\u00e9 de tout document EUPA peut \u00eatre v\u00e9rifi\u00e9e en le comparant aux \u00e9l\u00e9ments d&#039;identification figurant sur le site Web de l&#039;EUPA. En cas de doute, vous pouvez contacter directement le si\u00e8ge national de l&#039;EUPA. Sur demande, les agences et les entreprises peuvent examiner des fonctionnalit\u00e9s d&#039;authentification suppl\u00e9mentaires.<\/p>\t\t\t\t\t\t\t\t<\/div>\n\t\t\t\t<\/div>\n\t\t\t\t<div class=\"elementor-element elementor-element-3a0dbef elementor-widget elementor-widget-heading\" data-id=\"3a0dbef\" data-element_type=\"widget\" data-widget_type=\"heading.default\">\n\t\t\t\t<div class=\"elementor-widget-container\">\n\t\t\t\t\t<h2 class=\"elementor-heading-title elementor-size-default\">POURQUOI DE TELLES MESURES DE S\u00c9CURIT\u00c9 DRAMATIQUES SONT-ELLES N\u00c9CESSAIRES\u00a0?<\/h2>\t\t\t\t<\/div>\n\t\t\t\t<\/div>\n\t\t\t\t<div class=\"elementor-element elementor-element-ef8721f elementor-widget elementor-widget-text-editor\" data-id=\"ef8721f\" data-element_type=\"widget\" data-widget_type=\"text-editor.default\">\n\t\t\t\t<div class=\"elementor-widget-container\">\n\t\t\t\t\t\t\t\t\t<p>Les criminels tentent continuellement de diffuser des documents faux ou alt\u00e9r\u00e9s. Il est donc important que nos documents authentiques puissent \u00eatre authentifi\u00e9s sans aucun doute.<\/p>\t\t\t\t\t\t\t\t<\/div>\n\t\t\t\t<\/div>\n\t\t\t\t<div class=\"elementor-element elementor-element-39c598c elementor-widget elementor-widget-heading\" data-id=\"39c598c\" data-element_type=\"widget\" data-widget_type=\"heading.default\">\n\t\t\t\t<div class=\"elementor-widget-container\">\n\t\t\t\t\t<h2 class=\"elementor-heading-title elementor-size-default\">Notes IMPORTANTES<\/h2>\t\t\t\t<\/div>\n\t\t\t\t<\/div>\n\t\t\t\t<div class=\"elementor-element elementor-element-510b4b3 elementor-widget elementor-widget-text-editor\" data-id=\"510b4b3\" data-element_type=\"widget\" data-widget_type=\"text-editor.default\">\n\t\t\t\t<div class=\"elementor-widget-container\">\n\t\t\t\t\t\t\t\t\t<p>Le dossier de presse EUPA ne peut pas \u00eatre achet\u00e9 et est strictement r\u00e9serv\u00e9 \u00e0 nos membres accr\u00e9dit\u00e9s.<br \/>Vous devez avoir au moins 18 ans pour devenir membre de l&#039;EUPA et obtenir un dossier de presse VIP.<\/p>\t\t\t\t\t\t\t\t<\/div>\n\t\t\t\t<\/div>\n\t\t\t\t\t<\/div>\n\t\t<\/div>\n\t\t\t\t\t<\/div>\n\t\t<\/section>\n\t\t\t\t<\/div>","protected":false},"excerpt":{"rendered":"<p>Chaque membre de l&#039;EUPA re\u00e7oit un dossier de presse VIP une fois accr\u00e9dit\u00e9, sans aucun frais suppl\u00e9mentaire. Le Dossier de Presse est valable l&#039;ann\u00e9e de l&#039;abonnement et est renouvel\u00e9 chaque ann\u00e9e moyennant le paiement de la redevance annuelle de service. Qu&#039;est-ce qui est inclus dans le kit ? Une carte de presse Une carte d\u2019identit\u00e9 de presse Une lettre d\u2019accr\u00e9ditation A \u2026 <a title=\"DOSSIER DE PRESSE VIP\" class=\"read-more\" href=\"https:\/\/eupa.uk\/fr\/vip-press-kit\/\" aria-label=\"En savoir plus sur VIP PRESS KIT\">Lire la suite<\/a><\/p>","protected":false},"author":1,"featured_media":0,"parent":0,"menu_order":2,"comment_status":"closed","ping_status":"closed","template":"","meta":{"footnotes":""},"class_list":["post-3060","page","type-page","status-publish"],"_links":{"self":[{"href":"https:\/\/eupa.uk\/fr\/wp-json\/wp\/v2\/pages\/3060","targetHints":{"allow":["GET"]}}],"collection":[{"href":"https:\/\/eupa.uk\/fr\/wp-json\/wp\/v2\/pages"}],"about":[{"href":"https:\/\/eupa.uk\/fr\/wp-json\/wp\/v2\/types\/page"}],"author":[{"embeddable":true,"href":"https:\/\/eupa.uk\/fr\/wp-json\/wp\/v2\/users\/1"}],"replies":[{"embeddable":true,"href":"https:\/\/eupa.uk\/fr\/wp-json\/wp\/v2\/comments?post=3060"}],"version-history":[{"count":0,"href":"https:\/\/eupa.uk\/fr\/wp-json\/wp\/v2\/pages\/3060\/revisions"}],"wp:attachment":[{"href":"https:\/\/eupa.uk\/fr\/wp-json\/wp\/v2\/media?parent=3060"}],"curies":[{"name":"wp","href":"https:\/\/api.w.org\/{rel}","templated":true}]}}