{"id":3062,"date":"2021-03-20T10:54:18","date_gmt":"2021-03-20T10:54:18","guid":{"rendered":"https:\/\/eupa.agency\/?page_id=3062"},"modified":"2021-04-27T10:27:22","modified_gmt":"2021-04-27T10:27:22","slug":"rules","status":"publish","type":"page","link":"https:\/\/eupa.uk\/fr\/rules\/","title":{"rendered":"R\u00e8gles"},"content":{"rendered":"<div data-elementor-type=\"wp-page\" data-elementor-id=\"3062\" class=\"elementor elementor-3062\" data-elementor-post-type=\"page\">\n\t\t\t\t\t\t<section class=\"elementor-section elementor-top-section elementor-element elementor-element-9d3d13f elementor-section-content-middle elementor-section-stretched elementor-section-boxed elementor-section-height-default elementor-section-height-default\" data-id=\"9d3d13f\" data-element_type=\"section\" data-settings=\"{&quot;background_background&quot;:&quot;classic&quot;,&quot;stretch_section&quot;:&quot;section-stretched&quot;}\">\n\t\t\t\t\t\t<div class=\"elementor-container elementor-column-gap-default\">\n\t\t\t\t\t<div class=\"elementor-column elementor-col-33 elementor-top-column elementor-element elementor-element-3e2d39a\" data-id=\"3e2d39a\" data-element_type=\"column\">\n\t\t\t<div class=\"elementor-widget-wrap elementor-element-populated\">\n\t\t\t\t\t\t<div class=\"elementor-element elementor-element-47975c2 elementor-widget elementor-widget-heading\" data-id=\"47975c2\" data-element_type=\"widget\" data-widget_type=\"heading.default\">\n\t\t\t\t<div class=\"elementor-widget-container\">\n\t\t\t\t\t<h2 class=\"elementor-heading-title elementor-size-default\">CODE D&#039;\u00c9THIQUE<\/h2>\t\t\t\t<\/div>\n\t\t\t\t<\/div>\n\t\t\t\t<div class=\"elementor-element elementor-element-c644ee7 elementor-widget elementor-widget-text-editor\" data-id=\"c644ee7\" data-element_type=\"widget\" data-widget_type=\"text-editor.default\">\n\t\t\t\t<div class=\"elementor-widget-container\">\n\t\t\t\t\t\t\t\t\t<p><strong>L&#039;EUPA suit et demande \u00e0 ses membres de suivre le code d&#039;\u00e9thique du SPJ, dont les quatre grands principes sont :<\/strong><\/p><ul><li>RECHERCHEZ LA V\u00c9RIT\u00c9 ET SIGNALEZ-LA<\/li><li>MINIMISER LES DOMMAGES<\/li><li>AGIR DE MANI\u00c8RE IND\u00c9PENDANTE<\/li><li>\u00caTRE RESPONSABLE ET TRANSPARENT<\/li><\/ul>\t\t\t\t\t\t\t\t<\/div>\n\t\t\t\t<\/div>\n\t\t\t\t<div class=\"elementor-element elementor-element-df7490a elementor-widget elementor-widget-spacer\" data-id=\"df7490a\" data-element_type=\"widget\" data-widget_type=\"spacer.default\">\n\t\t\t\t<div class=\"elementor-widget-container\">\n\t\t\t\t\t\t\t<div class=\"elementor-spacer\">\n\t\t\t<div class=\"elementor-spacer-inner\"><\/div>\n\t\t<\/div>\n\t\t\t\t\t\t<\/div>\n\t\t\t\t<\/div>\n\t\t\t\t<div class=\"elementor-element elementor-element-5729754 elementor-align-center elementor-widget elementor-widget-button\" data-id=\"5729754\" data-element_type=\"widget\" data-widget_type=\"button.default\">\n\t\t\t\t<div class=\"elementor-widget-container\">\n\t\t\t\t\t\t\t\t\t<div class=\"elementor-button-wrapper\">\n\t\t\t\t\t<a class=\"elementor-button elementor-button-link elementor-size-sm\" href=\"\/fr\/rules\/code-of-ethics\/\">\n\t\t\t\t\t\t<span class=\"elementor-button-content-wrapper\">\n\t\t\t\t\t\t\t\t\t<span class=\"elementor-button-text\">En savoir plus<\/span>\n\t\t\t\t\t<\/span>\n\t\t\t\t\t<\/a>\n\t\t\t\t<\/div>\n\t\t\t\t\t\t\t\t<\/div>\n\t\t\t\t<\/div>\n\t\t\t\t\t<\/div>\n\t\t<\/div>\n\t\t\t\t<div class=\"elementor-column elementor-col-33 elementor-top-column elementor-element elementor-element-1f821ef\" data-id=\"1f821ef\" data-element_type=\"column\">\n\t\t\t<div class=\"elementor-widget-wrap elementor-element-populated\">\n\t\t\t\t\t\t<div class=\"elementor-element elementor-element-6fc0af7 elementor-widget elementor-widget-heading\" data-id=\"6fc0af7\" data-element_type=\"widget\" data-widget_type=\"heading.default\">\n\t\t\t\t<div class=\"elementor-widget-container\">\n\t\t\t\t\t<h2 class=\"elementor-heading-title elementor-size-default\">\u00c9DITION<\/h2>\t\t\t\t<\/div>\n\t\t\t\t<\/div>\n\t\t\t\t<div class=\"elementor-element elementor-element-a032ea1 elementor-widget elementor-widget-text-editor\" data-id=\"a032ea1\" data-element_type=\"widget\" data-widget_type=\"text-editor.default\">\n\t\t\t\t<div class=\"elementor-widget-container\">\n\t\t\t\t\t\t\t\t\t<p><strong>Tous les avantages de notre syst\u00e8me \u00e9ditorial en un coup d&#039;\u0153il :<\/strong><\/p><ul><li>DOCUMENTATION DE TOUS VOS TRAVAUX JOURNALISTIQUES<\/li><li>DIVERSES SOURCES DE REVENUS IMM\u00c9DIATS (COMMERCIALISATION DE CONTENUS ET COUVERTURE D&#039;\u00c9V\u00c9NEMENTS)<\/li><li>PREUVE DE PUBLICATION, UTILE POUR DES PROCESSUS DE RECHERCHE ET D&#039;ACCR\u00c9DITATION LARGES<\/li><li>OPPORTUNIT\u00c9S DE MARKETING<\/li><\/ul>\t\t\t\t\t\t\t\t<\/div>\n\t\t\t\t<\/div>\n\t\t\t\t<div class=\"elementor-element elementor-element-08c9ef1 elementor-align-center elementor-widget elementor-widget-button\" data-id=\"08c9ef1\" data-element_type=\"widget\" data-widget_type=\"button.default\">\n\t\t\t\t<div class=\"elementor-widget-container\">\n\t\t\t\t\t\t\t\t\t<div class=\"elementor-button-wrapper\">\n\t\t\t\t\t<a class=\"elementor-button elementor-button-link elementor-size-sm\" href=\"\/fr\/rules\/edition\/\">\n\t\t\t\t\t\t<span class=\"elementor-button-content-wrapper\">\n\t\t\t\t\t\t\t\t\t<span class=\"elementor-button-text\">En savoir plus<\/span>\n\t\t\t\t\t<\/span>\n\t\t\t\t\t<\/a>\n\t\t\t\t<\/div>\n\t\t\t\t\t\t\t\t<\/div>\n\t\t\t\t<\/div>\n\t\t\t\t\t<\/div>\n\t\t<\/div>\n\t\t\t\t<div class=\"elementor-column elementor-col-33 elementor-top-column elementor-element elementor-element-6a22747\" data-id=\"6a22747\" data-element_type=\"column\">\n\t\t\t<div class=\"elementor-widget-wrap elementor-element-populated\">\n\t\t\t\t\t\t<div class=\"elementor-element elementor-element-ef16e2a elementor-widget elementor-widget-heading\" data-id=\"ef16e2a\" data-element_type=\"widget\" data-widget_type=\"heading.default\">\n\t\t\t\t<div class=\"elementor-widget-container\">\n\t\t\t\t\t<h2 class=\"elementor-heading-title elementor-size-default\">TERMES ET CONDITIONS<\/h2>\t\t\t\t<\/div>\n\t\t\t\t<\/div>\n\t\t\t\t<div class=\"elementor-element elementor-element-a4d1a6e elementor-widget elementor-widget-text-editor\" data-id=\"a4d1a6e\" data-element_type=\"widget\" data-widget_type=\"text-editor.default\">\n\t\t\t\t<div class=\"elementor-widget-container\">\n\t\t\t\t\t\t\t\t\t<p><strong>Tout ce que vous devez savoir lorsque vous utilisez notre site Internet et avant de nous envoyer votre dossier de candidature, notamment :<\/strong><\/p><ul><li>PAIEMENT DES COTISATIONS D&#039;ADH\u00c9SION<\/li><li>UTILISATION APPROPRI\u00c9E DE NOTRE SITE WEB<\/li><li>DROITS DE PROPRI\u00c9T\u00c9 INTELLECTUELLE<\/li><li>LOI APPLICABLE<\/li><\/ul>\t\t\t\t\t\t\t\t<\/div>\n\t\t\t\t<\/div>\n\t\t\t\t<div class=\"elementor-element elementor-element-4c1c4ae elementor-widget elementor-widget-spacer\" data-id=\"4c1c4ae\" data-element_type=\"widget\" data-widget_type=\"spacer.default\">\n\t\t\t\t<div class=\"elementor-widget-container\">\n\t\t\t\t\t\t\t<div class=\"elementor-spacer\">\n\t\t\t<div class=\"elementor-spacer-inner\"><\/div>\n\t\t<\/div>\n\t\t\t\t\t\t<\/div>\n\t\t\t\t<\/div>\n\t\t\t\t<div class=\"elementor-element elementor-element-6156131 elementor-align-center elementor-widget elementor-widget-button\" data-id=\"6156131\" data-element_type=\"widget\" data-widget_type=\"button.default\">\n\t\t\t\t<div class=\"elementor-widget-container\">\n\t\t\t\t\t\t\t\t\t<div class=\"elementor-button-wrapper\">\n\t\t\t\t\t<a class=\"elementor-button elementor-button-link elementor-size-sm\" href=\"\/fr\/rules\/terms-and-conditions\/\">\n\t\t\t\t\t\t<span class=\"elementor-button-content-wrapper\">\n\t\t\t\t\t\t\t\t\t<span class=\"elementor-button-text\">En savoir plus<\/span>\n\t\t\t\t\t<\/span>\n\t\t\t\t\t<\/a>\n\t\t\t\t<\/div>\n\t\t\t\t\t\t\t\t<\/div>\n\t\t\t\t<\/div>\n\t\t\t\t\t<\/div>\n\t\t<\/div>\n\t\t\t\t\t<\/div>\n\t\t<\/section>\n\t\t\t\t<\/div>","protected":false},"excerpt":{"rendered":"<p>CODE D&#039;\u00c9THIQUE L&#039;EUPA suit et demande \u00e0 ses membres de suivre le code d&#039;\u00e9thique du SPJ, dont quatre grands principes sont : RECHERCHER LA V\u00c9RIT\u00c9 ET LA SIGNALER MINIMISER LES DOMMAGES AGIR DE MANI\u00c8RE IND\u00c9PENDANTE \u00caTRE RESPONSABLE ET TRANSPARENT Lire la suite EDITION Tous les avantages de notre syst\u00e8me \u00e9ditorial en un coup d&#039;\u0153il : DOCUMENTATION DE TOUS VOS TRAVAUX JOURNALISTIQUES\u2026 <a title=\"R\u00e8gles\" class=\"read-more\" href=\"https:\/\/eupa.uk\/fr\/rules\/\" aria-label=\"En savoir plus sur Rules\">Lire la suite<\/a><\/p>","protected":false},"author":1,"featured_media":0,"parent":0,"menu_order":2,"comment_status":"closed","ping_status":"closed","template":"","meta":{"footnotes":""},"class_list":["post-3062","page","type-page","status-publish"],"_links":{"self":[{"href":"https:\/\/eupa.uk\/fr\/wp-json\/wp\/v2\/pages\/3062","targetHints":{"allow":["GET"]}}],"collection":[{"href":"https:\/\/eupa.uk\/fr\/wp-json\/wp\/v2\/pages"}],"about":[{"href":"https:\/\/eupa.uk\/fr\/wp-json\/wp\/v2\/types\/page"}],"author":[{"embeddable":true,"href":"https:\/\/eupa.uk\/fr\/wp-json\/wp\/v2\/users\/1"}],"replies":[{"embeddable":true,"href":"https:\/\/eupa.uk\/fr\/wp-json\/wp\/v2\/comments?post=3062"}],"version-history":[{"count":0,"href":"https:\/\/eupa.uk\/fr\/wp-json\/wp\/v2\/pages\/3062\/revisions"}],"wp:attachment":[{"href":"https:\/\/eupa.uk\/fr\/wp-json\/wp\/v2\/media?parent=3062"}],"curies":[{"name":"wp","href":"https:\/\/api.w.org\/{rel}","templated":true}]}}