{"id":3454,"date":"2021-03-20T15:25:04","date_gmt":"2021-03-20T15:25:04","guid":{"rendered":"https:\/\/eupa.agency\/?page_id=3454"},"modified":"2021-04-20T12:02:21","modified_gmt":"2021-04-20T12:02:21","slug":"eupa-press-id-card","status":"publish","type":"page","link":"https:\/\/eupa.uk\/fr\/vip-press-kit\/eupa-press-id-card\/","title":{"rendered":"Carte d&#039;identit\u00e9 de presse de l&#039;EUPA"},"content":{"rendered":"<div data-elementor-type=\"wp-page\" data-elementor-id=\"3454\" class=\"elementor elementor-3454\" data-elementor-post-type=\"page\">\n\t\t\t\t\t\t<section class=\"elementor-section elementor-top-section elementor-element elementor-element-1a9968bb elementor-section-boxed elementor-section-height-default elementor-section-height-default\" data-id=\"1a9968bb\" data-element_type=\"section\">\n\t\t\t\t\t\t<div class=\"elementor-container elementor-column-gap-default\">\n\t\t\t\t\t<div class=\"elementor-column elementor-col-100 elementor-top-column elementor-element elementor-element-432c79fa\" data-id=\"432c79fa\" data-element_type=\"column\">\n\t\t\t<div class=\"elementor-widget-wrap elementor-element-populated\">\n\t\t\t\t\t\t<div class=\"elementor-element elementor-element-68f5b39 elementor-widget elementor-widget-text-editor\" data-id=\"68f5b39\" data-element_type=\"widget\" data-widget_type=\"text-editor.default\">\n\t\t\t\t<div class=\"elementor-widget-container\">\n\t\t\t\t\t\t\t\t\t<p>Toute personne repr\u00e9sentant la presse (\u00e0 temps plein ou partiel) a droit \u00e0 une carte de presse. En tant que membre de l&#039;EUPA, vous recevrez automatiquement une carte d&#039;identit\u00e9 de presse. La carte a la taille d\u2019une carte de cr\u00e9dit et peut \u00eatre port\u00e9e sur vous \u00e0 tout moment. Il comprend \u00e9galement le nom de votre secteur journalistique principal.<\/p><p>En combinaison avec notre Press Pass et Press Vehicle ID, la EUPA Press ID Card est un indicateur de comp\u00e9tence qui certifie la fiabilit\u00e9 et le professionnalisme de son propri\u00e9taire. Il s\u2019agit peut-\u00eatre du document le plus important pour votre travail en tant que professionnel de l\u2019environnement m\u00e9diatique. Votre Carte de Presse vous permet de vous identifier en tant que membre l\u00e9gitime d&#039;un organisme de presse lors de divers \u00e9v\u00e9nements et contribue \u00e0 faire valoir votre droit \u00e0 l&#039;information. La carte d&#039;identit\u00e9 de presse documente votre profession de journaliste, \u00e9liminant ainsi tout besoin de v\u00e9rification ind\u00e9pendante de votre identit\u00e9 ou de l&#039;\u00e9tendue de votre pratique journalistique. Tant pour vous que pour les organisateurs d\u2019\u00e9v\u00e9nements, une carte d\u2019identit\u00e9 de presse fournit une preuve de votre activit\u00e9 facilement accessible et sans souci. Bien que d\u00e9tenir une carte de presse ne vous donne pas le droit d&#039;\u00eatre admis gratuitement aux \u00e9v\u00e9nements, la plupart des organisations supposent que cette carte signifie que vous avez une formation journalistique sans poser de questions.<\/p>\t\t\t\t\t\t\t\t<\/div>\n\t\t\t\t<\/div>\n\t\t\t\t\t<\/div>\n\t\t<\/div>\n\t\t\t\t\t<\/div>\n\t\t<\/section>\n\t\t\t\t<section class=\"elementor-section elementor-top-section elementor-element elementor-element-82b3961 elementor-section-full_width elementor-section-stretched elementor-section-height-default elementor-section-height-default\" data-id=\"82b3961\" data-element_type=\"section\" data-settings=\"{&quot;stretch_section&quot;:&quot;section-stretched&quot;,&quot;background_background&quot;:&quot;classic&quot;}\">\n\t\t\t\t\t\t<div class=\"elementor-container elementor-column-gap-default\">\n\t\t\t\t\t<div class=\"elementor-column elementor-col-100 elementor-top-column elementor-element elementor-element-a2491fc\" data-id=\"a2491fc\" data-element_type=\"column\">\n\t\t\t<div class=\"elementor-widget-wrap elementor-element-populated\">\n\t\t\t\t\t\t<section class=\"elementor-section elementor-inner-section elementor-element elementor-element-16f3e08 elementor-section-boxed elementor-section-height-default elementor-section-height-default\" data-id=\"16f3e08\" data-element_type=\"section\">\n\t\t\t\t\t\t<div class=\"elementor-container elementor-column-gap-default\">\n\t\t\t\t\t<div class=\"elementor-column elementor-col-50 elementor-inner-column elementor-element elementor-element-5ac57d2\" data-id=\"5ac57d2\" data-element_type=\"column\">\n\t\t\t<div class=\"elementor-widget-wrap elementor-element-populated\">\n\t\t\t\t\t\t<div class=\"elementor-element elementor-element-3a5b6da elementor-widget elementor-widget-image\" data-id=\"3a5b6da\" data-element_type=\"widget\" data-widget_type=\"image.default\">\n\t\t\t\t<div class=\"elementor-widget-container\">\n\t\t\t\t\t\t\t\t\t\t\t\t\t\t\t<img fetchpriority=\"high\" decoding=\"async\" width=\"472\" height=\"800\" src=\"https:\/\/b2281902.smushcdn.com\/2281902\/wp-content\/uploads\/reporter1.jpg?lossy=1&strip=1&webp=1\" class=\"attachment-large size-large wp-image-5067\" alt=\"\" srcset=\"https:\/\/b2281902.smushcdn.com\/2281902\/wp-content\/uploads\/reporter1.jpg?lossy=1&strip=1&webp=1 472w, https:\/\/b2281902.smushcdn.com\/2281902\/wp-content\/uploads\/reporter1-177x300.jpg?lossy=1&strip=1&webp=1 177w, https:\/\/b2281902.smushcdn.com\/2281902\/wp-content\/uploads\/reporter1-7x12.jpg?lossy=1&strip=1&webp=1 7w, https:\/\/b2281902.smushcdn.com\/2281902\/wp-content\/uploads\/reporter1.jpg?size=240x407&lossy=1&strip=1&webp=1 240w\" sizes=\"(max-width: 472px) 100vw, 472px\" \/>\t\t\t\t\t\t\t\t\t\t\t\t\t\t\t<\/div>\n\t\t\t\t<\/div>\n\t\t\t\t<div class=\"elementor-element elementor-element-fc45421 elementor-widget elementor-widget-heading\" data-id=\"fc45421\" data-element_type=\"widget\" data-widget_type=\"heading.default\">\n\t\t\t\t<div class=\"elementor-widget-container\">\n\t\t\t\t\t<h2 class=\"elementor-heading-title elementor-size-default\">Appuyez sur le recto de la carte d&#039;identit\u00e9 (carte de journaliste)\u00a0:<\/h2>\t\t\t\t<\/div>\n\t\t\t\t<\/div>\n\t\t\t\t<div class=\"elementor-element elementor-element-ea15ceb elementor-icon-list--layout-traditional elementor-list-item-link-full_width elementor-widget elementor-widget-icon-list\" data-id=\"ea15ceb\" data-element_type=\"widget\" data-widget_type=\"icon-list.default\">\n\t\t\t\t<div class=\"elementor-widget-container\">\n\t\t\t\t\t\t\t<ul class=\"elementor-icon-list-items\">\n\t\t\t\t\t\t\t<li class=\"elementor-icon-list-item\">\n\t\t\t\t\t\t\t\t\t\t\t<span class=\"elementor-icon-list-icon\">\n\t\t\t\t\t\t\t<i aria-hidden=\"true\" class=\"fab fa-jira\"><\/i>\t\t\t\t\t\t<\/span>\n\t\t\t\t\t\t\t\t\t\t<span class=\"elementor-icon-list-text\">Photographe\/Reporter<\/span>\n\t\t\t\t\t\t\t\t\t<\/li>\n\t\t\t\t\t\t\t\t<li class=\"elementor-icon-list-item\">\n\t\t\t\t\t\t\t\t\t\t\t<span class=\"elementor-icon-list-icon\">\n\t\t\t\t\t\t\t<i aria-hidden=\"true\" class=\"fab fa-jira\"><\/i>\t\t\t\t\t\t<\/span>\n\t\t\t\t\t\t\t\t\t\t<span class=\"elementor-icon-list-text\">Version internationale autoris\u00e9e<\/span>\n\t\t\t\t\t\t\t\t\t<\/li>\n\t\t\t\t\t\t\t\t<li class=\"elementor-icon-list-item\">\n\t\t\t\t\t\t\t\t\t\t\t<span class=\"elementor-icon-list-icon\">\n\t\t\t\t\t\t\t<i aria-hidden=\"true\" class=\"fab fa-jira\"><\/i>\t\t\t\t\t\t<\/span>\n\t\t\t\t\t\t\t\t\t\t<span class=\"elementor-icon-list-text\">Infalsifiable, au format carte bancaire<\/span>\n\t\t\t\t\t\t\t\t\t<\/li>\n\t\t\t\t\t\t\t\t<li class=\"elementor-icon-list-item\">\n\t\t\t\t\t\t\t\t\t\t\t<span class=\"elementor-icon-list-icon\">\n\t\t\t\t\t\t\t<i aria-hidden=\"true\" class=\"fab fa-jira\"><\/i>\t\t\t\t\t\t<\/span>\n\t\t\t\t\t\t\t\t\t\t<span class=\"elementor-icon-list-text\">Clairement valable pour l&#039;ann\u00e9e civile en cours<\/span>\n\t\t\t\t\t\t\t\t\t<\/li>\n\t\t\t\t\t\t\t\t<li class=\"elementor-icon-list-item\">\n\t\t\t\t\t\t\t\t\t\t\t<span class=\"elementor-icon-list-icon\">\n\t\t\t\t\t\t\t<i aria-hidden=\"true\" class=\"fab fa-jira\"><\/i>\t\t\t\t\t\t<\/span>\n\t\t\t\t\t\t\t\t\t\t<span class=\"elementor-icon-list-text\">Indique clairement le nom, le titre du poste et le support de presse<\/span>\n\t\t\t\t\t\t\t\t\t<\/li>\n\t\t\t\t\t\t\t\t<li class=\"elementor-icon-list-item\">\n\t\t\t\t\t\t\t\t\t\t\t<span class=\"elementor-icon-list-icon\">\n\t\t\t\t\t\t\t<i aria-hidden=\"true\" class=\"fab fa-jira\"><\/i>\t\t\t\t\t\t<\/span>\n\t\t\t\t\t\t\t\t\t\t<span class=\"elementor-icon-list-text\">Le d\u00e9grad\u00e9 de couleurs prot\u00e8ge contre la contrefa\u00e7on<\/span>\n\t\t\t\t\t\t\t\t\t<\/li>\n\t\t\t\t\t\t\t\t<li class=\"elementor-icon-list-item\">\n\t\t\t\t\t\t\t\t\t\t\t<span class=\"elementor-icon-list-icon\">\n\t\t\t\t\t\t\t<i aria-hidden=\"true\" class=\"fab fa-jira\"><\/i>\t\t\t\t\t\t<\/span>\n\t\t\t\t\t\t\t\t\t\t<span class=\"elementor-icon-list-text\">Logos des partenaires de collaboration de l&#039;EUPA<\/span>\n\t\t\t\t\t\t\t\t\t<\/li>\n\t\t\t\t\t\t\t\t<li class=\"elementor-icon-list-item\">\n\t\t\t\t\t\t\t\t\t\t\t<span class=\"elementor-icon-list-icon\">\n\t\t\t\t\t\t\t<i aria-hidden=\"true\" class=\"fab fa-jira\"><\/i>\t\t\t\t\t\t<\/span>\n\t\t\t\t\t\t\t\t\t\t<span class=\"elementor-icon-list-text\">Impression de haute qualit\u00e9, qualit\u00e9 carte de cr\u00e9dit<\/span>\n\t\t\t\t\t\t\t\t\t<\/li>\n\t\t\t\t\t\t<\/ul>\n\t\t\t\t\t\t<\/div>\n\t\t\t\t<\/div>\n\t\t\t\t\t<\/div>\n\t\t<\/div>\n\t\t\t\t<div class=\"elementor-column elementor-col-50 elementor-inner-column elementor-element elementor-element-ea2001d\" data-id=\"ea2001d\" data-element_type=\"column\">\n\t\t\t<div class=\"elementor-widget-wrap elementor-element-populated\">\n\t\t\t\t\t\t<div class=\"elementor-element elementor-element-dba371d elementor-widget elementor-widget-image\" data-id=\"dba371d\" data-element_type=\"widget\" data-widget_type=\"image.default\">\n\t\t\t\t<div class=\"elementor-widget-container\">\n\t\t\t\t\t\t\t\t\t\t\t\t\t\t\t<img decoding=\"async\" width=\"472\" height=\"800\" data-src=\"https:\/\/b2281902.smushcdn.com\/2281902\/wp-content\/uploads\/reporter2.jpg?lossy=1&strip=1&webp=1\" class=\"attachment-large size-large wp-image-5068 lazyload\" alt=\"\" data-srcset=\"https:\/\/b2281902.smushcdn.com\/2281902\/wp-content\/uploads\/reporter2.jpg?lossy=1&strip=1&webp=1 472w, https:\/\/b2281902.smushcdn.com\/2281902\/wp-content\/uploads\/reporter2-177x300.jpg?lossy=1&strip=1&webp=1 177w, https:\/\/b2281902.smushcdn.com\/2281902\/wp-content\/uploads\/reporter2-7x12.jpg?lossy=1&strip=1&webp=1 7w, https:\/\/b2281902.smushcdn.com\/2281902\/wp-content\/uploads\/reporter2.jpg?size=240x407&lossy=1&strip=1&webp=1 240w\" data-sizes=\"(max-width: 472px) 100vw, 472px\" src=\"data:image\/svg+xml;base64,PHN2ZyB3aWR0aD0iMSIgaGVpZ2h0PSIxIiB4bWxucz0iaHR0cDovL3d3dy53My5vcmcvMjAwMC9zdmciPjwvc3ZnPg==\" style=\"--smush-placeholder-width: 472px; --smush-placeholder-aspect-ratio: 472\/800;\" \/>\t\t\t\t\t\t\t\t\t\t\t\t\t\t\t<\/div>\n\t\t\t\t<\/div>\n\t\t\t\t<div class=\"elementor-element elementor-element-9fd8d1d elementor-widget elementor-widget-heading\" data-id=\"9fd8d1d\" data-element_type=\"widget\" data-widget_type=\"heading.default\">\n\t\t\t\t<div class=\"elementor-widget-container\">\n\t\t\t\t\t<h2 class=\"elementor-heading-title elementor-size-default\">Carte d&#039;identit\u00e9 \u00e9ditoriale (verso)\u00a0:<\/h2>\t\t\t\t<\/div>\n\t\t\t\t<\/div>\n\t\t\t\t<div class=\"elementor-element elementor-element-2b1cfb2 elementor-icon-list--layout-traditional elementor-list-item-link-full_width elementor-widget elementor-widget-icon-list\" data-id=\"2b1cfb2\" data-element_type=\"widget\" data-widget_type=\"icon-list.default\">\n\t\t\t\t<div class=\"elementor-widget-container\">\n\t\t\t\t\t\t\t<ul class=\"elementor-icon-list-items\">\n\t\t\t\t\t\t\t<li class=\"elementor-icon-list-item\">\n\t\t\t\t\t\t\t\t\t\t\t<span class=\"elementor-icon-list-icon\">\n\t\t\t\t\t\t\t<i aria-hidden=\"true\" class=\"fab fa-jira\"><\/i>\t\t\t\t\t\t<\/span>\n\t\t\t\t\t\t\t\t\t\t<span class=\"elementor-icon-list-text\">D\u00e9claration du statut de correspondant<\/span>\n\t\t\t\t\t\t\t\t\t<\/li>\n\t\t\t\t\t\t\t\t<li class=\"elementor-icon-list-item\">\n\t\t\t\t\t\t\t\t\t\t\t<span class=\"elementor-icon-list-icon\">\n\t\t\t\t\t\t\t<i aria-hidden=\"true\" class=\"fab fa-jira\"><\/i>\t\t\t\t\t\t<\/span>\n\t\t\t\t\t\t\t\t\t\t<span class=\"elementor-icon-list-text\">Version multilingue<\/span>\n\t\t\t\t\t\t\t\t\t<\/li>\n\t\t\t\t\t\t\t\t<li class=\"elementor-icon-list-item\">\n\t\t\t\t\t\t\t\t\t\t\t<span class=\"elementor-icon-list-icon\">\n\t\t\t\t\t\t\t<i aria-hidden=\"true\" class=\"fab fa-jira\"><\/i>\t\t\t\t\t\t<\/span>\n\t\t\t\t\t\t\t\t\t\t<span class=\"elementor-icon-list-text\">Coordonn\u00e9es et signature de l&#039;EUPA<\/span>\n\t\t\t\t\t\t\t\t\t<\/li>\n\t\t\t\t\t\t\t\t<li class=\"elementor-icon-list-item\">\n\t\t\t\t\t\t\t\t\t\t\t<span class=\"elementor-icon-list-icon\">\n\t\t\t\t\t\t\t<i aria-hidden=\"true\" class=\"fab fa-jira\"><\/i>\t\t\t\t\t\t<\/span>\n\t\t\t\t\t\t\t\t\t\t<span class=\"elementor-icon-list-text\">Num\u00e9ro de ch\u00e8que et protection contre la contrefa\u00e7on<\/span>\n\t\t\t\t\t\t\t\t\t<\/li>\n\t\t\t\t\t\t\t\t<li class=\"elementor-icon-list-item\">\n\t\t\t\t\t\t\t\t\t\t\t<span class=\"elementor-icon-list-icon\">\n\t\t\t\t\t\t\t<i aria-hidden=\"true\" class=\"fab fa-jira\"><\/i>\t\t\t\t\t\t<\/span>\n\t\t\t\t\t\t\t\t\t\t<span class=\"elementor-icon-list-text\">Num\u00e9ro d&#039;identification enregistr\u00e9<\/span>\n\t\t\t\t\t\t\t\t\t<\/li>\n\t\t\t\t\t\t\t\t<li class=\"elementor-icon-list-item\">\n\t\t\t\t\t\t\t\t\t\t\t<span class=\"elementor-icon-list-icon\">\n\t\t\t\t\t\t\t<i aria-hidden=\"true\" class=\"fab fa-jira\"><\/i>\t\t\t\t\t\t<\/span>\n\t\t\t\t\t\t\t\t\t\t<span class=\"elementor-icon-list-text\">Enregistrement du code \u00e0 barres QR<\/span>\n\t\t\t\t\t\t\t\t\t<\/li>\n\t\t\t\t\t\t<\/ul>\n\t\t\t\t\t\t<\/div>\n\t\t\t\t<\/div>\n\t\t\t\t\t<\/div>\n\t\t<\/div>\n\t\t\t\t\t<\/div>\n\t\t<\/section>\n\t\t\t\t\t<\/div>\n\t\t<\/div>\n\t\t\t\t\t<\/div>\n\t\t<\/section>\n\t\t\t\t<\/div>","protected":false},"excerpt":{"rendered":"<p>Toute personne repr\u00e9sentant la presse (\u00e0 temps plein ou partiel) a droit \u00e0 une carte de presse. En tant que membre de l&#039;EUPA, vous recevrez automatiquement une carte d&#039;identit\u00e9 de presse. La carte a la taille d\u2019une carte de cr\u00e9dit et peut \u00eatre port\u00e9e sur vous \u00e0 tout moment. Il comprend \u00e9galement le nom de\u2026 <a title=\"Carte d&#039;identit\u00e9 de presse de l&#039;EUPA\" class=\"read-more\" href=\"https:\/\/eupa.uk\/fr\/vip-press-kit\/eupa-press-id-card\/\" aria-label=\"En savoir plus sur EUPA Press ID Card\">Lire la suite<\/a><\/p>","protected":false},"author":1,"featured_media":0,"parent":3060,"menu_order":2,"comment_status":"closed","ping_status":"closed","template":"","meta":{"footnotes":""},"class_list":["post-3454","page","type-page","status-publish"],"_links":{"self":[{"href":"https:\/\/eupa.uk\/fr\/wp-json\/wp\/v2\/pages\/3454","targetHints":{"allow":["GET"]}}],"collection":[{"href":"https:\/\/eupa.uk\/fr\/wp-json\/wp\/v2\/pages"}],"about":[{"href":"https:\/\/eupa.uk\/fr\/wp-json\/wp\/v2\/types\/page"}],"author":[{"embeddable":true,"href":"https:\/\/eupa.uk\/fr\/wp-json\/wp\/v2\/users\/1"}],"replies":[{"embeddable":true,"href":"https:\/\/eupa.uk\/fr\/wp-json\/wp\/v2\/comments?post=3454"}],"version-history":[{"count":0,"href":"https:\/\/eupa.uk\/fr\/wp-json\/wp\/v2\/pages\/3454\/revisions"}],"up":[{"embeddable":true,"href":"https:\/\/eupa.uk\/fr\/wp-json\/wp\/v2\/pages\/3060"}],"wp:attachment":[{"href":"https:\/\/eupa.uk\/fr\/wp-json\/wp\/v2\/media?parent=3454"}],"curies":[{"name":"wp","href":"https:\/\/api.w.org\/{rel}","templated":true}]}}