{"id":3466,"date":"2021-03-20T16:24:09","date_gmt":"2021-03-20T16:24:09","guid":{"rendered":"https:\/\/eupa.agency\/?page_id=3466"},"modified":"2021-04-20T11:46:01","modified_gmt":"2021-04-20T11:46:01","slug":"letter-of-accreditation","status":"publish","type":"page","link":"https:\/\/eupa.uk\/fr\/vip-press-kit\/letter-of-accreditation\/","title":{"rendered":"Lettre d&#039;accr\u00e9ditation"},"content":{"rendered":"<div data-elementor-type=\"wp-page\" data-elementor-id=\"3466\" class=\"elementor elementor-3466\" data-elementor-post-type=\"page\">\n\t\t\t\t\t\t<section class=\"elementor-section elementor-top-section elementor-element elementor-element-18857c98 elementor-section-boxed elementor-section-height-default elementor-section-height-default\" data-id=\"18857c98\" data-element_type=\"section\">\n\t\t\t\t\t\t<div class=\"elementor-container elementor-column-gap-default\">\n\t\t\t\t\t<div class=\"elementor-column elementor-col-100 elementor-top-column elementor-element elementor-element-2ac5adf6\" data-id=\"2ac5adf6\" data-element_type=\"column\">\n\t\t\t<div class=\"elementor-widget-wrap elementor-element-populated\">\n\t\t\t\t\t\t<div class=\"elementor-element elementor-element-5c8490ac elementor-widget elementor-widget-text-editor\" data-id=\"5c8490ac\" data-element_type=\"widget\" data-widget_type=\"text-editor.default\">\n\t\t\t\t<div class=\"elementor-widget-container\">\n\t\t\t\t\t\t\t\t\t<p>Une lettre d&#039;accr\u00e9ditation de l&#039;Agence europ\u00e9enne de presse (EUPA) est un document compl\u00e9mentaire au laissez-passer de presse, \u00e0 la carte de presse et \u00e0 l&#039;identifiant du v\u00e9hicule de presse inclus dans notre dossier de presse VIP qui peut vous faciliter encore plus la t\u00e2che. Il vous identifie en tant que membre de l&#039;EUPA, apporte la preuve de votre association avec notre agence et pr\u00e9cise l&#039;objet de votre reportage, garantissant le libre exercice de votre travail journalistique.<\/p><p>Dans certains cas, cela peut \u00eatre n\u00e9cessaire pour que vous puissiez poursuivre votre travail.<\/p><p>Une lettre d&#039;accr\u00e9ditation permet aux organisateurs d&#039;\u00e9v\u00e9nements et aux agences de v\u00e9rifier votre statut de membre d&#039;un organisme m\u00e9diatique, ce qui est utile lorsque vous cherchez \u00e0 acc\u00e9der \u00e0 des espaces priv\u00e9s et \u00e0 des conf\u00e9rences de presse ou que vous souhaitez prendre des photos lors d&#039;\u00e9v\u00e9nements sp\u00e9ciaux. N&#039;oubliez cependant pas que chaque organisateur peut utiliser le r\u00e8glement int\u00e9rieur et d\u00e9cider quels repr\u00e9sentants des m\u00e9dias laisser entrer.<\/p><p>Chaque membre de l&#039;EUPA recevra une lettre d&#039;accr\u00e9ditation gratuite, qui pr\u00e9cise le domaine d&#039;int\u00e9r\u00eat ou le domaine journalistique du membre. Vous ne pouvez pas s\u00e9lectionner plusieurs battements \u00e0 la fois. Si vous avez besoin de lettres suppl\u00e9mentaires, vous pouvez les demander \u00e0 tout moment moyennant un petit suppl\u00e9ment.<\/p>\t\t\t\t\t\t\t\t<\/div>\n\t\t\t\t<\/div>\n\t\t\t\t\t<\/div>\n\t\t<\/div>\n\t\t\t\t\t<\/div>\n\t\t<\/section>\n\t\t\t\t<section class=\"elementor-section elementor-top-section elementor-element elementor-element-1a72b73 elementor-section-full_width elementor-section-stretched elementor-section-height-default elementor-section-height-default\" data-id=\"1a72b73\" data-element_type=\"section\" data-settings=\"{&quot;stretch_section&quot;:&quot;section-stretched&quot;,&quot;background_background&quot;:&quot;classic&quot;}\">\n\t\t\t\t\t\t<div class=\"elementor-container elementor-column-gap-default\">\n\t\t\t\t\t<div class=\"elementor-column elementor-col-100 elementor-top-column elementor-element elementor-element-def1d1c\" data-id=\"def1d1c\" data-element_type=\"column\">\n\t\t\t<div class=\"elementor-widget-wrap elementor-element-populated\">\n\t\t\t\t\t\t<section class=\"elementor-section elementor-inner-section elementor-element elementor-element-66e240c elementor-section-boxed elementor-section-height-default elementor-section-height-default\" data-id=\"66e240c\" data-element_type=\"section\">\n\t\t\t\t\t\t<div class=\"elementor-container elementor-column-gap-default\">\n\t\t\t\t\t<div class=\"elementor-column elementor-col-50 elementor-inner-column elementor-element elementor-element-720d7ae\" data-id=\"720d7ae\" data-element_type=\"column\">\n\t\t\t<div class=\"elementor-widget-wrap elementor-element-populated\">\n\t\t\t\t\t\t<div class=\"elementor-element elementor-element-796c9e5 elementor-widget elementor-widget-image\" data-id=\"796c9e5\" data-element_type=\"widget\" data-widget_type=\"image.default\">\n\t\t\t\t<div class=\"elementor-widget-container\">\n\t\t\t\t\t\t\t\t\t\t\t\t\t\t\t<img fetchpriority=\"high\" decoding=\"async\" width=\"362\" height=\"511\" src=\"https:\/\/b2281902.smushcdn.com\/2281902\/wp-content\/uploads\/confirmation-letter-sample.jpg?lossy=1&strip=1&webp=1\" class=\"attachment-large size-large wp-image-5073\" alt=\"\" srcset=\"https:\/\/b2281902.smushcdn.com\/2281902\/wp-content\/uploads\/confirmation-letter-sample.jpg?lossy=1&strip=1&webp=1 362w, https:\/\/b2281902.smushcdn.com\/2281902\/wp-content\/uploads\/confirmation-letter-sample-213x300.jpg?lossy=1&strip=1&webp=1 213w, https:\/\/b2281902.smushcdn.com\/2281902\/wp-content\/uploads\/confirmation-letter-sample-9x12.jpg?lossy=1&strip=1&webp=1 9w\" sizes=\"(max-width: 362px) 100vw, 362px\" \/>\t\t\t\t\t\t\t\t\t\t\t\t\t\t\t<\/div>\n\t\t\t\t<\/div>\n\t\t\t\t\t<\/div>\n\t\t<\/div>\n\t\t\t\t<div class=\"elementor-column elementor-col-50 elementor-inner-column elementor-element elementor-element-e228b45\" data-id=\"e228b45\" data-element_type=\"column\">\n\t\t\t<div class=\"elementor-widget-wrap elementor-element-populated\">\n\t\t\t\t\t\t<div class=\"elementor-element elementor-element-5f70954 elementor-widget elementor-widget-heading\" data-id=\"5f70954\" data-element_type=\"widget\" data-widget_type=\"heading.default\">\n\t\t\t\t<div class=\"elementor-widget-container\">\n\t\t\t\t\t<h2 class=\"elementor-heading-title elementor-size-default\">Caract\u00e9ristiques de la confirmation :<\/h2>\t\t\t\t<\/div>\n\t\t\t\t<\/div>\n\t\t\t\t<div class=\"elementor-element elementor-element-98e419c elementor-icon-list--layout-traditional elementor-list-item-link-full_width elementor-widget elementor-widget-icon-list\" data-id=\"98e419c\" data-element_type=\"widget\" data-widget_type=\"icon-list.default\">\n\t\t\t\t<div class=\"elementor-widget-container\">\n\t\t\t\t\t\t\t<ul class=\"elementor-icon-list-items\">\n\t\t\t\t\t\t\t<li class=\"elementor-icon-list-item\">\n\t\t\t\t\t\t\t\t\t\t\t<span class=\"elementor-icon-list-icon\">\n\t\t\t\t\t\t\t<i aria-hidden=\"true\" class=\"fab fa-jira\"><\/i>\t\t\t\t\t\t<\/span>\n\t\t\t\t\t\t\t\t\t\t<span class=\"elementor-icon-list-text\">Conception li\u00e9e au papier \u00e0 en-t\u00eate de l&#039;agence<\/span>\n\t\t\t\t\t\t\t\t\t<\/li>\n\t\t\t\t\t\t\t\t<li class=\"elementor-icon-list-item\">\n\t\t\t\t\t\t\t\t\t\t\t<span class=\"elementor-icon-list-icon\">\n\t\t\t\t\t\t\t<i aria-hidden=\"true\" class=\"fab fa-jira\"><\/i>\t\t\t\t\t\t<\/span>\n\t\t\t\t\t\t\t\t\t\t<span class=\"elementor-icon-list-text\">Comprend un sceau imprim\u00e9<\/span>\n\t\t\t\t\t\t\t\t\t<\/li>\n\t\t\t\t\t\t\t\t<li class=\"elementor-icon-list-item\">\n\t\t\t\t\t\t\t\t\t\t\t<span class=\"elementor-icon-list-icon\">\n\t\t\t\t\t\t\t<i aria-hidden=\"true\" class=\"fab fa-jira\"><\/i>\t\t\t\t\t\t<\/span>\n\t\t\t\t\t\t\t\t\t\t<span class=\"elementor-icon-list-text\">Sign\u00e9 par le r\u00e9dacteur en chef<\/span>\n\t\t\t\t\t\t\t\t\t<\/li>\n\t\t\t\t\t\t\t\t<li class=\"elementor-icon-list-item\">\n\t\t\t\t\t\t\t\t\t\t\t<span class=\"elementor-icon-list-icon\">\n\t\t\t\t\t\t\t<i aria-hidden=\"true\" class=\"fab fa-jira\"><\/i>\t\t\t\t\t\t<\/span>\n\t\t\t\t\t\t\t\t\t\t<span class=\"elementor-icon-list-text\">Accr\u00e9ditation et sceaux \u00e9ditoriaux<\/span>\n\t\t\t\t\t\t\t\t\t<\/li>\n\t\t\t\t\t\t\t\t<li class=\"elementor-icon-list-item\">\n\t\t\t\t\t\t\t\t\t\t\t<span class=\"elementor-icon-list-icon\">\n\t\t\t\t\t\t\t<i aria-hidden=\"true\" class=\"fab fa-jira\"><\/i>\t\t\t\t\t\t<\/span>\n\t\t\t\t\t\t\t\t\t\t<span class=\"elementor-icon-list-text\">Personnalis\u00e9 et non transf\u00e9rable<\/span>\n\t\t\t\t\t\t\t\t\t<\/li>\n\t\t\t\t\t\t\t\t<li class=\"elementor-icon-list-item\">\n\t\t\t\t\t\t\t\t\t\t\t<span class=\"elementor-icon-list-icon\">\n\t\t\t\t\t\t\t<i aria-hidden=\"true\" class=\"fab fa-jira\"><\/i>\t\t\t\t\t\t<\/span>\n\t\t\t\t\t\t\t\t\t\t<span class=\"elementor-icon-list-text\">Utile \u00e0 de nombreuses fins<\/span>\n\t\t\t\t\t\t\t\t\t<\/li>\n\t\t\t\t\t\t\t\t<li class=\"elementor-icon-list-item\">\n\t\t\t\t\t\t\t\t\t\t\t<span class=\"elementor-icon-list-icon\">\n\t\t\t\t\t\t\t<i aria-hidden=\"true\" class=\"fab fa-jira\"><\/i>\t\t\t\t\t\t<\/span>\n\t\t\t\t\t\t\t\t\t\t<span class=\"elementor-icon-list-text\">Copie papier originale<\/span>\n\t\t\t\t\t\t\t\t\t<\/li>\n\t\t\t\t\t\t\t\t<li class=\"elementor-icon-list-item\">\n\t\t\t\t\t\t\t\t\t\t\t<span class=\"elementor-icon-list-icon\">\n\t\t\t\t\t\t\t<i aria-hidden=\"true\" class=\"fab fa-jira\"><\/i>\t\t\t\t\t\t<\/span>\n\t\t\t\t\t\t\t\t\t\t<span class=\"elementor-icon-list-text\">Format env. 8,27 pouces x 11,65 pouces (21 x 29,60 cm)<\/span>\n\t\t\t\t\t\t\t\t\t<\/li>\n\t\t\t\t\t\t<\/ul>\n\t\t\t\t\t\t<\/div>\n\t\t\t\t<\/div>\n\t\t\t\t\t<\/div>\n\t\t<\/div>\n\t\t\t\t\t<\/div>\n\t\t<\/section>\n\t\t\t\t\t<\/div>\n\t\t<\/div>\n\t\t\t\t\t<\/div>\n\t\t<\/section>\n\t\t\t\t<\/div>","protected":false},"excerpt":{"rendered":"<p>Une lettre d&#039;accr\u00e9ditation de l&#039;Agence europ\u00e9enne de presse (EUPA) est un document compl\u00e9mentaire au laissez-passer de presse, \u00e0 la carte de presse et \u00e0 l&#039;identifiant du v\u00e9hicule de presse inclus dans notre dossier de presse VIP qui peut vous faciliter encore plus la t\u00e2che. Il vous identifie en tant que membre de l&#039;EUPA, fournit la preuve de votre association avec notre agence et indique le\u2026 <a title=\"Lettre d&#039;accr\u00e9ditation\" class=\"read-more\" href=\"https:\/\/eupa.uk\/fr\/vip-press-kit\/letter-of-accreditation\/\" aria-label=\"En savoir plus sur Letter of Accreditation\">Lire la suite<\/a><\/p>","protected":false},"author":1,"featured_media":0,"parent":3060,"menu_order":3,"comment_status":"closed","ping_status":"closed","template":"","meta":{"footnotes":""},"class_list":["post-3466","page","type-page","status-publish"],"_links":{"self":[{"href":"https:\/\/eupa.uk\/fr\/wp-json\/wp\/v2\/pages\/3466","targetHints":{"allow":["GET"]}}],"collection":[{"href":"https:\/\/eupa.uk\/fr\/wp-json\/wp\/v2\/pages"}],"about":[{"href":"https:\/\/eupa.uk\/fr\/wp-json\/wp\/v2\/types\/page"}],"author":[{"embeddable":true,"href":"https:\/\/eupa.uk\/fr\/wp-json\/wp\/v2\/users\/1"}],"replies":[{"embeddable":true,"href":"https:\/\/eupa.uk\/fr\/wp-json\/wp\/v2\/comments?post=3466"}],"version-history":[{"count":0,"href":"https:\/\/eupa.uk\/fr\/wp-json\/wp\/v2\/pages\/3466\/revisions"}],"up":[{"embeddable":true,"href":"https:\/\/eupa.uk\/fr\/wp-json\/wp\/v2\/pages\/3060"}],"wp:attachment":[{"href":"https:\/\/eupa.uk\/fr\/wp-json\/wp\/v2\/media?parent=3466"}],"curies":[{"name":"wp","href":"https:\/\/api.w.org\/{rel}","templated":true}]}}