{"id":3478,"date":"2021-03-20T16:30:03","date_gmt":"2021-03-20T16:30:03","guid":{"rendered":"https:\/\/eupa.agency\/?page_id=3478"},"modified":"2021-04-20T11:41:22","modified_gmt":"2021-04-20T11:41:22","slug":"eupa-press-vehicle-id","status":"publish","type":"page","link":"https:\/\/eupa.uk\/fr\/vip-press-kit\/eupa-press-vehicle-id\/","title":{"rendered":"ID du v\u00e9hicule de presse EUPA"},"content":{"rendered":"<div data-elementor-type=\"wp-page\" data-elementor-id=\"3478\" class=\"elementor elementor-3478\" data-elementor-post-type=\"page\">\n\t\t\t\t\t\t<section class=\"elementor-section elementor-top-section elementor-element elementor-element-542ebcbf elementor-section-boxed elementor-section-height-default elementor-section-height-default\" data-id=\"542ebcbf\" data-element_type=\"section\">\n\t\t\t\t\t\t<div class=\"elementor-container elementor-column-gap-default\">\n\t\t\t\t\t<div class=\"elementor-column elementor-col-100 elementor-top-column elementor-element elementor-element-2693ced6\" data-id=\"2693ced6\" data-element_type=\"column\">\n\t\t\t<div class=\"elementor-widget-wrap elementor-element-populated\">\n\t\t\t\t\t\t<div class=\"elementor-element elementor-element-597f56e2 elementor-widget elementor-widget-text-editor\" data-id=\"597f56e2\" data-element_type=\"widget\" data-widget_type=\"text-editor.default\">\n\t\t\t\t<div class=\"elementor-widget-container\">\n\t\t\t\t\t\t\t\t\t<p>En tant que membre de l&#039;EUPA, vous recevrez sans frais suppl\u00e9mentaires une pi\u00e8ce d&#039;identit\u00e9 de v\u00e9hicule de presse certifi\u00e9e pour votre voiture ainsi que votre dossier de presse VIP. Le panneau permet g\u00e9n\u00e9ralement d&#039;utiliser des zones de stationnement r\u00e9serv\u00e9es aux professionnels des m\u00e9dias tout en offrant de nombreux avantages lors de la recherche quotidienne d&#039;une place de stationnement.<\/p><p>La conduite automobile constitue une partie importante du travail de recherche quotidien d&#039;un journaliste, et de nombreux endroits facturent des frais de stationnement \u00e9lev\u00e9s. De plus, les places de stationnement vides \u00e0 un endroit souhait\u00e9 sont difficiles \u00e0 trouver dans les grandes villes et lors de nombreux \u00e9v\u00e9nements, ce qui rend tentant de laisser sa voiture dans une zone interdite au stationnement. Cela fait de notre EUPA Press Vehicle ID pour la voiture un compagnon inestimable pour nos membres, qui peuvent s&#039;\u00e9pargner les tracas de la recherche d&#039;une place gratuite ainsi que des centaines d&#039;euros chaque ann\u00e9e. Ce panneau ne doit \u00eatre utilis\u00e9 que conform\u00e9ment au code de la route en vigueur et ne vous emp\u00eache pas n\u00e9cessairement d&#039;acheter un ticket de stationnement. L&#039;EUPA Press Vehicle ID ne peut \u00eatre affich\u00e9 que lorsque la voiture est effectivement utilis\u00e9e \u00e0 des fins journalistiques et sa validit\u00e9 peut devoir \u00eatre prouv\u00e9e par la pr\u00e9sentation de l&#039;EUPA Press Pass du propri\u00e9taire de la voiture. L&#039;objectif le plus important de ce panneau est de vous aider \u00e0 traverser les zones publiques qui ont \u00e9t\u00e9 bloqu\u00e9es. Il est essentiel d\u2019agir de mani\u00e8re responsable pour garantir que vous utilisez correctement votre identifiant de v\u00e9hicule de presse.<\/p>\t\t\t\t\t\t\t\t<\/div>\n\t\t\t\t<\/div>\n\t\t\t\t\t<\/div>\n\t\t<\/div>\n\t\t\t\t\t<\/div>\n\t\t<\/section>\n\t\t\t\t<section class=\"elementor-section elementor-top-section elementor-element elementor-element-73b4185 elementor-section-full_width elementor-section-stretched elementor-section-height-default elementor-section-height-default\" data-id=\"73b4185\" data-element_type=\"section\" data-settings=\"{&quot;stretch_section&quot;:&quot;section-stretched&quot;,&quot;background_background&quot;:&quot;classic&quot;}\">\n\t\t\t\t\t\t<div class=\"elementor-container elementor-column-gap-default\">\n\t\t\t\t\t<div class=\"elementor-column elementor-col-100 elementor-top-column elementor-element elementor-element-f405aa3\" data-id=\"f405aa3\" data-element_type=\"column\">\n\t\t\t<div class=\"elementor-widget-wrap elementor-element-populated\">\n\t\t\t\t\t\t<section class=\"elementor-section elementor-inner-section elementor-element elementor-element-af6a58f elementor-section-boxed elementor-section-height-default elementor-section-height-default\" data-id=\"af6a58f\" data-element_type=\"section\">\n\t\t\t\t\t\t<div class=\"elementor-container elementor-column-gap-default\">\n\t\t\t\t\t<div class=\"elementor-column elementor-col-50 elementor-inner-column elementor-element elementor-element-e3fddd5\" data-id=\"e3fddd5\" data-element_type=\"column\">\n\t\t\t<div class=\"elementor-widget-wrap elementor-element-populated\">\n\t\t\t\t\t\t<div class=\"elementor-element elementor-element-ffa4062 elementor-widget elementor-widget-image\" data-id=\"ffa4062\" data-element_type=\"widget\" data-widget_type=\"image.default\">\n\t\t\t\t<div class=\"elementor-widget-container\">\n\t\t\t\t\t\t\t\t\t\t\t\t\t\t\t<img fetchpriority=\"high\" decoding=\"async\" width=\"550\" height=\"454\" src=\"https:\/\/b2281902.smushcdn.com\/2281902\/wp-content\/uploads\/Press-Vehicle-ID_2.png?lossy=1&strip=1&webp=1\" class=\"attachment-large size-large wp-image-3484\" alt=\"\" srcset=\"https:\/\/b2281902.smushcdn.com\/2281902\/wp-content\/uploads\/Press-Vehicle-ID_2.png?lossy=1&strip=1&webp=1 550w, https:\/\/b2281902.smushcdn.com\/2281902\/wp-content\/uploads\/Press-Vehicle-ID_2-300x248.png?lossy=1&strip=1&webp=1 300w, https:\/\/b2281902.smushcdn.com\/2281902\/wp-content\/uploads\/Press-Vehicle-ID_2-16x12.png?lossy=1&strip=1&webp=1 16w, https:\/\/b2281902.smushcdn.com\/2281902\/wp-content\/uploads\/Press-Vehicle-ID_2.png?size=240x198&lossy=1&strip=1&webp=1 240w, https:\/\/b2281902.smushcdn.com\/2281902\/wp-content\/uploads\/Press-Vehicle-ID_2.png?size=480x396&lossy=1&strip=1&webp=1 480w\" sizes=\"(max-width: 550px) 100vw, 550px\" \/>\t\t\t\t\t\t\t\t\t\t\t\t\t\t\t<\/div>\n\t\t\t\t<\/div>\n\t\t\t\t\t<\/div>\n\t\t<\/div>\n\t\t\t\t<div class=\"elementor-column elementor-col-50 elementor-inner-column elementor-element elementor-element-40bebb1\" data-id=\"40bebb1\" data-element_type=\"column\">\n\t\t\t<div class=\"elementor-widget-wrap elementor-element-populated\">\n\t\t\t\t\t\t<div class=\"elementor-element elementor-element-b14afbf elementor-widget elementor-widget-heading\" data-id=\"b14afbf\" data-element_type=\"widget\" data-widget_type=\"heading.default\">\n\t\t\t\t<div class=\"elementor-widget-container\">\n\t\t\t\t\t<h2 class=\"elementor-heading-title elementor-size-default\">ID de v\u00e9hicule de presse certifi\u00e9 EUPA\u00a0:<\/h2>\t\t\t\t<\/div>\n\t\t\t\t<\/div>\n\t\t\t\t<div class=\"elementor-element elementor-element-c0f773a elementor-icon-list--layout-traditional elementor-list-item-link-full_width elementor-widget elementor-widget-icon-list\" data-id=\"c0f773a\" data-element_type=\"widget\" data-widget_type=\"icon-list.default\">\n\t\t\t\t<div class=\"elementor-widget-container\">\n\t\t\t\t\t\t\t<ul class=\"elementor-icon-list-items\">\n\t\t\t\t\t\t\t<li class=\"elementor-icon-list-item\">\n\t\t\t\t\t\t\t\t\t\t\t<span class=\"elementor-icon-list-icon\">\n\t\t\t\t\t\t\t<i aria-hidden=\"true\" class=\"fab fa-jira\"><\/i>\t\t\t\t\t\t<\/span>\n\t\t\t\t\t\t\t\t\t\t<span class=\"elementor-icon-list-text\">Cachet de presse certifi\u00e9 agr\u00e9\u00e9<\/span>\n\t\t\t\t\t\t\t\t\t<\/li>\n\t\t\t\t\t\t\t\t<li class=\"elementor-icon-list-item\">\n\t\t\t\t\t\t\t\t\t\t\t<span class=\"elementor-icon-list-icon\">\n\t\t\t\t\t\t\t<i aria-hidden=\"true\" class=\"fab fa-jira\"><\/i>\t\t\t\t\t\t<\/span>\n\t\t\t\t\t\t\t\t\t\t<span class=\"elementor-icon-list-text\">Sceau de presse EUPA<\/span>\n\t\t\t\t\t\t\t\t\t<\/li>\n\t\t\t\t\t\t\t\t<li class=\"elementor-icon-list-item\">\n\t\t\t\t\t\t\t\t\t\t\t<span class=\"elementor-icon-list-icon\">\n\t\t\t\t\t\t\t<i aria-hidden=\"true\" class=\"fab fa-jira\"><\/i>\t\t\t\t\t\t<\/span>\n\t\t\t\t\t\t\t\t\t\t<span class=\"elementor-icon-list-text\">Logos des partenaires collaborateurs<\/span>\n\t\t\t\t\t\t\t\t\t<\/li>\n\t\t\t\t\t\t\t\t<li class=\"elementor-icon-list-item\">\n\t\t\t\t\t\t\t\t\t\t\t<span class=\"elementor-icon-list-icon\">\n\t\t\t\t\t\t\t<i aria-hidden=\"true\" class=\"fab fa-jira\"><\/i>\t\t\t\t\t\t<\/span>\n\t\t\t\t\t\t\t\t\t\t<span class=\"elementor-icon-list-text\">Num\u00e9ro d&#039;identification enregistr\u00e9.<\/span>\n\t\t\t\t\t\t\t\t\t<\/li>\n\t\t\t\t\t\t\t\t<li class=\"elementor-icon-list-item\">\n\t\t\t\t\t\t\t\t\t\t\t<span class=\"elementor-icon-list-icon\">\n\t\t\t\t\t\t\t<i aria-hidden=\"true\" class=\"fab fa-jira\"><\/i>\t\t\t\t\t\t<\/span>\n\t\t\t\t\t\t\t\t\t\t<span class=\"elementor-icon-list-text\">Num\u00e9ro de plaque d&#039;immatriculation certifi\u00e9<\/span>\n\t\t\t\t\t\t\t\t\t<\/li>\n\t\t\t\t\t\t\t\t<li class=\"elementor-icon-list-item\">\n\t\t\t\t\t\t\t\t\t\t\t<span class=\"elementor-icon-list-icon\">\n\t\t\t\t\t\t\t<i aria-hidden=\"true\" class=\"fab fa-jira\"><\/i>\t\t\t\t\t\t<\/span>\n\t\t\t\t\t\t\t\t\t\t<span class=\"elementor-icon-list-text\">Stratifi\u00e9 rigide scell\u00e9<\/span>\n\t\t\t\t\t\t\t\t\t<\/li>\n\t\t\t\t\t\t\t\t<li class=\"elementor-icon-list-item\">\n\t\t\t\t\t\t\t\t\t\t\t<span class=\"elementor-icon-list-icon\">\n\t\t\t\t\t\t\t<i aria-hidden=\"true\" class=\"fab fa-jira\"><\/i>\t\t\t\t\t\t<\/span>\n\t\t\t\t\t\t\t\t\t\t<span class=\"elementor-icon-list-text\">Infalsifiable<\/span>\n\t\t\t\t\t\t\t\t\t<\/li>\n\t\t\t\t\t\t\t\t<li class=\"elementor-icon-list-item\">\n\t\t\t\t\t\t\t\t\t\t\t<span class=\"elementor-icon-list-icon\">\n\t\t\t\t\t\t\t<i aria-hidden=\"true\" class=\"fab fa-jira\"><\/i>\t\t\t\t\t\t<\/span>\n\t\t\t\t\t\t\t\t\t\t<span class=\"elementor-icon-list-text\">timbre annuel hologramme<\/span>\n\t\t\t\t\t\t\t\t\t<\/li>\n\t\t\t\t\t\t\t\t<li class=\"elementor-icon-list-item\">\n\t\t\t\t\t\t\t\t\t\t\t<span class=\"elementor-icon-list-icon\">\n\t\t\t\t\t\t\t<i aria-hidden=\"true\" class=\"fab fa-jira\"><\/i>\t\t\t\t\t\t<\/span>\n\t\t\t\t\t\t\t\t\t\t<span class=\"elementor-icon-list-text\">Format env. 5,83 pouces x 8,27 pouces<\/span>\n\t\t\t\t\t\t\t\t\t<\/li>\n\t\t\t\t\t\t<\/ul>\n\t\t\t\t\t\t<\/div>\n\t\t\t\t<\/div>\n\t\t\t\t\t<\/div>\n\t\t<\/div>\n\t\t\t\t\t<\/div>\n\t\t<\/section>\n\t\t\t\t\t<\/div>\n\t\t<\/div>\n\t\t\t\t\t<\/div>\n\t\t<\/section>\n\t\t\t\t<\/div>","protected":false},"excerpt":{"rendered":"<p>En tant que membre de l&#039;EUPA, vous recevrez sans frais suppl\u00e9mentaires une pi\u00e8ce d&#039;identit\u00e9 de v\u00e9hicule de presse certifi\u00e9e pour votre voiture ainsi que votre dossier de presse VIP. Le panneau permet g\u00e9n\u00e9ralement d&#039;utiliser des zones de stationnement r\u00e9serv\u00e9es aux professionnels des m\u00e9dias tout en offrant de nombreux avantages lors de la recherche quotidienne d&#039;une place de stationnement. Conduire est un grand\u2026 <a title=\"ID du v\u00e9hicule de presse EUPA\" class=\"read-more\" href=\"https:\/\/eupa.uk\/fr\/vip-press-kit\/eupa-press-vehicle-id\/\" aria-label=\"En savoir plus sur EUPA Press Vehicle ID\">Lire la suite<\/a><\/p>","protected":false},"author":1,"featured_media":0,"parent":3060,"menu_order":4,"comment_status":"closed","ping_status":"closed","template":"","meta":{"footnotes":""},"class_list":["post-3478","page","type-page","status-publish"],"_links":{"self":[{"href":"https:\/\/eupa.uk\/fr\/wp-json\/wp\/v2\/pages\/3478","targetHints":{"allow":["GET"]}}],"collection":[{"href":"https:\/\/eupa.uk\/fr\/wp-json\/wp\/v2\/pages"}],"about":[{"href":"https:\/\/eupa.uk\/fr\/wp-json\/wp\/v2\/types\/page"}],"author":[{"embeddable":true,"href":"https:\/\/eupa.uk\/fr\/wp-json\/wp\/v2\/users\/1"}],"replies":[{"embeddable":true,"href":"https:\/\/eupa.uk\/fr\/wp-json\/wp\/v2\/comments?post=3478"}],"version-history":[{"count":0,"href":"https:\/\/eupa.uk\/fr\/wp-json\/wp\/v2\/pages\/3478\/revisions"}],"up":[{"embeddable":true,"href":"https:\/\/eupa.uk\/fr\/wp-json\/wp\/v2\/pages\/3060"}],"wp:attachment":[{"href":"https:\/\/eupa.uk\/fr\/wp-json\/wp\/v2\/media?parent=3478"}],"curies":[{"name":"wp","href":"https:\/\/api.w.org\/{rel}","templated":true}]}}