{"id":3502,"date":"2021-03-20T16:42:39","date_gmt":"2021-03-20T16:42:39","guid":{"rendered":"https:\/\/eupa.agency\/?page_id=3502"},"modified":"2021-04-18T23:15:43","modified_gmt":"2021-04-18T23:15:43","slug":"membership","status":"publish","type":"page","link":"https:\/\/eupa.uk\/fr\/membership\/","title":{"rendered":"Adh\u00e9sion \u2013 Aper\u00e7u"},"content":{"rendered":"<div data-elementor-type=\"wp-page\" data-elementor-id=\"3502\" class=\"elementor elementor-3502\" data-elementor-post-type=\"page\">\n\t\t\t\t\t\t<section class=\"elementor-section elementor-top-section elementor-element elementor-element-47fbbf86 elementor-section-boxed elementor-section-height-default elementor-section-height-default\" data-id=\"47fbbf86\" data-element_type=\"section\">\n\t\t\t\t\t\t<div class=\"elementor-container elementor-column-gap-default\">\n\t\t\t\t\t<div class=\"elementor-column elementor-col-100 elementor-top-column elementor-element elementor-element-549ba2f6\" data-id=\"549ba2f6\" data-element_type=\"column\">\n\t\t\t<div class=\"elementor-widget-wrap elementor-element-populated\">\n\t\t\t\t\t\t<div class=\"elementor-element elementor-element-63040804 elementor-widget elementor-widget-text-editor\" data-id=\"63040804\" data-element_type=\"widget\" data-widget_type=\"text-editor.default\">\n\t\t\t\t<div class=\"elementor-widget-container\">\n\t\t\t\t\t\t\t\t\t<p>Si vous recherchez un partenaire fiable qui acceptera votre m\u00e9tier de journaliste \u00e0 temps partiel ou \u00e0 temps plein et vous offrira de nombreux avantages et services pour vous soutenir, vous \u00eates au bon endroit ici \u00e0 l&#039;Agence de presse europ\u00e9enne (EUPA). . Inscrivez-vous en ligne d\u00e8s aujourd&#039;hui ou envoyez votre candidature par courrier et voyez comment vos activit\u00e9s professionnelles deviendront beaucoup plus faciles en quelques jours seulement.<\/p><p>Recevoir une carte de journaliste personnelle, une carte de presse et votre propre carte d&#039;identit\u00e9 de v\u00e9hicule de presse ne sont que quelques-uns des nombreux avantages dont vous b\u00e9n\u00e9ficiez en tant que membre de l&#039;EUPA, qui vous permettront de poursuivre votre travail journalistique conform\u00e9ment aux normes de l&#039;industrie. Partout dans le monde, les repr\u00e9sentants des organisations de presse et des m\u00e9dias traditionnels b\u00e9n\u00e9ficient d\u2019avantages int\u00e9ressants, qui seront bient\u00f4t \u00e9galement disponibles pour vous.<\/p>\t\t\t\t\t\t\t\t<\/div>\n\t\t\t\t<\/div>\n\t\t\t\t<div class=\"elementor-element elementor-element-539e1795 elementor-widget elementor-widget-heading\" data-id=\"539e1795\" data-element_type=\"widget\" data-widget_type=\"heading.default\">\n\t\t\t\t<div class=\"elementor-widget-container\">\n\t\t\t\t\t<h2 class=\"elementor-heading-title elementor-size-default\">Les membres b\u00e9n\u00e9ficient de divers avantages, tels que<\/h2>\t\t\t\t<\/div>\n\t\t\t\t<\/div>\n\t\t\t\t<div class=\"elementor-element elementor-element-38590ad0 elementor-icon-list--layout-traditional elementor-list-item-link-full_width elementor-widget elementor-widget-icon-list\" data-id=\"38590ad0\" data-element_type=\"widget\" data-widget_type=\"icon-list.default\">\n\t\t\t\t<div class=\"elementor-widget-container\">\n\t\t\t\t\t\t\t<ul class=\"elementor-icon-list-items\">\n\t\t\t\t\t\t\t<li class=\"elementor-icon-list-item\">\n\t\t\t\t\t\t\t\t\t\t\t<span class=\"elementor-icon-list-icon\">\n\t\t\t\t\t\t\t<i aria-hidden=\"true\" class=\"fas fa-check\"><\/i>\t\t\t\t\t\t<\/span>\n\t\t\t\t\t\t\t\t\t\t<span class=\"elementor-icon-list-text\">Remises m\u00e9diatiques aupr\u00e8s des grandes entreprises, par exemple lorsque vous voyagez, louez une voiture ou achetez un ordinateur portable ou un appareil photo...<\/span>\n\t\t\t\t\t\t\t\t\t<\/li>\n\t\t\t\t\t\t\t\t<li class=\"elementor-icon-list-item\">\n\t\t\t\t\t\t\t\t\t\t\t<span class=\"elementor-icon-list-icon\">\n\t\t\t\t\t\t\t<i aria-hidden=\"true\" class=\"fas fa-check\"><\/i>\t\t\t\t\t\t<\/span>\n\t\t\t\t\t\t\t\t\t\t<span class=\"elementor-icon-list-text\">Acc\u00e8s \u00e0 divers \u00e9v\u00e9nements et salons<\/span>\n\t\t\t\t\t\t\t\t\t<\/li>\n\t\t\t\t\t\t\t\t<li class=\"elementor-icon-list-item\">\n\t\t\t\t\t\t\t\t\t\t\t<span class=\"elementor-icon-list-icon\">\n\t\t\t\t\t\t\t<i aria-hidden=\"true\" class=\"fas fa-check\"><\/i>\t\t\t\t\t\t<\/span>\n\t\t\t\t\t\t\t\t\t\t<span class=\"elementor-icon-list-text\">Participation \u00e0 des concours publi\u00e9s sur notre portail vid\u00e9o et image<\/span>\n\t\t\t\t\t\t\t\t\t<\/li>\n\t\t\t\t\t\t\t\t<li class=\"elementor-icon-list-item\">\n\t\t\t\t\t\t\t\t\t\t\t<span class=\"elementor-icon-list-icon\">\n\t\t\t\t\t\t\t<i aria-hidden=\"true\" class=\"fas fa-check\"><\/i>\t\t\t\t\t\t<\/span>\n\t\t\t\t\t\t\t\t\t\t<span class=\"elementor-icon-list-text\">Conseils gratuits sur le droit des m\u00e9dias (\u00e0 venir)<\/span>\n\t\t\t\t\t\t\t\t\t<\/li>\n\t\t\t\t\t\t\t\t<li class=\"elementor-icon-list-item\">\n\t\t\t\t\t\t\t\t\t\t\t<span class=\"elementor-icon-list-icon\">\n\t\t\t\t\t\t\t<i aria-hidden=\"true\" class=\"fas fa-check\"><\/i>\t\t\t\t\t\t<\/span>\n\t\t\t\t\t\t\t\t\t\t<span class=\"elementor-icon-list-text\">Bon EUPA News inclus\u00a0: $20<\/span>\n\t\t\t\t\t\t\t\t\t<\/li>\n\t\t\t\t\t\t\t\t<li class=\"elementor-icon-list-item\">\n\t\t\t\t\t\t\t\t\t\t\t<span class=\"elementor-icon-list-icon\">\n\t\t\t\t\t\t\t<i aria-hidden=\"true\" class=\"fas fa-check\"><\/i>\t\t\t\t\t\t<\/span>\n\t\t\t\t\t\t\t\t\t\t<span class=\"elementor-icon-list-text\">Assistance 24h\/24 et 7j\/7<\/span>\n\t\t\t\t\t\t\t\t\t<\/li>\n\t\t\t\t\t\t\t\t<li class=\"elementor-icon-list-item\">\n\t\t\t\t\t\t\t\t\t\t\t<span class=\"elementor-icon-list-icon\">\n\t\t\t\t\t\t\t<i aria-hidden=\"true\" class=\"fas fa-check\"><\/i>\t\t\t\t\t\t<\/span>\n\t\t\t\t\t\t\t\t\t\t<span class=\"elementor-icon-list-text\">Newsletter contenant des informations sur les activit\u00e9s et promotions r\u00e9serv\u00e9es aux membres<\/span>\n\t\t\t\t\t\t\t\t\t<\/li>\n\t\t\t\t\t\t<\/ul>\n\t\t\t\t\t\t<\/div>\n\t\t\t\t<\/div>\n\t\t\t\t<div class=\"elementor-element elementor-element-3bb24888 elementor-widget elementor-widget-text-editor\" data-id=\"3bb24888\" data-element_type=\"widget\" data-widget_type=\"text-editor.default\">\n\t\t\t\t<div class=\"elementor-widget-container\">\n\t\t\t\t\t\t\t\t\t<p>Apr\u00e8s avoir effectu\u00e9 votre inscription, vous recevrez une confirmation pr\u00e9liminaire de notre part, vous permettant de r\u00e9gler vos frais d&#039;inscription par carte bancaire ou PayPal. Votre adh\u00e9sion pr\u00e9liminaire deviendra une adh\u00e9sion \u00e0 part enti\u00e8re d\u00e8s que les frais d&#039;inscription et la cotisation annuelle au prorata pour l&#039;ann\u00e9e civile en cours auront \u00e9t\u00e9 re\u00e7us. Une fois l&#039;argent re\u00e7u, nous vous enverrons par courrier votre carte de presse, votre pi\u00e8ce d&#039;identit\u00e9 du v\u00e9hicule de presse et votre carte de journaliste. Vos informations de connexion personnelles \u00e0 notre espace de connexion vous seront envoy\u00e9es par e-mail. Bien entendu, nous traiterons vos informations d\u2019inscription de mani\u00e8re confidentielle et ne transmettrons aucune donn\u00e9e \u00e0 des tiers. En compl\u00e9tant votre inscription, vous acceptez les directives de l&#039;USPA, que vous pouvez consulter ici.<\/p>\t\t\t\t\t\t\t\t<\/div>\n\t\t\t\t<\/div>\n\t\t\t\t<div class=\"elementor-element elementor-element-565af590 elementor-widget elementor-widget-heading\" data-id=\"565af590\" data-element_type=\"widget\" data-widget_type=\"heading.default\">\n\t\t\t\t<div class=\"elementor-widget-container\">\n\t\t\t\t\t<h2 class=\"elementor-heading-title elementor-size-default\">Les frais d&#039;adh\u00e9sion en un coup d&#039;\u0153il<\/h2>\t\t\t\t<\/div>\n\t\t\t\t<\/div>\n\t\t\t\t<div class=\"elementor-element elementor-element-aafab25 elementor-widget elementor-widget-text-editor\" data-id=\"aafab25\" data-element_type=\"widget\" data-widget_type=\"text-editor.default\">\n\t\t\t\t<div class=\"elementor-widget-container\">\n\t\t\t\t\t\t\t\t\tAdh\u00e9sion \u00e0 l&#039;EUPA comprenant une carte de presse internationale, une pi\u00e8ce d&#039;identit\u00e9 du v\u00e9hicule de presse, une lettre d&#039;accr\u00e9ditation personnelle et une carte de journaliste. \t\t\t\t\t\t\t\t<\/div>\n\t\t\t\t<\/div>\n\t\t\t\t<div class=\"elementor-element elementor-element-3d30ddde elementor-icon-list--layout-traditional elementor-list-item-link-full_width elementor-widget elementor-widget-icon-list\" data-id=\"3d30ddde\" data-element_type=\"widget\" data-widget_type=\"icon-list.default\">\n\t\t\t\t<div class=\"elementor-widget-container\">\n\t\t\t\t\t\t\t<ul class=\"elementor-icon-list-items\">\n\t\t\t\t\t\t\t<li class=\"elementor-icon-list-item\">\n\t\t\t\t\t\t\t\t\t\t\t<span class=\"elementor-icon-list-icon\">\n\t\t\t\t\t\t\t<i aria-hidden=\"true\" class=\"fas fa-check\"><\/i>\t\t\t\t\t\t<\/span>\n\t\t\t\t\t\t\t\t\t\t<span class=\"elementor-icon-list-text\">Frais d&#039;inscription uniques\u00a0:<\/span>\n\t\t\t\t\t\t\t\t\t<\/li>\n\t\t\t\t\t\t\t\t<li class=\"elementor-icon-list-item\">\n\t\t\t\t\t\t\t\t\t\t\t<span class=\"elementor-icon-list-icon\">\n\t\t\t\t\t\t\t<i aria-hidden=\"true\" class=\"fas fa-check\"><\/i>\t\t\t\t\t\t<\/span>\n\t\t\t\t\t\t\t\t\t\t<span class=\"elementor-icon-list-text\">Cotisation annuelle :<\/span>\n\t\t\t\t\t\t\t\t\t<\/li>\n\t\t\t\t\t\t<\/ul>\n\t\t\t\t\t\t<\/div>\n\t\t\t\t<\/div>\n\t\t\t\t<div class=\"elementor-element elementor-element-8ea242b elementor-widget elementor-widget-text-editor\" data-id=\"8ea242b\" data-element_type=\"widget\" data-widget_type=\"text-editor.default\">\n\t\t\t\t<div class=\"elementor-widget-container\">\n\t\t\t\t\t\t\t\t\tEn fonction du moment de l&#039;inscription, la cotisation annuelle sera calcul\u00e9e au prorata.\t\t\t\t\t\t\t\t<\/div>\n\t\t\t\t<\/div>\n\t\t\t\t\t<\/div>\n\t\t<\/div>\n\t\t\t\t\t<\/div>\n\t\t<\/section>\n\t\t\t\t<\/div>","protected":false},"excerpt":{"rendered":"<p>Si vous recherchez un partenaire fiable qui acceptera votre m\u00e9tier de journaliste \u00e0 temps partiel ou \u00e0 temps plein et vous offrira de nombreux avantages et services pour vous soutenir, vous \u00eates au bon endroit ici \u00e0 l&#039;Agence de presse europ\u00e9enne (EUPA). . Inscrivez-vous en ligne aujourd&#039;hui ou envoyez votre candidature par courrier et voyez comment votre professionnel\u2026 <a title=\"Adh\u00e9sion \u2013 Aper\u00e7u\" class=\"read-more\" href=\"https:\/\/eupa.uk\/fr\/membership\/\" aria-label=\"En savoir plus sur Membership &#8211; Overview\">Lire la suite<\/a><\/p>","protected":false},"author":1,"featured_media":0,"parent":0,"menu_order":3,"comment_status":"closed","ping_status":"closed","template":"","meta":{"footnotes":""},"class_list":["post-3502","page","type-page","status-publish"],"_links":{"self":[{"href":"https:\/\/eupa.uk\/fr\/wp-json\/wp\/v2\/pages\/3502","targetHints":{"allow":["GET"]}}],"collection":[{"href":"https:\/\/eupa.uk\/fr\/wp-json\/wp\/v2\/pages"}],"about":[{"href":"https:\/\/eupa.uk\/fr\/wp-json\/wp\/v2\/types\/page"}],"author":[{"embeddable":true,"href":"https:\/\/eupa.uk\/fr\/wp-json\/wp\/v2\/users\/1"}],"replies":[{"embeddable":true,"href":"https:\/\/eupa.uk\/fr\/wp-json\/wp\/v2\/comments?post=3502"}],"version-history":[{"count":0,"href":"https:\/\/eupa.uk\/fr\/wp-json\/wp\/v2\/pages\/3502\/revisions"}],"wp:attachment":[{"href":"https:\/\/eupa.uk\/fr\/wp-json\/wp\/v2\/media?parent=3502"}],"curies":[{"name":"wp","href":"https:\/\/api.w.org\/{rel}","templated":true}]}}