{"id":3513,"date":"2021-03-20T16:52:19","date_gmt":"2021-03-20T16:52:19","guid":{"rendered":"https:\/\/eupa.agency\/?page_id=3513"},"modified":"2022-03-10T10:30:25","modified_gmt":"2022-03-10T10:30:25","slug":"membership-fees-at-a-glance","status":"publish","type":"page","link":"https:\/\/eupa.uk\/fr\/membership\/membership-fees-at-a-glance\/","title":{"rendered":"Les frais d&#039;adh\u00e9sion en un coup d&#039;\u0153il"},"content":{"rendered":"<div data-elementor-type=\"wp-page\" data-elementor-id=\"3513\" class=\"elementor elementor-3513\" data-elementor-post-type=\"page\">\n\t\t\t\t\t\t<section class=\"elementor-section elementor-top-section elementor-element elementor-element-da61e25 elementor-section-boxed elementor-section-height-default elementor-section-height-default\" data-id=\"da61e25\" data-element_type=\"section\">\n\t\t\t\t\t\t<div class=\"elementor-container elementor-column-gap-default\">\n\t\t\t\t\t<div class=\"elementor-column elementor-col-100 elementor-top-column elementor-element elementor-element-6b50ea18\" data-id=\"6b50ea18\" data-element_type=\"column\">\n\t\t\t<div class=\"elementor-widget-wrap elementor-element-populated\">\n\t\t\t\t\t\t<div class=\"elementor-element elementor-element-4361b7e5 elementor-widget elementor-widget-text-editor\" data-id=\"4361b7e5\" data-element_type=\"widget\" data-widget_type=\"text-editor.default\">\n\t\t\t\t<div class=\"elementor-widget-container\">\n\t\t\t\t\t\t\t\t\t<p>Une adh\u00e9sion \u00e0 l&#039;EUPA vous offre notre <strong><a href=\"https:\/\/eupa.uk\/fr\/vip-press-kit\/\">Dossier de presse VIP<\/a><\/strong> gratuitement, un compte sur notre commercialisation <strong><a href=\"https:\/\/eupa.store\" target=\"_blank\" rel=\"noopener\">plate-forme<\/a><\/strong> sans frais suppl\u00e9mentaires et vous donne acc\u00e8s \u00e0 tous nos services, y compris une aide juridique si vos droits sont menac\u00e9s ou bafou\u00e9s et une assistance si vous \u00eates emp\u00each\u00e9 d&#039;accomplir votre travail ou vos recherches sur le terrain.<\/p>\t\t\t\t\t\t\t\t<\/div>\n\t\t\t\t<\/div>\n\t\t\t\t<div class=\"elementor-element elementor-element-6aa45b69 elementor-widget elementor-widget-shortcode\" data-id=\"6aa45b69\" data-element_type=\"widget\" data-widget_type=\"shortcode.default\">\n\t\t\t\t<div class=\"elementor-widget-container\">\n\t\t\t\t\t\t\t<div class=\"elementor-shortcode\">\n<table id=\"tablepress-1\" class=\"tablepress tablepress-id-1\">\n<thead>\n<tr class=\"row-1\">\n\t<th class=\"column-1\">Adh\u00e9sion - professionnel de l&#039;industrie des m\u00e9dias<\/th><th class=\"column-2\"><center>Co\u00fbts en EUR<\/center><\/th>\n<\/tr>\n<\/thead>\n<tbody class=\"row-striping row-hover\">\n<tr class=\"row-2\">\n\t<td class=\"column-1\"><strong>Accr\u00e9ditation<\/strong><br \/>\n<span class=\"table-des\">forfait unique<\/span><\/td><td class=\"column-2\"><center>108,00 euros<\/center><\/td>\n<\/tr>\n<tr class=\"row-3\">\n\t<td class=\"column-1\"><strong>Frais de service annuels au prorata de l&#039;ann\u00e9e d&#039;inscription<\/strong><br \/>\n<\/td><td class=\"column-2\"><center>48,00 EUR - au prorata<\/center><\/td>\n<\/tr>\n<tr class=\"row-4\">\n\t<td class=\"column-1\"><strong>Frais de service annuels \u00e0 partir de la deuxi\u00e8me ann\u00e9e civile (ann\u00e9e suivante)<\/strong><\/td><td class=\"column-2\"><center>48,00 euros<\/center><\/td>\n<\/tr>\n<tr class=\"row-5\">\n\t<td class=\"column-1\"><strong>Dossier de presse VIP comprenant une carte de presse, une carte d&#039;identit\u00e9 de presse, une lettre d&#039;accr\u00e9ditation et une pi\u00e8ce d&#039;identit\u00e9 du v\u00e9hicule de presse<\/strong><br \/>\n<span class=\"table-des\">d\u00e9j\u00e0 inclus dans la cotisation<\/span><\/td><td class=\"column-2\"><center>0,00 EUR<\/center><\/td>\n<\/tr>\n<tr class=\"row-6\">\n\t<td class=\"column-1\"><strong>Compte sur notre plateforme de commercialisation <a href=\"https:\/\/www.eupa.store\" target=\"_blank\" rel=\"noopener\">www.eupa.store<\/a><\/strong><br \/>\n<span class=\"table-des\">d\u00e9j\u00e0 inclus dans la cotisation<\/span><\/td><td class=\"column-2\"><center>0,00 EUR<\/center><\/td>\n<\/tr>\n<tr class=\"row-7\">\n\t<td class=\"column-1\"><strong>Conseil et assistance juridiques de l\u2019EUPA<\/strong><br \/>\n<span class=\"table-des\">d\u00e9j\u00e0 inclus dans la cotisation<\/span><\/td><td class=\"column-2\"><center>0,00 EUR<\/center><\/td>\n<\/tr>\n<\/tbody>\n<\/table>\n<\/div>\n\t\t\t\t\t\t<\/div>\n\t\t\t\t<\/div>\n\t\t\t\t<div class=\"elementor-element elementor-element-7f53da71 elementor-widget-divider--view-line elementor-widget elementor-widget-divider\" data-id=\"7f53da71\" data-element_type=\"widget\" data-widget_type=\"divider.default\">\n\t\t\t\t<div class=\"elementor-widget-container\">\n\t\t\t\t\t\t\t<div class=\"elementor-divider\">\n\t\t\t<span class=\"elementor-divider-separator\">\n\t\t\t\t\t\t<\/span>\n\t\t<\/div>\n\t\t\t\t\t\t<\/div>\n\t\t\t\t<\/div>\n\t\t\t\t\t<\/div>\n\t\t<\/div>\n\t\t\t\t\t<\/div>\n\t\t<\/section>\n\t\t\t\t<section class=\"elementor-section elementor-top-section elementor-element elementor-element-d10631a elementor-section-content-middle elementor-section-stretched elementor-section-boxed elementor-section-height-default elementor-section-height-default\" data-id=\"d10631a\" data-element_type=\"section\" data-settings=\"{&quot;background_background&quot;:&quot;classic&quot;,&quot;stretch_section&quot;:&quot;section-stretched&quot;}\">\n\t\t\t\t\t\t<div class=\"elementor-container elementor-column-gap-default\">\n\t\t\t\t\t<div class=\"elementor-column elementor-col-33 elementor-top-column elementor-element elementor-element-7425d88\" data-id=\"7425d88\" data-element_type=\"column\">\n\t\t\t<div class=\"elementor-widget-wrap elementor-element-populated\">\n\t\t\t\t\t\t<div class=\"elementor-element elementor-element-a7ad434 elementor-widget elementor-widget-heading\" data-id=\"a7ad434\" data-element_type=\"widget\" data-widget_type=\"heading.default\">\n\t\t\t\t<div class=\"elementor-widget-container\">\n\t\t\t\t\t<h2 class=\"elementor-heading-title elementor-size-default\">FRAIS AU PRORAT<\/h2>\t\t\t\t<\/div>\n\t\t\t\t<\/div>\n\t\t\t\t<div class=\"elementor-element elementor-element-7ffba03 elementor-widget elementor-widget-text-editor\" data-id=\"7ffba03\" data-element_type=\"widget\" data-widget_type=\"text-editor.default\">\n\t\t\t\t<div class=\"elementor-widget-container\">\n\t\t\t\t\t\t\t\t\t<strong>Un Dossier de Presse n&#039;est valable que pour une ann\u00e9e civile, c&#039;est pourquoi notre cotisation annuelle s&#039;applique toujours pour l&#039;ann\u00e9e en cours. Votre cotisation est donc calcul\u00e9e au prorata. Peu importe le moment o\u00f9 vous vous inscrivez, vous ne payez que les mois restants de l\u2019ann\u00e9e.<\/strong>\n\nExemple:\n<ul>\n \t<li>Inscription en f\u00e9vrier : seulement 44,00 EUR (au lieu de 48,00 EUR)<\/li>\n \t<li>Inscription en mai : seulement 32,00 EUR (au lieu de 48,00 EUR)<\/li>\n \t<li>Inscription en septembre : seulement 16,00 EUR (au lieu de 48,00 EUR)<\/li>\n<\/ul>\t\t\t\t\t\t\t\t<\/div>\n\t\t\t\t<\/div>\n\t\t\t\t\t<\/div>\n\t\t<\/div>\n\t\t\t\t<div class=\"elementor-column elementor-col-33 elementor-top-column elementor-element elementor-element-92d2db0\" data-id=\"92d2db0\" data-element_type=\"column\">\n\t\t\t<div class=\"elementor-widget-wrap elementor-element-populated\">\n\t\t\t\t\t\t<div class=\"elementor-element elementor-element-ce781ac elementor-widget elementor-widget-heading\" data-id=\"ce781ac\" data-element_type=\"widget\" data-widget_type=\"heading.default\">\n\t\t\t\t<div class=\"elementor-widget-container\">\n\t\t\t\t\t<h2 class=\"elementor-heading-title elementor-size-default\">FRAIS D&#039;ACCR\u00c9DITATION<\/h2>\t\t\t\t<\/div>\n\t\t\t\t<\/div>\n\t\t\t\t<div class=\"elementor-element elementor-element-63c90a0 elementor-widget elementor-widget-text-editor\" data-id=\"63c90a0\" data-element_type=\"widget\" data-widget_type=\"text-editor.default\">\n\t\t\t\t<div class=\"elementor-widget-container\">\n\t\t\t\t\t\t\t\t\t<ul><li>Ces frais sont toujours factur\u00e9s en totalit\u00e9, quel que soit le mois d&#039;inscription, et ne sont pas remboursables.<\/li><li>Il comprend une \u00e9tude de votre travail et vous donne acc\u00e8s \u00e0 tous nos avantages et services.<\/li><li>Il nous aide \u00e0 couvrir une partie de nos frais d&#039;agence, comme par exemple les frais de conception et d&#039;envoi de votre Dossier de Presse.<\/li><li>Si vous avez des doutes sur votre capacit\u00e9 \u00e0 devenir l&#039;un de nos membres estim\u00e9s et craignez que votre inscription ne soit pas accept\u00e9e, n&#039;h\u00e9sitez pas \u00e0 nous contacter. <a href=\"https:\/\/eupa.uk\/fr\/contact\/\">Contactez-nous<\/a> avant de remplir notre <a href=\"https:\/\/eupa.store\/register\" target=\"_blank\" rel=\"noopener\">formulaire de candidature<\/a>.<\/li><\/ul>\t\t\t\t\t\t\t\t<\/div>\n\t\t\t\t<\/div>\n\t\t\t\t\t<\/div>\n\t\t<\/div>\n\t\t\t\t<div class=\"elementor-column elementor-col-33 elementor-top-column elementor-element elementor-element-94cf9a8\" data-id=\"94cf9a8\" data-element_type=\"column\">\n\t\t\t<div class=\"elementor-widget-wrap elementor-element-populated\">\n\t\t\t\t\t\t<div class=\"elementor-element elementor-element-29f1caa elementor-widget elementor-widget-heading\" data-id=\"29f1caa\" data-element_type=\"widget\" data-widget_type=\"heading.default\">\n\t\t\t\t<div class=\"elementor-widget-container\">\n\t\t\t\t\t<h2 class=\"elementor-heading-title elementor-size-default\">LES ANN\u00c9ES SUIVANTES<\/h2>\t\t\t\t<\/div>\n\t\t\t\t<\/div>\n\t\t\t\t<div class=\"elementor-element elementor-element-71e19d8 elementor-widget elementor-widget-text-editor\" data-id=\"71e19d8\" data-element_type=\"widget\" data-widget_type=\"text-editor.default\">\n\t\t\t\t<div class=\"elementor-widget-container\">\n\t\t\t\t\t\t\t\t\t<ul>\n \t<li>Les \u00e9l\u00e9ments de votre Dossier de Presse sont renouvel\u00e9s chaque ann\u00e9e, ces identifiants n&#039;\u00e9tant valables que pour l&#039;ann\u00e9e civile en cours.<\/li>\n \t<li>Les frais de renouvellement co\u00fbtent 48,00 EUR par an et seront automatiquement factur\u00e9s sur la carte de cr\u00e9dit que vous avez utilis\u00e9e pour souscrire (voir notre <a href=\"https:\/\/eupa.uk\/fr\/rules\/terms-and-conditions\/\">Termes et conditions<\/a>).<\/li>\n \t<li>Dans le cas tr\u00e8s improbable o\u00f9 vous d\u00e9cideriez de renoncer \u00e0 votre adh\u00e9sion \u00e0 l&#039;EUPA, vous pouvez vous d\u00e9sinscrire jusqu&#039;\u00e0 24 heures avant son renouvellement automatique en <a href=\"https:\/\/eupa.uk\/fr\/contact\/\">nous contacter<\/a>.<\/li>\n<\/ul>\t\t\t\t\t\t\t\t<\/div>\n\t\t\t\t<\/div>\n\t\t\t\t\t<\/div>\n\t\t<\/div>\n\t\t\t\t\t<\/div>\n\t\t<\/section>\n\t\t\t\t<\/div>","protected":false},"excerpt":{"rendered":"<p>Une adh\u00e9sion \u00e0 l&#039;EUPA vous offre gratuitement notre dossier de presse VIP, un compte sur notre plateforme de commercialisation sans frais suppl\u00e9mentaires et vous donne acc\u00e8s \u00e0 tous nos services, y compris une aide juridique si vos droits sont menac\u00e9s ou refus\u00e9s et une assistance si vous \u00eates emp\u00each\u00e9 d&#039;accomplir votre travail. ou des recherches sur le terrain. FRAIS AU PRORAT \u2026 <a title=\"Les frais d&#039;adh\u00e9sion en un coup d&#039;\u0153il\" class=\"read-more\" href=\"https:\/\/eupa.uk\/fr\/membership\/membership-fees-at-a-glance\/\" aria-label=\"En savoir plus sur Membership fees at a glance\">Lire la suite<\/a><\/p>","protected":false},"author":1,"featured_media":0,"parent":3502,"menu_order":1,"comment_status":"closed","ping_status":"closed","template":"","meta":{"footnotes":""},"class_list":["post-3513","page","type-page","status-publish"],"_links":{"self":[{"href":"https:\/\/eupa.uk\/fr\/wp-json\/wp\/v2\/pages\/3513","targetHints":{"allow":["GET"]}}],"collection":[{"href":"https:\/\/eupa.uk\/fr\/wp-json\/wp\/v2\/pages"}],"about":[{"href":"https:\/\/eupa.uk\/fr\/wp-json\/wp\/v2\/types\/page"}],"author":[{"embeddable":true,"href":"https:\/\/eupa.uk\/fr\/wp-json\/wp\/v2\/users\/1"}],"replies":[{"embeddable":true,"href":"https:\/\/eupa.uk\/fr\/wp-json\/wp\/v2\/comments?post=3513"}],"version-history":[{"count":0,"href":"https:\/\/eupa.uk\/fr\/wp-json\/wp\/v2\/pages\/3513\/revisions"}],"up":[{"embeddable":true,"href":"https:\/\/eupa.uk\/fr\/wp-json\/wp\/v2\/pages\/3502"}],"wp:attachment":[{"href":"https:\/\/eupa.uk\/fr\/wp-json\/wp\/v2\/media?parent=3513"}],"curies":[{"name":"wp","href":"https:\/\/api.w.org\/{rel}","templated":true}]}}