{"id":3537,"date":"2021-03-20T17:21:50","date_gmt":"2021-03-20T17:21:50","guid":{"rendered":"https:\/\/eupa.agency\/?page_id=3537"},"modified":"2021-04-18T23:27:37","modified_gmt":"2021-04-18T23:27:37","slug":"reporter","status":"publish","type":"page","link":"https:\/\/eupa.uk\/fr\/membership\/reporter\/","title":{"rendered":"Journaliste de l&#039;EUPA News"},"content":{"rendered":"<div data-elementor-type=\"wp-page\" data-elementor-id=\"3537\" class=\"elementor elementor-3537\" data-elementor-post-type=\"page\">\n\t\t\t\t\t\t<section class=\"elementor-section elementor-top-section elementor-element elementor-element-76fcad4b elementor-section-boxed elementor-section-height-default elementor-section-height-default\" data-id=\"76fcad4b\" data-element_type=\"section\">\n\t\t\t\t\t\t<div class=\"elementor-container elementor-column-gap-default\">\n\t\t\t\t\t<div class=\"elementor-column elementor-col-100 elementor-top-column elementor-element elementor-element-6815955c\" data-id=\"6815955c\" data-element_type=\"column\">\n\t\t\t<div class=\"elementor-widget-wrap elementor-element-populated\">\n\t\t\t\t\t\t<div class=\"elementor-element elementor-element-1f687f92 elementor-widget elementor-widget-text-editor\" data-id=\"1f687f92\" data-element_type=\"widget\" data-widget_type=\"text-editor.default\">\n\t\t\t\t<div class=\"elementor-widget-container\">\n\t\t\t\t\t\t\t\t\t<p>Les journalistes \u00e0 temps plein et \u00e0 temps partiel r\u00eavent souvent de leur propre rythme qui fasse de la pr\u00e9sentation professionnelle du contenu \u00e9ditorial une question de minutes tout en leur permettant d&#039;atteindre des \u00e9diteurs potentiels de tous les secteurs m\u00e9diatiques. Le syst\u00e8me \u00e9ditorial d&#039;EUPA News vous permet de diffuser votre production journalistique aupr\u00e8s d&#039;un public beaucoup plus large et ne s\u00e9duit donc pas seulement les journalistes ind\u00e9pendants. Que vous souhaitiez plonger dans le monde des c\u00e9l\u00e9brit\u00e9s en tant que journaliste de mode ou \u00e9crire des articles significatifs sur votre r\u00e9gion, le syst\u00e8me \u00e9ditorial d&#039;EUPA News facilite grandement votre travail de journaliste et permet la publication sur un sous-domaine librement s\u00e9lectionnable.<\/p>\t\t\t\t\t\t\t\t<\/div>\n\t\t\t\t<\/div>\n\t\t\t\t\t<\/div>\n\t\t<\/div>\n\t\t\t\t\t<\/div>\n\t\t<\/section>\n\t\t\t\t<\/div>","protected":false},"excerpt":{"rendered":"<p>Les journalistes \u00e0 temps plein et \u00e0 temps partiel r\u00eavent souvent de leur propre rythme qui fasse de la pr\u00e9sentation professionnelle du contenu \u00e9ditorial une question de minutes tout en leur permettant d&#039;atteindre des \u00e9diteurs potentiels de tous les secteurs m\u00e9diatiques. Le syst\u00e8me \u00e9ditorial d\u2019EUPA News vous permet de diffuser votre production journalistique aupr\u00e8s d\u2019un public beaucoup plus large et ne s\u00e9duit donc pas seulement\u2026 <a title=\"Journaliste de l&#039;EUPA News\" class=\"read-more\" href=\"https:\/\/eupa.uk\/fr\/membership\/reporter\/\" aria-label=\"En savoir plus sur EUPA News Reporter\">Lire la suite<\/a><\/p>","protected":false},"author":1,"featured_media":0,"parent":3502,"menu_order":3,"comment_status":"closed","ping_status":"closed","template":"","meta":{"footnotes":""},"class_list":["post-3537","page","type-page","status-publish"],"_links":{"self":[{"href":"https:\/\/eupa.uk\/fr\/wp-json\/wp\/v2\/pages\/3537","targetHints":{"allow":["GET"]}}],"collection":[{"href":"https:\/\/eupa.uk\/fr\/wp-json\/wp\/v2\/pages"}],"about":[{"href":"https:\/\/eupa.uk\/fr\/wp-json\/wp\/v2\/types\/page"}],"author":[{"embeddable":true,"href":"https:\/\/eupa.uk\/fr\/wp-json\/wp\/v2\/users\/1"}],"replies":[{"embeddable":true,"href":"https:\/\/eupa.uk\/fr\/wp-json\/wp\/v2\/comments?post=3537"}],"version-history":[{"count":0,"href":"https:\/\/eupa.uk\/fr\/wp-json\/wp\/v2\/pages\/3537\/revisions"}],"up":[{"embeddable":true,"href":"https:\/\/eupa.uk\/fr\/wp-json\/wp\/v2\/pages\/3502"}],"wp:attachment":[{"href":"https:\/\/eupa.uk\/fr\/wp-json\/wp\/v2\/media?parent=3537"}],"curies":[{"name":"wp","href":"https:\/\/api.w.org\/{rel}","templated":true}]}}