{"id":3543,"date":"2021-03-20T17:39:38","date_gmt":"2021-03-20T17:39:38","guid":{"rendered":"https:\/\/eupa.agency\/?page_id=3543"},"modified":"2022-03-10T11:15:55","modified_gmt":"2022-03-10T11:15:55","slug":"earning-money-with-eupa-news","status":"publish","type":"page","link":"https:\/\/eupa.uk\/fr\/membership\/earning-money-with-eupa-news\/","title":{"rendered":"Gagner de l&#039;argent avec la boutique EUPA"},"content":{"rendered":"<div data-elementor-type=\"wp-page\" data-elementor-id=\"3543\" class=\"elementor elementor-3543\" data-elementor-post-type=\"page\">\n\t\t\t\t\t\t<section class=\"elementor-section elementor-top-section elementor-element elementor-element-5f008e0d elementor-section-boxed elementor-section-height-default elementor-section-height-default\" data-id=\"5f008e0d\" data-element_type=\"section\">\n\t\t\t\t\t\t<div class=\"elementor-container elementor-column-gap-default\">\n\t\t\t\t\t<div class=\"elementor-column elementor-col-100 elementor-top-column elementor-element elementor-element-5cf77bea\" data-id=\"5cf77bea\" data-element_type=\"column\">\n\t\t\t<div class=\"elementor-widget-wrap elementor-element-populated\">\n\t\t\t\t\t\t<div class=\"elementor-element elementor-element-5be23319 elementor-widget elementor-widget-text-editor\" data-id=\"5be23319\" data-element_type=\"widget\" data-widget_type=\"text-editor.default\">\n\t\t\t\t<div class=\"elementor-widget-container\">\n\t\t\t\t\t\t\t\t\tL&#039;EUPA permet aux professionnels des m\u00e9dias et aux journalistes ind\u00e9pendants de publier facilement leur travail, comme des photos, des actualit\u00e9s, des rapports d&#039;enqu\u00eate, des articles, des reportages, des interviews, des informations sur les salons et les \u00e9v\u00e9nements, etc. Commencez \u00e0 cr\u00e9er votre portfolio en ligne et gagnez de l&#039;argent en cours de route !\t\t\t\t\t\t\t\t<\/div>\n\t\t\t\t<\/div>\n\t\t\t\t<div class=\"elementor-element elementor-element-2c6d6362 elementor-widget-divider--view-line elementor-widget elementor-widget-divider\" data-id=\"2c6d6362\" data-element_type=\"widget\" data-widget_type=\"divider.default\">\n\t\t\t\t<div class=\"elementor-widget-container\">\n\t\t\t\t\t\t\t<div class=\"elementor-divider\">\n\t\t\t<span class=\"elementor-divider-separator\">\n\t\t\t\t\t\t<\/span>\n\t\t<\/div>\n\t\t\t\t\t\t<\/div>\n\t\t\t\t<\/div>\n\t\t\t\t<div class=\"elementor-element elementor-element-7b614cb6 elementor-widget elementor-widget-heading\" data-id=\"7b614cb6\" data-element_type=\"widget\" data-widget_type=\"heading.default\">\n\t\t\t\t<div class=\"elementor-widget-container\">\n\t\t\t\t\t<h2 class=\"elementor-heading-title elementor-size-default\">Un outil pr\u00e9cieux<\/h2>\t\t\t\t<\/div>\n\t\t\t\t<\/div>\n\t\t\t\t<div class=\"elementor-element elementor-element-7ba971af elementor-widget elementor-widget-text-editor\" data-id=\"7ba971af\" data-element_type=\"widget\" data-widget_type=\"text-editor.default\">\n\t\t\t\t<div class=\"elementor-widget-container\">\n\t\t\t\t\t\t\t\t\t<p>L\u2019EUPA propose une plateforme \u2013 <a href=\"https:\/\/eupa.store\" target=\"_blank\" rel=\"noopener\">EUPA.STORE<\/a> \u2013 qui vous permet de cr\u00e9er un portfolio en ligne de votre travail. Vous \u00eates le propri\u00e9taire du compte, ce qui signifie que vous avez toujours un acc\u00e8s direct \u00e0 votre contenu. Publiez sans d\u00e9lai des reportages, des photos et des vid\u00e9os et mettez-les \u00e0 disposition en t\u00e9l\u00e9chargement. Un horodatage sera ajout\u00e9 comme preuve de publication.<\/p><p>Si vous aimez \u00e9crire, \u00eates int\u00e9ress\u00e9 par des sujets passionnants et souhaitez augmenter votre lectorat, nos portails d&#039;actualit\u00e9s vous offrent un moyen simple de compl\u00e9ter vos revenus. Mais ce n&#039;est pas tout. <a href=\"https:\/\/eupa.store\" target=\"_blank\" rel=\"noopener\">EUPA.STORE<\/a> peut vous aider \u00e0 accro\u00eetre la notori\u00e9t\u00e9 de votre nom en ligne. Nous proposons \u00e9galement des avantages sp\u00e9ciaux aux photographes (de presse).<\/p><p>L&#039;objectif principal de <a href=\"https:\/\/eupa.store\" target=\"_blank\" rel=\"noopener\">EUPA.STORE<\/a> Il s&#039;agit de sujets d&#039;int\u00e9r\u00eat particulier et d&#039;offres sp\u00e9ciales Web. Cela comprend des actualit\u00e9s dans les domaines du sport, de la musique, de la politique, des beaux-arts, de l&#039;int\u00e9r\u00eat g\u00e9n\u00e9ral, etc.<\/p>\t\t\t\t\t\t\t\t<\/div>\n\t\t\t\t<\/div>\n\t\t\t\t<div class=\"elementor-element elementor-element-5e3b6f0c elementor-widget elementor-widget-heading\" data-id=\"5e3b6f0c\" data-element_type=\"widget\" data-widget_type=\"heading.default\">\n\t\t\t\t<div class=\"elementor-widget-container\">\n\t\t\t\t\t<h2 class=\"elementor-heading-title elementor-size-default\">Utilisez nos portails d&#039;actualit\u00e9s pour trouver des clients<\/h2>\t\t\t\t<\/div>\n\t\t\t\t<\/div>\n\t\t\t\t<div class=\"elementor-element elementor-element-848a642 elementor-widget elementor-widget-text-editor\" data-id=\"848a642\" data-element_type=\"widget\" data-widget_type=\"text-editor.default\">\n\t\t\t\t<div class=\"elementor-widget-container\">\n\t\t\t\t\t\t\t\t\t<p><a href=\"https:\/\/eupa.store\" target=\"_blank\" rel=\"noopener\">EUPA.STORE<\/a> met syst\u00e9matiquement en relation les journalistes avec les lecteurs, les r\u00e9dacteurs et les chefs d\u2019entreprise. Tout cela se fait sans devoir de loyaut\u00e9 envers des organisations professionnelles ou des tiers, garantissant ainsi une couverture journalistique impartiale, ind\u00e9pendante et objective.<\/p>\t\t\t\t\t\t\t\t<\/div>\n\t\t\t\t<\/div>\n\t\t\t\t<div class=\"elementor-element elementor-element-6256dd95 elementor-widget elementor-widget-heading\" data-id=\"6256dd95\" data-element_type=\"widget\" data-widget_type=\"heading.default\">\n\t\t\t\t<div class=\"elementor-widget-container\">\n\t\t\t\t\t<h2 class=\"elementor-heading-title elementor-size-default\">Combien puis-je gagner ?<\/h2>\t\t\t\t<\/div>\n\t\t\t\t<\/div>\n\t\t\t\t<div class=\"elementor-element elementor-element-574fab3f elementor-widget elementor-widget-text-editor\" data-id=\"574fab3f\" data-element_type=\"widget\" data-widget_type=\"text-editor.default\">\n\t\t\t\t<div class=\"elementor-widget-container\">\n\t\t\t\t\t\t\t\t\t<p>Cela d\u00e9pend de nombreux facteurs, notamment du nombre d\u2019articles ou de photos que vous soumettez. Plus vous publiez, plus vos revenus potentiels seront \u00e9lev\u00e9s. Vous gagnerez de l\u2019argent gr\u00e2ce aux publicit\u00e9s ins\u00e9r\u00e9es dans vos articles. Tout ce que vous devez savoir sur les opportunit\u00e9s de revenus pour les contributeurs se trouve ici\u00a0: <a href=\"#\" target=\"_blank\" rel=\"noopener\">Gagner de l&#039;argent avec EUPA STORE<\/a><\/p><p>Continuez \u00e0 gagner de l\u2019argent mois apr\u00e8s mois dans le confort de votre maison. Le potentiel de gains est l\u00e0 pendant des ann\u00e9es. Qu&#039;est-ce que tu attends? D\u00e9veloppez votre lectorat et profitez de Google AdSense. Cela ne prend que quelques heures pour commencer. Appliquer maintenant!<\/p><p>Nous vous fournissons tout ce dont vous avez besoin : profitez de notre syst\u00e8me de gestion de contenu (CMS) pratique, qui vous permet de publier des articles \u00e9crits et des photographies qui seront ensuite automatiquement ajout\u00e9es \u00e0 votre portfolio. Notre CMS est convivial et ne n\u00e9cessite aucune comp\u00e9tence informatique particuli\u00e8re. Contenu sur lequel vous pouvez publier <a href=\"https:\/\/eupa.store\" target=\"_blank\" rel=\"noopener\">EUPA.STORE<\/a> comprend les affaires, les beaux-arts, la finance, le style de vie, les animaux, la science, la sant\u00e9, l&#039;environnement, le tourisme, les partenariats, le divertissement, l&#039;int\u00e9r\u00eat g\u00e9n\u00e9ral, la maison et le foyer, la politique, les loisirs et bien plus encore.<\/p>\t\t\t\t\t\t\t\t<\/div>\n\t\t\t\t<\/div>\n\t\t\t\t<div class=\"elementor-element elementor-element-56d1e088 elementor-widget elementor-widget-heading\" data-id=\"56d1e088\" data-element_type=\"widget\" data-widget_type=\"heading.default\">\n\t\t\t\t<div class=\"elementor-widget-container\">\n\t\t\t\t\t<h2 class=\"elementor-heading-title elementor-size-default\"> \u00cates-vous pr\u00eat \u00e0 commencer \u00e0 constituer votre portefeuille et \u00e0 gagner de l\u2019argent en parall\u00e8le\u00a0? Pourquoi attendre - postulez d\u00e8s aujourd&#039;hui\u00a0! <\/h2>\t\t\t\t<\/div>\n\t\t\t\t<\/div>\n\t\t\t\t\t<\/div>\n\t\t<\/div>\n\t\t\t\t\t<\/div>\n\t\t<\/section>\n\t\t\t\t<\/div>","protected":false},"excerpt":{"rendered":"<p>L&#039;EUPA permet aux professionnels des m\u00e9dias et aux journalistes ind\u00e9pendants de publier facilement leur travail, comme des photos, des actualit\u00e9s, des rapports d&#039;enqu\u00eate, des articles, des reportages, des interviews, des informations sur les salons et les \u00e9v\u00e9nements, etc. Commencez \u00e0 cr\u00e9er votre portfolio en ligne et gagnez de l&#039;argent en cours de route ! Outil pr\u00e9cieux EUPA propose une plateforme \u2013 EUPA.STORE \u2013 qui vous permet de cr\u00e9er un\u2026 <a title=\"Gagner de l&#039;argent avec la boutique EUPA\" class=\"read-more\" href=\"https:\/\/eupa.uk\/fr\/membership\/earning-money-with-eupa-news\/\" aria-label=\"En savoir plus sur Earning Money with EUPA Store\">Lire la suite<\/a><\/p>","protected":false},"author":1,"featured_media":0,"parent":3502,"menu_order":4,"comment_status":"closed","ping_status":"closed","template":"","meta":{"footnotes":""},"class_list":["post-3543","page","type-page","status-publish"],"_links":{"self":[{"href":"https:\/\/eupa.uk\/fr\/wp-json\/wp\/v2\/pages\/3543","targetHints":{"allow":["GET"]}}],"collection":[{"href":"https:\/\/eupa.uk\/fr\/wp-json\/wp\/v2\/pages"}],"about":[{"href":"https:\/\/eupa.uk\/fr\/wp-json\/wp\/v2\/types\/page"}],"author":[{"embeddable":true,"href":"https:\/\/eupa.uk\/fr\/wp-json\/wp\/v2\/users\/1"}],"replies":[{"embeddable":true,"href":"https:\/\/eupa.uk\/fr\/wp-json\/wp\/v2\/comments?post=3543"}],"version-history":[{"count":0,"href":"https:\/\/eupa.uk\/fr\/wp-json\/wp\/v2\/pages\/3543\/revisions"}],"up":[{"embeddable":true,"href":"https:\/\/eupa.uk\/fr\/wp-json\/wp\/v2\/pages\/3502"}],"wp:attachment":[{"href":"https:\/\/eupa.uk\/fr\/wp-json\/wp\/v2\/media?parent=3543"}],"curies":[{"name":"wp","href":"https:\/\/api.w.org\/{rel}","templated":true}]}}