{"id":3553,"date":"2021-03-20T17:48:58","date_gmt":"2021-03-20T17:48:58","guid":{"rendered":"https:\/\/eupa.agency\/?page_id=3553"},"modified":"2024-06-19T11:08:10","modified_gmt":"2024-06-19T10:08:10","slug":"the-media","status":"publish","type":"page","link":"https:\/\/eupa.uk\/fr\/membership\/the-media\/","title":{"rendered":"M\u00e9dias"},"content":{"rendered":"<div data-elementor-type=\"wp-page\" data-elementor-id=\"3553\" class=\"elementor elementor-3553\" data-elementor-post-type=\"page\">\n\t\t\t\t\t\t<section class=\"elementor-section elementor-top-section elementor-element elementor-element-5f008e0d elementor-section-boxed elementor-section-height-default elementor-section-height-default\" data-id=\"5f008e0d\" data-element_type=\"section\">\n\t\t\t\t\t\t<div class=\"elementor-container elementor-column-gap-default\">\n\t\t\t\t\t<div class=\"elementor-column elementor-col-100 elementor-top-column elementor-element elementor-element-5cf77bea\" data-id=\"5cf77bea\" data-element_type=\"column\">\n\t\t\t<div class=\"elementor-widget-wrap elementor-element-populated\">\n\t\t\t\t\t\t<div class=\"elementor-element elementor-element-081f381 elementor-widget elementor-widget-video\" data-id=\"081f381\" data-element_type=\"widget\" data-settings=\"{&quot;youtube_url&quot;:&quot;https:\\\/\\\/youtu.be\\\/Qc-nVJj4AQM&quot;,&quot;video_type&quot;:&quot;youtube&quot;,&quot;controls&quot;:&quot;yes&quot;}\" data-widget_type=\"video.default\">\n\t\t\t\t<div class=\"elementor-widget-container\">\n\t\t\t\t\t\t\t<div class=\"elementor-wrapper elementor-open-inline\">\n\t\t\t<div class=\"elementor-video\"><\/div>\t\t<\/div>\n\t\t\t\t\t\t<\/div>\n\t\t\t\t<\/div>\n\t\t\t\t\t<\/div>\n\t\t<\/div>\n\t\t\t\t\t<\/div>\n\t\t<\/section>\n\t\t\t\t<section class=\"elementor-section elementor-top-section elementor-element elementor-element-b6f0465 elementor-section-boxed elementor-section-height-default elementor-section-height-default\" data-id=\"b6f0465\" data-element_type=\"section\">\n\t\t\t\t\t\t<div class=\"elementor-container elementor-column-gap-default\">\n\t\t\t\t\t<div class=\"elementor-column elementor-col-100 elementor-top-column elementor-element elementor-element-cd9d96a\" data-id=\"cd9d96a\" data-element_type=\"column\">\n\t\t\t<div class=\"elementor-widget-wrap elementor-element-populated\">\n\t\t\t\t\t\t<div class=\"elementor-element elementor-element-d18e280 elementor-widget elementor-widget-text-editor\" data-id=\"d18e280\" data-element_type=\"widget\" data-widget_type=\"text-editor.default\">\n\t\t\t\t<div class=\"elementor-widget-container\">\n\t\t\t\t\t\t\t\t\t<p>Vous \u00eates \u00e9diteur de journal ou travaillez pour une cha\u00eene de radio ou de t\u00e9l\u00e9vision et souhaitez recevoir des informations compl\u00e8tes et fond\u00e9es sur l&#039;actualit\u00e9 ? Alors vous \u00eates au bon endroit sur notre site Internet, o\u00f9 nous aimerions vous pr\u00e9senter notre service de presse polyvalent pour tous les domaines du monde m\u00e9diatique moderne.<\/p><p>Des centaines de quotidiens ainsi que des cha\u00eenes de radio et de t\u00e9l\u00e9vision du monde entier profitent d\u00e9j\u00e0 de notre service de presse que l&#039;EUPA propose depuis de nombreuses ann\u00e9es et qui vous fournit 24 heures sur 24 des informations et des informations m\u00e9diatiques actuelles. En plus des actualit\u00e9s imprim\u00e9es classiques pour journaux et magazines, notre service comprend d&#039;autres \u00e9l\u00e9ments multim\u00e9dias et vous permet d&#039;acc\u00e9der \u00e0 des photos, des vid\u00e9os et du contenu multim\u00e9dia suppl\u00e9mentaire.<\/p><p>L&#039;EUPA propose des dizaines de cha\u00eenes qui vous permettent d&#039;acc\u00e9der \u00e0 des informations de tous les secteurs en temps r\u00e9el et 24 heures sur 24, que vous pouvez ensuite adapter \u00e0 votre propre m\u00e9dia. De nombreuses r\u00e9dactions du monde entier, ainsi que des centaines de cha\u00eenes de radio et de t\u00e9l\u00e9vision, profitent d\u00e9j\u00e0 de notre service complet et professionnel. Gr\u00e2ce aux services de fil d\u00e9velopp\u00e9s par EUPA, vous pourrez profiter d&#039;un transfert d&#039;informations, de photos et de vid\u00e9os sans effort vers vos r\u00e9dactions. La seule chose dont vous avez besoin pour simplifier votre travail quotidien dans les m\u00e9dias est une connexion Internet.<\/p>\t\t\t\t\t\t\t\t<\/div>\n\t\t\t\t<\/div>\n\t\t\t\t\t<\/div>\n\t\t<\/div>\n\t\t\t\t\t<\/div>\n\t\t<\/section>\n\t\t\t\t<\/div>","protected":false},"excerpt":{"rendered":"<p>Vous \u00eates \u00e9diteur de journal ou vous travaillez pour une station de radio ou de t\u00e9l\u00e9vision et vous souhaitez recevoir des informations compl\u00e8tes et fond\u00e9es sur l&#039;actualit\u00e9 ? Alors vous \u00eates au bon endroit sur notre site Internet, o\u00f9 nous souhaitons vous pr\u00e9senter notre service de presse polyvalent pour tous les domaines de l&#039;actualit\u00e9 moderne \u2026 <a title=\"M\u00e9dias\" class=\"read-more\" href=\"https:\/\/eupa.uk\/fr\/membership\/the-media\/\" aria-label=\"En savoir plus sur Media\">Lire la suite<\/a><\/p>","protected":false},"author":1,"featured_media":0,"parent":3502,"menu_order":5,"comment_status":"closed","ping_status":"closed","template":"","meta":{"footnotes":""},"class_list":["post-3553","page","type-page","status-publish"],"_links":{"self":[{"href":"https:\/\/eupa.uk\/fr\/wp-json\/wp\/v2\/pages\/3553","targetHints":{"allow":["GET"]}}],"collection":[{"href":"https:\/\/eupa.uk\/fr\/wp-json\/wp\/v2\/pages"}],"about":[{"href":"https:\/\/eupa.uk\/fr\/wp-json\/wp\/v2\/types\/page"}],"author":[{"embeddable":true,"href":"https:\/\/eupa.uk\/fr\/wp-json\/wp\/v2\/users\/1"}],"replies":[{"embeddable":true,"href":"https:\/\/eupa.uk\/fr\/wp-json\/wp\/v2\/comments?post=3553"}],"version-history":[{"count":0,"href":"https:\/\/eupa.uk\/fr\/wp-json\/wp\/v2\/pages\/3553\/revisions"}],"up":[{"embeddable":true,"href":"https:\/\/eupa.uk\/fr\/wp-json\/wp\/v2\/pages\/3502"}],"wp:attachment":[{"href":"https:\/\/eupa.uk\/fr\/wp-json\/wp\/v2\/media?parent=3553"}],"curies":[{"name":"wp","href":"https:\/\/api.w.org\/{rel}","templated":true}]}}