{"id":3559,"date":"2021-03-20T17:58:32","date_gmt":"2021-03-20T17:58:32","guid":{"rendered":"https:\/\/eupa.agency\/?page_id=3559"},"modified":"2022-03-10T10:22:29","modified_gmt":"2022-03-10T10:22:29","slug":"eupa-documents-verification","status":"publish","type":"page","link":"https:\/\/eupa.uk\/fr\/membership\/eupa-documents-verification\/","title":{"rendered":"V\u00c9RIFICATION DES DOCUMENTS EUPA"},"content":{"rendered":"<div data-elementor-type=\"wp-page\" data-elementor-id=\"3559\" class=\"elementor elementor-3559\" data-elementor-post-type=\"page\">\n\t\t\t\t\t\t<section class=\"elementor-section elementor-top-section elementor-element elementor-element-5f008e0d elementor-section-boxed elementor-section-height-default elementor-section-height-default\" data-id=\"5f008e0d\" data-element_type=\"section\">\n\t\t\t\t\t\t<div class=\"elementor-container elementor-column-gap-default\">\n\t\t\t\t\t<div class=\"elementor-column elementor-col-100 elementor-top-column elementor-element elementor-element-5cf77bea\" data-id=\"5cf77bea\" data-element_type=\"column\">\n\t\t\t<div class=\"elementor-widget-wrap elementor-element-populated\">\n\t\t\t\t\t\t<div class=\"elementor-element elementor-element-3eeb265 elementor-widget elementor-widget-text-editor\" data-id=\"3eeb265\" data-element_type=\"widget\" data-widget_type=\"text-editor.default\">\n\t\t\t\t<div class=\"elementor-widget-container\">\n\t\t\t\t\t\t\t\t\t<p>La capacit\u00e9 de v\u00e9rifier l\u2019authenticit\u00e9 d\u2019un document est cruciale pour soutenir le travail quotidien de nos membres. L&#039;EUPA offre des fonctionnalit\u00e9s de s\u00e9curit\u00e9 en constante am\u00e9lioration du plus haut niveau, rendant chaque document infalsifiable. Disposer d&#039;un registre central vous permet de savoir si la personne qui fait une demande est un membre certifi\u00e9 de notre organisation. L&#039;authenticit\u00e9 d&#039;un EUPA Press Pass, d&#039;une EUPA Press ID Card et d&#039;un EUPA Press Vehicle ID peut \u00eatre facilement v\u00e9rifi\u00e9e par quiconque en scannant le code QR et en v\u00e9rifiant ainsi l&#039;exactitude des informations fournies sur le document.<\/p>\t\t\t\t\t\t\t\t<\/div>\n\t\t\t\t<\/div>\n\t\t\t\t<div class=\"elementor-element elementor-element-98e6395 elementor-widget elementor-widget-heading\" data-id=\"98e6395\" data-element_type=\"widget\" data-widget_type=\"heading.default\">\n\t\t\t\t<div class=\"elementor-widget-container\">\n\t\t\t\t\t<h2 class=\"elementor-heading-title elementor-size-default\">AVANTAGES DES DOCUMENTS EUPA<br>POUR LA POLICE, LES GOUVERNEMENTS, LES AGENCES ET LES ORGANISATEURS D&#039;\u00c9V\u00c9NEMENTS<\/h2>\t\t\t\t<\/div>\n\t\t\t\t<\/div>\n\t\t\t\t<div class=\"elementor-element elementor-element-297a342 elementor-widget elementor-widget-text-editor\" data-id=\"297a342\" data-element_type=\"widget\" data-widget_type=\"text-editor.default\">\n\t\t\t\t<div class=\"elementor-widget-container\">\n\t\t\t\t\t\t\t\t\t<p>Une carte d&#039;identit\u00e9 de presse EUPA et\/ou une carte de presse garantissent que son titulaire agira de mani\u00e8re professionnelle et consciencieuse.<br \/>Si un document EUPA vous est pr\u00e9sent\u00e9, vous pouvez \u00eatre assur\u00e9 que vous avez affaire \u00e0 un acteur professionnel des m\u00e9dias, qui respecte nos <a href=\"https:\/\/eupa.uk\/fr\/rules\/code-of-ethics\/\">Code d&#039;\u00e9thique<\/a>, publi\u00e9 par la Society of Professional Journalism.<\/p><p>En fonction de la situation d&#039;urgence, il se peut que vous n&#039;ayez pas le temps d&#039;entreprendre des proc\u00e9dures d&#039;accr\u00e9ditation compliqu\u00e9es.<br \/>Au lieu de cela, la carte de presse de l\u2019EUPA et\/ou la carte d\u2019identit\u00e9 de presse deviennent des preuves d\u2019activit\u00e9 journalistique l\u00e9gitime.<\/p><p>Vous n&#039;avez pas \u00e0 vous soucier des faux documents EUPA, car ils sont fabriqu\u00e9s \u00e0 l&#039;aide d&#039;une technique d&#039;impression difficile \u00e0 copier et comportent tous un hologramme, ce qui rend leur r\u00e9plication non autoris\u00e9e presque impossible.<br \/>Pour plus de s\u00e9curit\u00e9, nos documents ne sont d\u00e9livr\u00e9s que pour une ann\u00e9e civile \u00e0 la fois.<\/p>\t\t\t\t\t\t\t\t<\/div>\n\t\t\t\t<\/div>\n\t\t\t\t\t<\/div>\n\t\t<\/div>\n\t\t\t\t\t<\/div>\n\t\t<\/section>\n\t\t\t\t<\/div>","protected":false},"excerpt":{"rendered":"<p>La capacit\u00e9 de v\u00e9rifier l\u2019authenticit\u00e9 d\u2019un document est cruciale pour soutenir le travail quotidien de nos membres. L&#039;EUPA offre des fonctionnalit\u00e9s de s\u00e9curit\u00e9 en constante am\u00e9lioration du plus haut niveau, rendant chaque document infalsifiable. Disposer d&#039;un registre central vous permet de savoir si la personne qui fait une demande est un membre certifi\u00e9 de notre organisation. L&#039;authenticit\u00e9\u2026 <a title=\"V\u00c9RIFICATION DES DOCUMENTS EUPA\" class=\"read-more\" href=\"https:\/\/eupa.uk\/fr\/membership\/eupa-documents-verification\/\" aria-label=\"En savoir plus sur EUPA DOCUMENTS VERIFICATION\">Lire la suite<\/a><\/p>","protected":false},"author":1,"featured_media":0,"parent":3502,"menu_order":6,"comment_status":"closed","ping_status":"closed","template":"","meta":{"footnotes":""},"class_list":["post-3559","page","type-page","status-publish"],"_links":{"self":[{"href":"https:\/\/eupa.uk\/fr\/wp-json\/wp\/v2\/pages\/3559","targetHints":{"allow":["GET"]}}],"collection":[{"href":"https:\/\/eupa.uk\/fr\/wp-json\/wp\/v2\/pages"}],"about":[{"href":"https:\/\/eupa.uk\/fr\/wp-json\/wp\/v2\/types\/page"}],"author":[{"embeddable":true,"href":"https:\/\/eupa.uk\/fr\/wp-json\/wp\/v2\/users\/1"}],"replies":[{"embeddable":true,"href":"https:\/\/eupa.uk\/fr\/wp-json\/wp\/v2\/comments?post=3559"}],"version-history":[{"count":0,"href":"https:\/\/eupa.uk\/fr\/wp-json\/wp\/v2\/pages\/3559\/revisions"}],"up":[{"embeddable":true,"href":"https:\/\/eupa.uk\/fr\/wp-json\/wp\/v2\/pages\/3502"}],"wp:attachment":[{"href":"https:\/\/eupa.uk\/fr\/wp-json\/wp\/v2\/media?parent=3559"}],"curies":[{"name":"wp","href":"https:\/\/api.w.org\/{rel}","templated":true}]}}