{"id":3640,"date":"2021-03-20T19:22:30","date_gmt":"2021-03-20T19:22:30","guid":{"rendered":"https:\/\/eupa.agency\/?page_id=3640"},"modified":"2021-04-28T12:18:20","modified_gmt":"2021-04-28T12:18:20","slug":"media-discounts","status":"publish","type":"page","link":"https:\/\/eupa.uk\/fr\/membership\/media-discounts\/","title":{"rendered":"R\u00e9ductions et offres sp\u00e9ciales pour les membres"},"content":{"rendered":"<div data-elementor-type=\"wp-page\" data-elementor-id=\"3640\" class=\"elementor elementor-3640\" data-elementor-post-type=\"page\">\n\t\t\t\t\t\t<section class=\"elementor-section elementor-top-section elementor-element elementor-element-28eb62b7 elementor-section-boxed elementor-section-height-default elementor-section-height-default\" data-id=\"28eb62b7\" data-element_type=\"section\">\n\t\t\t\t\t\t<div class=\"elementor-container elementor-column-gap-default\">\n\t\t\t\t\t<div class=\"elementor-column elementor-col-100 elementor-top-column elementor-element elementor-element-2ac5af5c\" data-id=\"2ac5af5c\" data-element_type=\"column\">\n\t\t\t<div class=\"elementor-widget-wrap elementor-element-populated\">\n\t\t\t\t\t\t<div class=\"elementor-element elementor-element-49b7a373 elementor-widget elementor-widget-text-editor\" data-id=\"49b7a373\" data-element_type=\"widget\" data-widget_type=\"text-editor.default\">\n\t\t\t\t<div class=\"elementor-widget-container\">\n\t\t\t\t\t\t\t\t\t<p>En tant que membre de l&#039;EUPA et donc repr\u00e9sentant certifi\u00e9 des m\u00e9dias, vous pouvez b\u00e9n\u00e9ficier de nombreux avantages. Par exemple, votre pass presse peut vous permettre de b\u00e9n\u00e9ficier de r\u00e9ductions sp\u00e9ciales lors d&#039;\u00e9v\u00e9nements ou lors de l&#039;achat de produits de marque. M\u00eame si le journalisme n&#039;est que votre activit\u00e9 \u00e0 temps partiel, vous pourrez b\u00e9n\u00e9ficier de tous ces avantages, qui vous aideront rapidement \u00e0 r\u00e9cup\u00e9rer le co\u00fbt de votre adh\u00e9sion annuelle \u00e0 l&#039;EUPA.<\/p><p>Profiter de r\u00e9ductions de toutes sortes est tout aussi populaire en Europe qu\u2019aux \u00c9tats-Unis. En tant que membre de la presse, de telles r\u00e9ductions vous sont propos\u00e9es lors de salons et d&#039;expositions, dans les mus\u00e9es, lors de concerts, etc. De nombreux endroits offrent des rabais allant jusqu&#039;\u00e0 40 % sur le prix r\u00e9gulier, ce qui vous permet de n\u00e9gocier de meilleures offres, que ce soit sur la prochaine r\u00e9servation d&#039;h\u00f4tel, la location de voiture ou votre contrat de t\u00e9l\u00e9phone portable. De plus en plus de secteurs d&#039;activit\u00e9 proposent des rabais attractifs dans l&#039;espoir de cr\u00e9er une image positive aupr\u00e8s des membres de la presse et de b\u00e9n\u00e9ficier d&#039;une couverture favorable.<\/p>\t\t\t\t\t\t\t\t<\/div>\n\t\t\t\t<\/div>\n\t\t\t\t<div class=\"elementor-element elementor-element-3036b934 elementor-widget elementor-widget-heading\" data-id=\"3036b934\" data-element_type=\"widget\" data-widget_type=\"heading.default\">\n\t\t\t\t<div class=\"elementor-widget-container\">\n\t\t\t\t\t<h2 class=\"elementor-heading-title elementor-size-default\">Consid\u00e9rations \u00e9thiques pour les journalistes<\/h2>\t\t\t\t<\/div>\n\t\t\t\t<\/div>\n\t\t\t\t<div class=\"elementor-element elementor-element-4897473a elementor-widget elementor-widget-text-editor\" data-id=\"4897473a\" data-element_type=\"widget\" data-widget_type=\"text-editor.default\">\n\t\t\t\t<div class=\"elementor-widget-container\">\n\t\t\t\t\t\t\t\t\t<p>Le paysage m\u00e9diatique am\u00e9ricain n\u2019est pas le seul \u00e0 conna\u00eetre des changements rapides ces derni\u00e8res ann\u00e9es. De plus en plus de journalistes travaillent en freelance, \u00e0 temps plein ou \u00e0 temps partiel, et ne b\u00e9n\u00e9ficient plus des s\u00e9curit\u00e9s qu&#039;implique un emploi dans une r\u00e9daction ou une maison d&#039;\u00e9dition. Les journalistes ind\u00e9pendants sans revenus r\u00e9guliers subissent des charges financi\u00e8res nettement plus lourdes au cours de leurs efforts de recherche quotidiens, dont les r\u00e9dacteurs et les journalistes salari\u00e9s n&#039;ont pas \u00e0 s&#039;inqui\u00e9ter.<\/p><p>\u00c0 l&#039;EUPA, nous consacrons une grande partie de notre soutien aux journalistes \u00e0 temps partiel afin de leur accorder l&#039;acc\u00e8s aux m\u00eames avantages que les journalistes bien \u00e9tablis. Le titre de poste \u00ab journaliste \u00bb n\u2019est pas prot\u00e9g\u00e9 par la loi et il n\u2019existe pas de carte de presse standard pour tous les membres des m\u00e9dias aux \u00c9tats-Unis. Au contraire, chaque association de journalisme d\u00e9livre ses propres laissez-passer. Pour des raisons \u00e9thiques, les journalistes ne doivent profiter de leurs r\u00e9ductions que dans le cadre de leurs recherches. Cependant, une preuve de publication est rarement n\u00e9cessaire pour b\u00e9n\u00e9ficier d\u2019une r\u00e9duction.<\/p>\t\t\t\t\t\t\t\t<\/div>\n\t\t\t\t<\/div>\n\t\t\t\t\t<\/div>\n\t\t<\/div>\n\t\t\t\t\t<\/div>\n\t\t<\/section>\n\t\t\t\t<\/div>","protected":false},"excerpt":{"rendered":"<p>En tant que membre de l&#039;EUPA et donc repr\u00e9sentant certifi\u00e9 des m\u00e9dias, vous pouvez b\u00e9n\u00e9ficier de nombreux avantages. Par exemple, votre pass presse peut vous permettre de b\u00e9n\u00e9ficier de r\u00e9ductions sp\u00e9ciales lors d&#039;\u00e9v\u00e9nements ou lors de l&#039;achat de produits de marque. M\u00eame si le journalisme n\u2019est que votre activit\u00e9 \u00e0 temps partiel, vous pourrez b\u00e9n\u00e9ficier de tous ces avantages,\u2026 <a title=\"R\u00e9ductions et offres sp\u00e9ciales pour les membres\" class=\"read-more\" href=\"https:\/\/eupa.uk\/fr\/membership\/media-discounts\/\" aria-label=\"En savoir plus sur Discounts and Special Offers for Members\">Lire la suite<\/a><\/p>","protected":false},"author":1,"featured_media":0,"parent":3502,"menu_order":9,"comment_status":"closed","ping_status":"closed","template":"","meta":{"footnotes":""},"class_list":["post-3640","page","type-page","status-publish"],"_links":{"self":[{"href":"https:\/\/eupa.uk\/fr\/wp-json\/wp\/v2\/pages\/3640","targetHints":{"allow":["GET"]}}],"collection":[{"href":"https:\/\/eupa.uk\/fr\/wp-json\/wp\/v2\/pages"}],"about":[{"href":"https:\/\/eupa.uk\/fr\/wp-json\/wp\/v2\/types\/page"}],"author":[{"embeddable":true,"href":"https:\/\/eupa.uk\/fr\/wp-json\/wp\/v2\/users\/1"}],"replies":[{"embeddable":true,"href":"https:\/\/eupa.uk\/fr\/wp-json\/wp\/v2\/comments?post=3640"}],"version-history":[{"count":0,"href":"https:\/\/eupa.uk\/fr\/wp-json\/wp\/v2\/pages\/3640\/revisions"}],"up":[{"embeddable":true,"href":"https:\/\/eupa.uk\/fr\/wp-json\/wp\/v2\/pages\/3502"}],"wp:attachment":[{"href":"https:\/\/eupa.uk\/fr\/wp-json\/wp\/v2\/media?parent=3640"}],"curies":[{"name":"wp","href":"https:\/\/api.w.org\/{rel}","templated":true}]}}