{"id":41,"date":"2020-05-06T14:15:50","date_gmt":"2020-05-06T14:15:50","guid":{"rendered":"https:\/\/new.deschenaux.me\/?page_id=41"},"modified":"2021-11-04T11:35:55","modified_gmt":"2021-11-04T11:35:55","slug":"about","status":"publish","type":"page","link":"https:\/\/eupa.uk\/fr\/about\/","title":{"rendered":"\u00c0 propos"},"content":{"rendered":"<div data-elementor-type=\"wp-page\" data-elementor-id=\"41\" class=\"elementor elementor-41\" data-elementor-post-type=\"page\">\n\t\t\t\t\t\t<section class=\"elementor-section elementor-top-section elementor-element elementor-element-1e9b934 elementor-section-stretched elementor-section-boxed elementor-section-height-default elementor-section-height-default\" data-id=\"1e9b934\" data-element_type=\"section\" data-settings=\"{&quot;background_background&quot;:&quot;classic&quot;,&quot;stretch_section&quot;:&quot;section-stretched&quot;}\">\n\t\t\t\t\t\t<div class=\"elementor-container elementor-column-gap-default\">\n\t\t\t\t\t<div class=\"elementor-column elementor-col-50 elementor-top-column elementor-element elementor-element-010befe\" data-id=\"010befe\" data-element_type=\"column\">\n\t\t\t<div class=\"elementor-widget-wrap elementor-element-populated\">\n\t\t\t\t\t\t<div class=\"elementor-element elementor-element-d6e7ec0 elementor-widget elementor-widget-video\" data-id=\"d6e7ec0\" data-element_type=\"widget\" data-settings=\"{&quot;youtube_url&quot;:&quot;https:\\\/\\\/youtu.be\\\/ZtQ5gZ2mjtA&quot;,&quot;video_type&quot;:&quot;youtube&quot;,&quot;controls&quot;:&quot;yes&quot;}\" data-widget_type=\"video.default\">\n\t\t\t\t<div class=\"elementor-widget-container\">\n\t\t\t\t\t\t\t<div class=\"elementor-wrapper elementor-open-inline\">\n\t\t\t<div class=\"elementor-video\"><\/div>\t\t<\/div>\n\t\t\t\t\t\t<\/div>\n\t\t\t\t<\/div>\n\t\t\t\t\t<\/div>\n\t\t<\/div>\n\t\t\t\t<div class=\"elementor-column elementor-col-50 elementor-top-column elementor-element elementor-element-3880dac\" data-id=\"3880dac\" data-element_type=\"column\">\n\t\t\t<div class=\"elementor-widget-wrap elementor-element-populated\">\n\t\t\t\t\t\t<div class=\"elementor-element elementor-element-6e47e9d elementor-widget elementor-widget-text-editor\" data-id=\"6e47e9d\" data-element_type=\"widget\" data-widget_type=\"text-editor.default\">\n\t\t\t\t<div class=\"elementor-widget-container\">\n\t\t\t\t\t\t\t\t\t<p>L&#039;Agence de presse europ\u00e9enne est la premi\u00e8re agence de presse d\u00e9di\u00e9e aux professionnels des m\u00e9dias v\u00e9ritablement ind\u00e9pendants, notamment les journalistes, reporters, influenceurs, animateurs de t\u00e9l\u00e9vision et de radio, podcasteurs et animateurs de cha\u00eenes Internet.<\/p><p>Depuis le d\u00e9but du si\u00e8cle, le paysage m\u00e9diatique mondial est devenu plus d\u00e9mocratique, r\u00e9volutionnant le monde des m\u00e9dias et rompant ainsi avec les anciennes structures. Une connexion Internet et votre propre blog sont tout ce dont vous avez besoin pour publier des articles journalistiques soigneusement document\u00e9s destin\u00e9s au grand public. Les \u00e9diteurs de presse et les associations de journalisme \u00e9tablis ont des sentiments mitig\u00e9s face \u00e0 ces \u00e9volutions, mais sont impuissants face \u00e0 cette tendance, qui cr\u00e9e une source de revenus prometteuse pour les professionnels \u00e0 temps plein et \u00e0 temps partiel sans exp\u00e9rience pr\u00e9alable en journalisme. Divers m\u00e9dias profitent d\u00e9j\u00e0 de cette \u00e9volution et b\u00e9n\u00e9ficient du d\u00e9vouement des journalistes dits ind\u00e9pendants.<\/p>\t\t\t\t\t\t\t\t<\/div>\n\t\t\t\t<\/div>\n\t\t\t\t\t<\/div>\n\t\t<\/div>\n\t\t\t\t\t<\/div>\n\t\t<\/section>\n\t\t\t\t<section class=\"elementor-section elementor-top-section elementor-element elementor-element-45385ed elementor-section-stretched elementor-section-boxed elementor-section-height-default elementor-section-height-default\" data-id=\"45385ed\" data-element_type=\"section\" data-settings=\"{&quot;background_background&quot;:&quot;classic&quot;,&quot;stretch_section&quot;:&quot;section-stretched&quot;}\">\n\t\t\t\t\t\t<div class=\"elementor-container elementor-column-gap-default\">\n\t\t\t\t\t<div class=\"elementor-column elementor-col-100 elementor-top-column elementor-element elementor-element-282a88d\" data-id=\"282a88d\" data-element_type=\"column\">\n\t\t\t<div class=\"elementor-widget-wrap elementor-element-populated\">\n\t\t\t\t\t\t<div class=\"elementor-element elementor-element-8ac7334 elementor-widget elementor-widget-text-editor\" data-id=\"8ac7334\" data-element_type=\"widget\" data-widget_type=\"text-editor.default\">\n\t\t\t\t<div class=\"elementor-widget-container\">\n\t\t\t\t\t\t\t\t\t<p>Puisqu\u2019aucun journaliste n\u2019est omnipr\u00e9sent ni ne peut pr\u00e9dire certains \u00e9v\u00e9nements, les organisations m\u00e9diatiques s\u2019appuient sur des articles et des images de haute qualit\u00e9 cr\u00e9\u00e9s sur place et garantissent la diversit\u00e9 journalistique. De plus en plus de journaux et de magazines re\u00e7oivent donc du contenu de journalistes ind\u00e9pendants en plus de leur propre \u00e9quipe journalistique, et le revenu individuel de ces contributeurs n&#039;est pas \u00e0 d\u00e9daigner.<\/p><p>Chaque jour, des centaines d&#039;histoires et de photographies sont cr\u00e9\u00e9es par des journalistes ind\u00e9pendants et adapt\u00e9es pour la t\u00e9l\u00e9vision, les journaux et les portails en ligne en Am\u00e9rique et dans d&#039;autres pays. Des photos de haute qualit\u00e9 peuvent se vendre \u00e0 des prix \u00e0 trois, voire quatre chiffres, par exemple si les maisons d&#039;\u00e9dition les ach\u00e8tent exclusivement \u00e0 des journalistes ind\u00e9pendants. Les journalistes confirm\u00e9s consid\u00e8rent peut-\u00eatre cette nouvelle forme de travail journalistique comme inf\u00e9rieure, mais elle cr\u00e9e sans aucun doute une nouvelle niche dans le monde des m\u00e9dias modernes et aide les journalistes motiv\u00e9s et consciencieux \u00e0 gagner leur vie.<\/p>\t\t\t\t\t\t\t\t<\/div>\n\t\t\t\t<\/div>\n\t\t\t\t\t<\/div>\n\t\t<\/div>\n\t\t\t\t\t<\/div>\n\t\t<\/section>\n\t\t\t\t<\/div>","protected":false},"excerpt":{"rendered":"<p>https:\/\/youtu.be\/ZtQ5gZ2mjtA L&#039;Agence de Presse Europ\u00e9enne est la premi\u00e8re agence de presse d\u00e9di\u00e9e aux professionnels des m\u00e9dias v\u00e9ritablement ind\u00e9pendants : journalistes, reporters, influenceurs, animateurs de t\u00e9l\u00e9vision et de radio, podcasteurs et animateurs de cha\u00eenes Internet. Depuis le d\u00e9but du si\u00e8cle, le paysage m\u00e9diatique mondial est devenu plus d\u00e9mocratique, r\u00e9volutionnant le monde des m\u00e9dias et rompant ainsi avec les anciennes structures. \u2026 <a title=\"\u00c0 propos\" class=\"read-more\" href=\"https:\/\/eupa.uk\/fr\/about\/\" aria-label=\"En savoir plus sur About\">Lire la suite<\/a><\/p>","protected":false},"author":1,"featured_media":0,"parent":0,"menu_order":2,"comment_status":"closed","ping_status":"closed","template":"","meta":{"footnotes":""},"class_list":["post-41","page","type-page","status-publish"],"_links":{"self":[{"href":"https:\/\/eupa.uk\/fr\/wp-json\/wp\/v2\/pages\/41","targetHints":{"allow":["GET"]}}],"collection":[{"href":"https:\/\/eupa.uk\/fr\/wp-json\/wp\/v2\/pages"}],"about":[{"href":"https:\/\/eupa.uk\/fr\/wp-json\/wp\/v2\/types\/page"}],"author":[{"embeddable":true,"href":"https:\/\/eupa.uk\/fr\/wp-json\/wp\/v2\/users\/1"}],"replies":[{"embeddable":true,"href":"https:\/\/eupa.uk\/fr\/wp-json\/wp\/v2\/comments?post=41"}],"version-history":[{"count":0,"href":"https:\/\/eupa.uk\/fr\/wp-json\/wp\/v2\/pages\/41\/revisions"}],"wp:attachment":[{"href":"https:\/\/eupa.uk\/fr\/wp-json\/wp\/v2\/media?parent=41"}],"curies":[{"name":"wp","href":"https:\/\/api.w.org\/{rel}","templated":true}]}}