{"id":4906,"date":"2021-04-19T16:17:08","date_gmt":"2021-04-19T16:17:08","guid":{"rendered":"https:\/\/eupa.agency\/?page_id=4906"},"modified":"2021-04-22T11:51:19","modified_gmt":"2021-04-22T11:51:19","slug":"code-of-ethics","status":"publish","type":"page","link":"https:\/\/eupa.uk\/fr\/rules\/code-of-ethics\/","title":{"rendered":"Code d&#039;\u00e9thique"},"content":{"rendered":"<div data-elementor-type=\"wp-page\" data-elementor-id=\"4906\" class=\"elementor elementor-4906\" data-elementor-post-type=\"page\">\n\t\t\t\t\t\t<section class=\"elementor-section elementor-top-section elementor-element elementor-element-ad26532 elementor-section-boxed elementor-section-height-default elementor-section-height-default\" data-id=\"ad26532\" data-element_type=\"section\">\n\t\t\t\t\t\t<div class=\"elementor-container elementor-column-gap-default\">\n\t\t\t\t\t<div class=\"elementor-column elementor-col-100 elementor-top-column elementor-element elementor-element-2e0a5a5\" data-id=\"2e0a5a5\" data-element_type=\"column\">\n\t\t\t<div class=\"elementor-widget-wrap elementor-element-populated\">\n\t\t\t\t\t\t<div class=\"elementor-element elementor-element-08c3963 elementor-widget elementor-widget-text-editor\" data-id=\"08c3963\" data-element_type=\"widget\" data-widget_type=\"text-editor.default\">\n\t\t\t\t<div class=\"elementor-widget-container\">\n\t\t\t\t\t\t\t\t\t<h2>PR\u00c9AMBULE<\/h2>\n<p>Tous nos membres sont pri\u00e9s de lire, d&#039;approuver et d&#039;appliquer le code de d\u00e9ontologie de la SPJ (Society of Professional Journalism) dans l&#039;exercice de leurs activit\u00e9s. En tant que membre de la Soci\u00e9t\u00e9 des journalistes professionnels, l&#039;EUPA estime que \u00ab l&#039;\u00e9ducation du public est le pr\u00e9curseur de la justice et le fondement de la d\u00e9mocratie. Le journalisme \u00e9thique s\u2019efforce de garantir le libre \u00e9change d\u2019informations exactes, \u00e9quitables et approfondies. Un journaliste \u00e9thique agit avec int\u00e9grit\u00e9. La Soci\u00e9t\u00e9 d\u00e9clare ces quatre principes comme le fondement du journalisme \u00e9thique et encourage leur utilisation dans sa pratique par tous, dans tous les m\u00e9dias.<\/p>\t\t\t\t\t\t\t\t<\/div>\n\t\t\t\t<\/div>\n\t\t\t\t<div class=\"elementor-element elementor-element-c307109 elementor-widget elementor-widget-text-editor\" data-id=\"c307109\" data-element_type=\"widget\" data-widget_type=\"text-editor.default\">\n\t\t\t\t<div class=\"elementor-widget-container\">\n\t\t\t\t\t\t\t\t\t<h2>RECHERCHEZ LA V\u00c9RIT\u00c9 ET SIGNALEZ-LA<\/h2><p>Le journalisme \u00e9thique doit \u00eatre pr\u00e9cis et juste. Les journalistes doivent faire preuve d\u2019honn\u00eatet\u00e9 et de courage dans la collecte, le reportage et l\u2019interpr\u00e9tation des informations.<\/p><p><b>Les journalistes doivent\u00a0:<\/b><\/p><ul><li>Assumer la responsabilit\u00e9 de l\u2019exactitude de leur travail. V\u00e9rifiez les informations avant de les publier. Utilisez des sources originales autant que possible.<\/li><li>N&#039;oubliez pas que ni la vitesse ni le format n&#039;excusent l&#039;inexactitude.<\/li><li>Fournissez le contexte. Faites particuli\u00e8rement attention \u00e0 ne pas d\u00e9former ou simplifier \u00e0 l\u2019exc\u00e8s la promotion, la pr\u00e9visualisation ou le r\u00e9sum\u00e9 d\u2019une histoire.<\/li><li>Recueillir, mettre \u00e0 jour et corriger les informations tout au long de la dur\u00e9e d&#039;un reportage.<\/li><li>Soyez prudent lorsque vous faites des promesses, mais tenez les promesses qu\u2019ils font.<\/li><li>Identifiez clairement les sources. Le public a droit \u00e0 autant d\u2019informations que possible pour juger de la fiabilit\u00e9 et des motivations des sources.<\/li><li>Examinez les motivations des sources avant de promettre l&#039;anonymat. R\u00e9servez l\u2019anonymat aux sources susceptibles d\u2019\u00eatre confront\u00e9es \u00e0 un danger, \u00e0 des repr\u00e9sailles ou \u00e0 d\u2019autres pr\u00e9judices, et qui disposent d\u2019informations qui ne peuvent \u00eatre obtenues ailleurs. Expliquez pourquoi l&#039;anonymat a \u00e9t\u00e9 accord\u00e9.<\/li><li>Rechercher avec diligence des sujets de couverture m\u00e9diatique pour leur permettre de r\u00e9pondre aux critiques ou aux all\u00e9gations d&#039;actes r\u00e9pr\u00e9hensibles.<\/li><li>\u00c9vitez les m\u00e9thodes d&#039;infiltration ou autres m\u00e9thodes clandestines de collecte d&#039;informations, \u00e0 moins que les m\u00e9thodes traditionnelles et ouvertes ne fournissent pas d&#039;informations vitales pour le public.<\/li><li>Soyez vigilant et courageux lorsque vous demandez des comptes \u00e0 ceux qui d\u00e9tiennent le pouvoir. Donnez la parole aux sans-voix.<\/li><li>Soutenir l\u2019\u00e9change de vues ouvert et civil, m\u00eame les points de vue qu\u2019ils trouvent r\u00e9pugnants.<\/li><li>Reconna\u00eetre une obligation particuli\u00e8re de servir de chien de garde sur les affaires publiques et le gouvernement. Veiller \u00e0 ce que les affaires publiques soient men\u00e9es ouvertement et que les archives publiques soient ouvertes \u00e0 tous.<\/li><li>Donner acc\u00e8s au mat\u00e9riel source lorsque cela est pertinent et appropri\u00e9.<\/li><li>Racontez avec audace l\u2019histoire de la diversit\u00e9 et de l\u2019ampleur de l\u2019exp\u00e9rience humaine. Recherchez des sources dont nous entendons rarement les voix.<\/li><li>\u00c9vitez les st\u00e9r\u00e9otypes. Les journalistes devraient examiner la mani\u00e8re dont leurs valeurs et leurs exp\u00e9riences peuvent fa\u00e7onner leurs reportages.<\/li><li>Plaidoyer et commentaires sur les \u00e9tiquettes.<\/li><li>Ne d\u00e9formez jamais d\u00e9lib\u00e9r\u00e9ment les faits ou le contexte, y compris les informations visuelles. \u00c9tiquetez clairement les illustrations et les reconstitutions.<\/li><li>Ne plagiez jamais. Attribuez toujours.<\/li><\/ul>\t\t\t\t\t\t\t\t<\/div>\n\t\t\t\t<\/div>\n\t\t\t\t<div class=\"elementor-element elementor-element-a1ab6da elementor-widget elementor-widget-text-editor\" data-id=\"a1ab6da\" data-element_type=\"widget\" data-widget_type=\"text-editor.default\">\n\t\t\t\t<div class=\"elementor-widget-container\">\n\t\t\t\t\t\t\t\t\t<h2>MINIMISER LES DOMMAGES<\/h2><p>Le journalisme \u00e9thique traite les sources, les sujets, les coll\u00e8gues et les membres du public comme des \u00eatres humains m\u00e9ritant le respect.<\/p><p><b>Les journalistes doivent\u00a0:<\/b><\/p><ul><li>\u00c9quilibrez le besoin d&#039;information du public et le pr\u00e9judice ou l&#039;inconfort potentiel. La poursuite de l\u2019information n\u2019autorise pas l\u2019arrogance ou l\u2019intrusion injustifi\u00e9e.<\/li><li>Faites preuve de compassion envers ceux qui pourraient \u00eatre affect\u00e9s par la couverture m\u00e9diatique. Faites preuve d\u2019une sensibilit\u00e9 accrue lorsque vous traitez avec des mineurs, des victimes de crimes sexuels et des sources ou sujets inexp\u00e9riment\u00e9s ou incapables de donner leur consentement. Tenez compte des diff\u00e9rences culturelles dans l\u2019approche et le traitement.<\/li><li>Reconna\u00eetre que l\u2019acc\u00e8s l\u00e9gal \u00e0 l\u2019information diff\u00e8re d\u2019une justification \u00e9thique de publication ou de diffusion.<\/li><li>R\u00e9alisez que les particuliers ont un plus grand droit de contr\u00f4ler les informations les concernant que les personnalit\u00e9s publiques et autres qui recherchent le pouvoir, l\u2019influence ou l\u2019attention. \u00c9valuez les cons\u00e9quences de la publication ou de la diffusion d\u2019informations personnelles.<\/li><li>\u00c9vitez de vous plier \u00e0 une curiosit\u00e9 sinistre, m\u00eame si les autres le font.<\/li><li>\u00c9quilibrez le droit d\u2019un suspect \u00e0 un proc\u00e8s \u00e9quitable avec le droit du public \u00e0 l\u2019information. Consid\u00e9rez les implications de l\u2019identification des suspects criminels avant qu\u2019ils ne fassent l\u2019objet d\u2019accusations judiciaires.<\/li><li>Consid\u00e9rez les implications \u00e0 long terme de la port\u00e9e \u00e9tendue et de la permanence de la publication. Fournissez des informations mises \u00e0 jour et plus compl\u00e8tes, le cas \u00e9ch\u00e9ant.<\/li><\/ul>\t\t\t\t\t\t\t\t<\/div>\n\t\t\t\t<\/div>\n\t\t\t\t<div class=\"elementor-element elementor-element-18d8f37 elementor-widget elementor-widget-text-editor\" data-id=\"18d8f37\" data-element_type=\"widget\" data-widget_type=\"text-editor.default\">\n\t\t\t\t<div class=\"elementor-widget-container\">\n\t\t\t\t\t\t\t\t\t<h2>AGIR DE MANI\u00c8RE IND\u00c9PENDANTE<\/h2><p>L\u2019obligation la plus \u00e9lev\u00e9e et la plus importante du journalisme \u00e9thique est de servir le public.<\/p><p><b>Les journalistes doivent\u00a0:<\/b><\/p><ul><li>\u00c9vitez les conflits d\u2019int\u00e9r\u00eats, r\u00e9els ou per\u00e7us. Divulguez les conflits in\u00e9vitables.<\/li><li>Refusez les cadeaux, faveurs, honoraires, voyages gratuits et traitements sp\u00e9ciaux, et \u00e9vitez les activit\u00e9s politiques et autres activit\u00e9s ext\u00e9rieures susceptibles de compromettre l&#039;int\u00e9grit\u00e9 ou l&#039;impartialit\u00e9, ou de nuire \u00e0 la cr\u00e9dibilit\u00e9.<\/li><li>M\u00e9fiez-vous des sources offrant des informations contre des faveurs ou de l\u2019argent\u00a0; ne payez pas pour acc\u00e9der aux informations. Identifiez le contenu fourni par des sources externes, qu\u2019il soit payant ou non.<\/li><li>Refusez tout traitement de faveur accord\u00e9 aux annonceurs, aux donateurs ou \u00e0 tout autre int\u00e9r\u00eat particulier, et r\u00e9sistez aux pressions internes et externes visant \u00e0 influencer la couverture m\u00e9diatique.<\/li><li>Distinguez l\u2019actualit\u00e9 de la publicit\u00e9 et \u00e9vitez les hybrides qui brouillent les fronti\u00e8res entre les deux. \u00c9tiquetez bien en \u00e9vidence le contenu sponsoris\u00e9.<\/li><\/ul>\t\t\t\t\t\t\t\t<\/div>\n\t\t\t\t<\/div>\n\t\t\t\t<div class=\"elementor-element elementor-element-29850be elementor-widget elementor-widget-text-editor\" data-id=\"29850be\" data-element_type=\"widget\" data-widget_type=\"text-editor.default\">\n\t\t\t\t<div class=\"elementor-widget-container\">\n\t\t\t\t\t\t\t\t\t<h2>\u00caTRE RESPONSABLE ET TRANSPARENT<\/h2><p>Le journalisme \u00e9thique signifie assumer la responsabilit\u00e9 de son travail et expliquer ses d\u00e9cisions au public.<\/p><p><b>Les journalistes doivent\u00a0:<\/b><\/p><ul><li>Expliquer les choix et les processus \u00e9thiques au public. Encourager un dialogue civil avec le public sur les pratiques journalistiques, la couverture m\u00e9diatique et le contenu de l\u2019actualit\u00e9.<\/li><li>R\u00e9pondez rapidement aux questions sur l\u2019exactitude, la clart\u00e9 et l\u2019\u00e9quit\u00e9.<\/li><li>Reconnaissez les erreurs et corrigez-les rapidement et de mani\u00e8re visible. Expliquez les corrections et les clarifications avec soin et clart\u00e9.<\/li><li>D\u00e9noncer les comportements contraires \u00e0 l\u2019\u00e9thique dans le journalisme, y compris au sein de leurs organisations.<\/li><li>Respectez les m\u00eames normes \u00e9lev\u00e9es qu\u2019ils attendent des autres.<\/li><\/ul>\t\t\t\t\t\t\t\t<\/div>\n\t\t\t\t<\/div>\n\t\t\t\t<div class=\"elementor-element elementor-element-8d4655b elementor-widget-divider--view-line_text elementor-widget-divider--element-align-center elementor-widget elementor-widget-divider\" data-id=\"8d4655b\" data-element_type=\"widget\" data-widget_type=\"divider.default\">\n\t\t\t\t<div class=\"elementor-widget-container\">\n\t\t\t\t\t\t\t<div class=\"elementor-divider\">\n\t\t\t<span class=\"elementor-divider-separator\">\n\t\t\t\t\t\t\t<span class=\"elementor-divider__text elementor-divider__element\">\n\t\t\t\tSource : https:\/\/www.spj.org\/ethicscode.asp\t\t\t\t<\/span>\n\t\t\t\t\t\t<\/span>\n\t\t<\/div>\n\t\t\t\t\t\t<\/div>\n\t\t\t\t<\/div>\n\t\t\t\t\t<\/div>\n\t\t<\/div>\n\t\t\t\t\t<\/div>\n\t\t<\/section>\n\t\t\t\t<\/div>","protected":false},"excerpt":{"rendered":"<p>PR\u00c9AMBULE Tous nos membres sont pri\u00e9s de lire, d&#039;approuver et d&#039;appliquer le code de d\u00e9ontologie de la SPJ (Society of Professional Journalism) dans l&#039;exercice de leurs activit\u00e9s. En tant que membre de la Soci\u00e9t\u00e9 des journalistes professionnels, l&#039;EUPA estime que \u00ab l&#039;\u00e9ducation du public est le pr\u00e9curseur de la justice et le fondement de la d\u00e9mocratie. Le journalisme \u00e9thique s\u2019efforce de garantir\u2026 <a title=\"Code d&#039;\u00e9thique\" class=\"read-more\" href=\"https:\/\/eupa.uk\/fr\/rules\/code-of-ethics\/\" aria-label=\"En savoir plus sur Code of Ethics\">Lire la suite<\/a><\/p>","protected":false},"author":1,"featured_media":0,"parent":3062,"menu_order":1,"comment_status":"closed","ping_status":"closed","template":"","meta":{"footnotes":""},"class_list":["post-4906","page","type-page","status-publish"],"_links":{"self":[{"href":"https:\/\/eupa.uk\/fr\/wp-json\/wp\/v2\/pages\/4906","targetHints":{"allow":["GET"]}}],"collection":[{"href":"https:\/\/eupa.uk\/fr\/wp-json\/wp\/v2\/pages"}],"about":[{"href":"https:\/\/eupa.uk\/fr\/wp-json\/wp\/v2\/types\/page"}],"author":[{"embeddable":true,"href":"https:\/\/eupa.uk\/fr\/wp-json\/wp\/v2\/users\/1"}],"replies":[{"embeddable":true,"href":"https:\/\/eupa.uk\/fr\/wp-json\/wp\/v2\/comments?post=4906"}],"version-history":[{"count":0,"href":"https:\/\/eupa.uk\/fr\/wp-json\/wp\/v2\/pages\/4906\/revisions"}],"up":[{"embeddable":true,"href":"https:\/\/eupa.uk\/fr\/wp-json\/wp\/v2\/pages\/3062"}],"wp:attachment":[{"href":"https:\/\/eupa.uk\/fr\/wp-json\/wp\/v2\/media?parent=4906"}],"curies":[{"name":"wp","href":"https:\/\/api.w.org\/{rel}","templated":true}]}}