{"id":4914,"date":"2021-04-19T16:20:07","date_gmt":"2021-04-19T16:20:07","guid":{"rendered":"https:\/\/eupa.agency\/?page_id=4914"},"modified":"2022-03-10T11:23:31","modified_gmt":"2022-03-10T11:23:31","slug":"edition","status":"publish","type":"page","link":"https:\/\/eupa.uk\/fr\/rules\/edition\/","title":{"rendered":"\u00c9dition"},"content":{"rendered":"<div data-elementor-type=\"wp-page\" data-elementor-id=\"4914\" class=\"elementor elementor-4914\" data-elementor-post-type=\"page\">\n\t\t\t\t\t\t<section class=\"elementor-section elementor-top-section elementor-element elementor-element-ad26532 elementor-section-boxed elementor-section-height-default elementor-section-height-default\" data-id=\"ad26532\" data-element_type=\"section\">\n\t\t\t\t\t\t<div class=\"elementor-container elementor-column-gap-default\">\n\t\t\t\t\t<div class=\"elementor-column elementor-col-100 elementor-top-column elementor-element elementor-element-2e0a5a5\" data-id=\"2e0a5a5\" data-element_type=\"column\">\n\t\t\t<div class=\"elementor-widget-wrap elementor-element-populated\">\n\t\t\t\t\t\t<div class=\"elementor-element elementor-element-29850be elementor-widget elementor-widget-text-editor\" data-id=\"29850be\" data-element_type=\"widget\" data-widget_type=\"text-editor.default\">\n\t\t\t\t<div class=\"elementor-widget-container\">\n\t\t\t\t\t\t\t\t\t<p>L&#039;EUPA offre \u00e0 ses membres la possibilit\u00e9 de publier et de vendre leurs travaux en utilisant un processus simple et rapide, via sa plateforme de contenu d\u00e9di\u00e9e\u00a0: <a href=\"https:\/\/www.eupa.store\" target=\"_blank\" rel=\"noopener\">WWW.EUPA.STORE<\/a><\/p><p>Le syst\u00e8me \u00e9ditorial est facile \u00e0 utiliser et ne n\u00e9cessite pas de comp\u00e9tences particuli\u00e8res en programmation : des connaissances informatiques de base et une connexion Internet suffisent. Il vous permet de t\u00e9l\u00e9charger des photos, des vid\u00e9os et des textes.<\/p><p>La plateforme peut m\u00eame \u00eatre connect\u00e9e \u00e0 notre application, permettant \u00e0 tout titulaire de compte membre de l&#039;EUPA d&#039;assister et de diffuser des \u00e9v\u00e9nements en mode direct et de gagner de l&#039;argent pour cela. Gr\u00e2ce \u00e0 ses membres r\u00e9partis dans le monde entier, l\u2019EUPA assure une couverture m\u00e9diatique et presse internationale.<\/p><p><strong>Tous les avantages du syst\u00e8me \u00e9ditorial en un coup d&#039;\u0153il :<\/strong><\/p><ul><li>Documentation de tout votre travail journalistique<\/li><li>Diverses sources de revenus imm\u00e9diats (commercialisation de contenu et couverture d&#039;\u00e9v\u00e9nements)<\/li><li>Preuve de publication, utile pour les processus de recherche et d&#039;accr\u00e9ditation approfondis<\/li><li>Opportunit\u00e9s de commercialisation<\/li><\/ul>\t\t\t\t\t\t\t\t<\/div>\n\t\t\t\t<\/div>\n\t\t\t\t\t<\/div>\n\t\t<\/div>\n\t\t\t\t\t<\/div>\n\t\t<\/section>\n\t\t\t\t<\/div>","protected":false},"excerpt":{"rendered":"<p>L&#039;EUPA offre \u00e0 ses membres la possibilit\u00e9 de publier et de vendre leurs travaux en utilisant un processus simple et rapide, via sa plateforme de contenu d\u00e9di\u00e9e : WWW.EUPA.STORE. Le syst\u00e8me \u00e9ditorial est facile \u00e0 utiliser et ne n\u00e9cessite pas de comp\u00e9tences particuli\u00e8res en programmation \u2013 connaissances informatiques de base et une connexion Internet suffit. Cela vous permet de\u2026 <a title=\"\u00c9dition\" class=\"read-more\" href=\"https:\/\/eupa.uk\/fr\/rules\/edition\/\" aria-label=\"En savoir plus sur Edition\">Lire la suite<\/a><\/p>","protected":false},"author":1,"featured_media":0,"parent":3062,"menu_order":2,"comment_status":"closed","ping_status":"closed","template":"","meta":{"footnotes":""},"class_list":["post-4914","page","type-page","status-publish"],"_links":{"self":[{"href":"https:\/\/eupa.uk\/fr\/wp-json\/wp\/v2\/pages\/4914","targetHints":{"allow":["GET"]}}],"collection":[{"href":"https:\/\/eupa.uk\/fr\/wp-json\/wp\/v2\/pages"}],"about":[{"href":"https:\/\/eupa.uk\/fr\/wp-json\/wp\/v2\/types\/page"}],"author":[{"embeddable":true,"href":"https:\/\/eupa.uk\/fr\/wp-json\/wp\/v2\/users\/1"}],"replies":[{"embeddable":true,"href":"https:\/\/eupa.uk\/fr\/wp-json\/wp\/v2\/comments?post=4914"}],"version-history":[{"count":0,"href":"https:\/\/eupa.uk\/fr\/wp-json\/wp\/v2\/pages\/4914\/revisions"}],"up":[{"embeddable":true,"href":"https:\/\/eupa.uk\/fr\/wp-json\/wp\/v2\/pages\/3062"}],"wp:attachment":[{"href":"https:\/\/eupa.uk\/fr\/wp-json\/wp\/v2\/media?parent=4914"}],"curies":[{"name":"wp","href":"https:\/\/api.w.org\/{rel}","templated":true}]}}