{"id":505,"date":"2020-05-07T16:51:10","date_gmt":"2020-05-07T16:51:10","guid":{"rendered":"https:\/\/new.deschenaux.me\/?page_id=505"},"modified":"2021-04-04T15:35:24","modified_gmt":"2021-04-04T15:35:24","slug":"partners","status":"publish","type":"page","link":"https:\/\/eupa.uk\/fr\/partners\/","title":{"rendered":"Les partenaires"},"content":{"rendered":"<div data-elementor-type=\"wp-page\" data-elementor-id=\"505\" class=\"elementor elementor-505\" data-elementor-post-type=\"page\">\n\t\t\t\t\t\t<section class=\"elementor-section elementor-top-section elementor-element elementor-element-95b0225 elementor-section-stretched elementor-section-boxed elementor-section-height-default elementor-section-height-default\" data-id=\"95b0225\" data-element_type=\"section\" data-settings=\"{&quot;stretch_section&quot;:&quot;section-stretched&quot;}\">\n\t\t\t\t\t\t<div class=\"elementor-container elementor-column-gap-default\">\n\t\t\t\t\t<div class=\"elementor-column elementor-col-100 elementor-top-column elementor-element elementor-element-dc13cb4\" data-id=\"dc13cb4\" data-element_type=\"column\" data-settings=\"{&quot;background_background&quot;:&quot;classic&quot;}\">\n\t\t\t<div class=\"elementor-widget-wrap elementor-element-populated\">\n\t\t\t\t\t\t<div class=\"elementor-element elementor-element-72f5ab0 elementor-posts__hover-none elementor-grid-4 elementor-grid-tablet-2 elementor-grid-mobile-1 elementor-posts--thumbnail-top elementor-widget elementor-widget-posts\" data-id=\"72f5ab0\" data-element_type=\"widget\" data-settings=\"{&quot;cards_row_gap&quot;:{&quot;unit&quot;:&quot;px&quot;,&quot;size&quot;:15,&quot;sizes&quot;:[]},&quot;cards_columns&quot;:&quot;4&quot;,&quot;cards_columns_tablet&quot;:&quot;2&quot;,&quot;cards_columns_mobile&quot;:&quot;1&quot;,&quot;cards_row_gap_tablet&quot;:{&quot;unit&quot;:&quot;px&quot;,&quot;size&quot;:&quot;&quot;,&quot;sizes&quot;:[]},&quot;cards_row_gap_mobile&quot;:{&quot;unit&quot;:&quot;px&quot;,&quot;size&quot;:&quot;&quot;,&quot;sizes&quot;:[]}}\" data-widget_type=\"posts.cards\">\n\t\t\t\t<div class=\"elementor-widget-container\">\n\t\t\t\t\t\t\t<div class=\"elementor-posts-container elementor-posts elementor-posts--skin-cards elementor-grid\" role=\"list\">\n\t\t\t\t<article class=\"elementor-post elementor-grid-item post-4539 post type-post status-publish format-standard has-post-thumbnail hentry category-partners\" role=\"listitem\">\n\t\t\t<div class=\"elementor-post__card\">\n\t\t\t\t<a class=\"elementor-post__thumbnail__link\" href=\"https:\/\/eupa.uk\/fr\/partners\/wild-news\/\" tabindex=\"-1\" ><div class=\"elementor-post__thumbnail\"><img fetchpriority=\"high\" decoding=\"async\" width=\"600\" height=\"350\" src=\"https:\/\/b2281902.smushcdn.com\/2281902\/wp-content\/uploads\/wildnews-logo.jpg?lossy=1&strip=1&webp=1\" class=\"attachment-large size-large wp-image-4542\" alt=\"\" srcset=\"https:\/\/b2281902.smushcdn.com\/2281902\/wp-content\/uploads\/wildnews-logo.jpg?lossy=1&strip=1&webp=1 600w, https:\/\/b2281902.smushcdn.com\/2281902\/wp-content\/uploads\/wildnews-logo-300x175.jpg?lossy=1&strip=1&webp=1 300w, https:\/\/b2281902.smushcdn.com\/2281902\/wp-content\/uploads\/wildnews-logo-16x9.jpg?lossy=1&strip=1&webp=1 16w, https:\/\/b2281902.smushcdn.com\/2281902\/wp-content\/uploads\/wildnews-logo.jpg?size=240x140&lossy=1&strip=1&webp=1 240w, https:\/\/b2281902.smushcdn.com\/2281902\/wp-content\/uploads\/wildnews-logo.jpg?size=480x280&lossy=1&strip=1&webp=1 480w\" sizes=\"(max-width: 600px) 100vw, 600px\" \/><\/div><\/a>\n\t\t\t\t<div class=\"elementor-post__text\">\n\t\t\t\t<h3 class=\"elementor-post__title\">\n\t\t\t<a href=\"https:\/\/eupa.uk\/fr\/partners\/wild-news\/\" >\n\t\t\t\tNouvelles sauvages\t\t\t<\/a>\n\t\t<\/h3>\n\t\t\t\t<div class=\"elementor-post__excerpt\">\n\t\t\t<p>Wild News est une nouvelle entreprise extr\u00eamement innovante avec une r\u00e9putation internationalement reconnue dans les domaines<\/p>\n\t\t<\/div>\n\t\t\n\t\t<a class=\"elementor-post__read-more\" href=\"https:\/\/eupa.uk\/fr\/partners\/wild-news\/\" aria-label=\"En savoir plus sur Wild News\" tabindex=\"-1\" >\n\t\t\tEn savoir plus &quot;\t\t<\/a>\n\n\t\t\t\t<\/div>\n\t\t\t\t\t<\/div>\n\t\t<\/article>\n\t\t\t\t<article class=\"elementor-post elementor-grid-item post-1056 post type-post status-publish format-standard has-post-thumbnail hentry category-partners\" role=\"listitem\">\n\t\t\t<div class=\"elementor-post__card\">\n\t\t\t\t<a class=\"elementor-post__thumbnail__link\" href=\"https:\/\/eupa.uk\/fr\/partners\/swiss-financiers\/\" tabindex=\"-1\" ><div class=\"elementor-post__thumbnail\"><img decoding=\"async\" width=\"600\" height=\"350\" data-src=\"https:\/\/b2281902.smushcdn.com\/2281902\/wp-content\/uploads\/sw-logo.jpg?lossy=1&strip=1&webp=1\" class=\"attachment-large size-large wp-image-3585 lazyload\" alt=\"\" data-srcset=\"https:\/\/b2281902.smushcdn.com\/2281902\/wp-content\/uploads\/sw-logo.jpg?lossy=1&strip=1&webp=1 600w, https:\/\/b2281902.smushcdn.com\/2281902\/wp-content\/uploads\/sw-logo-300x175.jpg?lossy=1&strip=1&webp=1 300w, https:\/\/b2281902.smushcdn.com\/2281902\/wp-content\/uploads\/sw-logo-16x9.jpg?lossy=1&strip=1&webp=1 16w, https:\/\/b2281902.smushcdn.com\/2281902\/wp-content\/uploads\/sw-logo.jpg?size=240x140&lossy=1&strip=1&webp=1 240w, https:\/\/b2281902.smushcdn.com\/2281902\/wp-content\/uploads\/sw-logo.jpg?size=480x280&lossy=1&strip=1&webp=1 480w\" data-sizes=\"(max-width: 600px) 100vw, 600px\" src=\"data:image\/svg+xml;base64,PHN2ZyB3aWR0aD0iMSIgaGVpZ2h0PSIxIiB4bWxucz0iaHR0cDovL3d3dy53My5vcmcvMjAwMC9zdmciPjwvc3ZnPg==\" style=\"--smush-placeholder-width: 600px; --smush-placeholder-aspect-ratio: 600\/350;\" \/><\/div><\/a>\n\t\t\t\t<div class=\"elementor-post__text\">\n\t\t\t\t<h3 class=\"elementor-post__title\">\n\t\t\t<a href=\"https:\/\/eupa.uk\/fr\/partners\/swiss-financiers\/\" >\n\t\t\t\tFinanciers suisses\t\t\t<\/a>\n\t\t<\/h3>\n\t\t\t\t<div class=\"elementor-post__excerpt\">\n\t\t\t<p>L&#039;\u00e9quipe Swiss Financiers a fait ses preuves en mati\u00e8re d&#039;introduction en bourse d&#039;entreprises, garantissant ainsi une gestion transparente et relutive.<\/p>\n\t\t<\/div>\n\t\t\n\t\t<a class=\"elementor-post__read-more\" href=\"https:\/\/eupa.uk\/fr\/partners\/swiss-financiers\/\" aria-label=\"En savoir plus sur Swiss Financiers\" tabindex=\"-1\" >\n\t\t\tEn savoir plus &quot;\t\t<\/a>\n\n\t\t\t\t<\/div>\n\t\t\t\t\t<\/div>\n\t\t<\/article>\n\t\t\t\t<article class=\"elementor-post elementor-grid-item post-1055 post type-post status-publish format-standard has-post-thumbnail hentry category-partners\" role=\"listitem\">\n\t\t\t<div class=\"elementor-post__card\">\n\t\t\t\t<a class=\"elementor-post__thumbnail__link\" href=\"https:\/\/eupa.uk\/fr\/partners\/ghd-greenberg-hornblower-deschenaux-partners-llp\/\" tabindex=\"-1\" ><div class=\"elementor-post__thumbnail\"><img decoding=\"async\" width=\"957\" height=\"350\" data-src=\"https:\/\/b2281902.smushcdn.com\/2281902\/wp-content\/uploads\/ghd-logo.jpg?lossy=1&strip=1&webp=1\" class=\"attachment-large size-large wp-image-3798 lazyload\" alt=\"\" data-srcset=\"https:\/\/b2281902.smushcdn.com\/2281902\/wp-content\/uploads\/ghd-logo.jpg?lossy=1&strip=1&webp=1 957w, https:\/\/b2281902.smushcdn.com\/2281902\/wp-content\/uploads\/ghd-logo-300x110.jpg?lossy=1&strip=1&webp=1 300w, https:\/\/b2281902.smushcdn.com\/2281902\/wp-content\/uploads\/ghd-logo-768x281.jpg?lossy=1&strip=1&webp=1 768w, https:\/\/b2281902.smushcdn.com\/2281902\/wp-content\/uploads\/ghd-logo-16x6.jpg?lossy=1&strip=1&webp=1 16w, https:\/\/b2281902.smushcdn.com\/2281902\/wp-content\/uploads\/ghd-logo.jpg?size=240x88&lossy=1&strip=1&webp=1 240w, https:\/\/b2281902.smushcdn.com\/2281902\/wp-content\/uploads\/ghd-logo.jpg?size=480x176&lossy=1&strip=1&webp=1 480w\" data-sizes=\"(max-width: 957px) 100vw, 957px\" src=\"data:image\/svg+xml;base64,PHN2ZyB3aWR0aD0iMSIgaGVpZ2h0PSIxIiB4bWxucz0iaHR0cDovL3d3dy53My5vcmcvMjAwMC9zdmciPjwvc3ZnPg==\" style=\"--smush-placeholder-width: 957px; --smush-placeholder-aspect-ratio: 957\/350;\" \/><\/div><\/a>\n\t\t\t\t<div class=\"elementor-post__text\">\n\t\t\t\t<h3 class=\"elementor-post__title\">\n\t\t\t<a href=\"https:\/\/eupa.uk\/fr\/partners\/ghd-greenberg-hornblower-deschenaux-partners-llp\/\" >\n\t\t\t\tGHD Greenberg Hornblower Deschenaux &amp; Associ\u00e9s LLP\t\t\t<\/a>\n\t\t<\/h3>\n\t\t\t\t<div class=\"elementor-post__excerpt\">\n\t\t\t<p>Des juristes financiers internationaux qui estiment que se lancer dans un proc\u00e8s est d\u00e9j\u00e0 un \u00e9chec. SOUFFLEUR DE COR GREENBERG DESCHENAUX &amp; PARTENAIRES<\/p>\n\t\t<\/div>\n\t\t\n\t\t<a class=\"elementor-post__read-more\" href=\"https:\/\/eupa.uk\/fr\/partners\/ghd-greenberg-hornblower-deschenaux-partners-llp\/\" aria-label=\"En savoir plus sur GHD Greenberg Hornblower Deschenaux &amp; Partners LLP\" tabindex=\"-1\" >\n\t\t\tEn savoir plus &quot;\t\t<\/a>\n\n\t\t\t\t<\/div>\n\t\t\t\t\t<\/div>\n\t\t<\/article>\n\t\t\t\t<article class=\"elementor-post elementor-grid-item post-1046 post type-post status-publish format-standard has-post-thumbnail hentry category-partners\" role=\"listitem\">\n\t\t\t<div class=\"elementor-post__card\">\n\t\t\t\t<a class=\"elementor-post__thumbnail__link\" href=\"https:\/\/eupa.uk\/fr\/partners\/dionysos-entertainment\/\" tabindex=\"-1\" ><div class=\"elementor-post__thumbnail\"><img decoding=\"async\" width=\"600\" height=\"338\" data-src=\"https:\/\/b2281902.smushcdn.com\/2281902\/wp-content\/uploads\/dionysosentertainment-logo.jpg?lossy=1&strip=1&webp=1\" class=\"attachment-large size-large wp-image-3571 lazyload\" alt=\"\" data-srcset=\"https:\/\/b2281902.smushcdn.com\/2281902\/wp-content\/uploads\/dionysosentertainment-logo.jpg?lossy=1&strip=1&webp=1 600w, https:\/\/b2281902.smushcdn.com\/2281902\/wp-content\/uploads\/dionysosentertainment-logo-300x169.jpg?lossy=1&strip=1&webp=1 300w, https:\/\/b2281902.smushcdn.com\/2281902\/wp-content\/uploads\/dionysosentertainment-logo-16x9.jpg?lossy=1&strip=1&webp=1 16w, https:\/\/b2281902.smushcdn.com\/2281902\/wp-content\/uploads\/dionysosentertainment-logo.jpg?size=240x135&lossy=1&strip=1&webp=1 240w, https:\/\/b2281902.smushcdn.com\/2281902\/wp-content\/uploads\/dionysosentertainment-logo.jpg?size=480x270&lossy=1&strip=1&webp=1 480w\" data-sizes=\"(max-width: 600px) 100vw, 600px\" src=\"data:image\/svg+xml;base64,PHN2ZyB3aWR0aD0iMSIgaGVpZ2h0PSIxIiB4bWxucz0iaHR0cDovL3d3dy53My5vcmcvMjAwMC9zdmciPjwvc3ZnPg==\" style=\"--smush-placeholder-width: 600px; --smush-placeholder-aspect-ratio: 600\/338;\" \/><\/div><\/a>\n\t\t\t\t<div class=\"elementor-post__text\">\n\t\t\t\t<h3 class=\"elementor-post__title\">\n\t\t\t<a href=\"https:\/\/eupa.uk\/fr\/partners\/dionysos-entertainment\/\" >\n\t\t\t\tDionysos Divertissement\t\t\t<\/a>\n\t\t<\/h3>\n\t\t\t\t<div class=\"elementor-post__excerpt\">\n\t\t\t<p>Dionysos Entertainment Inc. est une soci\u00e9t\u00e9 de production de films, de s\u00e9ries t\u00e9l\u00e9vis\u00e9es, de documentaires, de musique, de th\u00e9\u00e2tre, de concerts, de festivals et d&#039;\u00e9v\u00e9nements.<\/p>\n\t\t<\/div>\n\t\t\n\t\t<a class=\"elementor-post__read-more\" href=\"https:\/\/eupa.uk\/fr\/partners\/dionysos-entertainment\/\" aria-label=\"En savoir plus sur Dionysos Entertainment\" tabindex=\"-1\" >\n\t\t\tEn savoir plus &quot;\t\t<\/a>\n\n\t\t\t\t<\/div>\n\t\t\t\t\t<\/div>\n\t\t<\/article>\n\t\t\t\t<\/div>\n\t\t\n\t\t\t\t\t\t<\/div>\n\t\t\t\t<\/div>\n\t\t\t\t\t<\/div>\n\t\t<\/div>\n\t\t\t\t\t<\/div>\n\t\t<\/section>\n\t\t\t\t<\/div>","protected":false},"excerpt":{"rendered":"","protected":false},"author":1,"featured_media":0,"parent":0,"menu_order":25,"comment_status":"closed","ping_status":"closed","template":"","meta":{"footnotes":""},"class_list":["post-505","page","type-page","status-publish","hentry"],"_links":{"self":[{"href":"https:\/\/eupa.uk\/fr\/wp-json\/wp\/v2\/pages\/505","targetHints":{"allow":["GET"]}}],"collection":[{"href":"https:\/\/eupa.uk\/fr\/wp-json\/wp\/v2\/pages"}],"about":[{"href":"https:\/\/eupa.uk\/fr\/wp-json\/wp\/v2\/types\/page"}],"author":[{"embeddable":true,"href":"https:\/\/eupa.uk\/fr\/wp-json\/wp\/v2\/users\/1"}],"replies":[{"embeddable":true,"href":"https:\/\/eupa.uk\/fr\/wp-json\/wp\/v2\/comments?post=505"}],"version-history":[{"count":0,"href":"https:\/\/eupa.uk\/fr\/wp-json\/wp\/v2\/pages\/505\/revisions"}],"wp:attachment":[{"href":"https:\/\/eupa.uk\/fr\/wp-json\/wp\/v2\/media?parent=505"}],"curies":[{"name":"wp","href":"https:\/\/api.w.org\/{rel}","templated":true}]}}