{"id":2370,"date":"2020-05-10T21:49:25","date_gmt":"2020-05-10T21:49:25","guid":{"rendered":"https:\/\/new.deschenaux.me\/?page_id=2370"},"modified":"2020-05-19T20:13:22","modified_gmt":"2020-05-19T20:13:22","slug":"disclaimer","status":"publish","type":"page","link":"https:\/\/eupa.uk\/pt\/disclaimer\/","title":{"rendered":"Isen\u00e7\u00e3o de responsabilidade"},"content":{"rendered":"<div data-elementor-type=\"wp-page\" data-elementor-id=\"2370\" class=\"elementor elementor-2370\" data-elementor-post-type=\"page\">\n\t\t\t\t\t\t<section class=\"elementor-section elementor-top-section elementor-element elementor-element-ae93913 elementor-section-boxed elementor-section-height-default elementor-section-height-default\" data-id=\"ae93913\" data-element_type=\"section\">\n\t\t\t\t\t\t<div class=\"elementor-container elementor-column-gap-default\">\n\t\t\t\t\t<div class=\"elementor-column elementor-col-100 elementor-top-column elementor-element elementor-element-8de4f6d\" data-id=\"8de4f6d\" data-element_type=\"column\">\n\t\t\t<div class=\"elementor-widget-wrap elementor-element-populated\">\n\t\t\t\t\t\t<div class=\"elementor-element elementor-element-f24fc9a elementor-widget elementor-widget-text-editor\" data-id=\"f24fc9a\" data-element_type=\"widget\" data-widget_type=\"text-editor.default\">\n\t\t\t\t<div class=\"elementor-widget-container\">\n\t\t\t\t\t\t\t\t\t<p>Estamos fazendo o poss\u00edvel para preparar o conte\u00fado deste site. No entanto, a Ag\u00eancia Europeia de Imprensa n\u00e3o pode garantir as express\u00f5es e sugest\u00f5es dos conte\u00fados, bem como a sua exatid\u00e3o. Al\u00e9m disso, na medida permitida pela lei, a Ag\u00eancia Europeia de Imprensa n\u00e3o ser\u00e1 respons\u00e1vel por quaisquer perdas e\/ou danos devido ao uso das informa\u00e7\u00f5es no nosso site.\u00a0<\/p><p>Ao utilizar nosso site, voc\u00ea concorda com nossa isen\u00e7\u00e3o de responsabilidade e concorda com seus termos.<\/p><p>Os links contidos no nosso site podem levar a sites externos, que s\u00e3o fornecidos apenas por conveni\u00eancia. Quaisquer informa\u00e7\u00f5es ou declara\u00e7\u00f5es que apare\u00e7am nestes sites n\u00e3o s\u00e3o patrocinadas, endossadas ou de outra forma aprovadas pela Ag\u00eancia Europeia de Imprensa. Para estes sites externos, a Ag\u00eancia Europeia de Imprensa n\u00e3o pode ser responsabilizada pela disponibilidade ou pelo conte\u00fado localizado neles ou atrav\u00e9s deles. Al\u00e9m disso, quaisquer perdas ou danos ocorridos pelo uso desses conte\u00fados ou da Internet em geral.<\/p><p>O site e qualquer parte do seu conte\u00fado n\u00e3o se destina a ser uma fonte de aconselhamento ou an\u00e1lise jur\u00eddica, e as informa\u00e7\u00f5es e\/ou documentos contidos neste site n\u00e3o constituem investimento ou aconselhamento jur\u00eddico.<\/p>\t\t\t\t\t\t\t\t<\/div>\n\t\t\t\t<\/div>\n\t\t\t\t\t<\/div>\n\t\t<\/div>\n\t\t\t\t\t<\/div>\n\t\t<\/section>\n\t\t\t\t<\/div>","protected":false},"excerpt":{"rendered":"<p>Estamos fazendo o poss\u00edvel para preparar o conte\u00fado deste site. No entanto, n\u00e3o pode garantir as express\u00f5es e sugest\u00f5es do conte\u00fado, bem como a sua veracidade. Al\u00e9m disso, na medida do permitido por lei, n\u00e3o se responsabiliza por quaisquer perdas e\/ou danos decorrentes do uso das informa\u00e7\u00f5es em nosso site. <a title=\"Isen\u00e7\u00e3o de responsabilidade\" class=\"read-more\" href=\"https:\/\/eupa.uk\/pt\/disclaimer\/\" aria-label=\"Leia mais sobre Disclaimer\">Leia mais<\/a><\/p>","protected":false},"author":1,"featured_media":0,"parent":0,"menu_order":99,"comment_status":"closed","ping_status":"closed","template":"","meta":{"footnotes":""},"class_list":["post-2370","page","type-page","status-publish"],"_links":{"self":[{"href":"https:\/\/eupa.uk\/pt\/wp-json\/wp\/v2\/pages\/2370","targetHints":{"allow":["GET"]}}],"collection":[{"href":"https:\/\/eupa.uk\/pt\/wp-json\/wp\/v2\/pages"}],"about":[{"href":"https:\/\/eupa.uk\/pt\/wp-json\/wp\/v2\/types\/page"}],"author":[{"embeddable":true,"href":"https:\/\/eupa.uk\/pt\/wp-json\/wp\/v2\/users\/1"}],"replies":[{"embeddable":true,"href":"https:\/\/eupa.uk\/pt\/wp-json\/wp\/v2\/comments?post=2370"}],"version-history":[{"count":0,"href":"https:\/\/eupa.uk\/pt\/wp-json\/wp\/v2\/pages\/2370\/revisions"}],"wp:attachment":[{"href":"https:\/\/eupa.uk\/pt\/wp-json\/wp\/v2\/media?parent=2370"}],"curies":[{"name":"wp","href":"https:\/\/api.w.org\/{rel}","templated":true}]}}